{"id":747,"date":"2019-01-30T19:43:18","date_gmt":"2019-01-30T18:43:18","guid":{"rendered":"http:\/\/semmelweis.hu\/gyogyszereszeti-intezet\/?page_id=747"},"modified":"2019-05-15T14:55:01","modified_gmt":"2019-05-15T12:55:01","slug":"feherjek-analitikai-vizsgalati-modszerei","status":"publish","type":"page","link":"https:\/\/semmelweis.hu\/gyogyszereszeti-intezet\/oktatas\/szabadon-valaszthato-targyak\/feherjek-analitikai-vizsgalati-modszerei\/","title":{"rendered":"Feh\u00e9rj\u00e9k analitikai vizsg\u00e1lati m\u00f3dszerei"},"content":{"rendered":"<p style=\"text-align: justify\">A t\u00e1rgy \u00e1ttekinti a feh\u00e9rj\u00e9k (biologikumok, bioszimil\u00e1ris k\u00e9sz\u00edtm\u00e9nyek) primer, szekunder, tercier \u00e9s kvaterner szerkezet\u00e9nek meghat\u00e1roz\u00e1s\u00e1ra haszn\u00e1lt mintael\u0151k\u00e9sz\u00edt\u00e9si (em\u00e9szt\u00e9s, d\u00fas\u00edt\u00e1s), elv\u00e1laszt\u00e1stechnikai (kromatogr\u00e1fia, elektrofor\u00e9zis) \u00e9s spektroszk\u00f3piai m\u00f3dszereket (MS, NMR, CD, ESR, fluoreszcencia, r\u00f6ntgendiffrakci\u00f3), ill. betekint\u00e9st ad a mennyis\u00e9gi meghat\u00e1roz\u00e1s, a feh\u00e9rje komplexek, feh\u00e9rje modellez\u00e9s, bioinformatika \u00e9s feh\u00e9rje h\u00e1l\u00f3zatok ter\u00fclet\u00e9n el\u00e9rt leg\u00fajabb kutat\u00e1si eredm\u00e9nyekbe.<\/p>\n<p>Tematika:<\/p>\n<ol>\n<li>Defin\u00edci\u00f3k, szerkezet, tulajdons\u00e1gok<\/li>\n<li>Feh\u00e9rje gy\u00f3gyszerek el\u0151\u00e1ll\u00edt\u00e1sa, min\u0151s\u00e9gellen\u0151rz\u00e9se<\/li>\n<li>Mintael\u0151k\u00e9sz\u00edt\u00e9s: extrakci\u00f3, sejtek felt\u00e1r\u00e1sa, szolubiliz\u00e1l\u00e1s, em\u00e9szt\u00e9s, tiszt\u00edt\u00e1s\/d\u00fas\u00edt\u00e1s. Kromatogr\u00e1fi\u00e1s m\u00f3dszerek: SEC, IEX, RP-HPLC (UHPLC \u00e9s nanoLC), HILIC, HIC.<\/li>\n<li>Feh\u00e9rj\u00e9k vizsg\u00e1lata g\u00e9l \u00e9s kapill\u00e1ris elektrofor\u00e9zissel.<\/li>\n<li>Feh\u00e9rj\u00e9k vizsg\u00e1lata spektroszk\u00f3pi\u00e1s m\u00f3dszerekkel: fluoreszcencia, UV-VIS, infrav\u00f6r\u00f6s, CD, ESR. K\u00e9tdimenzi\u00f3s kromatogr\u00e1fia (g\u00e9l, HPLC); CE-LIF, HPLC-CD; f\u00e9nysz\u00f3r\u00e1s-fluoreszcencia-UV.<\/li>\n<li>T\u00f6megspektrometria: LC-MS, MALDI-MS, imaging, lab-on-a-chip<\/li>\n<li>Feh\u00e9rjeszekvencia meghat\u00e1roz\u00e1s: bottom up\/top down, peptidszekvencia meghat\u00e1roz\u00e1s, poszttranszl\u00e1ci\u00f3s m\u00f3dosul\u00e1sok (glikozil\u00e1ci\u00f3, foszforil\u00e1ci\u00f3); adatb\u00e1zisok, szoftverek.<\/li>\n<li>M\u00e1gneses magrezonancia anal\u00edzis: feh\u00e9rj\u00e9k szerkezet anal\u00edzis\u00e9re haszn\u00e1lt speci\u00e1lis NMR technik\u00e1k (homonukle\u00e1ris \u00e9s heteronukle\u00e1ris technik\u00e1k)<\/li>\n<li>Speci\u00e1lis vizsg\u00e1latok NMR technik\u00e1val: felgombolyod\u00e1s (folding), k\u00f6t\u0151d\u00e9s, dinamikai vizsg\u00e1latok.<\/li>\n<li>Feh\u00e9rje szerkezet meghat\u00e1roz\u00e1s r\u00f6ntgendiffrakci\u00f3s technik\u00e1val.<\/li>\n<li>Feh\u00e9rje konform\u00e1ci\u00f3 \u00e9s k\u00f6lcs\u00f6nhat\u00e1sok vizsg\u00e1lata: feh\u00e9rje komplexek (feh\u00e9rje-feh\u00e9rje, feh\u00e9rje-ligandum), konformerek.<\/li>\n<li>Feh\u00e9rj\u00e9k kvantitat\u00edv meghat\u00e1roz\u00e1sa: g\u00e9lalap\u00fa, jel\u00f6l\u00e9smentes, izot\u00f3pjelz\u00e9ses technik\u00e1k.<\/li>\n<li>Feh\u00e9rjemodellez\u00e9s. Bioinformatika.<\/li>\n<li>Proteomika.. Feh\u00e9rje h\u00e1l\u00f3zatok vizsg\u00e1lata.<\/li>\n<\/ol>\n","protected":false},"excerpt":{"rendered":"<p>A t\u00e1rgy \u00e1ttekinti a feh\u00e9rj\u00e9k (biologikumok, bioszimil\u00e1ris k\u00e9sz\u00edtm\u00e9nyek) primer, szekunder, tercier \u00e9s kvaterner szerkezet\u00e9nek meghat\u00e1roz\u00e1s\u00e1ra haszn\u00e1lt mintael\u0151k\u00e9sz\u00edt\u00e9si (em\u00e9szt\u00e9s, d\u00fas\u00edt\u00e1s), elv\u00e1laszt\u00e1stechnikai (kromatogr\u00e1fia, elektrofor\u00e9zis) \u00e9s spektroszk\u00f3piai m\u00f3dszereket (MS, NMR, CD, ESR, fluoreszcencia, r\u00f6ntgendiffrakci\u00f3), ill. betekint\u00e9st ad a mennyis\u00e9gi meghat\u00e1roz\u00e1s, a feh\u00e9rje komplexek, feh\u00e9rje modellez\u00e9s, bioinformatika \u00e9s feh\u00e9rje h\u00e1l\u00f3zatok ter\u00fclet\u00e9n el\u00e9rt leg\u00fajabb kutat\u00e1si eredm\u00e9nyekbe. Tematika: Defin\u00edci\u00f3k, szerkezet, tulajdons\u00e1gok &hellip;<\/p>\n","protected":false},"author":114,"featured_media":0,"parent":10,"menu_order":6,"comment_status":"closed","ping_status":"closed","template":"","meta":{"_acf_changed":false,"footnotes":""},"categories":[],"tags":[],"class_list":["post-747","page","type-page","status-publish","hentry"],"acf":[],"_links":{"self":[{"href":"https:\/\/semmelweis.hu\/gyogyszereszeti-intezet\/wp-json\/wp\/v2\/pages\/747","targetHints":{"allow":["GET"]}}],"collection":[{"href":"https:\/\/semmelweis.hu\/gyogyszereszeti-intezet\/wp-json\/wp\/v2\/pages"}],"about":[{"href":"https:\/\/semmelweis.hu\/gyogyszereszeti-intezet\/wp-json\/wp\/v2\/types\/page"}],"author":[{"embeddable":true,"href":"https:\/\/semmelweis.hu\/gyogyszereszeti-intezet\/wp-json\/wp\/v2\/users\/114"}],"replies":[{"embeddable":true,"href":"https:\/\/semmelweis.hu\/gyogyszereszeti-intezet\/wp-json\/wp\/v2\/comments?post=747"}],"version-history":[{"count":2,"href":"https:\/\/semmelweis.hu\/gyogyszereszeti-intezet\/wp-json\/wp\/v2\/pages\/747\/revisions"}],"predecessor-version":[{"id":899,"href":"https:\/\/semmelweis.hu\/gyogyszereszeti-intezet\/wp-json\/wp\/v2\/pages\/747\/revisions\/899"}],"up":[{"embeddable":true,"href":"https:\/\/semmelweis.hu\/gyogyszereszeti-intezet\/wp-json\/wp\/v2\/pages\/10"}],"wp:attachment":[{"href":"https:\/\/semmelweis.hu\/gyogyszereszeti-intezet\/wp-json\/wp\/v2\/media?parent=747"}],"wp:term":[{"taxonomy":"category","embeddable":true,"href":"https:\/\/semmelweis.hu\/gyogyszereszeti-intezet\/wp-json\/wp\/v2\/categories?post=747"},{"taxonomy":"post_tag","embeddable":true,"href":"https:\/\/semmelweis.hu\/gyogyszereszeti-intezet\/wp-json\/wp\/v2\/tags?post=747"}],"curies":[{"name":"wp","href":"https:\/\/api.w.org\/{rel}","templated":true}]}}