{"id":740,"date":"2019-01-30T19:26:30","date_gmt":"2019-01-30T18:26:30","guid":{"rendered":"http:\/\/semmelweis.hu\/gyogyszereszeti-intezet\/?page_id=740"},"modified":"2019-05-15T14:54:39","modified_gmt":"2019-05-15T12:54:39","slug":"betegkozpontu-hatoanyag-felszabadito-rendszerek","status":"publish","type":"page","link":"https:\/\/semmelweis.hu\/gyogyszereszeti-intezet\/oktatas\/szabadon-valaszthato-targyak\/betegkozpontu-hatoanyag-felszabadito-rendszerek\/","title":{"rendered":"Betegk\u00f6zpont\u00fa hat\u00f3anyag-felszabad\u00edt\u00f3 rendszerek"},"content":{"rendered":"<p style=\"text-align: justify\">A hat\u00f3anyag a gy\u00f3gyszerk\u00e9sz\u00edtm\u00e9nyek l\u00e9nyegi \u00f6sszetev\u0151je, ugyanakkor az adagol\u00e1si forma az, amely tartalm\u00e1t hat\u00f3anyag-felszabad\u00edt\u00f3 rendszerk\u00e9nt hordozza \u00e9s m\u0171k\u00f6dteti, azaz a hat\u00e1s hely\u00e9re c\u00e9lba juttatja. A hat\u00f3anyag mellett korszer\u0171 seg\u00e9danyagokb\u00f3l \u00e1ll\u00f3, megfelel\u0151 fel\u00e9p\u00edt\u00e9s\u0171 gy\u00f3gyszerforma egyben hat\u00f3anyag-felszabad\u00edt\u00f3 rendszer is, amely innovat\u00edv technol\u00f3giai megold\u00e1sok r\u00e9v\u00e9n k\u00e9pes n\u00f6velni a hat\u00e9konys\u00e1got \u00e9s\/vagy cs\u00f6kkenteni a mell\u00e9khat\u00e1sokat. A gy\u00f3gyszerform\u00e1val szembeni elv\u00e1r\u00e1s a megfelel\u0151 hat\u00f3anyagszint, hat\u00e1skezdet \u00e9s hat\u00e1startam biztos\u00edt\u00e1sa, azonban tov\u00e1bb\u00e1 kih\u00edv\u00e1st jelentenek a k\u00fcl\u00f6nleges szempontok egyes betegcsoportok (pl. id\u0151sebbek vagy gyermekek), \u00e9s egyes betegs\u00e9gben (pl. nyel\u00e9si neh\u00e9zs\u00e9g, ment\u00e1lis vagy fizikai k\u00f3rk\u00e9pek) szenved\u0151k eset\u00e9n. A hat\u00f3anyag-felszabad\u00edt\u00e1s szab\u00e1lyoz\u00e1sa megengedi az adagok gyakoris\u00e1g\u00e1nak ritk\u00edt\u00e1s\u00e1t, kedvez\u0151bb adagol\u00e1si rend bevezet\u00e9s\u00e9t, amely jav\u00edtja a beteg egy\u00fcttm\u0171k\u00f6d\u00e9si k\u00e9szs\u00e9g\u00e9t, \u00edgy a kezel\u00e9s eredm\u00e9nyess\u00e9g\u00e9t. A hat\u00f3anyag-felszabad\u00edt\u00f3 rendszerk\u00e9nt m\u0171k\u00f6d\u0151 k\u00fcl\u00f6nleges szerkezet\u0171 \u00e9s tulajdons\u00e1g\u00fa gy\u00f3gyszerform\u00e1k a ter\u00e1pia siker\u00e9nek fontos el\u0151felt\u00e9telei, valamint az egy\u00e9nre szabott, betegk\u00f6zpont\u00fa gy\u00f3gyszeres kezel\u00e9s fontos eszk\u00f6zei.<\/p>\n<p>Tematika:<\/p>\n<ol>\n<li>A gy\u00f3gyszer szervezetbe juttat\u00e1s\u00e1nak lehet\u0151s\u00e9gei, a hat\u00e9konys\u00e1g \u00e9s toler\u00e1lhat\u00f3s\u00e1g biogy\u00f3gyszer\u00e9szeti vonatkoz\u00e1sai, biofarm\u00e1ciai oszt\u00e1lyoz\u00e1si rendszer<\/li>\n<li>Betegk\u00f6zpont\u00fa adagol\u00e1si form\u00e1k, egy\u00fcttm\u0171k\u00f6d\u00e9s \u00e9s ter\u00e1piah\u0171s\u00e9g.<\/li>\n<li>A hat\u00f3anyag-felszabad\u00edt\u00e1s jelent\u0151s\u00e9ge, vizsg\u00e1lata, modellez\u00e9se, farmakokinetikai optimaliz\u00e1l\u00e1s. Generikus \u00e9s innovat\u00edv technol\u00f3gi\u00e1j\u00fa k\u00e9sz\u00edtm\u00e9nyek.<\/li>\n<li>M\u00f3dos\u00edtott hat\u00f3anyag-lead\u00e1s, a biohasznos\u00edthat\u00f3s\u00e1g \u00e9s felsz\u00edv\u00f3d\u00e1s n\u00f6vel\u00e9s\u00e9nek lehet\u0151s\u00e9gei. Helyspecifikus \u00e9s c\u00e9lzott hat\u00f3anyag-felszabad\u00edt\u00e1s.<\/li>\n<li>A gy\u00f3gyszerform\u00e1k csoportos\u00edt\u00e1sa szerkezeti fel\u00e9p\u00edt\u00e9s \u00e9s alkalmaz\u00e1si m\u00f3d szerint, szerkezet \u00e9s tulajdons\u00e1g \u00f6sszef\u00fcgg\u00e9sei.<\/li>\n<li>A gy\u00f3gyszerformul\u00e1l\u00e1s alapjai, hat\u00f3 \u00e9s seg\u00e9danyagok. Oldhat\u00f3s\u00e1g, polimorfia, krist\u00e1lyos-amorf \u00e1llapot, Biokompatibilit\u00e1s, biopolimerek.<\/li>\n<li>Szil\u00e1rd gy\u00f3gyszerform\u00e1k, per os k\u00e9sz\u00edtm\u00e9nyek.<\/li>\n<li>Parenter\u00e1lis k\u00e9sz\u00edtm\u00e9nyek.<\/li>\n<li>Inhal\u00e1ci\u00f3s k\u00e9sz\u00edtm\u00e9nyek \u00e9s adagol\u00f3rendszerek.<\/li>\n<li>Derm\u00e1lis \u00e9s transzderm\u00e1lis k\u00e9sz\u00edtm\u00e9nyek.<\/li>\n<li>Ter\u00e1pi\u00e1s rendszerek, implant\u00e1tumok.<\/li>\n<li>Nanogy\u00f3gyszerek, nano- \u00e9s molekul\u00e1ris gy\u00f3gyszertechnol\u00f3gia.<\/li>\n<li>Biom\u00e9rn\u00f6ki hat\u00f3anyaglead\u00f3 rendszerek, &#8222;mikrofabrik\u00e1l\u00e1s&#8221;, mikrochipek.<\/li>\n<li>Sebkezel\u0151 rendszerek, sztentek, fog\u00e1szati anyagok, mesters\u00e9ges sz\u00f6vetek \u00e9s szervek.<\/li>\n<\/ol>\n","protected":false},"excerpt":{"rendered":"<p>A hat\u00f3anyag a gy\u00f3gyszerk\u00e9sz\u00edtm\u00e9nyek l\u00e9nyegi \u00f6sszetev\u0151je, ugyanakkor az adagol\u00e1si forma az, amely tartalm\u00e1t hat\u00f3anyag-felszabad\u00edt\u00f3 rendszerk\u00e9nt hordozza \u00e9s m\u0171k\u00f6dteti, azaz a hat\u00e1s hely\u00e9re c\u00e9lba juttatja. A hat\u00f3anyag mellett korszer\u0171 seg\u00e9danyagokb\u00f3l \u00e1ll\u00f3, megfelel\u0151 fel\u00e9p\u00edt\u00e9s\u0171 gy\u00f3gyszerforma egyben hat\u00f3anyag-felszabad\u00edt\u00f3 rendszer is, amely innovat\u00edv technol\u00f3giai megold\u00e1sok r\u00e9v\u00e9n k\u00e9pes n\u00f6velni a hat\u00e9konys\u00e1got \u00e9s\/vagy cs\u00f6kkenteni a mell\u00e9khat\u00e1sokat. A gy\u00f3gyszerform\u00e1val szembeni elv\u00e1r\u00e1s a &hellip;<\/p>\n","protected":false},"author":114,"featured_media":0,"parent":10,"menu_order":5,"comment_status":"closed","ping_status":"closed","template":"","meta":{"_acf_changed":false,"footnotes":""},"categories":[],"tags":[],"class_list":["post-740","page","type-page","status-publish","hentry"],"acf":[],"_links":{"self":[{"href":"https:\/\/semmelweis.hu\/gyogyszereszeti-intezet\/wp-json\/wp\/v2\/pages\/740","targetHints":{"allow":["GET"]}}],"collection":[{"href":"https:\/\/semmelweis.hu\/gyogyszereszeti-intezet\/wp-json\/wp\/v2\/pages"}],"about":[{"href":"https:\/\/semmelweis.hu\/gyogyszereszeti-intezet\/wp-json\/wp\/v2\/types\/page"}],"author":[{"embeddable":true,"href":"https:\/\/semmelweis.hu\/gyogyszereszeti-intezet\/wp-json\/wp\/v2\/users\/114"}],"replies":[{"embeddable":true,"href":"https:\/\/semmelweis.hu\/gyogyszereszeti-intezet\/wp-json\/wp\/v2\/comments?post=740"}],"version-history":[{"count":4,"href":"https:\/\/semmelweis.hu\/gyogyszereszeti-intezet\/wp-json\/wp\/v2\/pages\/740\/revisions"}],"predecessor-version":[{"id":898,"href":"https:\/\/semmelweis.hu\/gyogyszereszeti-intezet\/wp-json\/wp\/v2\/pages\/740\/revisions\/898"}],"up":[{"embeddable":true,"href":"https:\/\/semmelweis.hu\/gyogyszereszeti-intezet\/wp-json\/wp\/v2\/pages\/10"}],"wp:attachment":[{"href":"https:\/\/semmelweis.hu\/gyogyszereszeti-intezet\/wp-json\/wp\/v2\/media?parent=740"}],"wp:term":[{"taxonomy":"category","embeddable":true,"href":"https:\/\/semmelweis.hu\/gyogyszereszeti-intezet\/wp-json\/wp\/v2\/categories?post=740"},{"taxonomy":"post_tag","embeddable":true,"href":"https:\/\/semmelweis.hu\/gyogyszereszeti-intezet\/wp-json\/wp\/v2\/tags?post=740"}],"curies":[{"name":"wp","href":"https:\/\/api.w.org\/{rel}","templated":true}]}}