{"id":7,"date":"2012-06-19T06:49:29","date_gmt":"2012-06-19T06:49:29","guid":{"rendered":"http:\/\/semmelweis-egyetem.hu\/gyogyszereszeti-intezet\/?page_id=7"},"modified":"2024-09-19T14:17:57","modified_gmt":"2024-09-19T12:17:57","slug":"oktatas","status":"publish","type":"page","link":"https:\/\/semmelweis.hu\/gyogyszereszeti-intezet\/oktatas\/","title":{"rendered":"Oktat\u00e1si tev\u00e9kenys\u00e9g"},"content":{"rendered":"<p style=\"text-align: justify;\">A gradu\u00e1lis k\u00e9pz\u00e9sben az Int\u00e9zet munkat\u00e1rsai \u00e9vente mintegy 400 magyar \u00e9s k\u00fclf\u00f6ldi hallgat\u00f3 gyakorlati \u00e9s elm\u00e9leti oktat\u00e1s\u00e1t v\u00e9gzik t\u00f6bb \u00e9vfolyamon.<\/p>\n<p style=\"text-align: justify;\">A III., IV. \u00e9s V. \u00e9ves gy\u00f3gyszer\u00e9szhallgat\u00f3k sz\u00e1m\u00e1ra oktatott t\u00e1rgyak:<\/p>\n<ul style=\"list-style-type: square;\">\n<li style=\"text-align: justify;\">Gy\u00f3gyszertechnol\u00f3gia,<\/li>\n<li style=\"text-align: justify;\">Biofarm\u00e1cia-farmakokinetika,<\/li>\n<li style=\"text-align: justify;\">Gy\u00f3gyszerinnov\u00e1ci\u00f3 \u00e9s enged\u00e9lyez\u00e9s,<\/li>\n<li style=\"text-align: justify;\">Ipari gy\u00f3gyszertechnol\u00f3gia I-II.,<\/li>\n<li style=\"text-align: justify;\">Bioanalitikai m\u00f3dszerek a farmakokinetik\u00e1ban,<\/li>\n<li style=\"text-align: justify;\">Gy\u00f3gyszert\u00e1ri gy\u00f3gyszerk\u00e9sz\u00edt\u00e9s,<\/li>\n<li style=\"text-align: justify;\">\u00c1llatgy\u00f3gy\u00e1szati k\u00e9sz\u00edtm\u00e9nyek,<\/li>\n<li style=\"text-align: justify;\">tov\u00e1bb\u00e1 Gy\u00f3gyszeripar A-Z c\u00edm\u0171 szabadon v\u00e1laszthat\u00f3 t\u00e1rgy.<\/li>\n<\/ul>\n<p style=\"text-align: justify;\">Az Int\u00e9zet fontos feladata a posztgradu\u00e1lis k\u00e9pz\u00e9s is, ezen bel\u00fcl egyr\u00e9szt a szakir\u00e1ny\u00fa szakk\u00e9pz\u00e9s (gy\u00f3gyszertechnol\u00f3gia), tov\u00e1bbk\u00e9pz\u00e9s, illet\u0151leg akkredit\u00e1lt t\u00e9m\u00e1kkal val\u00f3 r\u00e9szv\u00e9tel a PhD-k\u00e9pz\u00e9sben.<\/p>\n","protected":false},"excerpt":{"rendered":"<p>A gradu\u00e1lis k\u00e9pz\u00e9sben az Int\u00e9zet munkat\u00e1rsai \u00e9vente mintegy 400 magyar \u00e9s k\u00fclf\u00f6ldi hallgat\u00f3 gyakorlati \u00e9s elm\u00e9leti oktat\u00e1s\u00e1t v\u00e9gzik t\u00f6bb \u00e9vfolyamon. A III., IV. \u00e9s V. \u00e9ves gy\u00f3gyszer\u00e9szhallgat\u00f3k sz\u00e1m\u00e1ra oktatott t\u00e1rgyak: Gy\u00f3gyszertechnol\u00f3gia, Biofarm\u00e1cia-farmakokinetika, Gy\u00f3gyszerinnov\u00e1ci\u00f3 \u00e9s enged\u00e9lyez\u00e9s, Ipari gy\u00f3gyszertechnol\u00f3gia I-II., Bioanalitikai m\u00f3dszerek a farmakokinetik\u00e1ban, Gy\u00f3gyszert\u00e1ri gy\u00f3gyszerk\u00e9sz\u00edt\u00e9s, \u00c1llatgy\u00f3gy\u00e1szati k\u00e9sz\u00edtm\u00e9nyek, tov\u00e1bb\u00e1 Gy\u00f3gyszeripar A-Z c\u00edm\u0171 szabadon v\u00e1laszthat\u00f3 t\u00e1rgy. Az Int\u00e9zet &hellip;<\/p>\n","protected":false},"author":8,"featured_media":0,"parent":0,"menu_order":2,"comment_status":"open","ping_status":"open","template":"","meta":{"_acf_changed":false,"footnotes":""},"categories":[],"tags":[],"class_list":["post-7","page","type-page","status-publish","hentry"],"acf":[],"_links":{"self":[{"href":"https:\/\/semmelweis.hu\/gyogyszereszeti-intezet\/wp-json\/wp\/v2\/pages\/7","targetHints":{"allow":["GET"]}}],"collection":[{"href":"https:\/\/semmelweis.hu\/gyogyszereszeti-intezet\/wp-json\/wp\/v2\/pages"}],"about":[{"href":"https:\/\/semmelweis.hu\/gyogyszereszeti-intezet\/wp-json\/wp\/v2\/types\/page"}],"author":[{"embeddable":true,"href":"https:\/\/semmelweis.hu\/gyogyszereszeti-intezet\/wp-json\/wp\/v2\/users\/8"}],"replies":[{"embeddable":true,"href":"https:\/\/semmelweis.hu\/gyogyszereszeti-intezet\/wp-json\/wp\/v2\/comments?post=7"}],"version-history":[{"count":5,"href":"https:\/\/semmelweis.hu\/gyogyszereszeti-intezet\/wp-json\/wp\/v2\/pages\/7\/revisions"}],"predecessor-version":[{"id":1614,"href":"https:\/\/semmelweis.hu\/gyogyszereszeti-intezet\/wp-json\/wp\/v2\/pages\/7\/revisions\/1614"}],"wp:attachment":[{"href":"https:\/\/semmelweis.hu\/gyogyszereszeti-intezet\/wp-json\/wp\/v2\/media?parent=7"}],"wp:term":[{"taxonomy":"category","embeddable":true,"href":"https:\/\/semmelweis.hu\/gyogyszereszeti-intezet\/wp-json\/wp\/v2\/categories?post=7"},{"taxonomy":"post_tag","embeddable":true,"href":"https:\/\/semmelweis.hu\/gyogyszereszeti-intezet\/wp-json\/wp\/v2\/tags?post=7"}],"curies":[{"name":"wp","href":"https:\/\/api.w.org\/{rel}","templated":true}]}}