{"id":672,"date":"2018-10-01T12:16:07","date_gmt":"2018-10-01T10:16:07","guid":{"rendered":"http:\/\/semmelweis.hu\/gyogyszereszeti-intezet\/?page_id=672"},"modified":"2025-11-17T12:27:16","modified_gmt":"2025-11-17T11:27:16","slug":"tdk-rektori-palyamunka","status":"publish","type":"page","link":"https:\/\/semmelweis.hu\/gyogyszereszeti-intezet\/oktatas\/tdk-rektori-palyamunka\/","title":{"rendered":"TDK, rektori p\u00e1lyamunka, PhD"},"content":{"rendered":"<div class=\"responsive-tabs\">\n<h2 class=\"tabtitle\">TDK<\/h2>\n<div class=\"tabcontent\">\n\n<p><strong>TDK t\u00e9mak\u00f6r\u00f6k:<\/strong><\/p>\n<p>-Modern gy\u00f3gyszerform\u00e1k \u00e9s gy\u00e1rt\u00e1stechnol\u00f3giai elj\u00e1r\u00e1sok<br \/>\n-Hat\u00f3anyaglead\u00e1s szab\u00e1lyoz\u00e1s\u00e1nak lehet\u0151s\u00e9gei<br \/>\n-Biohasznos\u00edthat\u00f3s\u00e1g n\u00f6vel\u00e9se<br \/>\n-Seg\u00e9danyagok szerepe \u00e9s tanulm\u00e1nyoz\u00e1sa<br \/>\n-Multipartikul\u00e1ris rendszerek<br \/>\n-Mikrokapszul\u00e1z\u00e1s<br \/>\n-Mikroniz\u00e1l\u00e1s <br \/>\n-Nano- \u00e9s kolloid\u00e1lis gy\u00f3gyszerhordoz\u00f3 rendszerek, liposz\u00f3m\u00e1k<br \/>\n-G\u00e9lrendszerek vizsg\u00e1lata<br \/>\n-Topik\u00e1lis k\u00e9sz\u00edtm\u00e9nyek formul\u00e1l\u00e1sa<br \/>\n-Bioekvivalencia \u00e9s gy\u00f3gyszer-\u00e9tel interakci\u00f3k vizsg\u00e1lata<br \/>\n-Biol\u00f3gia mint\u00e1k t\u00f6megspektrometriai vizsg\u00e1lata <br \/>\n-Betegk\u00f6zpont\u00fa formul\u00e1l\u00e1s<\/p>\n<p><em>TDK-felel\u0151s:\u00a0Dr. Lud\u00e1nyi Krisztina egy. docens <\/em><\/p>\n<p><strong><u>UT\u00d3BBI \u00c9VEK TDK EREDM\u00c9NYEI :<\/u><\/strong><\/p>\n<p><strong>2025.<\/strong><br \/>\n<strong>K\u00f3r\u00f3 Lilla Dorottya<\/strong> (SE GYTK V.): <strong>I. d\u00edj, OTDK jel\u00f6lt<\/strong><br \/>\nT\u00e9mavezet\u0151k: Dr. Lengyel Mil\u00e9na, Prof. Dr. Antal Istv\u00e1n<\/p>\n<p><strong>Szab\u00f3 Zs\u00f3fia<\/strong> (SE GYTK V. ): <strong>II. d\u00edj, OTDK javasolt<\/strong><br \/>\nT\u00e9mavezet\u0151k: Dr. Vilimi Zs\u00f3fia, Dr. Lengyel Mil\u00e9na<\/p>\n<p><strong>G\u00e1l Petra<\/strong> (SE GYTK IV.): <strong>III. d\u00edj<\/strong><br \/>\nT\u00e9mavezet\u0151k: Dr. K\u00e1llai-Szab\u00f3 Nikolett, Dr. Farkas D\u00f3ra<\/p>\n<p><strong>Tim\u00e1r Szilvia<\/strong> (SE GYTK IV.): <strong>III. d\u00edj<\/strong><br \/>\nT\u00e9mavezet\u0151k: Dr. Kir\u00e1ly M\u00e1rton, Dr. Lud\u00e1nyi Krisztina<\/p>\n<p><strong>2024.<br \/>\nMoln\u00e1r Petra<\/strong> (SE GYTK IV.) \u2013 <strong>Petr\u00f3czy Tifani<\/strong> (SE GYTK III.): <strong>I. d\u00edj, OTDK javasolt<\/strong><br \/>\nT\u00e9mavezet\u0151k: Dr. Kov\u00e1cs Andrea, Dr. Mike-Kasz\u00e1s N\u00f3ra<\/p>\n<p><strong>Kecsk\u00e9s B\u00e1lint Attila<\/strong> (SE GYTK V.) \u2013 <strong>Filipszki G\u00e1bor<\/strong> (SE GYTK V.): <strong>I. d\u00edj, OTDK jel\u00f6lt<\/strong><br \/>\nT\u00e9mavezet\u0151k: Dr. K\u00e1llai-Szab\u00f3 Nikolett, Dr. Kov\u00e1cs Andrea<\/p>\n<p><strong>Berek S\u00e1ra<\/strong> (SE GYTK V.): <strong>II. d\u00edj<\/strong><br \/>\nT\u00e9mavezet\u0151: Dr. Vir\u00e1g D\u00e1vid, Dr. Lud\u00e1nyi Krisztina<\/p>\n<p><strong>2023.<br \/>\nBerek S\u00e1ra II. helyez\u00e9s, OTDK javasolt<\/strong> (SE TDK Konferencia)<br \/>\nT\u00e9mavezet\u0151: Dr. Vir\u00e1g D\u00e1vid, Dr. Lud\u00e1nyi Krisztina<\/p>\n<p><strong>Kecsk\u00e9s B\u00e1lint Attila, Filipszki G\u00e1bor III. d\u00edj<\/strong> (SE TDK Konferencia)<br \/>\nT\u00e9mavezet\u0151: Dr. K\u00e1llai-Szab\u00f3 Nikolett, Dr. Kov\u00e1cs Andrea<\/p>\n<p><strong>2022.<br \/>\nGuly\u00e1s Lili<\/strong> (\u00c1OK), <strong>k\u00fcl\u00f6nd\u00edj<\/strong> (TDK konferencia, Marosv\u00e1s\u00e1rhely, 2022)<br \/>\n<strong>Guly\u00e1s Lili<\/strong> (\u00c1OK), <strong>I. helyez\u00e9s<\/strong> (SE TDK konferencia, 2022)<\/p>\n<p><strong>2021<\/strong>.<br \/>\n<strong>Ertli Bence<\/strong> (GYTK), <strong>Guly\u00e1s Lili<\/strong> (\u00c1OK) <strong>III. helyez\u00e9s<\/strong> (SE TDK Konferencia)<br \/>\nT\u00e9mavezet\u0151: Dr. Vir\u00e1g D\u00e1vid (Gy\u00f3gyszer\u00e9szeti Int\u00e9zet), Dr. L\u0151rincz Kende (B\u0151r, Nemik\u00f3rtan \u00e9s B\u0151ronkol\u00f3giai Int\u00e9zet)<\/p>\n<p><strong>2019.<br \/>\nCsepcs\u00e1nyi Magdolna<\/strong> (V. \u00e9vf.) <strong>III. helyez\u00e9<\/strong>s<br \/>\nT\u00e9mavezet\u0151k: Dr. Hajd\u00fa M\u00e1ria (Gy\u00f3gyszer\u00e9szeti Int\u00e9zet) \u00e9s Dr. Proszenikov Anita (Orsz\u00e1gos Gy\u00f3gyszer\u00e9szeti \u00e9s \u00c9lelmez\u00e9s\u00fcgyi Int\u00e9zet)<\/p>\n<p><strong>Basa B\u00e1lint Leginnovat\u00edvabb TDK-munka, Innov\u00e1ci\u00f3s D\u00edj, I. helyez\u00e9<\/strong>s<br \/>\nT\u00e9mavezet\u0151k: Dr. Antal Istv\u00e1n \u00e9s Dr. Jakab G\u00e9za<\/p>\n<p><a href=\"https:\/\/semmelweis.hu\/hirek\/2020\/01\/16\/szemelyre-szabott-gyogyszereles-3d-nyomtatassal\/\">https:\/\/semmelweis.hu\/hirek\/2020\/01\/16\/szemelyre-szabott-gyogyszereles-3d-nyomtatassal\/<\/a><\/p>\n\n<\/div><h2 class=\"tabtitle\">Rektori p\u00e1lyamunka<\/h2>\n<div class=\"tabcontent\">\n\n<p><strong>Rektori p\u00e1lyamunk\u00e1k <\/strong><\/p>\n<p><strong>2025\/26.<\/strong><\/p>\n<ol>\n<li>\n<p>Per os multipartikul\u00e1ris rendszerek betegk\u00f6zpont\u00fa formul\u00e1l\u00e1si szempontjai<br \/>\nT\u00e9mavezet\u0151k: Dr. K\u00e1llai-Szab\u00f3 Nikolett (PhD), Dr. Farkas D\u00f3ra (PhD)<\/p>\n<\/li>\n<li>\n<p>A 3D nyomtat\u00e1s lehet\u0151s\u00e9gei alternat\u00edv gy\u00f3gyszerbeviteli \u00e9s alkalmaz\u00e1s sz\u00e1m\u00e1ra\u00a0\u00a0\u00a0 <br \/>\nT\u00e9mavezet\u0151k: Dr. Basa B\u00e1lint (PhD), Prof. Dr. Antal Istv\u00e1n<\/p>\n<\/li>\n<li>\n<p>Lakt\u00e1z-tartalm\u00fa multipartikul\u00e1rs rendszerek vizsg\u00e1lat\u00e1nak analitikai \u00e9s stabilit\u00e1si szempontjai\u00a0\u00a0\u00a0\u00a0\u00a0\u00a0\u00a0\u00a0\u00a0\u00a0\u00a0\u00a0<br \/>\nT\u00e9mavezet\u0151k: Dr. Kir\u00e1ly M\u00e1rton (PhD), Dr. Lud\u00e1nyi Krisztina (PhD)<\/p>\n<\/li>\n<li>\n<p>Microfluidics in the Formulation and Testing of Liquid and Semisolid Dermal Preparations<br \/>\nT\u00e9mavezet\u0151k:\u00a0 Dr. Lengyel Mil\u00e9na (PhD), Prof. Dr. Antal Istv\u00e1n<\/p>\n<\/li>\n<li>\n<p>Advantages of Microfluidics in Pharmaceutical Drug Delivery Systems<br \/>\nT\u00e9mavezet\u0151k: Dr. Lengyel Mil\u00e9na (PhD), Prof. Dr. Antal Istv\u00e1n<\/p>\n<\/li>\n<\/ol>\n<p><strong>2024\/25.<\/strong><\/p>\n<ol>\n<li>\n<p>Per os alkalmazott liposz\u00f3m\u00e1k formul\u00e1l\u00e1si lehet\u0151s\u00e9gei<br \/>\nT\u00e9mavezet\u0151k: Dr. Kov\u00e1cs Andrea (PhD), Dr. Mike-Kasz\u00e1s N\u00f3ra (PhD)<\/p>\n<\/li>\n<li>\n<p>Fix d\u00f3zis\u00fa kombin\u00e1ci\u00f3s k\u00e9sz\u00edtm\u00e9nyek kialak\u00edt\u00e1s\u00e1nak lehet\u0151s\u00e9gei<br \/>\nT\u00e9mavezet\u0151: Dr. K\u00e1llai-Szab\u00f3 Nikolett (PhD<\/p>\n<\/li>\n<li>\n<p>Mesters\u00e9ges intelligencia \u00e9s digitaliz\u00e1l\u00e1s lehet\u0151s\u00e9gei a gy\u00f3gyszerformul\u00e1l\u00e1sban<br \/>\nT\u00e9mavezet\u0151: Prof. Dr. Antal Istv\u00e1n, Dr. Basa B\u00e1lint (PhD)<\/p>\n<\/li>\n<\/ol>\n<p><strong>2023\/24.<\/strong><\/p>\n<ol>\n<li>\n<p>Glikozil\u00e1ci\u00f3 alap\u00fa biomarkerek a daganatos betegs\u00e9gekben.<br \/>\nT\u00e9mavezet\u0151k: Dr. Vir\u00e1g D\u00e1vid (PhD), Dr. Lud\u00e1nyi Krisztina (PhD<\/p>\n<\/li>\n<li>\n<p>Izomalt gy\u00f3gyszertechnol\u00f3giai alkalmaz\u00e1sa. <br \/>\nT\u00e9mavezet\u0151k: Dr. K\u00e1llai-Szab\u00f3 Nikolett (PhD), Dr. Kov\u00e1cs Andrea (PhD)<\/p>\n<\/li>\n<li>\n<p>Olvad\u00e9kos sz\u00e1lk\u00e9pz\u00e9s gy\u00f3gyszertechnol\u00f3giai vonatkoz\u00e1sai.<br \/>\nDr. Kov\u00e1cs Andrea (PhD), Dr. K\u00e1llai-Szab\u00f3 Nikolett (PhD)<\/p>\n<\/li>\n<\/ol>\n\n<\/div><h2 class=\"tabtitle\">PhD<\/h2>\n<div class=\"tabcontent\">\n\n<p><strong>3.1. program \u2013\u00a0 A gy\u00f3gyszer\u00e9szeti tudom\u00e1nyok korszer\u0171 kutat\u00e1si ir\u00e1nyai:<\/strong><\/p>\n<p style=\"text-align: justify\">\u00a0\u00a0 A gy\u00f3gyszer\u00e9szeti szakter\u00fcletek m\u0171vel\u00e9se n\u00e9lk\u00fcl\u00f6zhetetlen mind a gy\u00f3gyszerkutat\u00e1s, mind a gy\u00f3gyszer kifejleszt\u00e9se \u00e9s el\u0151\u00e1ll\u00edt\u00e1sa illetve alkalmaz\u00e1sa sor\u00e1n, \u00edgy egyar\u00e1nt ig\u00e9nyli term\u00e9szettudom\u00e1nyi alapkutat\u00e1si t\u00e9m\u00e1k, valamint a speci\u00e1lis gy\u00f3gyszer\u00e9szeti\/orvosbiol\u00f3giai t\u00e9m\u00e1k kutat\u00e1s\u00e1t.<\/p>\n<p class=\"wp-embed-heading\"><strong>Oktat\u00f3k, t\u00e9maki\u00edr\u00f3k, t\u00e9mavezet\u0151k:<\/strong><\/p>\n<p><a href=\"https:\/\/doktori.hu\/index.php?menuid=192&amp;lang=HU&amp;sz_ID=559\">Prof. Dr. Antal Istv\u00e1n<\/a><br \/>\n<a href=\"https:\/\/doktori.hu\/index.php?menuid=192&amp;lang=HU&amp;sz_ID=5548\">Dr. Lud\u00e1nyi Krisztina<\/a><br \/>\nDr. K\u00e1llai-Szab\u00f3 Nikolett<\/p>\n<p><strong>Ut\u00f3bbi \u00e9vek PhD v\u00e9d\u00e9sei:<\/strong><\/p>\n<p>2025. Dr. Sabrina Magramane<br \/>\n2024. Dr. Basa B\u00e1lint<br \/>\n2023. Dr. Kir\u00e1ly M\u00e1rton<br \/>\n2022. Dr. Farkas D\u00f3ra<br \/>\n\u00a0\u00a0\u00a0\u00a0\u00a0\u00a0\u00a0\u00a0\u00a0\u00a0 Dr. Lengyel Mil\u00e9na<br \/>\n\u00a0\u00a0\u00a0\u00a0\u00a0\u00a0\u00a0\u00a0\u00a0\u00a0 Dr. Vir\u00e1g D\u00e1vid<br \/>\n2021. Dr. F\u00fcl\u00f6p Viktor<br \/>\n2020. Dr. Jakab G\u00e9za<br \/>\n2018. Dr. Niczinger No\u00e9mi<br \/>\n2017. Dr. P\u00e1pay Zs\u00f3fia<\/p>\n<p>&nbsp;<\/p>\n<div class=\"wp-embed-footer\">\n<div class=\"wp-embed-site-title\"><a href=\"https:\/\/semmelweis.hu\/phd\" target=\"_top\" rel=\"noopener\"><img loading=\"lazy\" decoding=\"async\" class=\"wp-embed-site-icon\" src=\"https:\/\/semmelweis.hu\/phd\/wp-content\/themes\/se18\/dist\/images\/logo\/semmelweis-logo-32px.png\" alt=\"\" width=\"32\" height=\"32\" \/>Doktori Iskol\u00e1k<\/a><\/div>\n<\/div>\n<\/div><\/div>\n","protected":false},"excerpt":{"rendered":"<p>TDK t\u00e9mak\u00f6r\u00f6k: -Modern gy\u00f3gyszerform\u00e1k \u00e9s gy\u00e1rt\u00e1stechnol\u00f3giai elj\u00e1r\u00e1sok -Hat\u00f3anyaglead\u00e1s szab\u00e1lyoz\u00e1s\u00e1nak lehet\u0151s\u00e9gei -Biohasznos\u00edthat\u00f3s\u00e1g n\u00f6vel\u00e9se -Seg\u00e9danyagok szerepe \u00e9s tanulm\u00e1nyoz\u00e1sa -Multipartikul\u00e1ris rendszerek -Mikrokapszul\u00e1z\u00e1s -Mikroniz\u00e1l\u00e1s -Nano- \u00e9s kolloid\u00e1lis gy\u00f3gyszerhordoz\u00f3 rendszerek, liposz\u00f3m\u00e1k -G\u00e9lrendszerek vizsg\u00e1lata -Topik\u00e1lis k\u00e9sz\u00edtm\u00e9nyek formul\u00e1l\u00e1sa -Bioekvivalencia \u00e9s gy\u00f3gyszer-\u00e9tel interakci\u00f3k vizsg\u00e1lata -Biol\u00f3gia mint\u00e1k t\u00f6megspektrometriai vizsg\u00e1lata -Betegk\u00f6zpont\u00fa formul\u00e1l\u00e1s TDK-felel\u0151s:\u00a0Dr. Lud\u00e1nyi Krisztina egy. docens UT\u00d3BBI \u00c9VEK TDK EREDM\u00c9NYEI : 2025. K\u00f3r\u00f3 Lilla &hellip;<\/p>\n","protected":false},"author":114,"featured_media":0,"parent":7,"menu_order":14,"comment_status":"closed","ping_status":"closed","template":"","meta":{"_acf_changed":false,"footnotes":""},"categories":[],"tags":[],"class_list":["post-672","page","type-page","status-publish","hentry"],"acf":[],"_links":{"self":[{"href":"https:\/\/semmelweis.hu\/gyogyszereszeti-intezet\/wp-json\/wp\/v2\/pages\/672","targetHints":{"allow":["GET"]}}],"collection":[{"href":"https:\/\/semmelweis.hu\/gyogyszereszeti-intezet\/wp-json\/wp\/v2\/pages"}],"about":[{"href":"https:\/\/semmelweis.hu\/gyogyszereszeti-intezet\/wp-json\/wp\/v2\/types\/page"}],"author":[{"embeddable":true,"href":"https:\/\/semmelweis.hu\/gyogyszereszeti-intezet\/wp-json\/wp\/v2\/users\/114"}],"replies":[{"embeddable":true,"href":"https:\/\/semmelweis.hu\/gyogyszereszeti-intezet\/wp-json\/wp\/v2\/comments?post=672"}],"version-history":[{"count":11,"href":"https:\/\/semmelweis.hu\/gyogyszereszeti-intezet\/wp-json\/wp\/v2\/pages\/672\/revisions"}],"predecessor-version":[{"id":1760,"href":"https:\/\/semmelweis.hu\/gyogyszereszeti-intezet\/wp-json\/wp\/v2\/pages\/672\/revisions\/1760"}],"up":[{"embeddable":true,"href":"https:\/\/semmelweis.hu\/gyogyszereszeti-intezet\/wp-json\/wp\/v2\/pages\/7"}],"wp:attachment":[{"href":"https:\/\/semmelweis.hu\/gyogyszereszeti-intezet\/wp-json\/wp\/v2\/media?parent=672"}],"wp:term":[{"taxonomy":"category","embeddable":true,"href":"https:\/\/semmelweis.hu\/gyogyszereszeti-intezet\/wp-json\/wp\/v2\/categories?post=672"},{"taxonomy":"post_tag","embeddable":true,"href":"https:\/\/semmelweis.hu\/gyogyszereszeti-intezet\/wp-json\/wp\/v2\/tags?post=672"}],"curies":[{"name":"wp","href":"https:\/\/api.w.org\/{rel}","templated":true}]}}