{"id":659,"date":"2018-09-28T20:45:49","date_gmt":"2018-09-28T18:45:49","guid":{"rendered":"http:\/\/semmelweis.hu\/gyogyszereszeti-intezet\/?page_id=659"},"modified":"2019-05-15T14:54:08","modified_gmt":"2019-05-15T12:54:08","slug":"ipari-gyogyszertechnologia-i-ii","status":"publish","type":"page","link":"https:\/\/semmelweis.hu\/gyogyszereszeti-intezet\/oktatas\/szabadon-valaszthato-targyak\/ipari-gyogyszertechnologia-i-ii\/","title":{"rendered":"Ipari gy\u00f3gyszertechnol\u00f3gia I-II."},"content":{"rendered":"<p style=\"text-align: justify\">A t\u00e1rgy oktat\u00e1s\u00e1nak c\u00e9lja, hogy a hallgat\u00f3 elsaj\u00e1t\u00edtsa az ipari gy\u00f3gyszergy\u00e1rt\u00e1s szempontj\u00e1b\u00f3l n\u00e9lk\u00fcl\u00f6zhetetlen korszer\u0171 szeml\u00e9letet, megismerkedjen a gy\u00f3gyszerform\u00e1k tervez\u00e9s\u00e9nek illetve a gy\u00f3gyszerk\u00e9sz\u00edtm\u00e9nyek gy\u00f3gyszertechnol\u00f3giai fejleszt\u00e9s\u00e9nek m\u00f3dszereivel, a m\u00e9retn\u00f6vel\u00e9s \u00e9s gy\u00e1rt\u00e1s alapvet\u0151 elj\u00e1r\u00e1saival, a k\u00e9sz\u00edtm\u00e9nyek gy\u00e1rt\u00e1sk\u00f6zi ellen\u0151rz\u0151 m\u00f3dszereivel, a gy\u00f3gyszergy\u00e1rt\u00e1s min\u0151s\u00e9gellen\u0151rz\u0151, illetve min\u0151s\u00e9gbiztos\u00edt\u00e1si vonatkoz\u00e1saival, a gy\u00f3gyszert\u00f6rzsk\u00f6nyvez\u00e9s gy\u00f3gyszertechnol\u00f3giai vonatkoz\u00e1saival.<\/p>\n<p>Tematika:<\/p>\n<p>1. Bevezet\u00e9s, a gy\u00f3gyszeripar szerepe<br \/>\n2. A nemzetk\u00f6zi gy\u00f3gyszeripar kialakul\u00e1sa, fel\u00e9p\u00edt\u00e9se, jellemz\u0151k<br \/>\n3. Gy\u00f3gyszer\u00e9szek a gy\u00f3gyszeriparban<br \/>\n4. A gy\u00f3gyszermin\u0151s\u00e9g \u00e9s enged\u00e9lyez\u00e9s technol\u00f3gia vonatkoz\u00e1sai<br \/>\n5. A gy\u00f3gyszerform\u00e1k fejl\u0151d\u00e9se<br \/>\n6. Innov\u00e1ci\u00f3 \u00e9s szellemi tulajdon<br \/>\n7. Iparjogv\u00e9delem gy\u00f3gyszertechnol\u00f3giai vonatkoz\u00e1sai I.<br \/>\n8. Iparjogv\u00e9delem gy\u00f3gyszertechnol\u00f3giai vonatkoz\u00e1sai II.<br \/>\n9. Gy\u00f3gyszerformatervez\u00e9s szempontjai<br \/>\n10. Gy\u00e1rt\u00e1si folyamatok \u00e9s alapm\u0171veletek<br \/>\n11. Hat\u00f3anyag-lead\u00f3 rendszerek tervez\u00e9se<br \/>\n12. A hat\u00f3anyag \u00e9s seg\u00e9danyag min\u0151s\u00e9ge<br \/>\n13. Optimaliz\u00e1l\u00e1s \u00e9s m\u00e9retn\u00f6vel\u00e9s \u00e1ltal\u00e1nos m\u00f3dszerei<br \/>\n14. \u00d6sszefoglal\u00f3 \u00e1ttekint\u00e9s, konzult\u00e1ci\u00f3<\/p>\n","protected":false},"excerpt":{"rendered":"<p>A t\u00e1rgy oktat\u00e1s\u00e1nak c\u00e9lja, hogy a hallgat\u00f3 elsaj\u00e1t\u00edtsa az ipari gy\u00f3gyszergy\u00e1rt\u00e1s szempontj\u00e1b\u00f3l n\u00e9lk\u00fcl\u00f6zhetetlen korszer\u0171 szeml\u00e9letet, megismerkedjen a gy\u00f3gyszerform\u00e1k tervez\u00e9s\u00e9nek illetve a gy\u00f3gyszerk\u00e9sz\u00edtm\u00e9nyek gy\u00f3gyszertechnol\u00f3giai fejleszt\u00e9s\u00e9nek m\u00f3dszereivel, a m\u00e9retn\u00f6vel\u00e9s \u00e9s gy\u00e1rt\u00e1s alapvet\u0151 elj\u00e1r\u00e1saival, a k\u00e9sz\u00edtm\u00e9nyek gy\u00e1rt\u00e1sk\u00f6zi ellen\u0151rz\u0151 m\u00f3dszereivel, a gy\u00f3gyszergy\u00e1rt\u00e1s min\u0151s\u00e9gellen\u0151rz\u0151, illetve min\u0151s\u00e9gbiztos\u00edt\u00e1si vonatkoz\u00e1saival, a gy\u00f3gyszert\u00f6rzsk\u00f6nyvez\u00e9s gy\u00f3gyszertechnol\u00f3giai vonatkoz\u00e1saival. Tematika: 1. Bevezet\u00e9s, a gy\u00f3gyszeripar szerepe 2. A nemzetk\u00f6zi &hellip;<\/p>\n","protected":false},"author":114,"featured_media":0,"parent":10,"menu_order":0,"comment_status":"closed","ping_status":"closed","template":"","meta":{"_acf_changed":false,"footnotes":""},"categories":[],"tags":[],"class_list":["post-659","page","type-page","status-publish","hentry"],"acf":[],"_links":{"self":[{"href":"https:\/\/semmelweis.hu\/gyogyszereszeti-intezet\/wp-json\/wp\/v2\/pages\/659","targetHints":{"allow":["GET"]}}],"collection":[{"href":"https:\/\/semmelweis.hu\/gyogyszereszeti-intezet\/wp-json\/wp\/v2\/pages"}],"about":[{"href":"https:\/\/semmelweis.hu\/gyogyszereszeti-intezet\/wp-json\/wp\/v2\/types\/page"}],"author":[{"embeddable":true,"href":"https:\/\/semmelweis.hu\/gyogyszereszeti-intezet\/wp-json\/wp\/v2\/users\/114"}],"replies":[{"embeddable":true,"href":"https:\/\/semmelweis.hu\/gyogyszereszeti-intezet\/wp-json\/wp\/v2\/comments?post=659"}],"version-history":[{"count":3,"href":"https:\/\/semmelweis.hu\/gyogyszereszeti-intezet\/wp-json\/wp\/v2\/pages\/659\/revisions"}],"predecessor-version":[{"id":897,"href":"https:\/\/semmelweis.hu\/gyogyszereszeti-intezet\/wp-json\/wp\/v2\/pages\/659\/revisions\/897"}],"up":[{"embeddable":true,"href":"https:\/\/semmelweis.hu\/gyogyszereszeti-intezet\/wp-json\/wp\/v2\/pages\/10"}],"wp:attachment":[{"href":"https:\/\/semmelweis.hu\/gyogyszereszeti-intezet\/wp-json\/wp\/v2\/media?parent=659"}],"wp:term":[{"taxonomy":"category","embeddable":true,"href":"https:\/\/semmelweis.hu\/gyogyszereszeti-intezet\/wp-json\/wp\/v2\/categories?post=659"},{"taxonomy":"post_tag","embeddable":true,"href":"https:\/\/semmelweis.hu\/gyogyszereszeti-intezet\/wp-json\/wp\/v2\/tags?post=659"}],"curies":[{"name":"wp","href":"https:\/\/api.w.org\/{rel}","templated":true}]}}