{"id":657,"date":"2018-09-28T20:42:52","date_gmt":"2018-09-28T18:42:52","guid":{"rendered":"http:\/\/semmelweis.hu\/gyogyszereszeti-intezet\/?page_id=657"},"modified":"2019-05-15T14:35:16","modified_gmt":"2019-05-15T12:35:16","slug":"bioanalitikai-modszerek-a-farmakokinetikaban","status":"publish","type":"page","link":"https:\/\/semmelweis.hu\/gyogyszereszeti-intezet\/oktatas\/szabadon-valaszthato-targyak\/bioanalitikai-modszerek-a-farmakokinetikaban\/","title":{"rendered":"Bioanalitikai m\u00f3dszerek a farmakokinetik\u00e1ban"},"content":{"rendered":"<p style=\"text-align: justify\">A Bioanalitikai m\u00f3dszerek a farmakokinetik\u00e1ban t\u00e1rgy r\u00e9szletezi a gy\u00f3gyszerek \u00e9s metabolitjainak biol\u00f3giai m\u00e1trixokb\u00f3l t\u00f6rt\u00e9n\u0151 meghat\u00e1roz\u00e1s\u00e1hoz sz\u00fcks\u00e9ges k\u00fcl\u00f6nb\u00f6z\u0151 bioanalitikai \u00e9s nukle\u00e1ris technik\u00e1kat, \u00e9s a vizsg\u00e1latok kivitelez\u00e9s\u00e9re vonatkoz\u00f3 eg\u00e9szs\u00e9g\u00fcgyi hat\u00f3s\u00e1gi el\u0151\u00edr\u00e1sokat. A t\u00e1rgy kieg\u00e9sz\u00edti a biofarm\u00e1ciai-farmakokinetikai vizsg\u00e1latok technikai kivitelezhet\u0151s\u00e9g\u00e9nek ismereteit \u00e9s elm\u00e9leti alapjait.<\/p>\n","protected":false},"excerpt":{"rendered":"<p>A Bioanalitikai m\u00f3dszerek a farmakokinetik\u00e1ban t\u00e1rgy r\u00e9szletezi a gy\u00f3gyszerek \u00e9s metabolitjainak biol\u00f3giai m\u00e1trixokb\u00f3l t\u00f6rt\u00e9n\u0151 meghat\u00e1roz\u00e1s\u00e1hoz sz\u00fcks\u00e9ges k\u00fcl\u00f6nb\u00f6z\u0151 bioanalitikai \u00e9s nukle\u00e1ris technik\u00e1kat, \u00e9s a vizsg\u00e1latok kivitelez\u00e9s\u00e9re vonatkoz\u00f3 eg\u00e9szs\u00e9g\u00fcgyi hat\u00f3s\u00e1gi el\u0151\u00edr\u00e1sokat. A t\u00e1rgy kieg\u00e9sz\u00edti a biofarm\u00e1ciai-farmakokinetikai vizsg\u00e1latok technikai kivitelezhet\u0151s\u00e9g\u00e9nek ismereteit \u00e9s elm\u00e9leti alapjait.<\/p>\n","protected":false},"author":114,"featured_media":0,"parent":10,"menu_order":0,"comment_status":"closed","ping_status":"closed","template":"","meta":{"_acf_changed":false,"footnotes":""},"categories":[],"tags":[],"class_list":["post-657","page","type-page","status-publish","hentry"],"acf":[],"_links":{"self":[{"href":"https:\/\/semmelweis.hu\/gyogyszereszeti-intezet\/wp-json\/wp\/v2\/pages\/657","targetHints":{"allow":["GET"]}}],"collection":[{"href":"https:\/\/semmelweis.hu\/gyogyszereszeti-intezet\/wp-json\/wp\/v2\/pages"}],"about":[{"href":"https:\/\/semmelweis.hu\/gyogyszereszeti-intezet\/wp-json\/wp\/v2\/types\/page"}],"author":[{"embeddable":true,"href":"https:\/\/semmelweis.hu\/gyogyszereszeti-intezet\/wp-json\/wp\/v2\/users\/114"}],"replies":[{"embeddable":true,"href":"https:\/\/semmelweis.hu\/gyogyszereszeti-intezet\/wp-json\/wp\/v2\/comments?post=657"}],"version-history":[{"count":2,"href":"https:\/\/semmelweis.hu\/gyogyszereszeti-intezet\/wp-json\/wp\/v2\/pages\/657\/revisions"}],"predecessor-version":[{"id":886,"href":"https:\/\/semmelweis.hu\/gyogyszereszeti-intezet\/wp-json\/wp\/v2\/pages\/657\/revisions\/886"}],"up":[{"embeddable":true,"href":"https:\/\/semmelweis.hu\/gyogyszereszeti-intezet\/wp-json\/wp\/v2\/pages\/10"}],"wp:attachment":[{"href":"https:\/\/semmelweis.hu\/gyogyszereszeti-intezet\/wp-json\/wp\/v2\/media?parent=657"}],"wp:term":[{"taxonomy":"category","embeddable":true,"href":"https:\/\/semmelweis.hu\/gyogyszereszeti-intezet\/wp-json\/wp\/v2\/categories?post=657"},{"taxonomy":"post_tag","embeddable":true,"href":"https:\/\/semmelweis.hu\/gyogyszereszeti-intezet\/wp-json\/wp\/v2\/tags?post=657"}],"curies":[{"name":"wp","href":"https:\/\/api.w.org\/{rel}","templated":true}]}}