{"id":314,"date":"2015-05-18T13:58:30","date_gmt":"2015-05-18T11:58:30","guid":{"rendered":"http:\/\/semmelweis.hu\/gyogyszereszeti-intezet\/?page_id=314"},"modified":"2022-10-25T11:43:42","modified_gmt":"2022-10-25T09:43:42","slug":"allatgyogyaszati-ismeretek","status":"publish","type":"page","link":"https:\/\/semmelweis.hu\/gyogyszereszeti-intezet\/oktatas\/allatgyogyaszati-ismeretek\/","title":{"rendered":"\u00c1llatgy\u00f3gy\u00e1szati k\u00e9sz\u00edtm\u00e9nyek"},"content":{"rendered":"<p style=\"text-align: justify\"><strong>A tant\u00e1rgy r\u00f6vid le\u00edr\u00e1sa:<\/strong><\/p>\n<p style=\"text-align: justify\">Az \u00e1llateg\u00e9szs\u00e9g\u00fcgy t\u00f6rv\u00e9nyei, szervezeti fel\u00e9p\u00edt\u00e9se; T\u00f6rzsk\u00f6nyvez\u00e9s; Forgalmaz\u00e1si enged\u00e9lyek, ellen\u0151rz\u00e9sek; Haszon\u00e1llatok \u00e9s hobby \u00e1llatok teny\u00e9szt\u00e9se, betegs\u00e9gei, gy\u00f3gyszerez\u00e9seik; Zoon\u00f3zisok \u00e9s az elh\u00e1r\u00edt\u00e1s lehet\u0151s\u00e9gei; FoNo Vet IV., \u00e1llatkertek, dioxin m\u00e9rgez\u00e9sek; A Gy\u00f3gyszer\u00e9szek feladatai az \u00e1llateg\u00e9szs\u00e9g\u00fcgyben; Veteriner gy\u00f3gyszerek speci\u00e1lis tulajdons\u00e1gai; Fert\u0151z\u0151 \u00e9s j\u00e1rv\u00e1nyos \u00e1llatbetegs\u00e9gek; Profilaktikus tev\u00e9kenys\u00e9gek; \u00c9lelmiszerbiztons\u00e1g.<\/p>\n<p>&nbsp;<\/p>\n<p><strong>El\u0151ad\u00e1s tematika:\u00a0 <br \/>\n<\/strong><\/p>\n<ol>\n<li>Az \u00e1llatgy\u00f3gyszerek specifikumai. FoNo Vet szerkeszt\u00e9se. \u00c1llateg\u00e9szs\u00e9g\u00fcgy c\u00e9lkit\u0171z\u00e9se.<\/li>\n<li>Pharmacovigilance. Gy\u00f3gyszerk\u00f6nyvek BP, Eur, Ph.Hg. \u00c9lelmiszerbiztons\u00e1g elemei.<\/li>\n<li>\u00c1llatkertek, Brehm, Dioxinok Sert\u00e9steny\u00e9szt\u00e9s.<\/li>\n<li>H\u00edres magyar \u00e1llatorvosok, Baromfiteny\u00e9szt\u00e9s, betegs\u00e9gei, vakcin\u00e1k.<\/li>\n<li>Sert\u00e9steny\u00e9szt\u00e9s, sert\u00e9sbetegs\u00e9gek. Szarvasmarhatart\u00e1s, betegs\u00e9gei, BSE, a tej min\u0151s\u00edt\u00e9se.<\/li>\n<li>T\u00f6rzsk\u00f6nyvez\u00e9s. A N\u00c9BIH fel\u00e9p\u00edt\u00e9se, feladatai.<\/li>\n<li>Helmint\u00f3zisok. Mad\u00e1rinfluenza, SARZS.<\/li>\n<li>M\u00e9hek, tart\u00e1sa, betegs\u00e9gei. A m\u00e9hek \u00e1ltal el\u0151\u00e1ll\u00edtott anyagok; m\u00e9z, propolisz, pemp\u0151, viasz.<\/li>\n<li>Kutyatart\u00e1s, a kuty\u00e1k betegs\u00e9gei. Macsk\u00e1k \u00e9s a macsk\u00e1k betegs\u00e9gei.<\/li>\n<li>Fert\u0151z\u0151 \u00e1llatbetegs\u00e9gek. Zoon\u00f3zisok leggyakoribb fajt\u00e1i.<\/li>\n<li>Lovak, l\u00f3tart\u00e1s, a lovak betegs\u00e9gei.<\/li>\n<li>\u00c1llatfaji \u00f6sszehasonl\u00edt\u00f3 farmakokinetika \u00e9s gy\u00f3gyszermetabolizmus.<\/li>\n<li>V\u00edrusok okozta megbeteged\u00e9sek az \u00e1llatokn\u00e1l.<\/li>\n<li>Kollokviumi t\u00e9telek kiad\u00e1sa, \u00e1tbesz\u00e9l\u00e9se.<\/li>\n<\/ol>\n<p>&nbsp;<\/p>\n","protected":false},"excerpt":{"rendered":"<p>A tant\u00e1rgy r\u00f6vid le\u00edr\u00e1sa: Az \u00e1llateg\u00e9szs\u00e9g\u00fcgy t\u00f6rv\u00e9nyei, szervezeti fel\u00e9p\u00edt\u00e9se; T\u00f6rzsk\u00f6nyvez\u00e9s; Forgalmaz\u00e1si enged\u00e9lyek, ellen\u0151rz\u00e9sek; Haszon\u00e1llatok \u00e9s hobby \u00e1llatok teny\u00e9szt\u00e9se, betegs\u00e9gei, gy\u00f3gyszerez\u00e9seik; Zoon\u00f3zisok \u00e9s az elh\u00e1r\u00edt\u00e1s lehet\u0151s\u00e9gei; FoNo Vet IV., \u00e1llatkertek, dioxin m\u00e9rgez\u00e9sek; A Gy\u00f3gyszer\u00e9szek feladatai az \u00e1llateg\u00e9szs\u00e9g\u00fcgyben; Veteriner gy\u00f3gyszerek speci\u00e1lis tulajdons\u00e1gai; Fert\u0151z\u0151 \u00e9s j\u00e1rv\u00e1nyos \u00e1llatbetegs\u00e9gek; Profilaktikus tev\u00e9kenys\u00e9gek; \u00c9lelmiszerbiztons\u00e1g. &nbsp; El\u0151ad\u00e1s tematika:\u00a0 Az \u00e1llatgy\u00f3gyszerek specifikumai. FoNo Vet &hellip;<\/p>\n","protected":false},"author":114,"featured_media":0,"parent":7,"menu_order":8,"comment_status":"closed","ping_status":"closed","template":"","meta":{"_acf_changed":false,"footnotes":""},"categories":[],"tags":[],"class_list":["post-314","page","type-page","status-publish","hentry"],"acf":[],"_links":{"self":[{"href":"https:\/\/semmelweis.hu\/gyogyszereszeti-intezet\/wp-json\/wp\/v2\/pages\/314","targetHints":{"allow":["GET"]}}],"collection":[{"href":"https:\/\/semmelweis.hu\/gyogyszereszeti-intezet\/wp-json\/wp\/v2\/pages"}],"about":[{"href":"https:\/\/semmelweis.hu\/gyogyszereszeti-intezet\/wp-json\/wp\/v2\/types\/page"}],"author":[{"embeddable":true,"href":"https:\/\/semmelweis.hu\/gyogyszereszeti-intezet\/wp-json\/wp\/v2\/users\/114"}],"replies":[{"embeddable":true,"href":"https:\/\/semmelweis.hu\/gyogyszereszeti-intezet\/wp-json\/wp\/v2\/comments?post=314"}],"version-history":[{"count":10,"href":"https:\/\/semmelweis.hu\/gyogyszereszeti-intezet\/wp-json\/wp\/v2\/pages\/314\/revisions"}],"predecessor-version":[{"id":1504,"href":"https:\/\/semmelweis.hu\/gyogyszereszeti-intezet\/wp-json\/wp\/v2\/pages\/314\/revisions\/1504"}],"up":[{"embeddable":true,"href":"https:\/\/semmelweis.hu\/gyogyszereszeti-intezet\/wp-json\/wp\/v2\/pages\/7"}],"wp:attachment":[{"href":"https:\/\/semmelweis.hu\/gyogyszereszeti-intezet\/wp-json\/wp\/v2\/media?parent=314"}],"wp:term":[{"taxonomy":"category","embeddable":true,"href":"https:\/\/semmelweis.hu\/gyogyszereszeti-intezet\/wp-json\/wp\/v2\/categories?post=314"},{"taxonomy":"post_tag","embeddable":true,"href":"https:\/\/semmelweis.hu\/gyogyszereszeti-intezet\/wp-json\/wp\/v2\/tags?post=314"}],"curies":[{"name":"wp","href":"https:\/\/api.w.org\/{rel}","templated":true}]}}