{"id":1547,"date":"2023-03-10T14:13:21","date_gmt":"2023-03-10T13:13:21","guid":{"rendered":"https:\/\/semmelweis.hu\/gyogyszereszeti-intezet\/?page_id=1547"},"modified":"2025-01-22T12:40:53","modified_gmt":"2025-01-22T11:40:53","slug":"adatvedelem","status":"publish","type":"page","link":"https:\/\/semmelweis.hu\/gyogyszereszeti-intezet\/adatvedelem\/","title":{"rendered":"Adatv\u00e9delem"},"content":{"rendered":"<p><a href=\"https:\/\/semmelweis.hu\/gytk\/a-karrol\/adatvedelem\/\">A Gy\u00f3gyszer\u00e9sztudom\u00e1nyi Kar Adatv\u00e9delmi T\u00e1j\u00e9koztat\u00f3ja<\/a><\/p>\n<p><a href=\"https:\/\/semmelweis.hu\/gyogyszereszeti-intezet\/files\/2023\/03\/Adatvedelmi-ALAPKEPZES-SE_OKTATAS_INTEZETEKNEK_20230309.pdf\">Semmelweis Egyetem adatv\u00e9delmi t\u00e1j\u00e9koztat\u00f3ja<\/a><\/p>\n","protected":false},"excerpt":{"rendered":"<p><a href=\"https:\/\/semmelweis.hu\/gytk\/a-karrol\/adatvedelem\/\">A Gy\u00f3gyszer\u00e9sztudom\u00e1nyi Kar Adatv\u00e9delmi T\u00e1j\u00e9koztat\u00f3ja<\/a><br \/>\n<a href=\"https:\/\/semmelweis.hu\/gyogyszereszeti-intezet\/files\/2023\/03\/Adatvedelmi-ALAPKEPZES-SE_OKTATAS_INTEZETEKNEK_20230309.pdf\">Semmelweis Egyetem adatv\u00e9delmi t\u00e1j\u00e9koztat\u00f3ja<\/a><\/p>\n","protected":false},"author":114,"featured_media":0,"parent":0,"menu_order":4,"comment_status":"closed","ping_status":"closed","template":"","meta":{"_acf_changed":false,"footnotes":""},"categories":[],"tags":[],"class_list":["post-1547","page","type-page","status-publish","hentry"],"acf":[],"_links":{"self":[{"href":"https:\/\/semmelweis.hu\/gyogyszereszeti-intezet\/wp-json\/wp\/v2\/pages\/1547","targetHints":{"allow":["GET"]}}],"collection":[{"href":"https:\/\/semmelweis.hu\/gyogyszereszeti-intezet\/wp-json\/wp\/v2\/pages"}],"about":[{"href":"https:\/\/semmelweis.hu\/gyogyszereszeti-intezet\/wp-json\/wp\/v2\/types\/page"}],"author":[{"embeddable":true,"href":"https:\/\/semmelweis.hu\/gyogyszereszeti-intezet\/wp-json\/wp\/v2\/users\/114"}],"replies":[{"embeddable":true,"href":"https:\/\/semmelweis.hu\/gyogyszereszeti-intezet\/wp-json\/wp\/v2\/comments?post=1547"}],"version-history":[{"count":4,"href":"https:\/\/semmelweis.hu\/gyogyszereszeti-intezet\/wp-json\/wp\/v2\/pages\/1547\/revisions"}],"predecessor-version":[{"id":1635,"href":"https:\/\/semmelweis.hu\/gyogyszereszeti-intezet\/wp-json\/wp\/v2\/pages\/1547\/revisions\/1635"}],"wp:attachment":[{"href":"https:\/\/semmelweis.hu\/gyogyszereszeti-intezet\/wp-json\/wp\/v2\/media?parent=1547"}],"wp:term":[{"taxonomy":"category","embeddable":true,"href":"https:\/\/semmelweis.hu\/gyogyszereszeti-intezet\/wp-json\/wp\/v2\/categories?post=1547"},{"taxonomy":"post_tag","embeddable":true,"href":"https:\/\/semmelweis.hu\/gyogyszereszeti-intezet\/wp-json\/wp\/v2\/tags?post=1547"}],"curies":[{"name":"wp","href":"https:\/\/api.w.org\/{rel}","templated":true}]}}