{"id":1508,"date":"2022-10-25T11:28:24","date_gmt":"2022-10-25T09:28:24","guid":{"rendered":"https:\/\/semmelweis.hu\/gyogyszereszeti-intezet\/?page_id=1508"},"modified":"2022-10-25T11:43:17","modified_gmt":"2022-10-25T09:43:17","slug":"biotechnologia","status":"publish","type":"page","link":"https:\/\/semmelweis.hu\/gyogyszereszeti-intezet\/oktatas\/biotechnologia\/","title":{"rendered":"Biotechnol\u00f3gia"},"content":{"rendered":"<p>A \u201eBiotechnol\u00f3gia\u201d t\u00e1rgy oktat\u00e1s\u00e1nak c\u00e9lja, hogy a hallgat\u00f3 megismerje a biotechnol\u00f3gia alapjait: a biotechnol\u00f3giai alapm\u0171veleteket, a bioreaktorok m\u0171k\u00f6d\u00e9s\u00e9t; enzimekre \u00e9p\u00fcl\u0151 ipari technol\u00f3gi\u00e1k alapjait. C\u00e9l tov\u00e1bb\u00e1, hogy az \u00e1ltal\u00e1nos ismereteken k\u00edv\u00fcl gyakorlati p\u00e9ld\u00e1kon kereszt\u00fcl is betekint\u00e9st ny\u00fajtson a biotechnol\u00f3gia alkalmaz\u00e1s\u00e1nak k\u00fcl\u00f6nb\u00f6z\u0151 ter\u00fcleteire.<\/p>\n<p>&nbsp;<\/p>\n<p><strong>Elm\u00e9leti \u00f3r\u00e1k tematik\u00e1ja<\/strong><\/p>\n<ol>\n<li>Biok\u00e9miai, sejttani, mikrobiol\u00f3giai vonatkoz\u00e1sok (makromolekul\u00e1k, folyamatok, reakci\u00f3k, sejt alkot\u00f3k, organellumok, \u00e9l\u0151l\u00e9nyek feloszt\u00e1sa, mikrobiol\u00f3giai m\u00f3dszerek)<\/li>\n<li>Biotechnol\u00f3gia defin\u00edci\u00f3ja, feloszt\u00e1sa. Biotechnol\u00f3gia t\u00f6rt\u00e9nete, fejl\u0151d\u00e9se<\/li>\n<li>Ferment\u00e1ci\u00f3, befoly\u00e1sol\u00f3 t\u00e9nyez\u0151k (t\u00e1poldatok, t\u00e1panyagig\u00e9ny, energiaforr\u00e1s), matematikai modellek<\/li>\n<li>Biotechnol\u00f3giai m\u0171veletek: szaporod\u00e1s, mikr\u00f3b\u00e1k teny\u00e9szt\u00e9si m\u00f3dszerei<\/li>\n<li>Biotechnol\u00f3giai m\u0171veletek: leveg\u0151ztet\u00e9s, kever\u00e9s<\/li>\n<li>Biotechnol\u00f3giai m\u0171veletek: sterilez\u00e9s, felt\u00e1r\u00e1s<\/li>\n<li>Bioreaktorok<\/li>\n<li>Enzimek: alapfogalmak, fel\u00e9p\u00edt\u00e9s, tulajdons\u00e1gok, nevez\u00e9ktan, enzimek csoportjai, , enzimaktivit\u00e1s, enzimkinetika (Michaelis-Menten, Briggs-Haldane)<\/li>\n<li>Enzim reakci\u00f3k szab\u00e1lyoz\u00e1sa: inhib\u00edci\u00f3\/aktiv\u00e1ci\u00f3, aktivit\u00e1st befoly\u00e1sol\u00f3 t\u00e9nyez\u0151k<\/li>\n<li>Heterog\u00e9n f\u00e1zis\u00fa enzim reakci\u00f3k, enzim r\u00f6gz\u00edt\u00e9si m\u00f3dszerek, a r\u00f6gz\u00edtett rendszerek kinetik\u00e1ja. Enzimek felhaszn\u00e1l\u00e1sa<\/li>\n<li>Biotechnol\u00f3giai alkalmaz\u00e1sok: antibiotikumok, szteroidok, vakcin\u00e1k, aminosavak, peptidek<\/li>\n<li>Biotechnol\u00f3giai alkalmaz\u00e1sok: rekombin\u00e1ns feh\u00e9rj\u00e9k, monoklon\u00e1lis antitestek, szerves savak sz\u00e1rmaz\u00e9kai, glicerin sz\u00e1rmaz\u00e9kok<\/li>\n<li>Biotechnol\u00f3giai alkalmaz\u00e1sok a gyakorlatban I.<\/li>\n<li>Biotechnol\u00f3giai alkalmaz\u00e1sok a gyakorlatban II.<\/li>\n<\/ol>\n","protected":false},"excerpt":{"rendered":"<p>A \u201eBiotechnol\u00f3gia\u201d t\u00e1rgy oktat\u00e1s\u00e1nak c\u00e9lja, hogy a hallgat\u00f3 megismerje a biotechnol\u00f3gia alapjait: a biotechnol\u00f3giai alapm\u0171veleteket, a bioreaktorok m\u0171k\u00f6d\u00e9s\u00e9t; enzimekre \u00e9p\u00fcl\u0151 ipari technol\u00f3gi\u00e1k alapjait. C\u00e9l tov\u00e1bb\u00e1, hogy az \u00e1ltal\u00e1nos ismereteken k\u00edv\u00fcl gyakorlati p\u00e9ld\u00e1kon kereszt\u00fcl is betekint\u00e9st ny\u00fajtson a biotechnol\u00f3gia alkalmaz\u00e1s\u00e1nak k\u00fcl\u00f6nb\u00f6z\u0151 ter\u00fcleteire. &nbsp; Elm\u00e9leti \u00f3r\u00e1k tematik\u00e1ja Biok\u00e9miai, sejttani, mikrobiol\u00f3giai vonatkoz\u00e1sok (makromolekul\u00e1k, folyamatok, reakci\u00f3k, sejt alkot\u00f3k, organellumok, &hellip;<\/p>\n","protected":false},"author":114,"featured_media":0,"parent":7,"menu_order":7,"comment_status":"closed","ping_status":"closed","template":"","meta":{"_acf_changed":false,"footnotes":""},"categories":[],"tags":[],"class_list":["post-1508","page","type-page","status-publish","hentry"],"acf":[],"_links":{"self":[{"href":"https:\/\/semmelweis.hu\/gyogyszereszeti-intezet\/wp-json\/wp\/v2\/pages\/1508","targetHints":{"allow":["GET"]}}],"collection":[{"href":"https:\/\/semmelweis.hu\/gyogyszereszeti-intezet\/wp-json\/wp\/v2\/pages"}],"about":[{"href":"https:\/\/semmelweis.hu\/gyogyszereszeti-intezet\/wp-json\/wp\/v2\/types\/page"}],"author":[{"embeddable":true,"href":"https:\/\/semmelweis.hu\/gyogyszereszeti-intezet\/wp-json\/wp\/v2\/users\/114"}],"replies":[{"embeddable":true,"href":"https:\/\/semmelweis.hu\/gyogyszereszeti-intezet\/wp-json\/wp\/v2\/comments?post=1508"}],"version-history":[{"count":1,"href":"https:\/\/semmelweis.hu\/gyogyszereszeti-intezet\/wp-json\/wp\/v2\/pages\/1508\/revisions"}],"predecessor-version":[{"id":1509,"href":"https:\/\/semmelweis.hu\/gyogyszereszeti-intezet\/wp-json\/wp\/v2\/pages\/1508\/revisions\/1509"}],"up":[{"embeddable":true,"href":"https:\/\/semmelweis.hu\/gyogyszereszeti-intezet\/wp-json\/wp\/v2\/pages\/7"}],"wp:attachment":[{"href":"https:\/\/semmelweis.hu\/gyogyszereszeti-intezet\/wp-json\/wp\/v2\/media?parent=1508"}],"wp:term":[{"taxonomy":"category","embeddable":true,"href":"https:\/\/semmelweis.hu\/gyogyszereszeti-intezet\/wp-json\/wp\/v2\/categories?post=1508"},{"taxonomy":"post_tag","embeddable":true,"href":"https:\/\/semmelweis.hu\/gyogyszereszeti-intezet\/wp-json\/wp\/v2\/tags?post=1508"}],"curies":[{"name":"wp","href":"https:\/\/api.w.org\/{rel}","templated":true}]}}