{"id":1437,"date":"2021-09-06T16:04:43","date_gmt":"2021-09-06T14:04:43","guid":{"rendered":"https:\/\/semmelweis.hu\/gyogyszereszeti-intezet\/?page_id=1437"},"modified":"2022-10-25T11:42:46","modified_gmt":"2022-10-25T09:42:46","slug":"nanotechnologia","status":"publish","type":"page","link":"https:\/\/semmelweis.hu\/gyogyszereszeti-intezet\/oktatas\/nanotechnologia\/","title":{"rendered":"Nanotechnol\u00f3gia"},"content":{"rendered":"<p style=\"text-align: justify\">A \u201eNanotechnol\u00f3gia\u201d t\u00e1rgy oktat\u00e1s\u00e1nak c\u00e9lja, hogy a hallgat\u00f3 megismerje a nanotechnol\u00f3gia alapjait, a nanor\u00e9szecsk\u00e9k \u00e9s nanoszerkezetek t\u00edpusait, a fontos fizikai k\u00e9miai jellemz\u0151ket, fiziol\u00f3gi\u00e1s toxikol\u00f3giai vonatkoz\u00e1sokat. C\u00e9l tov\u00e1bb\u00e1, hogy az \u00e1ltal\u00e1nos ismereteken k\u00edv\u00fcl gyakorlati p\u00e9ld\u00e1kon kereszt\u00fcl is betekint\u00e9st ny\u00fajtson a nanotechnol\u00f3gia alkalmaz\u00e1s\u00e1nak k\u00fcl\u00f6nb\u00f6z\u0151 ter\u00fcleteire.<\/p>\n<p style=\"text-align: justify\"><strong>Elm\u00e9leti \u00f3r\u00e1k tematik\u00e1ja<\/strong> <strong>(heti bont\u00e1sban): <\/strong><\/p>\n<ol>\n<li style=\"text-align: justify\">Bevezet\u00e9s a nanotechnol\u00f3gi\u00e1ba, t\u00f6rt\u00e9net \u00e9s jelent\u0151s\u00e9g<\/li>\n<li style=\"text-align: justify\">\u00a0Fogalmak, defin\u00edci\u00f3k, oszt\u00e1lyoz\u00e1s<\/li>\n<li style=\"text-align: justify\">Nanor\u00e9szecsk\u00e9k, nanoszerkezetek, nanoanyagok<\/li>\n<li style=\"text-align: justify\">Fizikai k\u00e9miai vizsg\u00e1l\u00f3m\u00f3dszerek<\/li>\n<li style=\"text-align: justify\">Szervetlen, szerves \u00e9s polimer nanor\u00e9szecsk\u00e9k<\/li>\n<li style=\"text-align: justify\">Emulzi\u00f3s rendszerek \u00e9s vezikul\u00e1ris rendszerek (micell\u00e1k, liposz\u00f3m\u00e1k)<\/li>\n<li style=\"text-align: justify\">Nanosz\u00e1lak \u00e9s bevonatok<\/li>\n<li style=\"text-align: justify\">Nanodotok, dendrimerek, szint\u00e9zis m\u00f3dszerek<\/li>\n<li style=\"text-align: justify\">Fiziol\u00f3gi\u00e1s \u00e9s toxikol\u00f3giai vonatkoz\u00e1sok<\/li>\n<li style=\"text-align: justify\">Nanotechnol\u00f3gia a gyakorlatban: \u00e9lelmiszeripari \u00e9s egy\u00e9b alkalmaz\u00e1sok<\/li>\n<li style=\"text-align: justify\">Nanotechnol\u00f3gia a gyakorlatban: gy\u00f3gyszerkutat\u00e1s, fejleszt\u00e9s \u00e9s -anal\u00edzis<\/li>\n<li style=\"text-align: justify\">Nanotechnol\u00f3gia a gyakorlatban: orvosi k\u00e9palkot\u00e1s \u00e9s diagnosztika (optikai, ultrahang, m\u00e1gneses)<\/li>\n<li style=\"text-align: justify\">Nanotechnol\u00f3gia a gyakorlatban: nanomedicina kezel\u00e9si m\u00f3dszerei (fotodin\u00e1mia, szonodin\u00e1mia, m\u00e1gneses, hipertermia)<\/li>\n<li style=\"text-align: justify\">Nanotechnol\u00f3gia a gy\u00f3gyszeres ter\u00e1pi\u00e1ban, c\u00e9lzott gy\u00f3gyszersz\u00e1ll\u00edt\u00e1sban<\/li>\n<\/ol>\n<p><strong>Gyakorlati \u00f3r\u00e1k tematik\u00e1ja (heti bont\u00e1sban): <\/strong><\/p>\n<ol>\n<li>Bevezet\u00e9s, m\u0171szerek, m\u00f3dszerek<\/li>\n<li>Morfol\u00f3giai jellemz\u00e9s, sz\u00e1m\u00edt\u00e1sok, \u00e1tv\u00e1lt\u00e1sok, SEM\/TEM k\u00e9panal\u00edzis<\/li>\n<li>R\u00e9szecskem\u00e9ret \u00e9s -eloszl\u00e1s vizsg\u00e1lata \u00e9s \u00e9rt\u00e9kel\u00e9se<\/li>\n<li>Fel\u00fcleti jellemz\u00e9s \u00e9s meghat\u00e1roz\u00e1s, atomer\u0151 mikroszk\u00f3pos k\u00e9p elemz\u00e9se, \u00f6sszehasonl\u00edt\u00f3 vizsg\u00e1lata<\/li>\n<li>Z\u00e9ta-potenci\u00e1l vizsg\u00e1lata<\/li>\n<li>Stabilit\u00e1s, aggreg\u00e1ci\u00f3 vizsg\u00e1lata<\/li>\n<li>Konzult\u00e1ci\u00f3, ZH<\/li>\n<li>Nanoszuszpenzi\u00f3 el\u0151\u00e1ll\u00edt\u00e1sa<\/li>\n<li>Nanoemulzi\u00f3\/mikroemulzi\u00f3 el\u0151\u00e1ll\u00edt\u00e1sa \u00e9s vizsg\u00e1lata<\/li>\n<li>Liposz\u00f3ma el\u0151\u00e1ll\u00edt\u00e1sa \u00e9s vizsg\u00e1lata<\/li>\n<li>Nanosz\u00e1l el\u0151\u00e1ll\u00edt\u00e1sa \u00e9s vizsg\u00e1lata<\/li>\n<li>Pigmenthat\u00e1s vizsg\u00e1lata, ZH<\/li>\n<li>Eutektikum k\u00e9pz\u0151d\u00e9s g\u00e1tl\u00e1sa \u00e9s vizsg\u00e1lata<\/li>\n<li>Konzult\u00e1ci\u00f3, p\u00f3tgyakorlat<\/li>\n<\/ol>\n","protected":false},"excerpt":{"rendered":"<p>A \u201eNanotechnol\u00f3gia\u201d t\u00e1rgy oktat\u00e1s\u00e1nak c\u00e9lja, hogy a hallgat\u00f3 megismerje a nanotechnol\u00f3gia alapjait, a nanor\u00e9szecsk\u00e9k \u00e9s nanoszerkezetek t\u00edpusait, a fontos fizikai k\u00e9miai jellemz\u0151ket, fiziol\u00f3gi\u00e1s toxikol\u00f3giai vonatkoz\u00e1sokat. C\u00e9l tov\u00e1bb\u00e1, hogy az \u00e1ltal\u00e1nos ismereteken k\u00edv\u00fcl gyakorlati p\u00e9ld\u00e1kon kereszt\u00fcl is betekint\u00e9st ny\u00fajtson a nanotechnol\u00f3gia alkalmaz\u00e1s\u00e1nak k\u00fcl\u00f6nb\u00f6z\u0151 ter\u00fcleteire. Elm\u00e9leti \u00f3r\u00e1k tematik\u00e1ja (heti bont\u00e1sban): Bevezet\u00e9s a nanotechnol\u00f3gi\u00e1ba, t\u00f6rt\u00e9net \u00e9s jelent\u0151s\u00e9g \u00a0Fogalmak, &hellip;<\/p>\n","protected":false},"author":114,"featured_media":0,"parent":7,"menu_order":6,"comment_status":"closed","ping_status":"closed","template":"","meta":{"_acf_changed":false,"footnotes":""},"categories":[],"tags":[],"class_list":["post-1437","page","type-page","status-publish","hentry"],"acf":[],"_links":{"self":[{"href":"https:\/\/semmelweis.hu\/gyogyszereszeti-intezet\/wp-json\/wp\/v2\/pages\/1437","targetHints":{"allow":["GET"]}}],"collection":[{"href":"https:\/\/semmelweis.hu\/gyogyszereszeti-intezet\/wp-json\/wp\/v2\/pages"}],"about":[{"href":"https:\/\/semmelweis.hu\/gyogyszereszeti-intezet\/wp-json\/wp\/v2\/types\/page"}],"author":[{"embeddable":true,"href":"https:\/\/semmelweis.hu\/gyogyszereszeti-intezet\/wp-json\/wp\/v2\/users\/114"}],"replies":[{"embeddable":true,"href":"https:\/\/semmelweis.hu\/gyogyszereszeti-intezet\/wp-json\/wp\/v2\/comments?post=1437"}],"version-history":[{"count":1,"href":"https:\/\/semmelweis.hu\/gyogyszereszeti-intezet\/wp-json\/wp\/v2\/pages\/1437\/revisions"}],"predecessor-version":[{"id":1438,"href":"https:\/\/semmelweis.hu\/gyogyszereszeti-intezet\/wp-json\/wp\/v2\/pages\/1437\/revisions\/1438"}],"up":[{"embeddable":true,"href":"https:\/\/semmelweis.hu\/gyogyszereszeti-intezet\/wp-json\/wp\/v2\/pages\/7"}],"wp:attachment":[{"href":"https:\/\/semmelweis.hu\/gyogyszereszeti-intezet\/wp-json\/wp\/v2\/media?parent=1437"}],"wp:term":[{"taxonomy":"category","embeddable":true,"href":"https:\/\/semmelweis.hu\/gyogyszereszeti-intezet\/wp-json\/wp\/v2\/categories?post=1437"},{"taxonomy":"post_tag","embeddable":true,"href":"https:\/\/semmelweis.hu\/gyogyszereszeti-intezet\/wp-json\/wp\/v2\/tags?post=1437"}],"curies":[{"name":"wp","href":"https:\/\/api.w.org\/{rel}","templated":true}]}}