{"id":1376,"date":"2021-02-18T11:32:06","date_gmt":"2021-02-18T10:32:06","guid":{"rendered":"https:\/\/semmelweis.hu\/gyogyszereszeti-intezet\/?page_id=1376"},"modified":"2022-10-25T14:06:50","modified_gmt":"2022-10-25T12:06:50","slug":"fiziologias-gyogyszereszet-es-gyogyszerformatan","status":"publish","type":"page","link":"https:\/\/semmelweis.hu\/gyogyszereszeti-intezet\/oktatas\/fiziologias-gyogyszereszet-es-gyogyszerformatan\/","title":{"rendered":"Fiziol\u00f3gi\u00e1s gy\u00f3gyszer\u00e9szet \u00e9s gy\u00f3gyszerformatan"},"content":{"rendered":"<p>A t\u00e1rgy oktat\u00e1s\u00e1nak c\u00e9lja, hogy a hallgat\u00f3 elsaj\u00e1t\u00edtsa a gy\u00f3gyszer adagol\u00e1si form\u00e1k jelent\u0151s\u00e9g\u00e9t, legfontosabb tulajdons\u00e1gait, t\u00f6rt\u00e9net\u00e9t, illetve alkalmaz\u00e1suknak fiziol\u00f3gi\u00e1s vonatkoz\u00e1sait. \u00c1ttekinti a gy\u00f3gyszer szervezetbe juttat\u00e1s\u00e1nak lehet\u0151s\u00e9geit, a gy\u00f3gyszer beviteli kapu fiziol\u00f3gi\u00e1s jellemz\u0151it \u00e9s abb\u00f3l k\u00f6vetkez\u0151en a gy\u00f3gyszerform\u00e1kra vonatkoz\u00f3 min\u0151s\u00e9gi k\u00f6vetelm\u00e9nyeket. Alapvet\u0151 ismereteket ad a gy\u00f3gyszerforma \u00e9s a hat\u00f3anyag szervezetbeni \u00fatj\u00e1nak \u00f6sszef\u00fcgg\u00e9seir\u0151l.<\/p>\n<p>Elm\u00e9leti \u00e9s gyakorlati \u00f3r\u00e1k tematik\u00e1ja (heti bont\u00e1sban):<\/p>\n<ol>\n<li>A gy\u00f3gyszeradagol\u00e1si form\u00e1k t\u00f6rt\u00e9nete \u00e9s fejl\u0151d\u00e9se.<\/li>\n<li>A gy\u00f3gyszer sorsa a szervezetben, LADME modell.<\/li>\n<li>A gy\u00f3gyszerforma mint a hat\u00f3anyag hordoz\u00f3ja, biofarm\u00e1ciai \u00e9s farmakokinetikai alapjai.<\/li>\n<li>Gy\u00f3gyszeradagol\u00e1si form\u00e1k \u00e9s alkalmaz\u00e1si m\u00f3dok.<\/li>\n<li>Bev\u00e9telre sz\u00e1nt gy\u00f3gyszerk\u00e9sz\u00edtm\u00e9nyek.<\/li>\n<li>Inhal\u00e1ci\u00f3s gy\u00f3gyszerk\u00e9sz\u00edtm\u00e9nyek.<\/li>\n<li>Parenter\u00e1lis alkalmaz\u00e1s.<\/li>\n<li>Topik\u00e1lis alkalmaz\u00e1s.<\/li>\n<li>Sz\u00e1jny\u00e1lkah\u00e1rty\u00e1n alkalmazott gy\u00f3gyszerk\u00e9sz\u00edtm\u00e9nyek.<\/li>\n<li>Orr\u00fcregben alkalmazott\/naz\u00e1lis gy\u00f3gyszerk\u00e9sz\u00edtm\u00e9nyek.<\/li>\n<li>Szem\u00e9szeti gy\u00f3gyszerk\u00e9sz\u00edtm\u00e9nyek.<\/li>\n<li>F\u00fcl\u00e9szeti gy\u00f3gyszerk\u00e9sz\u00edtm\u00e9nyek.<\/li>\n<li>B\u0151rfel\u00fcletre sz\u00e1nt gy\u00f3gyszerk\u00e9sz\u00edtm\u00e9nyek. B\u0151r\u00f6n kereszt\u00fcl hat\u00f3 (transzderm\u00e1lis) tapaszok.<\/li>\n<li>Rekt\u00e1lis \u00e9s egy\u00e9b alkalmaz\u00e1s.<\/li>\n<\/ol>\n","protected":false},"excerpt":{"rendered":"<p>A t\u00e1rgy oktat\u00e1s\u00e1nak c\u00e9lja, hogy a hallgat\u00f3 elsaj\u00e1t\u00edtsa a gy\u00f3gyszer adagol\u00e1si form\u00e1k jelent\u0151s\u00e9g\u00e9t, legfontosabb tulajdons\u00e1gait, t\u00f6rt\u00e9net\u00e9t, illetve alkalmaz\u00e1suknak fiziol\u00f3gi\u00e1s vonatkoz\u00e1sait. \u00c1ttekinti a gy\u00f3gyszer szervezetbe juttat\u00e1s\u00e1nak lehet\u0151s\u00e9geit, a gy\u00f3gyszer beviteli kapu fiziol\u00f3gi\u00e1s jellemz\u0151it \u00e9s abb\u00f3l k\u00f6vetkez\u0151en a gy\u00f3gyszerform\u00e1kra vonatkoz\u00f3 min\u0151s\u00e9gi k\u00f6vetelm\u00e9nyeket. Alapvet\u0151 ismereteket ad a gy\u00f3gyszerforma \u00e9s a hat\u00f3anyag szervezetbeni \u00fatj\u00e1nak \u00f6sszef\u00fcgg\u00e9seir\u0151l. Elm\u00e9leti \u00e9s gyakorlati \u00f3r\u00e1k &hellip;<\/p>\n","protected":false},"author":114,"featured_media":0,"parent":7,"menu_order":5,"comment_status":"closed","ping_status":"closed","template":"","meta":{"_acf_changed":false,"footnotes":""},"categories":[],"tags":[],"class_list":["post-1376","page","type-page","status-publish","hentry"],"acf":[],"_links":{"self":[{"href":"https:\/\/semmelweis.hu\/gyogyszereszeti-intezet\/wp-json\/wp\/v2\/pages\/1376","targetHints":{"allow":["GET"]}}],"collection":[{"href":"https:\/\/semmelweis.hu\/gyogyszereszeti-intezet\/wp-json\/wp\/v2\/pages"}],"about":[{"href":"https:\/\/semmelweis.hu\/gyogyszereszeti-intezet\/wp-json\/wp\/v2\/types\/page"}],"author":[{"embeddable":true,"href":"https:\/\/semmelweis.hu\/gyogyszereszeti-intezet\/wp-json\/wp\/v2\/users\/114"}],"replies":[{"embeddable":true,"href":"https:\/\/semmelweis.hu\/gyogyszereszeti-intezet\/wp-json\/wp\/v2\/comments?post=1376"}],"version-history":[{"count":3,"href":"https:\/\/semmelweis.hu\/gyogyszereszeti-intezet\/wp-json\/wp\/v2\/pages\/1376\/revisions"}],"predecessor-version":[{"id":1519,"href":"https:\/\/semmelweis.hu\/gyogyszereszeti-intezet\/wp-json\/wp\/v2\/pages\/1376\/revisions\/1519"}],"up":[{"embeddable":true,"href":"https:\/\/semmelweis.hu\/gyogyszereszeti-intezet\/wp-json\/wp\/v2\/pages\/7"}],"wp:attachment":[{"href":"https:\/\/semmelweis.hu\/gyogyszereszeti-intezet\/wp-json\/wp\/v2\/media?parent=1376"}],"wp:term":[{"taxonomy":"category","embeddable":true,"href":"https:\/\/semmelweis.hu\/gyogyszereszeti-intezet\/wp-json\/wp\/v2\/categories?post=1376"},{"taxonomy":"post_tag","embeddable":true,"href":"https:\/\/semmelweis.hu\/gyogyszereszeti-intezet\/wp-json\/wp\/v2\/tags?post=1376"}],"curies":[{"name":"wp","href":"https:\/\/api.w.org\/{rel}","templated":true}]}}