{"id":1307,"date":"2020-09-23T15:03:50","date_gmt":"2020-09-23T13:03:50","guid":{"rendered":"https:\/\/semmelweis.hu\/gyogyszereszeti-intezet\/?page_id=1307"},"modified":"2022-10-25T11:41:10","modified_gmt":"2022-10-25T09:41:10","slug":"kolloidika","status":"publish","type":"page","link":"https:\/\/semmelweis.hu\/gyogyszereszeti-intezet\/oktatas\/kolloidika\/","title":{"rendered":"Kolloidika"},"content":{"rendered":"<p style=\"text-align: justify\" align=\"justify\">Az el\u0151ad\u00e1sok keret\u00e9ben a gy\u00f3gyszer\u00e9szhallgat\u00f3k megismerik a nanom\u00e9ter m\u00e9rettartom\u00e1ny\u00fa kolloid r\u00e9szecsk\u00e9k (makromolekul\u00e1k, micell\u00e1k \u00e9s mikrof\u00e1zisok) alapvet\u0151 fizikai \u00e9s k\u00e9miai tulajdons\u00e1gait, jellemz\u0151 (intermolekul\u00e1ris \u00e9s interpartikul\u00e1ris) k\u00f6lcs\u00f6nhat\u00e1sait, valamint az egyszer\u0171 \u00e9s \u00f6sszetett kolloid rendszerek stabilit\u00e1s\u00e1t \u00e9s szerkezet\u00e9t befoly\u00e1sol\u00f3 t\u00e9nyez\u0151ket.<\/p>\n<p><b>Elm\u00e9leti \u00f3r\u00e1k tematik\u00e1ja:<\/b><\/p>\n<ol>\n<li>\n<p>h\u00e9t: <i>Homog\u00e9n, heterog\u00e9n \u00e9s kolloid rendszerek: <\/i>Kolloid rendszerek oszt\u00e1lyoz\u00e1sa<i> <\/i>(liof\u00f3b, liofil), Intermolekul\u00e1ris \u00e9s interpartikul\u00e1ris (elektrosztatikus \u00e9s szt\u00e9rikus) k\u00f6lcs\u00f6nhat\u00e1sok. Kolloid diszperz \u00e9s kohez\u00edv rendszerek.<\/p>\n<\/li>\n<li>\n<p>h\u00e9t: <i>Makromolekul\u00e1s kolloidok:<\/i> Term\u00e9szetes eredet\u0171 \u00e9s szintetikus makromolekul\u00e1s vegy\u00fcletek. Makromolekul\u00e1k old\u00f3d\u00e1sa, oldatok k\u00e9pz\u0151d\u00e9s\u00e9nek termodinamikai alapjai, polimer molekulat\u00f6meg meghat\u00e1roz\u00e1s, makromolekula m\u00e9ret \u00e9s alak szerepe, gy\u00f3gyszer\u00e9szeti relevanci\u00e1ja. Oldott makromolekul\u00e1k jellemz\u00e9se, k\u00f6lcs\u00f6nhat\u00e1sai. Polieletrolitok. Felhaszn\u00e1l\u00e1suk gy\u00f3gyszer\u00e9szeti szempontb\u00f3l<\/p>\n<\/li>\n<li>\n<p>h\u00e9t: <i>Asszoci\u00e1ci\u00f3s kolloidok: <\/i>amfifil vegy\u00fcletek molekulaszerkezete \u00e9s t\u00edpusai. A micellak\u00e9pz\u0151d\u00e9s egyens\u00falya \u00e9s termodinamikai felt\u00e9telei. Tenzidoldatok fizikai-k\u00e9miai tulajdons\u00e1gai. Szolubiliz\u00e1ci\u00f3. \u00d6nszervez\u0151d\u0151 rendszerek (nagymicell\u00e1k, vezikulumok) tulajdons\u00e1gai.<\/p>\n<\/li>\n<li>\n<p>h\u00e9t: <i>Hat\u00e1rfel\u00fcletek jellemz\u00e9se<\/i>: Hat\u00e1rr\u00e9tegek \u00f6sszet\u00e9tele. Intermolekul\u00e1ris er\u0151k, hat\u00e1rfel\u00fcleti (t\u00f6bblet) energia. Termodinamikai instabilit\u00e1s. Langmuir Blodgett technika napjainkban. Kapillarit\u00e1s. Kondenz\u00e1lt f\u00e1zisok \u00e9rintkez\u00e9sekor fell\u00e9p\u0151 nedvesed\u00e9si jelens\u00e9gek.<\/p>\n<\/li>\n<li>\n<p>h\u00e9t: <i>Adszorpci\u00f3:<\/i> Adszorpci\u00f3s folyamatok energiav\u00e1ltoz\u00e1sai, termodinamikai hajt\u00f3er\u0151, adszorpci\u00f3s entalpi\u00e1k. Fel\u00fcleti t\u00f6bbletek, adszorbe\u00e1lt mennyis\u00e9g. Adszorbensek jellemz\u00e9se, szerkezetvizsg\u00e1lata, gy\u00f3gy\u00e1szati felhaszn\u00e1l\u00e1sa.<\/p>\n<\/li>\n<li>\n<p>h\u00e9t: <i>Hat\u00e1rfel\u00fcletek elektromos tulajdons\u00e1gai<\/i>. Az elektromos kett\u0151sr\u00e9teg szerkezete, potenci\u00e1lja. Elektrokinetikai jelens\u00e9gek. Zeta potenci\u00e1l szerepe a gy\u00f3gyszer\u00e9szeti alkalmaz\u00e1sokban<\/p>\n<\/li>\n<li>\n<p>h\u00e9t: <i>Kolloid \u00e9s durva diszperzi\u00f3k: Kinetikai \u00e1lland\u00f3s\u00e1g \u00e9s r\u00e9szecskeaggreg\u00e1ci\u00f3<\/i>. Diszperzi\u00f3k el\u0151\u00e1ll\u00edt\u00e1sa kondenz\u00e1l\u00e1ssal. A diszperzit\u00e1sfok szab\u00e1lyoz\u00e1sa. Durva diszperzi\u00f3k el\u0151\u00e1ll\u00edt\u00e1sa diszperg\u00e1l\u00e1ssal. A szt\u00e9rikus stabiliz\u00e1l\u00e1s mechanizmusa. Flokkul\u00e1ltat\u00e1s elektrolitokkal.<\/p>\n<\/li>\n<li>\n<p>h\u00e9t: <i>Kolloid r\u00e9szecsk\u00e9k nagys\u00e1g\u00e1nak \u00e9s alakj\u00e1nak meghat\u00e1roz\u00e1si elvei<\/i>: diff\u00fazi\u00f3, szediment\u00e1ci\u00f3. A szemcsem\u00e9ret- eloszl\u00e1s befoly\u00e1sa a gy\u00f3gyszerform\u00e1k hat\u00e9konys\u00e1g\u00e1ra. DLS (dinamikus f\u00e9nysz\u00f3r\u00e1s m\u00e9r\u00e9s), NTA (nanotracking analysis), DSC (differential centrifugal sedimentation)<\/p>\n<\/li>\n<li>\n<p>\u00a0h\u00e9t:<i> Makromolekul\u00e1k<\/i>. Makromolekul\u00e1s, feh\u00e9rj\u00e9k. Konkr\u00e9t felhaszn\u00e1l\u00e1suk gy\u00f3gyszer\u00e9szeti szempontb\u00f3l, sz\u00e1m\u00edt\u00f3g\u00e9pes modellez\u00e9s.<b> <\/b><\/p>\n<\/li>\n<li>\n<p>h\u00e9t: <i>Emulzi\u00f3k, mikroemulzi\u00f3k<\/i>. Stabilit\u00e1s, az eloszl\u00e1si \u00e9s koaleszcencia\u00e1lland\u00f3s\u00e1g szab\u00e1lyoz\u00e1sa. Emulzi\u00f3k \u00e9s kr\u00e9mek stabiliz\u00e1l\u00e1s\u00e1nak t\u00f6rv\u00e9nyszer\u0171s\u00e9gei<b>. <\/b><\/p>\n<\/li>\n<li>\n<p>h\u00e9t: <i>Szuszpenzi\u00f3k <\/i>tulajdons\u00e1gai,adh\u00e9zi\u00f3ser\u0151k.Szuszpenzi\u00f3kstabilit\u00e1sa.<\/p>\n<\/li>\n<li>\n<p>Aeroszolok, g\u00e1zdiszperzi\u00f3k \u00e9s habok tulajdons\u00e1gai, vizsg\u00e1lata.<\/p>\n<\/li>\n<li>\n<p>h\u00e9t: <i>Kolloid rendszerek reol\u00f3gi\u00e1ja: <\/i>Reol\u00f3giai alapf\u00fcggv\u00e9nyek. A reol\u00f3giai tulajdons\u00e1gok kapcsolata a szerkezettel: ide\u00e1lisan rugalmas, viszk\u00f3zus \u00e9s plasztikus anyagok. Kolloid rendszerek foly\u00e1sg\u00f6rb\u00e9i. Emulzi\u00f3k, szuszpenzi\u00f3k, kr\u00e9mek, g\u00e9lek, ken\u0151cs\u00f6k reol\u00f3giai saj\u00e1ts\u00e1gai. Viszkozit\u00e1s \u00e9s foly\u00e1shat\u00e1r meghat\u00e1roz\u00e1sa \u00e9s szab\u00e1lyoz\u00e1sa.<\/p>\n<\/li>\n<li>\n<p>h\u00e9t:.<i>A kolloidika jelent\u0151s\u00e9ge a kutat\u00e1sban<\/i>: aktu\u00e1lis kutat\u00e1si ir\u00e1nyok, vizsg\u00e1latok gy\u00f3gyszer\u00e9szeti alkalmaz\u00e1sa a modern kutat\u00e1sokban.<\/p>\n<\/li>\n<\/ol>\n<div>\u00a0<\/div>\n<p align=\"justify\">\u00a0<\/p>\n","protected":false},"excerpt":{"rendered":"<p>Az el\u0151ad\u00e1sok keret\u00e9ben a gy\u00f3gyszer\u00e9szhallgat\u00f3k megismerik a nanom\u00e9ter m\u00e9rettartom\u00e1ny\u00fa kolloid r\u00e9szecsk\u00e9k (makromolekul\u00e1k, micell\u00e1k \u00e9s mikrof\u00e1zisok) alapvet\u0151 fizikai \u00e9s k\u00e9miai tulajdons\u00e1gait, jellemz\u0151 (intermolekul\u00e1ris \u00e9s interpartikul\u00e1ris) k\u00f6lcs\u00f6nhat\u00e1sait, valamint az egyszer\u0171 \u00e9s \u00f6sszetett kolloid rendszerek stabilit\u00e1s\u00e1t \u00e9s szerkezet\u00e9t befoly\u00e1sol\u00f3 t\u00e9nyez\u0151ket. Elm\u00e9leti \u00f3r\u00e1k tematik\u00e1ja: h\u00e9t: Homog\u00e9n, heterog\u00e9n \u00e9s kolloid rendszerek: Kolloid rendszerek oszt\u00e1lyoz\u00e1sa (liof\u00f3b, liofil), Intermolekul\u00e1ris \u00e9s interpartikul\u00e1ris (elektrosztatikus &hellip;<\/p>\n","protected":false},"author":114,"featured_media":0,"parent":7,"menu_order":4,"comment_status":"closed","ping_status":"closed","template":"","meta":{"_acf_changed":false,"footnotes":""},"categories":[],"tags":[],"class_list":["post-1307","page","type-page","status-publish","hentry"],"acf":[],"_links":{"self":[{"href":"https:\/\/semmelweis.hu\/gyogyszereszeti-intezet\/wp-json\/wp\/v2\/pages\/1307","targetHints":{"allow":["GET"]}}],"collection":[{"href":"https:\/\/semmelweis.hu\/gyogyszereszeti-intezet\/wp-json\/wp\/v2\/pages"}],"about":[{"href":"https:\/\/semmelweis.hu\/gyogyszereszeti-intezet\/wp-json\/wp\/v2\/types\/page"}],"author":[{"embeddable":true,"href":"https:\/\/semmelweis.hu\/gyogyszereszeti-intezet\/wp-json\/wp\/v2\/users\/114"}],"replies":[{"embeddable":true,"href":"https:\/\/semmelweis.hu\/gyogyszereszeti-intezet\/wp-json\/wp\/v2\/comments?post=1307"}],"version-history":[{"count":3,"href":"https:\/\/semmelweis.hu\/gyogyszereszeti-intezet\/wp-json\/wp\/v2\/pages\/1307\/revisions"}],"predecessor-version":[{"id":1428,"href":"https:\/\/semmelweis.hu\/gyogyszereszeti-intezet\/wp-json\/wp\/v2\/pages\/1307\/revisions\/1428"}],"up":[{"embeddable":true,"href":"https:\/\/semmelweis.hu\/gyogyszereszeti-intezet\/wp-json\/wp\/v2\/pages\/7"}],"wp:attachment":[{"href":"https:\/\/semmelweis.hu\/gyogyszereszeti-intezet\/wp-json\/wp\/v2\/media?parent=1307"}],"wp:term":[{"taxonomy":"category","embeddable":true,"href":"https:\/\/semmelweis.hu\/gyogyszereszeti-intezet\/wp-json\/wp\/v2\/categories?post=1307"},{"taxonomy":"post_tag","embeddable":true,"href":"https:\/\/semmelweis.hu\/gyogyszereszeti-intezet\/wp-json\/wp\/v2\/tags?post=1307"}],"curies":[{"name":"wp","href":"https:\/\/api.w.org\/{rel}","templated":true}]}}