{"id":13,"date":"2012-06-19T06:55:37","date_gmt":"2012-06-19T06:55:37","guid":{"rendered":"http:\/\/semmelweis-egyetem.hu\/gyogyszereszeti-intezet\/?page_id=13"},"modified":"2023-05-16T11:12:21","modified_gmt":"2023-05-16T09:12:21","slug":"elerhetoseg","status":"publish","type":"page","link":"https:\/\/semmelweis.hu\/gyogyszereszeti-intezet\/elerhetoseg\/","title":{"rendered":"El\u00e9rhet\u0151s\u00e9g"},"content":{"rendered":"<p><b>Prof. Dr. Antal Istv\u00e1n<\/b><br \/>\nint\u00e9zetigazgat\u00f3<\/p>\n<p>C\u00edm: 1092 H\u0151gyes Endre u. 7.<br \/>\nTelefon\/ Fax: 217-0914<br \/>\ne-mail: gyogyszereszeti.titkarsag@semmelweis.hu<\/p>\n\n<!-- iframe plugin v.4.9 wordpress.org\/plugins\/iframe\/ -->\n<iframe loading=\"lazy\" src=\"https:\/\/www.google.com\/maps\/embed?pb=!1m18!1m12!1m3!1d2696.2465905186855!2d19.065726515626334!3d47.485109379176734!2m3!1f0!2f0!3f0!3m2!1i1024!2i768!4f13.1!3m3!1m2!1s0x4741dc579c2a28c3%3A0x7b79b34d0f9dd7b5!2sBudapest%2C+H%C5%91gyes+Endre+u.+7%2C+1092!5e0!3m2!1shu!2shu!4v1562224408231!5m2!1shu!2shu\" width=\"100%\" height=\"350\" scrolling=\"yes\" class=\"iframe-class\" frameborder=\"0\"><\/iframe>\n\n","protected":false},"excerpt":{"rendered":"<p>Prof. Dr. Antal Istv\u00e1n<br \/>\nint\u00e9zetigazgat\u00f3<br \/>\nC\u00edm: 1092 H\u0151gyes Endre u. 7.<br \/>\nTelefon\/ Fax: 217-0914<br \/>\ne-mail: gyogyszereszeti.titkarsag@semmelweis.hu<\/p>\n","protected":false},"author":8,"featured_media":0,"parent":0,"menu_order":5,"comment_status":"closed","ping_status":"closed","template":"","meta":{"_acf_changed":false,"footnotes":""},"categories":[],"tags":[],"class_list":["post-13","page","type-page","status-publish","hentry"],"acf":[],"_links":{"self":[{"href":"https:\/\/semmelweis.hu\/gyogyszereszeti-intezet\/wp-json\/wp\/v2\/pages\/13","targetHints":{"allow":["GET"]}}],"collection":[{"href":"https:\/\/semmelweis.hu\/gyogyszereszeti-intezet\/wp-json\/wp\/v2\/pages"}],"about":[{"href":"https:\/\/semmelweis.hu\/gyogyszereszeti-intezet\/wp-json\/wp\/v2\/types\/page"}],"author":[{"embeddable":true,"href":"https:\/\/semmelweis.hu\/gyogyszereszeti-intezet\/wp-json\/wp\/v2\/users\/8"}],"replies":[{"embeddable":true,"href":"https:\/\/semmelweis.hu\/gyogyszereszeti-intezet\/wp-json\/wp\/v2\/comments?post=13"}],"version-history":[{"count":10,"href":"https:\/\/semmelweis.hu\/gyogyszereszeti-intezet\/wp-json\/wp\/v2\/pages\/13\/revisions"}],"predecessor-version":[{"id":1575,"href":"https:\/\/semmelweis.hu\/gyogyszereszeti-intezet\/wp-json\/wp\/v2\/pages\/13\/revisions\/1575"}],"wp:attachment":[{"href":"https:\/\/semmelweis.hu\/gyogyszereszeti-intezet\/wp-json\/wp\/v2\/media?parent=13"}],"wp:term":[{"taxonomy":"category","embeddable":true,"href":"https:\/\/semmelweis.hu\/gyogyszereszeti-intezet\/wp-json\/wp\/v2\/categories?post=13"},{"taxonomy":"post_tag","embeddable":true,"href":"https:\/\/semmelweis.hu\/gyogyszereszeti-intezet\/wp-json\/wp\/v2\/tags?post=13"}],"curies":[{"name":"wp","href":"https:\/\/api.w.org\/{rel}","templated":true}]}}