{"id":1267,"date":"2020-05-19T16:53:13","date_gmt":"2020-05-19T14:53:13","guid":{"rendered":"https:\/\/semmelweis.hu\/gyogyszereszeti-intezet\/?page_id=1267"},"modified":"2020-10-26T08:43:14","modified_gmt":"2020-10-26T07:43:14","slug":"pruefung-im-fernstudium","status":"publish","type":"page","link":"https:\/\/semmelweis.hu\/gyogyszereszeti-intezet\/de\/fernunterricht\/pruefung-im-fernstudium\/","title":{"rendered":"Pr\u00fcfung im Fernstudium"},"content":{"rendered":"<h1 class=\"western\" align=\"center\"><span style=\"font-family: Times New Roman, serif;\"><b>Informationen zum II. Semester 2019\/2020 Studienjahr im Zusammenhang mit der Pr\u00fcfung im Fernstudium<\/b><\/span><\/h1>\n<p class=\"western\" align=\"justify\"><span style=\"font-family: Times New Roman, serif\"><span style=\"font-size: medium\">Die Fernpr\u00fcfung wird gem\u00e4\u00df der Rektoratsverordnung <\/span><\/span><strong><span style=\"font-family: Times New Roman, serif\"><span style=\"font-size: medium\">R\/5\/2020. (IV.23.) <\/span><\/span><\/strong><strong><span style=\"font-family: Times New Roman, serif\"><span style=\"font-size: medium\">abgewickelt.<\/span><\/span><\/strong> <strong><span style=\"font-family: Times New Roman, serif\"><span style=\"font-size: medium\">(<\/span><\/span><\/strong><span style=\"color: #0000ff\"><u><a href=\"https:\/\/semmelweis.hu\/jogigfoig\/2020\/04\/23\/r-5-2020-iv-23-szamu-rektori-utasitas-a-tavvizsgazas-szervezesevel-es-lebonyolitasaval-kapcsolatos-egyes-atmeneti-rendelkezesekrol\/\"><span style=\"font-family: Times New Roman, serif\"><span style=\"font-size: medium\">https:\/\/semmelweis.hu\/jogigfoig\/2020\/04\/23\/r-5-2020-iv-23-szamu-rektori-utasitas-a-tavvizsgazas-szervezesevel-es-lebonyolitasaval-kapcsolatos-egyes-atmeneti-rendelkezesekrol\/<\/span><\/span><\/a><\/u><\/span><strong><span style=\"font-family: Times New Roman, serif\"><span style=\"font-size: medium\">).<\/span><\/span><\/strong><\/p>\n<p class=\"western\" align=\"justify\"><span style=\"font-family: Times New Roman, serif\"><span style=\"font-size: medium\">F\u00fcr die Pr\u00fcfung kann sich der Student\/die Studentin in Moodle auf Zoom-Meeting anmelden oder erhaltet er\/sie einen Einladungslink.<\/span><\/span><\/p>\n<p class=\"western\" align=\"justify\"><span style=\"font-family: Times New Roman, serif\"><span style=\"font-size: medium\">(4) Der Studierende ist verpflichtet, w\u00e4hrend der ganzen Zeit der Pr\u00fcfung Live-Bilder in Echtzeit \u00fcber sich anzugeben, wo die Person des Pr\u00fcflings f\u00fcr Pr\u00fcfungskommission eindeutig zu erkennen, H\u00e4nde und Oberk\u00f6rper st\u00e4ndig zu sehen sind.<\/span><\/span><\/p>\n<p class=\"western\" align=\"justify\"><span style=\"font-family: Times New Roman, serif\"><span style=\"font-size: medium\">(5) Der Pr\u00fcfling gibt vor Beginn der Pr\u00fcfung eine Erkl\u00e4rung ab, dass er die gegenw\u00e4rtige Regelung des Fernpr\u00fcfungssystems kennt und akzeptiert. Weiterhin akzeptiert er, dass die Pr\u00fcfung \u00fcber eine bestimmte elektronischen Fl\u00e4che l\u00e4uft, \u00fcber deren Funktion er sich im Klaren ist.<\/span><\/span><\/p>\n<p class=\"western\" align=\"justify\"><span style=\"font-family: Times New Roman, serif\"><span style=\"font-size: medium\"><b>Versicherung der Validit\u00e4t der Pr\u00fcfung<\/b><\/span><\/span><\/p>\n<p class=\"western\" align=\"justify\"><span style=\"font-family: Times New Roman, serif\"><span style=\"font-size: medium\">(1) W\u00e4hrend Fernpr\u00fcfung sind vom Pr\u00fcfling neben Erl\u00e4uterung der ausgezogenen Pr\u00fcfungsfrage 10 vom Pr\u00fcfer gestellten Fragen sofort zu beantworten.<\/span><\/span><\/p>\n<p class=\"western\" align=\"justify\"><span style=\"font-family: Times New Roman, serif\"><span style=\"font-size: medium\"><u>Das Pr\u00fcfungsthema aus dem Fragenkatalog wird in elektronischer Form ausgezogen.<\/u><\/span><\/span><\/p>\n<p class=\"western\" align=\"justify\"><span style=\"font-family: Times New Roman, serif\"><span style=\"font-size: medium\">Es ist keine Vorbereitungszeit f\u00fcr die Ausarbeitung des Themas vorgesehen, aber der Pr\u00fcfer hilft dem Pr\u00fcfling mit Fragen.<\/span><\/span><\/p>\n<p class=\"western\" align=\"justify\"><span style=\"font-family: Times New Roman, serif\"><span style=\"font-size: medium\"><u>Arten von 10 Fragen:<\/u><\/span><\/span><\/p>\n<p class=\"western\" align=\"justify\"><span style=\"font-family: Times New Roman, serif\"><span style=\"font-size: medium\">1. Bedeutung, Typen und Anwendung des pharmazeutischen Verfahrens?<\/span><\/span><\/p>\n<p class=\"western\" align=\"justify\"><span style=\"font-family: Times New Roman, serif\"><span style=\"font-size: medium\">2. Theoretische Zusammenh\u00e4nge des pharmazeutischen Technologieprozesses?<\/span><\/span><\/p>\n<p class=\"western\" align=\"justify\"><span style=\"font-family: Times New Roman, serif\"><span style=\"font-size: medium\">3. Bedeutung, Verabreichung und Typen der Arzneiform?<\/span><\/span><\/p>\n<p class=\"western\" align=\"justify\"><span style=\"font-family: Times New Roman, serif\"><span style=\"font-size: medium\">4. Methoden zur Herstellung der Arzneiform?<\/span><\/span><\/p>\n<p class=\"western\" align=\"justify\"><span style=\"font-family: Times New Roman, serif\"><span style=\"font-size: medium\">5. Eigenschaften der Arzneiform und ihre Untersuchungsmethoden?<\/span><\/span><\/p>\n<p class=\"western\" align=\"justify\"><span style=\"font-family: Times New Roman, serif\"><span style=\"font-size: medium\">6. H\u00e4ufige Hilfsstoffe in der Formulierung?<\/span><\/span><\/p>\n<p class=\"western\" align=\"justify\"><span style=\"font-family: Times New Roman, serif\"><span style=\"font-size: medium\">7. Aspekte der Herstellung der Rezeptur und\/oder Aspekte der Hilfsstoffe?<\/span><\/span><\/p>\n<p class=\"western\" align=\"justify\"><span style=\"font-family: Times New Roman, serif\"><span style=\"font-size: medium\">8. Bedingungen f\u00fcr die Verwendung der Darreichungsform, besondere Warnhinweise?<\/span><\/span><\/p>\n<p class=\"western\" align=\"justify\"><span style=\"font-family: Times New Roman, serif\"><span style=\"font-size: medium\">9. Verwendung des Hilfsstoffs in der pharmazeutischen Technologie?<\/span><\/span><\/p>\n<p class=\"western\" align=\"justify\"><span style=\"font-family: Times New Roman, serif\"><span style=\"font-size: medium\">10. Eigenschaften des pharmazeutischen Hilfsstoffs?<\/span><\/span><\/p>\n","protected":false},"excerpt":{"rendered":"<p>Informationen zum II. Semester 2019\/2020 Studienjahr im Zusammenhang mit der Pr\u00fcfung im Fernstudium Die Fernpr\u00fcfung wird gem\u00e4\u00df der Rektoratsverordnung R\/5\/2020. (IV.23.) abgewickelt. ( <a href=\"https:\/\/semmelweis.hu\/jogigfoig\/2020\/04\/23\/r-5-2020-iv-23-szamu-rektori-utasitas-a-tavvizsgazas-szervezesevel-es-lebonyolitasaval-kapcsolatos-egyes-atmeneti-rendelkezesekrol\/\">https:\/\/semmelweis.hu\/jogigfoig\/2020\/04\/23\/r-5-2020-iv-23-szamu-rektori-utasitas-a-tavvizsgazas-szervezesevel-es-lebonyolitasaval-kapcsolatos-egyes-atmeneti-rendelkezesekrol\/<\/a> ). F\u00fcr die Pr\u00fcfung kann sich der Student\/die Studentin in Moodle auf Zoom-Meeting anmelden oder erhaltet er\/sie einen Einladungslink. (4) Der Studierende ist verpflichtet, w\u00e4hrend der ganzen Zeit der Pr\u00fcfung Live-Bilder in &hellip;<\/p>\n","protected":false},"author":114,"featured_media":0,"parent":1147,"menu_order":2,"comment_status":"closed","ping_status":"closed","template":"","meta":{"_acf_changed":false,"footnotes":""},"categories":[],"tags":[],"class_list":["post-1267","page","type-page","status-publish","hentry"],"acf":[],"_links":{"self":[{"href":"https:\/\/semmelweis.hu\/gyogyszereszeti-intezet\/wp-json\/wp\/v2\/pages\/1267","targetHints":{"allow":["GET"]}}],"collection":[{"href":"https:\/\/semmelweis.hu\/gyogyszereszeti-intezet\/wp-json\/wp\/v2\/pages"}],"about":[{"href":"https:\/\/semmelweis.hu\/gyogyszereszeti-intezet\/wp-json\/wp\/v2\/types\/page"}],"author":[{"embeddable":true,"href":"https:\/\/semmelweis.hu\/gyogyszereszeti-intezet\/wp-json\/wp\/v2\/users\/114"}],"replies":[{"embeddable":true,"href":"https:\/\/semmelweis.hu\/gyogyszereszeti-intezet\/wp-json\/wp\/v2\/comments?post=1267"}],"version-history":[{"count":3,"href":"https:\/\/semmelweis.hu\/gyogyszereszeti-intezet\/wp-json\/wp\/v2\/pages\/1267\/revisions"}],"predecessor-version":[{"id":1343,"href":"https:\/\/semmelweis.hu\/gyogyszereszeti-intezet\/wp-json\/wp\/v2\/pages\/1267\/revisions\/1343"}],"up":[{"embeddable":true,"href":"https:\/\/semmelweis.hu\/gyogyszereszeti-intezet\/wp-json\/wp\/v2\/pages\/1147"}],"wp:attachment":[{"href":"https:\/\/semmelweis.hu\/gyogyszereszeti-intezet\/wp-json\/wp\/v2\/media?parent=1267"}],"wp:term":[{"taxonomy":"category","embeddable":true,"href":"https:\/\/semmelweis.hu\/gyogyszereszeti-intezet\/wp-json\/wp\/v2\/categories?post=1267"},{"taxonomy":"post_tag","embeddable":true,"href":"https:\/\/semmelweis.hu\/gyogyszereszeti-intezet\/wp-json\/wp\/v2\/tags?post=1267"}],"curies":[{"name":"wp","href":"https:\/\/api.w.org\/{rel}","templated":true}]}}