{"id":1245,"date":"2020-05-19T13:20:03","date_gmt":"2020-05-19T11:20:03","guid":{"rendered":"https:\/\/semmelweis.hu\/gyogyszereszeti-intezet\/?page_id=1245"},"modified":"2020-05-19T13:22:16","modified_gmt":"2020-05-19T11:22:16","slug":"vizsga-tavoktatasban","status":"publish","type":"page","link":"https:\/\/semmelweis.hu\/gyogyszereszeti-intezet\/tavoktatas\/vizsga-tavoktatasban\/","title":{"rendered":"VIZSGA T\u00c1VOKTAT\u00c1SBAN"},"content":{"rendered":"<div class=\"responsive-tabs\">\n<h2 class=\"tabtitle\">III. \u00e9vfolyam<\/h2>\n<div class=\"tabcontent\">\n\n<p class=\"western\">A t\u00e1vvizsg\u00e1z\u00e1s a <b>R\/5\/2020. (IV.23.) sz\u00e1m\u00fa REKTORI UTAS\u00cdT\u00c1S <\/b>szerint t\u00f6rt\u00e9nik (<a href=\"https:\/\/semmelweis.hu\/jogigfoig\/2020\/04\/23\/r-5-2020-iv-23-szamu-rektori-utasitas-a-tavvizsgazas-szervezesevel-es-lebonyolitasaval-kapcsolatos-egyes-atmeneti-rendelkezesekrol\/\">https:\/\/semmelweis.hu\/jogigfoig\/2020\/04\/23\/r-5-2020-iv-23-szamu-rektori-utasitas-a-tavvizsgazas-szervezesevel-es-lebonyolitasaval-kapcsolatos-egyes-atmeneti-rendelkezesekrol\/<\/a>).<\/p>\n<p class=\"western\">A vizsg\u00e1ra a hallgat\u00f3 a Moodle rendszerben tud bejelentkezni a Zoom-tal\u00e1lkoz\u00f3ra, illetve megh\u00edv\u00f3t kap.<\/p>\n<p align=\"justify\">(4) A vizsg\u00e1z\u00f3 k\u00f6teles a vizsga eg\u00e9sz id\u0151tartama alatt val\u00f3s idej\u0171, \u00e9l\u0151 k\u00e9pet k\u00f6zvet\u00edteni mag\u00e1r\u00f3l, melyen a vizsg\u00e1z\u00f3 szem\u00e9lye egy\u00e9rtelm\u0171en felismerhet\u0151 \u00fagy, hogy a keze, valamint a fels\u0151teste folyamatosan l\u00e1that\u00f3 legyen a vizsg\u00e1ztat\u00f3 sz\u00e1m\u00e1ra.<\/p>\n<p align=\"justify\">(5) A vizsg\u00e1z\u00f3 a vizsga megkezd\u00e9se el\u0151tt nyilatkozatot tesz arr\u00f3l, hogy ismeri \u00e9s elfogadja a t\u00e1vvizsg\u00e1ztat\u00e1s jelen szab\u00e1lyoz\u00e1s\u00e1t, tov\u00e1bb\u00e1 elfogadja, hogy egy adott elektronikus fel\u00fcleten t\u00f6rt\u00e9nik a vizsg\u00e1ztat\u00e1s, amelynek m\u0171k\u00f6d\u00e9s\u00e9vel tiszt\u00e1ban van.<\/p>\n<p><b>A vizsga validit\u00e1s\u00e1nak biztos\u00edt\u00e1sa<\/b><\/p>\n<p align=\"justify\">(1) A t\u00e1vvizsga sor\u00e1n a kih\u00fazott t\u00e9tel ismertet\u00e9se mellett az oktat\u00f3 10, azonnal megv\u00e1laszoland\u00f3 k\u00e9rd\u00e9st tesz fel a hallgat\u00f3 sz\u00e1m\u00e1ra.<\/p>\n<p><u>A t\u00e1vvizsga sor\u00e1n a t\u00e9telh\u00faz\u00e1s elektronikus form\u00e1ban t\u00f6rt\u00e9nik.<\/u><\/p>\n<p>A t\u00e9tel kih\u00faz\u00e1s\u00e1t k\u00f6vet\u0151en felk\u00e9sz\u00fcl\u00e9si id\u0151 nincs, azonban a vizsg\u00e1ztat\u00f3 k\u00e9rd\u00e9sekkel seg\u00edti a hallgat\u00f3t.<\/p>\n<p class=\"western\"><u>A 10 k\u00e9rd\u00e9s t\u00edpusai:<\/u><\/p>\n<ol>\n<li>\n<p>Mit tud az adott t\u00e9telhez kapcsol\u00f3d\u00f3 gy\u00f3gyszertechnol\u00f3giai alapm\u0171veletr\u0151l ?<\/p>\n<\/li>\n<li>\n<p>Milyen gy\u00f3gyszerform\u00e1kn\u00e1l van jelent\u0151s\u00e9ge az adott technol\u00f3giai m\u0171veletnek ?<\/p>\n<\/li>\n<li class=\"western\">\n<p>Mit tud az adott gy\u00f3gyszerforma \u00e1ltal\u00e1nos k\u00e9sz\u00edt\u00e9si ir\u00e1nyelveir\u0151l ?<\/p>\n<\/li>\n<li class=\"western\">\n<p>A Ph.Hg. VIII. milyen k\u00f6vetelm\u00e9nyeket t\u00e1maszt a t\u00e9telben szerepl\u0151 gy\u00f3gyszerform\u00e1val szemben ?<\/p>\n<\/li>\n<li class=\"western\">\n<p>Milyen seg\u00e9danyagok sz\u00fcks\u00e9gesek az adott gy\u00f3gyszerforma el\u0151\u00e1ll\u00edt\u00e1s\u00e1n\u00e1l ?<\/p>\n<\/li>\n<li class=\"western\">\n<p>Foglalja \u00f6ssze a t\u00e9telben szerepl\u0151 k\u00e9sz\u00edtm\u00e9ny el\u0151\u00e1ll\u00edt\u00e1s\u00e1t, a komponensek szerep\u00e9t az \u00f6sszet\u00e9telben \u00e9s a k\u00e9sz\u00edtm\u00e9ny felhaszn\u00e1l\u00e1si lehet\u0151s\u00e9g\u00e9t !<\/p>\n<\/li>\n<li class=\"western\">\n<p>Milyen inkompatibilit\u00e1si probl\u00e9m\u00e1kat ismer ?<\/p>\n<\/li>\n<li class=\"western\">\n<p>Mit tud az inkompatibilit\u00e1si probl\u00e9m\u00e1k megold\u00e1si lehet\u0151s\u00e9geir\u0151l a k\u00fcl\u00f6nb\u00f6z\u0151 gy\u00f3gyszerform\u00e1k eset\u00e9n ?<\/p>\n<\/li>\n<li class=\"western\">\n<p>A t\u00e9telben szerepl\u0151 konkr\u00e9t receptek eset\u00e9ben ismerje fel az inkompatibilit\u00e1s ok\u00e1t, adja meg a helyes k\u00e9sz\u00edt\u00e9si m\u00f3dot !<\/p>\n<\/li>\n<li class=\"western\">\n<p>Ismertesse a t\u00e9telben megadott seg\u00e9danyagok legfontosabb tulajdons\u00e1gait ! (szinonim n\u00e9v, old\u00e9konys\u00e1g, k\u00fcllem, k\u00e9miai tulajdons\u00e1g, esetleges inkompatibilit\u00e1s, felhaszn\u00e1l\u00e1sa a gy\u00f3gyszertechnol\u00f3gi\u00e1ban)<\/p>\n<\/li>\n<\/ol>\n\n<\/div><h2 class=\"tabtitle\">IV. \u00e9vfolyam<\/h2>\n<div class=\"tabcontent\">\n\n<p class=\"western\">A t\u00e1vvizsg\u00e1z\u00e1s a <b>R\/5\/2020. (IV.23.) sz\u00e1m\u00fa REKTORI UTAS\u00cdT\u00c1S <\/b>szerint t\u00f6rt\u00e9nik (<a href=\"https:\/\/semmelweis.hu\/jogigfoig\/2020\/04\/23\/r-5-2020-iv-23-szamu-rektori-utasitas-a-tavvizsgazas-szervezesevel-es-lebonyolitasaval-kapcsolatos-egyes-atmeneti-rendelkezesekrol\/\">https:\/\/semmelweis.hu\/jogigfoig\/2020\/04\/23\/r-5-2020-iv-23-szamu-rektori-utasitas-a-tavvizsgazas-szervezesevel-es-lebonyolitasaval-kapcsolatos-egyes-atmeneti-rendelkezesekrol\/<\/a>).<\/p>\n<p class=\"western\">A vizsg\u00e1ra a hallgat\u00f3 a Moodle rendszerben tud bejelentkezni a Zoom-tal\u00e1lkoz\u00f3ra, illetve megh\u00edv\u00f3t kap.<\/p>\n<p align=\"justify\">(4) A vizsg\u00e1z\u00f3 k\u00f6teles a vizsga eg\u00e9sz id\u0151tartama alatt val\u00f3s idej\u0171, \u00e9l\u0151 k\u00e9pet k\u00f6zvet\u00edteni mag\u00e1r\u00f3l, melyen a vizsg\u00e1z\u00f3 szem\u00e9lye egy\u00e9rtelm\u0171en felismerhet\u0151 \u00fagy, hogy a keze, valamint a fels\u0151teste folyamatosan l\u00e1that\u00f3 legyen a vizsg\u00e1ztat\u00f3 sz\u00e1m\u00e1ra.<\/p>\n<p align=\"justify\">(5) A vizsg\u00e1z\u00f3 a vizsga megkezd\u00e9se el\u0151tt nyilatkozatot tesz arr\u00f3l, hogy ismeri \u00e9s elfogadja a t\u00e1vvizsg\u00e1ztat\u00e1s jelen szab\u00e1lyoz\u00e1s\u00e1t, tov\u00e1bb\u00e1 elfogadja, hogy egy adott elektronikus fel\u00fcleten t\u00f6rt\u00e9nik a vizsg\u00e1ztat\u00e1s, amelynek m\u0171k\u00f6d\u00e9s\u00e9vel tiszt\u00e1ban van.<\/p>\n<p><b>A vizsga validit\u00e1s\u00e1nak biztos\u00edt\u00e1sa<\/b><\/p>\n<p align=\"justify\">(1) A t\u00e1vvizsga sor\u00e1n a kih\u00fazott t\u00e9tel ismertet\u00e9se mellett az oktat\u00f3 10, azonnal megv\u00e1laszoland\u00f3 k\u00e9rd\u00e9st tesz fel a hallgat\u00f3 sz\u00e1m\u00e1ra.<\/p>\n<p><u>A t\u00e1vvizsga sor\u00e1n a t\u00e9telh\u00faz\u00e1s elektronikus form\u00e1ban t\u00f6rt\u00e9nik.<\/u><\/p>\n<p>A t\u00e9tel kih\u00faz\u00e1s\u00e1t k\u00f6vet\u0151en felk\u00e9sz\u00fcl\u00e9si id\u0151 nincs, azonban a vizsg\u00e1ztat\u00f3 k\u00e9rd\u00e9sekkel seg\u00edti a hallgat\u00f3t.<\/p>\n<p class=\"western\"><u>A 10 k\u00e9rd\u00e9s t\u00edpusai:<\/u><\/p>\n<ol>\n<li>\n<p>A gy\u00f3gyszertechnol\u00f3giai elj\u00e1r\u00e1s jelent\u0151s\u00e9ge, t\u00edpusai, alkalmaz\u00e1sa?<\/p>\n<\/li>\n<li>\n<p>A gy\u00f3gyszertechnol\u00f3giai elj\u00e1r\u00e1s elm\u00e9leti \u00f6sszef\u00fcgg\u00e9sei?<\/p>\n<\/li>\n<li>\n<p>A gy\u00f3gyszerforma jelent\u0151s\u00e9ge, alkalmaz\u00e1si m\u00f3dja, t\u00edpusai?<\/p>\n<\/li>\n<li>\n<p>A gy\u00f3gyszerforma el\u0151\u00e1ll\u00edt\u00e1s\u00e1nak m\u00f3dszerei?<\/p>\n<\/li>\n<li>\n<p>A gy\u00f3gyszerforma jellemz\u0151 tulajdons\u00e1gai \u00e9s vizsg\u00e1l\u00f3 m\u00f3dszerei?<\/p>\n<\/li>\n<li>\n<p>A gy\u00f3gyszerforma gyakori seg\u00e9danyagai?<\/p>\n<\/li>\n<li>\n<p>A FoNo recept k\u00e9sz\u00edt\u00e9s\u00e9nek \u00e9s\/vagy seg\u00e9danyagainak szempontjai?<\/p>\n<\/li>\n<li>\n<p>A gy\u00f3gyszerforma alkalmaz\u00e1s\u00e1nak k\u00f6r\u00fclm\u00e9nyei, k\u00fcl\u00f6nleges figyelmeztet\u00e9sek?<\/p>\n<\/li>\n<li>\n<p>A gy\u00f3gyszertechnol\u00f3giai seg\u00e9danyag alkalmaz\u00e1sa?<\/p>\n<\/li>\n<li>A gy\u00f3gyszertechnol\u00f3giai seg\u00e9danyag tulajdons\u00e1gai?<\/li>\n<\/ol>\n<\/div><\/div>\n","protected":false},"excerpt":{"rendered":"<p>A t\u00e1vvizsg\u00e1z\u00e1s a R\/5\/2020. (IV.23.) sz\u00e1m\u00fa REKTORI UTAS\u00cdT\u00c1S szerint t\u00f6rt\u00e9nik ( <a href=\"https:\/\/semmelweis.hu\/jogigfoig\/2020\/04\/23\/r-5-2020-iv-23-szamu-rektori-utasitas-a-tavvizsgazas-szervezesevel-es-lebonyolitasaval-kapcsolatos-egyes-atmeneti-rendelkezesekrol\/\">https:\/\/semmelweis.hu\/jogigfoig\/2020\/04\/23\/r-5-2020-iv-23-szamu-rektori-utasitas-a-tavvizsgazas-szervezesevel-es-lebonyolitasaval-kapcsolatos-egyes-atmeneti-rendelkezesekrol\/<\/a> ). A vizsg\u00e1ra a hallgat\u00f3 a Moodle rendszerben tud bejelentkezni a Zoom-tal\u00e1lkoz\u00f3ra, illetve megh\u00edv\u00f3t kap. (4) A vizsg\u00e1z\u00f3 k\u00f6teles a vizsga eg\u00e9sz id\u0151tartama alatt val\u00f3s idej\u0171, \u00e9l\u0151 k\u00e9pet k\u00f6zvet\u00edteni mag\u00e1r\u00f3l, melyen a vizsg\u00e1z\u00f3 szem\u00e9lye egy\u00e9rtelm\u0171en felismerhet\u0151 \u00fagy, hogy a keze, valamint a fels\u0151teste folyamatosan &hellip;<\/p>\n","protected":false},"author":114,"featured_media":0,"parent":1132,"menu_order":2,"comment_status":"closed","ping_status":"closed","template":"","meta":{"_acf_changed":false,"footnotes":""},"categories":[],"tags":[],"class_list":["post-1245","page","type-page","status-publish","hentry"],"acf":[],"_links":{"self":[{"href":"https:\/\/semmelweis.hu\/gyogyszereszeti-intezet\/wp-json\/wp\/v2\/pages\/1245","targetHints":{"allow":["GET"]}}],"collection":[{"href":"https:\/\/semmelweis.hu\/gyogyszereszeti-intezet\/wp-json\/wp\/v2\/pages"}],"about":[{"href":"https:\/\/semmelweis.hu\/gyogyszereszeti-intezet\/wp-json\/wp\/v2\/types\/page"}],"author":[{"embeddable":true,"href":"https:\/\/semmelweis.hu\/gyogyszereszeti-intezet\/wp-json\/wp\/v2\/users\/114"}],"replies":[{"embeddable":true,"href":"https:\/\/semmelweis.hu\/gyogyszereszeti-intezet\/wp-json\/wp\/v2\/comments?post=1245"}],"version-history":[{"count":2,"href":"https:\/\/semmelweis.hu\/gyogyszereszeti-intezet\/wp-json\/wp\/v2\/pages\/1245\/revisions"}],"predecessor-version":[{"id":1248,"href":"https:\/\/semmelweis.hu\/gyogyszereszeti-intezet\/wp-json\/wp\/v2\/pages\/1245\/revisions\/1248"}],"up":[{"embeddable":true,"href":"https:\/\/semmelweis.hu\/gyogyszereszeti-intezet\/wp-json\/wp\/v2\/pages\/1132"}],"wp:attachment":[{"href":"https:\/\/semmelweis.hu\/gyogyszereszeti-intezet\/wp-json\/wp\/v2\/media?parent=1245"}],"wp:term":[{"taxonomy":"category","embeddable":true,"href":"https:\/\/semmelweis.hu\/gyogyszereszeti-intezet\/wp-json\/wp\/v2\/categories?post=1245"},{"taxonomy":"post_tag","embeddable":true,"href":"https:\/\/semmelweis.hu\/gyogyszereszeti-intezet\/wp-json\/wp\/v2\/tags?post=1245"}],"curies":[{"name":"wp","href":"https:\/\/api.w.org\/{rel}","templated":true}]}}