{"id":1240,"date":"2020-05-19T13:12:03","date_gmt":"2020-05-19T11:12:03","guid":{"rendered":"https:\/\/semmelweis.hu\/gyogyszereszeti-intezet\/?page_id=1240"},"modified":"2021-03-01T12:55:01","modified_gmt":"2021-03-01T11:55:01","slug":"tavoktatas-tanmenete","status":"publish","type":"page","link":"https:\/\/semmelweis.hu\/gyogyszereszeti-intezet\/tavoktatas\/tavoktatas-tanmenete\/","title":{"rendered":"T\u00c1VOKTAT\u00c1S TANMENETE"},"content":{"rendered":"<p><span style=\"color: #000000\"><strong>Gy\u00f3gyszertechnol\u00f3gia t\u00e1rgy t\u00e1voktat\u00e1s\u00e1nak tanmenete<\/strong><\/span><\/p>\n<p>2020. m\u00e1rcius 23-\u00e1n, a 7. oktat\u00e1si h\u00e9ttel kezdet\u00e9t veszi az oktat\u00e1s t\u00e1voktat\u00e1s form\u00e1j\u00e1ban t\u00f6rt\u00e9n\u0151 lebonyol\u00edt\u00e1sa.<\/p>\n<p>Az <em>eredeti heti \u00f3rarend<\/em> (k\u00f6z\u00e9p-eur\u00f3pai id\u0151 szerint) van hivatalosan \u00e9rv\u00e9nyben minden \u00e9vfolyamon, ugyanakkor a t\u00e1voktat\u00e1s p\u00f3tl\u00e1s\u00e1ra \u00e9s konzult\u00e1ci\u00f3kra is\u00a0 lehet\u0151s\u00e9get biztos\u00edtunk a k\u00e9s\u0151bbiekben.<\/p>\n<p>Az <em>el\u0151ad\u00e1sok<\/em> ismeretanyag\u00e1nak elsaj\u00e1t\u00edt\u00e1s\u00e1t diav\u00e1zlatok, multim\u00e9di\u00e1s kieg\u00e9sz\u00edt\u00e9sek, valamint a Moodle \u00e9s\/vagy Zoom rendszer seg\u00edts\u00e9g\u00e9vel biztos\u00edtjuk. <br \/>\nA Zoom rendszerben (&#8222;Zoom meeting&#8221;) foly\u00f3 oktat\u00e1sba a bekapcsol\u00f3d\u00e1st a Neptun rendszeren k\u00fcld\u00f6tt internetlinkkel (\u00e9s Zoom Meeting ID, password) is seg\u00edtj\u00fck.<br \/>\nA <em>laborat\u00f3riumi gyakorlatok tananyag\u00e1nak bemutat\u00e1s\u00e1ra<\/em> szint\u00e9n diav\u00e1zlatok, multim\u00e9di\u00e1s kieg\u00e9sz\u00edt\u00e9sek, valamint a Moodle \u00e9s\/vagy Zoom rendszer ker\u00fcl sor. Egyes gyakorlatok eset\u00e9ben a szok\u00e1sos jegyz\u0151k\u00f6nyvek, illetve feladatlapok elk\u00e9sz\u00edt\u00e9s\u00e9t illetve megold\u00e1s\u00e1t k\u00e9rj\u00fck elektronikusan a vonatkoz\u00f3 r\u00e9szletes \u00fatmutat\u00e1s szerint.<\/p>\n<p>Ezek c\u00e9lja, hogy a t\u00e1voktat\u00e1ssal el\u0151k\u00e9sz\u00edtett gyakorlatok p\u00f3tl\u00e1sa majd g\u00f6rd\u00fcl\u00e9kenyebben \u00e9s gyorsabban t\u00f6rt\u00e9nhessen a vesz\u00e9lyhelyzet megsz\u0171n\u00e9s\u00e9t k\u00f6vet\u0151en.<\/p>\n<p>Az <em>\u00e9vk\u00f6zi sz\u00e1monk\u00e9r\u00e9st<\/em> a Moodle \u00e9s\/vagy a \u201eZoom\u201d rendszer haszn\u00e1lat\u00e1val tervezz\u00fck. A technikai r\u00e9szletekre vonatkoz\u00f3an k\u00fcl\u00f6n t\u00e1j\u00e9koztat\u00e1s k\u00e9sz\u00fcl.<\/p>\n<p><u>Gy\u00f3gyszertechnol\u00f3gia II. (III. \u00e9v) t\u00e1voktat\u00e1s<\/u><\/p>\n<p><u>Gy\u00f3gyszertechnol\u00f3gia IV. (IV. \u00e9v) t\u00e1voktat\u00e1s<\/u><\/p>\n","protected":false},"excerpt":{"rendered":"<p>Gy\u00f3gyszertechnol\u00f3gia t\u00e1rgy t\u00e1voktat\u00e1s\u00e1nak tanmenete 2020. m\u00e1rcius 23-\u00e1n, a 7. oktat\u00e1si h\u00e9ttel kezdet\u00e9t veszi az oktat\u00e1s t\u00e1voktat\u00e1s form\u00e1j\u00e1ban t\u00f6rt\u00e9n\u0151 lebonyol\u00edt\u00e1sa. Az eredeti heti \u00f3rarend (k\u00f6z\u00e9p-eur\u00f3pai id\u0151 szerint) van hivatalosan \u00e9rv\u00e9nyben minden \u00e9vfolyamon, ugyanakkor a t\u00e1voktat\u00e1s p\u00f3tl\u00e1s\u00e1ra \u00e9s konzult\u00e1ci\u00f3kra is\u00a0 lehet\u0151s\u00e9get biztos\u00edtunk a k\u00e9s\u0151bbiekben. Az el\u0151ad\u00e1sok ismeretanyag\u00e1nak elsaj\u00e1t\u00edt\u00e1s\u00e1t diav\u00e1zlatok, multim\u00e9di\u00e1s kieg\u00e9sz\u00edt\u00e9sek, valamint a Moodle \u00e9s\/vagy Zoom rendszer &hellip;<\/p>\n","protected":false},"author":114,"featured_media":0,"parent":1132,"menu_order":1,"comment_status":"closed","ping_status":"closed","template":"","meta":{"_acf_changed":false,"footnotes":""},"categories":[],"tags":[],"class_list":["post-1240","page","type-page","status-publish","hentry"],"acf":[],"_links":{"self":[{"href":"https:\/\/semmelweis.hu\/gyogyszereszeti-intezet\/wp-json\/wp\/v2\/pages\/1240","targetHints":{"allow":["GET"]}}],"collection":[{"href":"https:\/\/semmelweis.hu\/gyogyszereszeti-intezet\/wp-json\/wp\/v2\/pages"}],"about":[{"href":"https:\/\/semmelweis.hu\/gyogyszereszeti-intezet\/wp-json\/wp\/v2\/types\/page"}],"author":[{"embeddable":true,"href":"https:\/\/semmelweis.hu\/gyogyszereszeti-intezet\/wp-json\/wp\/v2\/users\/114"}],"replies":[{"embeddable":true,"href":"https:\/\/semmelweis.hu\/gyogyszereszeti-intezet\/wp-json\/wp\/v2\/comments?post=1240"}],"version-history":[{"count":6,"href":"https:\/\/semmelweis.hu\/gyogyszereszeti-intezet\/wp-json\/wp\/v2\/pages\/1240\/revisions"}],"predecessor-version":[{"id":1397,"href":"https:\/\/semmelweis.hu\/gyogyszereszeti-intezet\/wp-json\/wp\/v2\/pages\/1240\/revisions\/1397"}],"up":[{"embeddable":true,"href":"https:\/\/semmelweis.hu\/gyogyszereszeti-intezet\/wp-json\/wp\/v2\/pages\/1132"}],"wp:attachment":[{"href":"https:\/\/semmelweis.hu\/gyogyszereszeti-intezet\/wp-json\/wp\/v2\/media?parent=1240"}],"wp:term":[{"taxonomy":"category","embeddable":true,"href":"https:\/\/semmelweis.hu\/gyogyszereszeti-intezet\/wp-json\/wp\/v2\/categories?post=1240"},{"taxonomy":"post_tag","embeddable":true,"href":"https:\/\/semmelweis.hu\/gyogyszereszeti-intezet\/wp-json\/wp\/v2\/tags?post=1240"}],"curies":[{"name":"wp","href":"https:\/\/api.w.org\/{rel}","templated":true}]}}