{"id":12,"date":"2012-06-19T06:54:39","date_gmt":"2012-06-19T06:54:39","guid":{"rendered":"http:\/\/semmelweis-egyetem.hu\/gyogyszereszeti-intezet\/?page_id=12"},"modified":"2025-11-24T11:44:01","modified_gmt":"2025-11-24T10:44:01","slug":"kutatas-fejlesztes","status":"publish","type":"page","link":"https:\/\/semmelweis.hu\/gyogyszereszeti-intezet\/kutatas-fejlesztes\/","title":{"rendered":"Kutat\u00e1s-fejleszt\u00e9s"},"content":{"rendered":"<p style=\"text-align: justify\">A Kutat\u00e1s-fejleszt\u00e9s ter\u00e9n els\u0151sorban a gy\u00f3gyszerforma-tervez\u00e9s technol\u00f3giai- \u00e9s biofarm\u00e1ciai-, farmakokinetikai t\u00e9m\u00e1i \u00e1llnak k\u00f6z\u00e9ppontban:<\/p>\n<ul>\n<li>m\u00f3dos\u00edtott \u00e9s szab\u00e1lyozott hat\u00f3anyag-lead\u00e1s\u00fa gy\u00f3gyszerform\u00e1k<\/li>\n<li>hat\u00f3anyag-lead\u00e1s in vitro- \u00e9s in vivo \u00f6sszef\u00fcgg\u00e9sei<\/li>\n<li>old\u00f3d\u00e1s \u00e9s felsz\u00edv\u00f3d\u00e1s el\u0151seg\u00edt\u00e9s<\/li>\n<li>farmakokinetikai \u00e9s bioanalitikai vizsg\u00e1latok<\/li>\n<li>in vitro \u00e9s in vivo \u00e9telinterakci\u00f3s vizsg\u00e1latok<\/li>\n<li>gy\u00f3gyszertechnol\u00f3giai m\u0171veletek \u00e9s elj\u00e1r\u00e1sok optimaliz\u00e1l\u00e1sa<\/li>\n<li>gy\u00f3gyszeranyagok fizikai-k\u00e9miai tulajdons\u00e1gainak jellemz\u00e9se<\/li>\n<li>gy\u00f3gyszer\u00e9szeti seg\u00e9danyagok alkalmaz\u00e1si lehet\u0151s\u00e9geinek tanulm\u00e1nyoz\u00e1sa<\/li>\n<li>multipartikul\u00e1ris rendszerek \u00e9s gy\u00f3gyszeres nanohordoz\u00f3k formul\u00e1l\u00e1sa<\/li>\n<li>betegk\u00f6zpont\u00fa gy\u00f3gyszeradagol\u00e1si form\u00e1k.<\/li>\n<\/ul>\n<h1>Core facility<\/h1>\n<ul>\n<li><a href=\"https:\/\/semmelweis.hu\/corefacility\/home\/proteomics-sample-preparaton-for-mass-spectrometry-analysis\/\" target=\"_blank\" rel=\"noopener\">Proteomics sample preparation for mass spectrometry anlysis<\/a><\/li>\n<li><a href=\"https:\/\/semmelweis.hu\/corefacility\/home\/multi-unit-dosage-forms-pelletization\/\" target=\"_blank\" rel=\"noopener\">Multi-unit dosage forms \u2013 pelletization<\/a><\/li>\n<\/ul>\n<h1>Kutat\u00f3csoportok:<\/h1>\n<h2>Gy\u00f3gyszertechnol\u00f3giai kutat\u00f3csoportok:<\/h2>\n<p>Napjainkban a hat\u00f3anyagok \u00e9s a seg\u00e9danyagok fizikai-k\u00e9miai, farmakol\u00f3giai tulajdons\u00e1g\u00e1n t\u00falmen\u0151en sz\u00e1mos egy\u00e9b t\u00e9nyez\u0151t is figyelembe kell venni a gy\u00f3gyszerk\u00e9sz\u00edtm\u00e9nyek formul\u00e1l\u00e1sa sor\u00e1n, hogy a beteg egy\u00fcttm\u0171k\u00f6d\u00e9se, a k\u00e9sz\u00edtm\u00e9ny alkalmaz\u00e1sa megfelel\u0151 legyen. A Gy\u00f3gyszertechnol\u00f3giai kutat\u00f3csoportokban 14 TDK hallgat\u00f3 dolgozik.<\/p>\n<div class=\"responsive-tabs\">\n<h2 class=\"tabtitle\">Multipartikul\u00e1ris<\/h2>\n<div class=\"tabcontent\">\n\n<h2>Multipartikul\u00e1ris kutat\u00f3csoport<\/h2>\n<p>A kutat\u00f3csoport multipartikul\u00e1ris rendszerek kialak\u00edt\u00e1s\u00e1nak lehet\u0151s\u00e9geivel, vizsg\u00e1lat\u00e1val foglalkozik. A kutat\u00e1s egyik f\u0151 ter\u00fclete, hogy k\u00fcl\u00f6nb\u00f6z\u0151, gy\u00f3gyszeriparban gyakran alkalmazott seg\u00e9danyagokb\u00f3l r\u00e9tegzett illetve m\u00e1trix szerkezet\u0171 pelleteket, granul\u00e1tumokat, minitablett\u00e1kat \u00e1ll\u00edtsunk el\u0151 hagyom\u00e1nyos \u00e9s innovat\u00edv elj\u00e1r\u00e1sokkal. Sok esetben m\u00f3dos\u00edtott hat\u00f3anyaglead\u00e1ssal jellemezhet\u0151 alegys\u00e9geket hozunk l\u00e9tre, majd a r\u00e9szecsk\u00e9kb\u0151l kialak\u00edthat\u00f3 gy\u00f3gyszerform\u00e1kat (tabletta, kapszula) non-destrukt\u00edv \u00e9s destrukt\u00edv m\u00f3dszerekkel, in vitro hat\u00f3anyaglead\u00e1si profil felv\u00e9tel\u00e9vel vizsg\u00e1lunk. A kutat\u00f3csoportunk k\u00fcl\u00f6n figyelmet ford\u00edt arra, hogy az \u00e9letkornak megfelel\u0151 (age-appropriate), innovat\u00edv adagol\u00e1si form\u00e1k kialak\u00edt\u00e1sa \u00e9s vizsg\u00e1lata multipartikul\u00e1ris gy\u00f3gyszerform\u00e1k haszn\u00e1lat\u00e1val megval\u00f3suljon.<\/p>\n<div class=\"keretes w-100\">\n<p>Kutat\u00f3csoport vezet\u0151: Dr. K\u00e1llai-Szab\u00f3 Nikolett<br \/>\nMunkat\u00e1rsak: Prof. Antal Istv\u00e1n, Dr. Lengyel Mil\u00e9na, Dr. Vilimi Zs\u00f3fia (Ph.D. hallgat\u00f3)<\/p>\n<\/div>\n\n<\/div><h2 class=\"tabtitle\">3D<\/h2>\n<div class=\"tabcontent\">\n\n<h2>3D kutat\u00f3csoport<\/h2>\n<p>A digit\u00e1lis technol\u00f3gia fejl\u0151d\u00e9s\u00e9vel folyamatosan n\u00f6vekszik a szem\u00e9lyre szabott gy\u00f3gyszerel\u00e9s ir\u00e1nti ig\u00e9ny is. Az addit\u00edv gy\u00e1rt\u00e1stechnol\u00f3gi\u00e1k t\u00e9rh\u00f3d\u00edt\u00e1sa t\u00f6bbek k\u00f6z\u00f6tt\u00a0 el\u0151revet\u00edti a 3D nyomtat\u00f3k sz\u00e9les k\u00f6r\u0171 alkalmazhat\u00f3s\u00e1g\u00e1t a gy\u00f3gyszeres ter\u00e1pi\u00e1ban is. Kutat\u00f3csoportunk c\u00e9lja hagyom\u00e1nyos gy\u00f3gyszertechnol\u00f3giai seg\u00e9danyagokkal 3D nyomtat\u00e1si technik\u00e1val el\u0151\u00e1ll\u00edtott gy\u00f3gyszerform\u00e1k el\u0151\u00e1ll\u00edt\u00e1sa \u00e9s vizsg\u00e1lata. A k\u00fcl\u00f6nb\u00f6z\u0151 technik\u00e1k adapt\u00e1lhat\u00f3s\u00e1ga mellett, biorelev\u00e1ns k\u00f6r\u00fclm\u00e9nyek k\u00f6z\u00f6tti kiold\u00f3d\u00e1svizsg\u00e1latokon kereszt\u00fcl m\u00f3dos\u00edtott \u00e9s szab\u00e1lyozott hat\u00f3anyaglead\u00e1s\u00fa k\u00e9sz\u00edtm\u00e9nyek el\u0151\u00e1ll\u00edt\u00e1sa \u00e9s vizsg\u00e1lata a meghat\u00e1rozott kutat\u00e1si ir\u00e1ny.<\/p>\n<div class=\"keretes w-100\">\n<p>Kutat\u00f3csoport vezet\u0151: Prof. Antal Istv\u00e1n<br \/>\nMunkat\u00e1rsak: Dr. Basa B\u00e1lint, Dr. Borb\u00e1s Bence (Ph.D. hallgat\u00f3)<\/p>\n<\/div>\n\n<\/div><h2 class=\"tabtitle\">Nanotechnol\u00f3ga<\/h2>\n<div class=\"tabcontent\">\n\n<h2>Nanotechnol\u00f3ga kutat\u00f3csoport<\/h2>\n<p>A XXI. sz\u00e1zad gy\u00f3gyszertechnol\u00f3giai innov\u00e1ci\u00f3i k\u00f6z\u00f6tt kiemelt szereppel rendelkeznek a k\u00fcl\u00f6nb\u00f6z\u0151 nanotechnol\u00f3giai m\u00f3dszerek felhaszn\u00e1l\u00e1s\u00e1val el\u0151\u00e1ll\u00edtott gy\u00f3gyszerhordoz\u00f3-rendszerek. A nanomedicin\u00e1ban \u00e9s a nanogy\u00f3gyszer\u00e9szetben rejl\u0151 lehet\u0151s\u00e9gek megold\u00e1st jelenthetnek olyan hat\u00f3anyagok formul\u00e1l\u00e1sa eset\u00e9ben, amelyek rossz v\u00edzoldhat\u00f3s\u00e1g\u00e1nak \u00e9s\/vagy alacsony membr\u00e1n permeabilit\u00e1s\u00e1nak k\u00f6vetkezt\u00e9ben alacsony biohasznos\u00edthat\u00f3s\u00e1ggal rendelkeznek. A nanorendszerek, \u00edgy a nano-gy\u00f3gyszerhordoz\u00f3 rendszerek el\u0151\u00e1ll\u00edt\u00e1s\u00e1hoz \u00e9s m\u0171k\u00f6d\u00e9s\u00fck meg\u00e9rt\u00e9s\u00e9hez a multidiszciplin\u00e1ris szeml\u00e9letm\u00f3d mellett sz\u00e1mos karakteriz\u00e1l\u00f3 m\u00f3dszer alkalmaz\u00e1sa is sz\u00fcks\u00e9ges.<\/p>\n<p>A Nanotechnol\u00f3gia kutat\u00f3csoport f\u00f3kusz\u00e1ban k\u00fcl\u00f6nb\u00f6z\u0151 nano-gy\u00f3gyszerhordoz\u00f3 rendszerek formul\u00e1l\u00e1sa \u00e9s azok jellemz\u00e9se \u00e1ll. Ezek k\u00f6z\u00fcl kiemelten foglalkozunk liposz\u00f3m\u00e1kkal, mikro-, illetve nanosz\u00e1las formul\u00e1ci\u00f3kkal, de mindezek mellett nanoszuszpenzi\u00f3k \u00e9s mikro-, nanoemulzi\u00f3s rendszerek el\u0151\u00e1ll\u00edt\u00e1sa \u00e9s fizikai-k\u00e9miai vizsg\u00e1latai is kutat\u00f3csoportunk munk\u00e1j\u00e1t k\u00e9pezik.<\/p>\n<div class=\"keretes w-100\">\n<p>Kutat\u00f3csoport vezet\u0151: Prof. Antal Istv\u00e1n<br \/>\nMunkat\u00e1rsak: Dr. Kov\u00e1cs Andrea, Dr. Mike-Kasz\u00e1s N\u00f3ra, Dr. Szalkai Petra, Dr. K\u00e1llai-Szab\u00f3 Nikolett, Dr. Kohod Zs\u00f3fia<\/p>\n<\/div>\n\n<\/div><h2 class=\"tabtitle\">Mikrofluidikai<\/h2>\n<div class=\"tabcontent\">\n\n<h2>Mikrofluidikai kutat\u00f3csoport<\/h2>\n<p>A Gy\u00f3gyszer\u00e9szeti Int\u00e9zetben egy mikrokapszul\u00e1z\u00e1si t\u00e9m\u00e1hoz kapcsol\u00f3d\u00f3 egy\u00fcttm\u0171k\u00f6d\u00e9s sor\u00e1n indult el a mikrofluidika gy\u00f3gyszertechnol\u00f3giai alkalmaz\u00e1s\u00e1nak kutat\u00e1sa \u00e9s ezzel kapcsolatos fejleszt\u0151munka.<\/p>\n<p>Projektjeink sor\u00e1n sz\u00e1mos mikrofluidikai eszk\u00f6z (elt\u00e9r\u0151 fel\u00e9p\u00edt\u00e9s\u0171 hidrodinamikai f\u00f3kusz\u00e1l\u00f3 eszk\u00f6z\u00f6k, kever\u0151k, elv\u00e1laszt\u00f3k) kipr\u00f3b\u00e1l\u00e1s\u00e1ra ker\u00fcl sor. Ezekkel megval\u00f3s\u00edthat\u00f3 k\u00fcl\u00f6nf\u00e9le emulzi\u00f3s rendszerek diszperg\u00e1l\u00e1sa, mikror\u00e9szecsk\u00e9k \u00e9s lipid alap\u00fa hordoz\u00f3rendszerek el\u0151\u00e1ll\u00edt\u00e1sa. Kutat\u00e1saink egyik ter\u00fclete a k\u00f6rnyezeti ingerekre reag\u00e1l\u00f3 anizotr\u00f3p szerkezet\u0171 Janus r\u00e9szecsk\u00e9k, illetve m\u00e1gnesezhet\u0151 r\u00e9szecsk\u00e9k formul\u00e1l\u00e1sa. Megfelel\u0151 mikrofluidikai eszk\u00f6z\u00f6k seg\u00edts\u00e9g\u00e9vel a cs\u00edraszeg\u00e9ny k\u00f6rnyezetben t\u00f6rt\u00e9n\u0151 el\u0151\u00e1ll\u00edt\u00e1s \u00e9s kis t\u00e9rfogatban val\u00f3, -ak\u00e1r z\u00e1rt rendszerben- t\u00f6rt\u00e9n\u0151, in vitro vizsg\u00e1lata is megval\u00f3s\u00edthat\u00f3.<\/p>\n<p>R\u00e9szt vesz\u00fcnk \u201eorgan-on-a-chip\u201d technik\u00e1k kidolgoz\u00e1s\u00e1ban, amelyek a gy\u00f3gyszerk\u00e9sz\u00edtm\u00e9nyek vizsg\u00e1lat\u00e1ban, a hat\u00f3anyagok farmakokinetikai viselked\u00e9s\u00e9nek modellez\u00e9s\u00e9ben ny\u00fajtanak \u00edg\u00e9retes lehet\u0151s\u00e9get.<\/p>\n<div class=\"keretes w-100\">\n<p>Kutat\u00f3csoport vezet\u0151: Prof. Antal Istv\u00e1n<br \/>\nMunkat\u00e1rsak: Dr. Lengyel Mil\u00e9na, Dr. K\u00e1llai-Szab\u00f3 Nikolett, Dr. Christian Petszulat (Ph.D. hallgat\u00f3)<\/p>\n<\/div>\n\n<\/div><h2 class=\"tabtitle\">Parenter\u00e1lis<\/h2>\n<div class=\"tabcontent\">\n\n<h2>Parenter\u00e1lis kutat\u00f3csoport<\/h2>\n<p>A Parenter\u00e1lis kutat\u00f3csoport els\u0151sorban inf\u00fazi\u00f3k, injekci\u00f3k vizsg\u00e1lataival, fejleszt\u00e9s\u00e9vel foglalkozik. Feladatunk inf\u00fazi\u00f3s oldatok, szemcseppek molalit\u00e1s\u00e1nak ellen\u0151rz\u0151 vizsg\u00e1lata. Tanulm\u00e1nyozzuk a liofiliz\u00e1l\u00e1s polimerek szerkezet\u00e9re gyakorolt hat\u00e1s\u00e1t a molekulat\u00f6meg v\u00e1ltoz\u00e1sa alapj\u00e1n. R\u00e9szt vesz\u00fcnk szuszpenzi\u00f3s, depo injekci\u00f3 fejleszt\u00e9s\u00e9ben, ahol a stabilit\u00e1si probl\u00e9m\u00e1k miatt liofiliz\u00e1lt porampull\u00e1t formul\u00e1lunk, a liofiliz\u00e1l\u00e1si folyamat param\u00e9tereinek optimaliz\u00e1l\u00e1s\u00e1val.<\/p>\n<p>Egy\u00fcttm\u0171k\u00f6d\u00e9s keret\u00e9ben vizsg\u00e1ljuk parenter\u00e1lis t\u00e1pl\u00e1l\u00e1sra szolg\u00e1l\u00f3 TPN-ek optim\u00e1lis eltarthat\u00f3s\u00e1gi idej\u00e9t, fizikai stabilit\u00e1s\u00e1t a cseppm\u00e9ret eloszl\u00e1s \u00e9s csepp\u00e1lland\u00f3s\u00e1g l\u00e9zerdiffrakci\u00f3s m\u00e9r\u00e9se alapj\u00e1n.<\/p>\n<p>Egy nemzetk\u00f6zi komplement diagnosztikai min\u0151s\u00e9gbiztos\u00edt\u00e1si programhoz sz\u00e9rumok liofiliz\u00e1l\u00e1s\u00e1val j\u00e1rulunk hozz\u00e1.<\/p>\n<p>Sz\u00e1raz porinhal\u00e1ci\u00f3s k\u00e9sz\u00edtm\u00e9nyeket fejleszt\u00fcnk \u00e9s vizsg\u00e1lunk Gy\u00f3gyszerk\u00f6nyvben hivatalos m\u00f3dszerekkel, pl.: kaszk\u00e1d impaktorral (NGI), valamint foglalkozunk nanor\u00e9szecsk\u00e9k (pl.: liposz\u00f3m\u00e1k, szil\u00e1rd lipid nanopartikulumok \u00e9s hum\u00e1n sz\u00e9rum albumin nanor\u00e9szecsk\u00e9k) el\u0151\u00e1ll\u00edt\u00e1s\u00e1val \u00e9s vizsg\u00e1lat\u00e1val, rossz v\u00edzold\u00e9konys\u00e1g\u00fa hat\u00f3anyagok old\u00e9konys\u00e1gn\u00f6vel\u00e9si lehet\u0151s\u00e9geivel, valamint gy\u00f3gyszeres habok szerkezet\u00e9nek \u00e9s stabilit\u00e1s\u00e1nak vizsg\u00e1lat\u00e1val.<\/p>\n<div class=\"keretes w-100\">\n<p>Kutat\u00f3csoport vezet\u0151: Prof. Antal Istv\u00e1n<br \/>\nMunkat\u00e1rsak: Bertalann\u00e9 Dr. Balogh Emese, Dr. Farkas D\u00f3ra, Dr. Sabrina Magramane<\/p>\n<\/div>\n\n<\/div><h2 class=\"tabtitle\">Reol\u00f3giai<\/h2>\n<div class=\"tabcontent\">\n\n<h2>Reol\u00f3giai kutat\u00f3csoport<\/h2>\n<p>A reom\u00e9terrel t\u00f6rt\u00e9n\u0151 m\u00e9r\u00e9sek a gy\u00f3gyszerk\u00e9sz\u00edtm\u00e9nyek \u00e9s a gy\u00f3gyszerformul\u00e1l\u00e1shoz alkalmazhat\u00f3 seg\u00e9danyagok rot\u00e1ci\u00f3s \u00e9s oszcill\u00e1ci\u00f3s reol\u00f3giai param\u00e9tereinek jellemz\u00e9s\u00e9t teszik lehet\u0151v\u00e9. A rot\u00e1ci\u00f3s m\u00e9r\u00e9sekkel a k\u00e9sz\u00edtm\u00e9nyek foly\u00e1s- \u00e9s viszkozit\u00e1sg\u00f6rb\u00e9it hat\u00e1rozzuk meg. A tixotr\u00f3pia tesztekkel a k\u00e9sz\u00edtm\u00e9nyek magas sebess\u00e9ggradiens alkalmaz\u00e1s\u00e1t k\u00f6vet\u0151 reol\u00f3giai param\u00e9tereit vizsg\u00e1ljuk. Az oszcill\u00e1ci\u00f3s m\u00e9r\u00e9sek elv\u00e9gz\u00e9se a line\u00e1ris viszkoelasztikus r\u00e9gi\u00f3ban t\u00f6rt\u00e9nik, melynek meghat\u00e1roz\u00e1sa az amplitud\u00f3 tesztekkel zajlik. Az amplitud\u00f3 teszteket k\u00f6vet\u0151en a k\u00e9sz\u00edtm\u00e9nyek viszkoelasztikus jellemz\u00e9s\u00e9re oszcill\u00e1ci\u00f3s frekvencia teszteket v\u00e9gz\u00fcnk. A reol\u00f3giai param\u00e9terek h\u0151m\u00e9rs\u00e9klet-f\u00fcgg\u00e9s\u00e9t mind rot\u00e1ci\u00f3s, mind oszcill\u00e1ci\u00f3s m\u00e9r\u00e9sekkel nyomon k\u00f6vetj\u00fck.<\/p>\n<div class=\"keretes w-100\">\n<p>Kutat\u00f3csoport vezet\u0151: Prof. Antal Istv\u00e1n<br \/>\nMunkat\u00e1rsak: Dr. Budai L\u00edvia, Dr. Szalkai Petra, Dr. Vilimi Zs\u00f3fia (Ph.D. hallgat\u00f3), T\u00f3th Bence<\/p>\n<\/div>\n\n<\/div><h2 class=\"tabtitle\"><strong>Publik\u00e1ci\u00f3k<\/strong><\/h2>\n<div class=\"tabcontent\">\n\n<p><a href=\"https:\/\/ui.adsabs.harvard.edu\/abs\/2015JPhCS.602a2041B\/abstract\">Budai, L. et al. (2015) \u2018The influence of selected excipients on the rheological behaviour of chitosan based Ocular Pharmaceutical Systems\u2019, Journal of Physics: Conference Series, 602, p. 012041. doi:10.1088\/1742-6596\/602\/1\/012041.<\/a><\/p>\n<p><a href=\"https:\/\/www.mdpi.com\/1999-4923\/14\/6\/1299\">K\u00e1llai-Szab\u00f3, N.; Lengyel, M.; Farkas, D.; Barna, \u00c1.T.; Fleck, C.; Basa, B.; Antal, I. Review on Starter Pellets: Inert and Functional Cores. Pharmaceutics 2022, 14, 1299.<\/a><\/p>\n<p><a href=\"https:\/\/pubmed.ncbi.nlm.nih.gov\/33307920\/\">Farkas D, K\u00e1llai-Szab\u00f3 N, S\u00e1r\u00e1di-Keszty\u0171s \u00c1, Lengyel M, Magramane S, Kiss \u00c9, Antal I. Investigation of propellant-free aqueous foams as pharmaceutical carrier systems. Pharm Dev Technol. 2021 Mar;26(3):253-261. doi: 10.1080\/10837450.2020.1863426. Epub 2020 Dec 27. PMID: 33307920.<\/a><\/p>\n<p><a href=\"https:\/\/pubmed.ncbi.nlm.nih.gov\/34206983\/\">P\u00e1pay ZE, Magramane S, Kir\u00e1ly M, Szalkai P, Lud\u00e1nyi K, Horv\u00e1th P, Antal I. Optimization and Development of Albumin-Biopolymer Bioconjugates with Solubility-Improving Properties. Biomedicines. 2021 Jun 26;9(7):737<\/a><\/p>\n<p><a href=\"https:\/\/pubmed.ncbi.nlm.nih.gov\/33799585\/\">Basa B, Jakab G, K\u00e1llai-Szab\u00f3 N, Borb\u00e1s B, F\u00fcl\u00f6p V, Balogh E, Antal I. Evaluation of Biodegradable PVA-Based 3D Printed Carriers during Dissolution. Materials (Basel). 2021 Mar 11;14(6):1350.<\/a><\/p>\n<\/div><\/div>\n<h2>K\u00e9miai \u00e9s bioanalitikai kutat\u00f3csoport<\/h2>\n<div class=\"responsive-tabs\">\n<h2 class=\"tabtitle\"><strong>K\u00e9miai \u00e9s bioanalitikai<\/strong><\/h2>\n<div class=\"tabcontent\">\n\n<p>A) Kutat\u00f3csoportunk hum\u00e1n sz\u00e9rum glikoproteinek (pl. alfa-1-savany\u00fa glikoprotein) biomarker jelleg\u00e9nek vizsg\u00e1lat\u00e1val foglalkozik b\u0151rgy\u00f3gy\u00e1szati k\u00f3rk\u00e9pekben, els\u0151sorban malignus melanom\u00e1ban, mely betegs\u00e9gnek jelenleg nincs megb\u00edzhat\u00f3 sz\u0171r\u00e9si vagy diagnosztikus c\u00e9l\u00fa sz\u00e9rum, ill. vizelet-biomarkere. Vizsg\u00e1lataink mag\u00e1ban foglalj\u00e1k az AGP sz\u00e9rumkoncentr\u00e1ci\u00f3j\u00e1nak \u00e9s glikozil\u00e1ci\u00f3s mint\u00e1zat\u00e1nak folyad\u00e9kkromatogr\u00e1fi\u00e1val kapcsolt t\u00f6megspektrometria alap\u00fa anal\u00edzis\u00e9t, valamint a glikoprotein vizeletb\u0151l t\u00f6rt\u00e9n\u0151 kinyer\u00e9s\u00e9nek lehet\u0151s\u00e9geit. A vizsg\u00e1latokat a SE B\u0151r-, Nemik\u00f3rtani \u00e9s B\u0151ronkol\u00f3giai Klinika munkat\u00e1rsaival k\u00f6z\u00f6sen ind\u00edtott transzl\u00e1ci\u00f3s kutat\u00e1si projektben v\u00e9gezz\u00fck.<\/p>\n<p>B) A biotechnol\u00f3gia \u00e1ltal el\u0151\u00e1ll\u00edtott biol\u00f3giai term\u00e9kek ter\u00e1pi\u00e1s \u00e9s piaci szerepe manaps\u00e1g egyre n\u0151, azonban ezeknek az \u00f6sszetett feh\u00e9rjet\u00edpus\u00fa molekul\u00e1knak a min\u0151s\u00e9gbiztos\u00edt\u00e1si \u00e9s stabilit\u00e1si vizsg\u00e1lata megk\u00f6veteli szerkezet\u00fck \u00e9s m\u0171k\u00f6d\u00e9s\u00fck \u00f6sszef\u00fcgg\u00e9seinek sz\u00e9les k\u00f6r\u0171 ismeret\u00e9t, hogy megfelel\u0151en hat\u00e9kony \u00e9s biztons\u00e1gos gy\u00f3gyszerek j\u00f6hessenek l\u00e9tre. A kutat\u00e1si projektben egy enzimfeh\u00e9rje szerkezet\u00e9nek \u00e9s k\u00fcls\u0151 hat\u00e1sok induk\u00e1lta szerkezet-hat\u00e1s v\u00e1ltoz\u00e1sait vizsg\u00e1ljuk, amelyhez komplex, ortogon\u00e1lis analitikai m\u00f3dszer egy\u00fcttest fejleszt\u00fcnk. A m\u00f3dszereket alkalmazzuk feh\u00e9rje seg\u00e9danyag tartalm\u00fa komplex gy\u00f3gyszerhordoz\u00f3 rendszerek formul\u00e1l\u00e1s\u00e1nak kifejleszt\u00e9s\u00e9ben is.<\/p>\n<p>C) A kutat\u00f3csoport farmakokinetikai\/metabolit kutat\u00e1sokhoz \u00e9s gy\u00f3gyszertechnol\u00f3giai fejleszt\u00e9sekhez analitikai m\u00f3dszereket fejleszt min\u0151s\u00e9gi \u00e9s mennyis\u00e9gi meghat\u00e1roz\u00e1sokhoz.<\/p>\n<div class=\"keretes w-100\">\n<p>Kutat\u00f3csoport vezet\u0151: Dr. Lud\u00e1nyi Krisztina<br \/>\nMunkat\u00e1rsak: Dalmadin\u00e9 Dr. Kiss Borb\u00e1la, Dr. Kir\u00e1ly M\u00e1rton<br \/>\nA kutat\u00f3csoportban 3 TDK hallgat\u00f3 dolgozik.<\/p>\n<\/div>\n<p><strong>Elnyert p\u00e1ly\u00e1zatok:<\/strong><\/p>\n<ul>\n<li>TKP2021-EGA-24 (MOLORKIV) T\u00e9mater\u00fcleti Kiv\u00e1l\u00f3s\u00e1gi P\u00e1ly\u00e1zat, Dr. Lud\u00e1nyi Krisztina munkacsoport vezet\u0151 (Dr. Arash Mirzahosseinnel k\u00f6z\u00f6sen Gy\u00f3gyszer\u00e9szi K\u00e9mia Int\u00e9zet, 2021-)<\/li>\n<li>Fels\u0151oktat\u00e1si Int\u00e9zm\u00e9nyi Kiv\u00e1l\u00f3s\u00e1gi Program P\u00e1ly\u00e1zat (FIKP Molekul\u00e1ris Biol\u00f3gia t\u00e9mater\u00fclet) Dr. Lud\u00e1nyi Krisztina munkacsoport vezet\u0151 (Dr. Arash Mirzahosseinnel k\u00f6z\u00f6sen, Gy\u00f3gyszer\u00e9szi K\u00e9mia Int\u00e9zet, 2018\u20132021)<\/li>\n<li>OTKA 138407 ARRS LEAD AGENCY Szlov\u00e9n-Magyar konzorciumi p\u00e1ly\u00e1zat: Trombocita- \u00e9s extracellul\u00e1ris vezikula-d\u00fas\u00edtott autol\u00f3g plazma optim\u00e1l\u00e1sa kr\u00f3nikus \u00e9s posztoperat\u00edv sebek otorinolaringol\u00f3giai kezel\u00e9s\u00e9re (Dr. Schlosser Gitta, ELTE K\u00e9miai Int\u00e9zet, 2021\u20132024)<\/li>\n<li>OKTA 131762 Az \u00fctk\u00f6z\u00e9s aktiv\u00e1lt disszoci\u00e1ci\u00f3 (CID) elm\u00e9lete \u00e9s gyakorlati alkalmaz\u00e1sai (Dr. Drahos L\u00e1szl\u00f3, ELKH TTK Szerves K\u00e9miai Int\u00e9zet, 2019-2024)<\/li>\n<li>Dr. Vir\u00e1g D\u00e1vid \u00daNKP p\u00e1ly\u00e1zatok (2020\/21, 2022\/23)<\/li>\n<\/ul>\n\n<\/div><h2 class=\"tabtitle\"><strong>Publik\u00e1ci\u00f3k<\/strong><\/h2>\n<div class=\"tabcontent\">\n\n<p><a href=\"https:\/\/link.springer.com\/article\/10.1007\/s10337-019-03796-9\">Vir\u00e1g D, Dalmadi\u2010Kiss B, V\u00e9key K, Drahos L, Klebovich I, Antal I, Lud\u00e1nyi K., Current Trends in the Analysis of Post\u2010translational Modifications, Chromatographia, 83: 1-10.\u00a0(2022)<\/a><\/p>\n<p><a href=\"https:\/\/www.mdpi.com\/1420-3049\/26\/19\/6003\">Vir\u00e1g D, Kremmer T, L\u0151rincz K, Kiss N, Jobb\u00e1gy A, Bozs\u00e1nyi S, Guly\u00e1s L, Wikonk\u00e1l N, Schlosser G, Borb\u00e9ly A, Huba Z, Dalmadi Kiss B, Antal I, Lud\u00e1nyi K. (2021) Altered Glycosylation of Human Alpha-1-acid Glycoprotein as a Biomarker for Malignant Melanoma, Molecules <em>26<\/em>(19), 6003 (2021)<\/a><\/p>\n<p><a href=\"https:\/\/www.sciencedirect.com\/science\/article\/pii\/S2215017X21000539\">Kir\u00e1ly, M\u00e1rton ; Dalmadi Kiss, Borb\u00e1la ; Horv\u00e1th, P\u00e9ter ; Drahos, L\u00e1szl\u00f3 ; Mirzahosseini, Arash ; P\u00e1lfy, Gyula ; Antal, Istv\u00e1n ; Lud\u00e1nyi, Krisztina, Investigating thermal stability based on the structural changes of lactase enzyme by several orthogonal methods, Biotechnology Reports 30 Paper: e00637 , 10 p. (2021)<\/a><\/p>\n<p><a href=\"https:\/\/www.mdpi.com\/2227-9059\/9\/7\/737\">P\u00e1pay, Zs\u00f3fia Edit ; Magramane, Sabrina ; Kir\u00e1ly, M\u00e1rton ; Szalkai, Petra ; Lud\u00e1nyi, Krisztina ; Horv\u00e1th, P\u00e9ter ; Antal, Istv\u00e1n, Optimization and Development of Albumin\u2013Biopolymer Bioconjugates with Solubility-Improving Properties, Biomedicines 9 : 7 Paper: 737 , 21 p. (2021)<\/a><\/p>\n<p><a href=\"https:\/\/www.mdpi.com\/1999-4923\/14\/4\/769\">Kir\u00e1ly, M\u00e1rton ; S\u00e1ntha, Konr\u00e1d ; K\u00e1llai-Szab\u00f3, Barnab\u00e1s ; Pencz, Kriszta Mariann ; Lud\u00e1nyi, Krisztina; K\u00e1llai-Szab\u00f3, Nikolett; Antal, Istv\u00e1n, Development and Dissolution Study of a \u03b2-Galactosidase Containing Drinking Straw, Pharmaceutics 14 : 4 Paper: 769 , 15 p. (2022)<\/a><\/p>\n<p><a href=\"https:\/\/pubmed.ncbi.nlm.nih.gov\/31851908\/\">Vir\u00e1g D, Kir\u00e1ly M, Drahos L, \u00c9des AE, Gecse K, Bagdy G, Juh\u00e1sz G, Antal I, Klebovich I, Dalmadi Kiss B, Lud\u00e1nyi K. (2020) Development, validation and application of LC\u2013MS\/MS method for quantification of amino acids, kynurenine and serotonin in human plasma. J. Pharm. Biomed. Anal., 180: 113018.<\/a><\/p>\n<\/div><\/div>\n","protected":false},"excerpt":{"rendered":"<p>A Kutat\u00e1s-fejleszt\u00e9s ter\u00e9n els\u0151sorban a gy\u00f3gyszerforma-tervez\u00e9s technol\u00f3giai- \u00e9s biofarm\u00e1ciai-, farmakokinetikai t\u00e9m\u00e1i \u00e1llnak k\u00f6z\u00e9ppontban: m\u00f3dos\u00edtott \u00e9s szab\u00e1lyozott hat\u00f3anyag-lead\u00e1s\u00fa gy\u00f3gyszerform\u00e1k hat\u00f3anyag-lead\u00e1s in vitro- \u00e9s in vivo \u00f6sszef\u00fcgg\u00e9sei old\u00f3d\u00e1s \u00e9s felsz\u00edv\u00f3d\u00e1s el\u0151seg\u00edt\u00e9s farmakokinetikai \u00e9s bioanalitikai vizsg\u00e1latok in vitro \u00e9s in vivo \u00e9telinterakci\u00f3s vizsg\u00e1latok gy\u00f3gyszertechnol\u00f3giai m\u0171veletek \u00e9s elj\u00e1r\u00e1sok optimaliz\u00e1l\u00e1sa gy\u00f3gyszeranyagok fizikai-k\u00e9miai tulajdons\u00e1gainak jellemz\u00e9se gy\u00f3gyszer\u00e9szeti seg\u00e9danyagok alkalmaz\u00e1si lehet\u0151s\u00e9geinek tanulm\u00e1nyoz\u00e1sa multipartikul\u00e1ris &hellip;<\/p>\n","protected":false},"author":8,"featured_media":0,"parent":0,"menu_order":3,"comment_status":"open","ping_status":"open","template":"template-fullwidth.php","meta":{"_acf_changed":false,"footnotes":""},"categories":[],"tags":[],"class_list":["post-12","page","type-page","status-publish","hentry"],"acf":[],"_links":{"self":[{"href":"https:\/\/semmelweis.hu\/gyogyszereszeti-intezet\/wp-json\/wp\/v2\/pages\/12","targetHints":{"allow":["GET"]}}],"collection":[{"href":"https:\/\/semmelweis.hu\/gyogyszereszeti-intezet\/wp-json\/wp\/v2\/pages"}],"about":[{"href":"https:\/\/semmelweis.hu\/gyogyszereszeti-intezet\/wp-json\/wp\/v2\/types\/page"}],"author":[{"embeddable":true,"href":"https:\/\/semmelweis.hu\/gyogyszereszeti-intezet\/wp-json\/wp\/v2\/users\/8"}],"replies":[{"embeddable":true,"href":"https:\/\/semmelweis.hu\/gyogyszereszeti-intezet\/wp-json\/wp\/v2\/comments?post=12"}],"version-history":[{"count":10,"href":"https:\/\/semmelweis.hu\/gyogyszereszeti-intezet\/wp-json\/wp\/v2\/pages\/12\/revisions"}],"predecessor-version":[{"id":1762,"href":"https:\/\/semmelweis.hu\/gyogyszereszeti-intezet\/wp-json\/wp\/v2\/pages\/12\/revisions\/1762"}],"wp:attachment":[{"href":"https:\/\/semmelweis.hu\/gyogyszereszeti-intezet\/wp-json\/wp\/v2\/media?parent=12"}],"wp:term":[{"taxonomy":"category","embeddable":true,"href":"https:\/\/semmelweis.hu\/gyogyszereszeti-intezet\/wp-json\/wp\/v2\/categories?post=12"},{"taxonomy":"post_tag","embeddable":true,"href":"https:\/\/semmelweis.hu\/gyogyszereszeti-intezet\/wp-json\/wp\/v2\/tags?post=12"}],"curies":[{"name":"wp","href":"https:\/\/api.w.org\/{rel}","templated":true}]}}