{"id":10,"date":"2012-06-19T06:52:36","date_gmt":"2012-06-19T06:52:36","guid":{"rendered":"http:\/\/semmelweis-egyetem.hu\/gyogyszereszeti-intezet\/?page_id=10"},"modified":"2022-10-25T11:45:53","modified_gmt":"2022-10-25T09:45:53","slug":"szabadon-valaszthato-targyak","status":"publish","type":"page","link":"https:\/\/semmelweis.hu\/gyogyszereszeti-intezet\/oktatas\/szabadon-valaszthato-targyak\/","title":{"rendered":"Szabadon v\u00e1laszthat\u00f3 tant\u00e1rgyak"},"content":{"rendered":"<ul>\n<li><a href=\"https:\/\/semmelweis.hu\/gyogyszereszeti-intezet\/oktatas\/kotelezoen-valaszthato-targyak-specialkollegiumok\/allatgyogyaszati-ismeretek\/\">\u00c1llatgy\u00f3gy\u00e1szati k\u00e9sz\u00edtm\u00e9nyek<\/a><em><span style=\"color: #ff0000\"><br \/>\n<\/span><\/em><\/li>\n<li><a href=\"https:\/\/semmelweis.hu\/gyogyszereszeti-intezet\/oktatas\/kotelezoen-valaszthato-targyak-specialkollegiumok\/bioanalitikai-modszerek-a-farmakokinetikaban\/\">Bioanalitikai m\u00f3dszerek a farmakokinetik\u00e1ban<\/a><\/li>\n<li><a href=\"https:\/\/semmelweis.hu\/gyogyszereszeti-intezet\/oktatas\/kotelezoen-valaszthato-targyak-specialkollegiumok\/gyogyszeripari-gyakorlat\/\">Gy\u00f3gyszeripari gyakorlat<\/a>\u00a0<\/li>\n<li><a href=\"https:\/\/semmelweis.hu\/gyogyszereszeti-intezet\/oktatas\/kotelezoen-valaszthato-targyak-specialkollegiumok\/ipari-gyogyszertechnologia-i-ii\/\">Ipari gy\u00f3gyszertechnol\u00f3gia I-II.<\/a><\/li>\n<li><a href=\"https:\/\/semmelweis.hu\/gyogyszereszeti-intezet\/oktatas\/kotelezoen-valaszthato-targyak-specialkollegiumok\/betegkozpontu-hatoanyag-felszabadito-rendszerek\/\">Betegk\u00f6zpont\u00fa hat\u00f3anyag-felszabad\u00edt\u00f3 rendszerek<\/a><\/li>\n<li><a href=\"https:\/\/semmelweis.hu\/gyogyszereszeti-intezet\/oktatas\/kotelezoen-valaszthato-targyak-specialkollegiumok\/feherjek-analitikai-vizsgalati-modszerei\/\">Feh\u00e9rj\u00e9k analitikai vizsg\u00e1lati m\u00f3dszerei<\/a><\/li>\n<li><a href=\"https:\/\/semmelweis.hu\/gyogyszereszeti-intezet\/oktatas\/kotelezoen-valaszthato-targyak-specialkollegiumok\/gyogyszerinnovacio-es-engedelyezes\/\">Gy\u00f3gyszerinnov\u00e1ci\u00f3 \u00e9s Enged\u00e9lyez\u00e9s <\/a><\/li>\n<li><a href=\"https:\/\/semmelweis.hu\/gyogyszereszeti-intezet\/oktatas\/kotelezoen-valaszthato-targyak-specialkollegiumok\/gyogyszeripar-a-z\/\">Gy\u00f3gyszeripar A-Z<\/a><\/li>\n<li><a href=\"https:\/\/semmelweis.hu\/gyogyszereszeti-intezet\/oktatas\/kotelezoen-valaszthato-targyak-specialkollegiumok\/gyogyszertari-gyogyszerkeszites\/\">Gy\u00f3gyszert\u00e1ri gy\u00f3gyszerk\u00e9sz\u00edt\u00e9s <\/a><\/li>\n<\/ul>\n<p>&nbsp;<\/p>\n","protected":false},"excerpt":{"rendered":"<p><a href=\"https:\/\/semmelweis.hu\/gyogyszereszeti-intezet\/oktatas\/kotelezoen-valaszthato-targyak-specialkollegiumok\/allatgyogyaszati-ismeretek\/\">\u00c1llatgy\u00f3gy\u00e1szati k\u00e9sz\u00edtm\u00e9nyek<\/a><\/p>\n<p><a href=\"https:\/\/semmelweis.hu\/gyogyszereszeti-intezet\/oktatas\/kotelezoen-valaszthato-targyak-specialkollegiumok\/bioanalitikai-modszerek-a-farmakokinetikaban\/\">Bioanalitikai m\u00f3dszerek a farmakokinetik\u00e1ban<\/a><br \/>\n<a href=\"https:\/\/semmelweis.hu\/gyogyszereszeti-intezet\/oktatas\/kotelezoen-valaszthato-targyak-specialkollegiumok\/gyogyszeripari-gyakorlat\/\">Gy\u00f3gyszeripari gyakorlat<\/a>\u00a0<br \/>\n<a href=\"https:\/\/semmelweis.hu\/gyogyszereszeti-intezet\/oktatas\/kotelezoen-valaszthato-targyak-specialkollegiumok\/ipari-gyogyszertechnologia-i-ii\/\">Ipari gy\u00f3gyszertechnol\u00f3gia I-II.<\/a><br \/>\n<a href=\"https:\/\/semmelweis.hu\/gyogyszereszeti-intezet\/oktatas\/kotelezoen-valaszthato-targyak-specialkollegiumok\/betegkozpontu-hatoanyag-felszabadito-rendszerek\/\">Betegk\u00f6zpont\u00fa hat\u00f3anyag-felszabad\u00edt\u00f3 rendszerek<\/a><br \/>\n<a href=\"https:\/\/semmelweis.hu\/gyogyszereszeti-intezet\/oktatas\/kotelezoen-valaszthato-targyak-specialkollegiumok\/feherjek-analitikai-vizsgalati-modszerei\/\">Feh\u00e9rj\u00e9k analitikai vizsg\u00e1lati m\u00f3dszerei<\/a><br \/>\n<a href=\"https:\/\/semmelweis.hu\/gyogyszereszeti-intezet\/oktatas\/kotelezoen-valaszthato-targyak-specialkollegiumok\/gyogyszerinnovacio-es-engedelyezes\/\">Gy\u00f3gyszerinnov\u00e1ci\u00f3 \u00e9s Enged\u00e9lyez\u00e9s <\/a><br \/>\n<a href=\"https:\/\/semmelweis.hu\/gyogyszereszeti-intezet\/oktatas\/kotelezoen-valaszthato-targyak-specialkollegiumok\/gyogyszeripar-a-z\/\">Gy\u00f3gyszeripar A-Z<\/a><br \/>\n<a href=\"https:\/\/semmelweis.hu\/gyogyszereszeti-intezet\/oktatas\/kotelezoen-valaszthato-targyak-specialkollegiumok\/gyogyszertari-gyogyszerkeszites\/\">Gy\u00f3gyszert\u00e1ri gy\u00f3gyszerk\u00e9sz\u00edt\u00e9s <\/a><\/p>\n<p>&nbsp;<\/p>\n","protected":false},"author":8,"featured_media":0,"parent":7,"menu_order":11,"comment_status":"closed","ping_status":"closed","template":"","meta":{"_acf_changed":false,"footnotes":""},"categories":[],"tags":[],"class_list":["post-10","page","type-page","status-publish","hentry"],"acf":[],"_links":{"self":[{"href":"https:\/\/semmelweis.hu\/gyogyszereszeti-intezet\/wp-json\/wp\/v2\/pages\/10","targetHints":{"allow":["GET"]}}],"collection":[{"href":"https:\/\/semmelweis.hu\/gyogyszereszeti-intezet\/wp-json\/wp\/v2\/pages"}],"about":[{"href":"https:\/\/semmelweis.hu\/gyogyszereszeti-intezet\/wp-json\/wp\/v2\/types\/page"}],"author":[{"embeddable":true,"href":"https:\/\/semmelweis.hu\/gyogyszereszeti-intezet\/wp-json\/wp\/v2\/users\/8"}],"replies":[{"embeddable":true,"href":"https:\/\/semmelweis.hu\/gyogyszereszeti-intezet\/wp-json\/wp\/v2\/comments?post=10"}],"version-history":[{"count":10,"href":"https:\/\/semmelweis.hu\/gyogyszereszeti-intezet\/wp-json\/wp\/v2\/pages\/10\/revisions"}],"predecessor-version":[{"id":1493,"href":"https:\/\/semmelweis.hu\/gyogyszereszeti-intezet\/wp-json\/wp\/v2\/pages\/10\/revisions\/1493"}],"up":[{"embeddable":true,"href":"https:\/\/semmelweis.hu\/gyogyszereszeti-intezet\/wp-json\/wp\/v2\/pages\/7"}],"wp:attachment":[{"href":"https:\/\/semmelweis.hu\/gyogyszereszeti-intezet\/wp-json\/wp\/v2\/media?parent=10"}],"wp:term":[{"taxonomy":"category","embeddable":true,"href":"https:\/\/semmelweis.hu\/gyogyszereszeti-intezet\/wp-json\/wp\/v2\/categories?post=10"},{"taxonomy":"post_tag","embeddable":true,"href":"https:\/\/semmelweis.hu\/gyogyszereszeti-intezet\/wp-json\/wp\/v2\/tags?post=10"}],"curies":[{"name":"wp","href":"https:\/\/api.w.org\/{rel}","templated":true}]}}