{"id":11,"date":"2023-01-18T11:19:49","date_gmt":"2023-01-18T10:19:49","guid":{"rendered":"https:\/\/semmelweis.hu\/gyermekklinika\/?page_id=11"},"modified":"2025-10-08T13:11:23","modified_gmt":"2025-10-08T11:11:23","slug":"igazgatoi-koszonto","status":"publish","type":"page","link":"https:\/\/semmelweis.hu\/gyermekklinika\/igazgatoi-koszonto\/","title":{"rendered":"Igazgat\u00f3i k\u00f6sz\u00f6nt\u0151"},"content":{"rendered":"<blockquote>\n<p>Nem tudom mi a sorsod, de egy dolgot tudok: csak azok lesznek igaz\u00e1n boldogok, akik kerest\u00e9k \u00e9s megtal\u00e1lt\u00e1k hogyan lehet m\u00e1sokat szolg\u00e1lni.\u201d\u00a0<span style=\"font-size: 14pt;\">Albert Schweitzer<\/span><\/p>\n<\/blockquote>\n<p><img loading=\"lazy\" decoding=\"async\" class=\"alignright  wp-image-13\" src=\"https:\/\/semmelweis.hu\/gyermekklinika\/files\/2023\/01\/szabo.attila.portre-276x400.jpg\" alt=\"\" width=\"272\" height=\"394\" srcset=\"https:\/\/semmelweis.hu\/gyermekklinika\/files\/2023\/01\/szabo.attila.portre-276x400.jpg 276w, https:\/\/semmelweis.hu\/gyermekklinika\/files\/2023\/01\/szabo.attila.portre.jpg 518w\" sizes=\"auto, (max-width: 272px) 100vw, 272px\" \/>Tisztelt L\u00e1togat\u00f3nk!<\/p>\n<p><strong>Szeretettel k\u00f6sz\u00f6nt\u00f6m a Gyermekgy\u00f3gy\u00e1szati Klinika minden munkat\u00e1rsa nev\u00e9ben honlapunkon.<\/strong>\u00a0<\/p>\n<p>\u00d6n\u00f6k nemcsak haz\u00e1nk, hanem Eur\u00f3pa egyik leghosszabb m\u00falttal rendelkez\u0151 gyermekgy\u00f3gy\u00e1szati int\u00e9zm\u00e9ny\u00e9nek honlapj\u00e1t l\u00e1togatj\u00e1k meg. A <a href=\"https:\/\/semmelweis.hu\/bokayklinika\/\" target=\"_blank\" rel=\"noopener\"><strong>B\u00f3kay utcai r\u00e9szleg\u00fcnk<\/strong><\/a> 1839-t\u0151l, m\u00edg a <a href=\"https:\/\/semmelweis.hu\/tuzoltoklinika\/\" target=\"_blank\" rel=\"noopener\"><strong>T\u0171zolt\u00f3 utcai r\u00e9szleg\u00fcnk<\/strong><\/a> 1885-t\u0151l fogadja a beteg gyermekeket. A k\u00e9t t\u00f6rt\u00e9nelmi helysz\u00edn <strong>2023. janu\u00e1r 1. \u00f3ta imm\u00e1r egys\u00e9ges Gyermekgy\u00f3gy\u00e1szati Klinikak\u00e9nt<\/strong> v\u00e9gzi h\u00e1rmas feladat\u00e1t, a beteg gyermekek gy\u00f3gy\u00edt\u00e1s\u00e1t, a j\u00f6v\u0151 gener\u00e1ci\u00f3 oktat\u00e1s\u00e1t \u00e9s a gyermekgy\u00f3gy\u00e1szat min\u0151s\u00e9g\u00e9nek jav\u00edt\u00e1s\u00e1t szolg\u00e1l\u00f3 kutat\u00e1st.\u00a0<\/p>\n<p><strong>Sz\u00e1munkra minden gyermek egy csoda, akinek eg\u00e9szs\u00e9g\u00e9nek megtart\u00e1s\u00e1\u00e9rt <\/strong><strong>vagy visszaszerz\u00e9s\u00e9\u00e9rt mindent megtesz\u00fcnk.<\/strong><\/p>\n<p>Betegell\u00e1t\u00e1si tev\u00e9kenys\u00e9g\u00fcnk mellett, az <strong>orvos- \u00e9s eg\u00e9szs\u00e9gtudom\u00e1nyi\u00a0\u00a0hallgat\u00f3k oktat\u00e1s\u00e1t \u00e9s a koll\u00e9g\u00e1k szak- \u00e9s tov\u00e1bbk\u00e9pz\u00e9s\u00e9t<\/strong> is v\u00e9gezz\u00fck. Oktat\u00e1si tev\u00e9kenys\u00e9g\u00fcnk, nemcsak sz\u00e9p, de kiemelten fontos r\u00e9sze munk\u00e1nknak, <strong>h\u00e1rom nyelven<\/strong>, \u00e9vente t\u00f6bb sz\u00e1z hallgat\u00f3t \u00e9s munkat\u00e1rsat k\u00e9pz\u00fcnk a klinik\u00e1n. C\u00e9lunk, hogy <strong>hallgat\u00f3ink a legmagasabb szint\u0171 tud\u00e1st, a leg\u00fajabb ismereteket kapj\u00e1k meg<\/strong> a csecsem\u0151- \u00e9s gyermekgy\u00f3gy\u00e1szat ter\u00fclet\u00e9n, hogy elhivatott, j\u00f3 orvosokk\u00e1 \u00e9s eg\u00e9szs\u00e9g\u00fcgyi szakemberekk\u00e9 v\u00e1ljanak.<\/p>\n<p>Betegell\u00e1t\u00f3 \u00e9s oktat\u00f3 tev\u00e9kenys\u00e9g\u00fcnket er\u0151s\u00edti <strong>nemzetk\u00f6zi szinten is sz\u00e1mottev\u0151 kutat\u00e1si munk\u00e1nk<\/strong>. A kutat\u00e1sokat v\u00e9gz\u0151 koll\u00e9g\u00e1k \u00faj eredm\u00e9nyeivel k\u00f6zvetlen\u00fcl a beteg\u00e1gy mellett szeretn\u00e9nk seg\u00edteni a gyermekek min\u00e9l gyorsabb \u00e9s hat\u00e9konyabb gy\u00f3gyul\u00e1s\u00e1t.<\/p>\n<div class=\"fontos_div\">\n<p>H\u00e1l\u00e1s vagyok, hogy a Semmelweis Egyetem nemzetk\u00f6zi h\u00edr\u0171 Gyermekgy\u00f3gy\u00e1szati Klinik\u00e1j\u00e1nak vezet\u0151jek\u00e9nt k\u00f6sz\u00f6nthetem \u00e9s munkat\u00e1rsaimmal egy\u00fctt vallom, hogy <strong>k\u00f6z\u00f6s c\u00e9lunk a legmagasabb szinten gy\u00f3gy\u00edtani, oktatni \u00e9s kutatni a gyermekek gy\u00f3gy\u00edt\u00e1sa, a j\u00f6v\u0151 gener\u00e1ci\u00f3 eg\u00e9szs\u00e9ge \u00e9rdek\u00e9ben<\/strong>.<\/p>\n<\/div>\n<p>Megtisztel\u0151 bizalmukat, a Gyermekgy\u00f3gy\u00e1szati Klinika m\u0171k\u00f6d\u00e9s\u00e9nek jobb\u00edt\u00e1s\u00e1t c\u00e9lz\u00f3 javaslataikat \u00e9s t\u00e1mogat\u00e1sukat k\u00f6sz\u00f6nj\u00fck \u00e9s \u00f6r\u00f6mmel fogadjuk.<\/p>\n<p style=\"text-align: center;\">Dr. Szab\u00f3 Attila<br \/>\nigazgat\u00f3<\/p>\n","protected":false},"excerpt":{"rendered":"<p><strong><em>Sz\u00e1munkra minden gyermek egy csoda, akinek eg\u00e9szs\u00e9g\u00e9nek megtart\u00e1s\u00e1\u00e9rt vagy visszaszerz\u00e9s\u00e9\u00e9rt mindent megtesz\u00fcnk.<\/em><\/strong><\/p>\n<p>Szeretettel k\u00f6sz\u00f6nt\u00f6m weboldalunkon!<\/p>\n<p>Klinik\u00e1nk nemcsak haz\u00e1nk, hanem Eur\u00f3pa egyik legr\u00e9gibb gyermekgy\u00f3gy\u00e1szati int\u00e9zm\u00e9nye. A <strong>B\u00f3kay utcai r\u00e9szleg\u00fcnk<\/strong> 1839-t\u0151l, m\u00edg a <strong>T\u0171zolt\u00f3 utcai r\u00e9szleg\u00fcnk<\/strong> 1885-t\u0151l fogadja a beteg gyermekeket. A k\u00e9t t\u00f6rt\u00e9nelmi klinika 2023. janu\u00e1r 1. \u00f3ta imm\u00e1r <strong>egys\u00e9ges Gyermekgy\u00f3gy\u00e1szati Klinikak\u00e9nt<\/strong> v\u00e9gzi h\u00e1rmas feladat\u00e1t, a beteg gyermekek gy\u00f3gy\u00edt\u00e1s\u00e1t, a j\u00f6v\u0151 gener\u00e1ci\u00f3 oktat\u00e1s\u00e1t \u00e9s a gyermekgy\u00f3gy\u00e1szat min\u0151s\u00e9g\u00e9nek jav\u00edt\u00e1s\u00e1t szolg\u00e1l\u00f3 kutat\u00e1st.\u00a0<\/p>\n<p>Dr. Szab\u00f3 Attila<br \/>\nigazgat\u00f3<\/p>\n","protected":false},"author":102160,"featured_media":14,"parent":0,"menu_order":1,"comment_status":"closed","ping_status":"closed","template":"","meta":{"_acf_changed":false,"footnotes":""},"categories":[],"tags":[],"class_list":["post-11","page","type-page","status-publish","has-post-thumbnail","hentry"],"acf":[],"_links":{"self":[{"href":"https:\/\/semmelweis.hu\/gyermekklinika\/wp-json\/wp\/v2\/pages\/11","targetHints":{"allow":["GET"]}}],"collection":[{"href":"https:\/\/semmelweis.hu\/gyermekklinika\/wp-json\/wp\/v2\/pages"}],"about":[{"href":"https:\/\/semmelweis.hu\/gyermekklinika\/wp-json\/wp\/v2\/types\/page"}],"author":[{"embeddable":true,"href":"https:\/\/semmelweis.hu\/gyermekklinika\/wp-json\/wp\/v2\/users\/102160"}],"replies":[{"embeddable":true,"href":"https:\/\/semmelweis.hu\/gyermekklinika\/wp-json\/wp\/v2\/comments?post=11"}],"version-history":[{"count":10,"href":"https:\/\/semmelweis.hu\/gyermekklinika\/wp-json\/wp\/v2\/pages\/11\/revisions"}],"predecessor-version":[{"id":59,"href":"https:\/\/semmelweis.hu\/gyermekklinika\/wp-json\/wp\/v2\/pages\/11\/revisions\/59"}],"wp:featuredmedia":[{"embeddable":true,"href":"https:\/\/semmelweis.hu\/gyermekklinika\/wp-json\/wp\/v2\/media\/14"}],"wp:attachment":[{"href":"https:\/\/semmelweis.hu\/gyermekklinika\/wp-json\/wp\/v2\/media?parent=11"}],"wp:term":[{"taxonomy":"category","embeddable":true,"href":"https:\/\/semmelweis.hu\/gyermekklinika\/wp-json\/wp\/v2\/categories?post=11"},{"taxonomy":"post_tag","embeddable":true,"href":"https:\/\/semmelweis.hu\/gyermekklinika\/wp-json\/wp\/v2\/tags?post=11"}],"curies":[{"name":"wp","href":"https:\/\/api.w.org\/{rel}","templated":true}]}}