{"id":999,"date":"2015-05-11T10:45:58","date_gmt":"2015-05-11T08:45:58","guid":{"rendered":"http:\/\/semmelweis.hu\/gyermekfogaszat\/?page_id=999"},"modified":"2024-09-06T14:00:29","modified_gmt":"2024-09-06T12:00:29","slug":"topics-for-the-orthodontics-board-exam","status":"publish","type":"page","link":"https:\/\/semmelweis.hu\/gyermekfogaszat\/english\/topics-for-the-orthodontics-board-exam\/","title":{"rendered":"Topics for the Board Exam"},"content":{"rendered":"<p><strong><a href=\"https:\/\/semmelweis.hu\/gyermekfogaszat\/files\/2018\/01\/Ortho-Board-exam-teljes-fogszab-szakvizsga-t\u00e9mak\u00f6r\u00f6k.pdf\" target=\"_blank\" rel=\"noopener noreferrer\"><span style=\"color: #000000\">Orthodontics<\/span><\/a><\/strong><\/p>\n<ul style=\"list-style-type: square\">\n<li><span style=\"color: #000000\"><a href=\"https:\/\/semmelweis.hu\/gyermekfogaszat\/files\/2018\/02\/Topics-for-the-Paediatric-Dentistry-Board-Exam_gyfog-t\u00e9mak\u00f6r\u00f6k.pdf\" target=\"_blank\" rel=\"noopener noreferrer\">Paediatric dentistry<\/a><\/span><\/li>\n<li><span style=\"color: #000000\"><a href=\"https:\/\/semmelweis.hu\/gyermekfogaszat\/files\/2018\/01\/curricula-2018.pdf\" target=\"_blank\" rel=\"noopener noreferrer\">Three-year Postgraduate Program in Orthodontics &#8211; Curricula<\/a><\/span><\/li>\n<li><span style=\"color: #000000\"><a href=\"https:\/\/semmelweis.hu\/gyermekfogaszat\/files\/2018\/02\/Requirements-for-the-board-exam-in-paediatric-dentistry.pdf\" target=\"_blank\" rel=\"noopener noreferrer\">Requirements for the board exam in paediatric dentistry<\/a><\/span><\/li>\n<li><a href=\"https:\/\/semmelweis.hu\/gyermekfogaszat\/files\/2018\/04\/One-year-postgraduate-program-Orthodontics.pdf\" target=\"_blank\" rel=\"noopener noreferrer\">One-year Postgraduate Program in Orthodontics<\/a><\/li>\n<\/ul>\n<p>&nbsp;<\/p>\n","protected":false},"excerpt":{"rendered":"<p><a href=\"https:\/\/semmelweis.hu\/gyermekfogaszat\/files\/2018\/01\/Ortho-Board-exam-teljes-fogszab-szakvizsga-t\u00e9mak\u00f6r\u00f6k.pdf\" target=\"_blank\" rel=\"noopener noreferrer\">Orthodontics<\/a><\/p>\n<p><a href=\"https:\/\/semmelweis.hu\/gyermekfogaszat\/files\/2018\/02\/Topics-for-the-Paediatric-Dentistry-Board-Exam_gyfog-t\u00e9mak\u00f6r\u00f6k.pdf\" target=\"_blank\" rel=\"noopener noreferrer\">Paediatric dentistry<\/a><br \/>\n<a href=\"https:\/\/semmelweis.hu\/gyermekfogaszat\/files\/2018\/01\/curricula-2018.pdf\" target=\"_blank\" rel=\"noopener noreferrer\">Three-year Postgraduate Program in Orthodontics &#8211; Curricula<\/a><br \/>\n<a href=\"https:\/\/semmelweis.hu\/gyermekfogaszat\/files\/2018\/02\/Requirements-for-the-board-exam-in-paediatric-dentistry.pdf\" target=\"_blank\" rel=\"noopener noreferrer\">Requirements for the board exam in paediatric dentistry<\/a><br \/>\n<a href=\"https:\/\/semmelweis.hu\/gyermekfogaszat\/files\/2018\/04\/One-year-postgraduate-program-Orthodontics.pdf\" target=\"_blank\" rel=\"noopener noreferrer\">One-year Postgraduate Program in Orthodontics<\/a><\/p>\n<p>&nbsp;<\/p>\n","protected":false},"author":102206,"featured_media":0,"parent":460,"menu_order":4,"comment_status":"closed","ping_status":"closed","template":"","meta":{"_acf_changed":false,"footnotes":""},"categories":[],"tags":[],"class_list":["post-999","page","type-page","status-publish","hentry"],"acf":[],"_links":{"self":[{"href":"https:\/\/semmelweis.hu\/gyermekfogaszat\/wp-json\/wp\/v2\/pages\/999","targetHints":{"allow":["GET"]}}],"collection":[{"href":"https:\/\/semmelweis.hu\/gyermekfogaszat\/wp-json\/wp\/v2\/pages"}],"about":[{"href":"https:\/\/semmelweis.hu\/gyermekfogaszat\/wp-json\/wp\/v2\/types\/page"}],"author":[{"embeddable":true,"href":"https:\/\/semmelweis.hu\/gyermekfogaszat\/wp-json\/wp\/v2\/users\/102206"}],"replies":[{"embeddable":true,"href":"https:\/\/semmelweis.hu\/gyermekfogaszat\/wp-json\/wp\/v2\/comments?post=999"}],"version-history":[{"count":10,"href":"https:\/\/semmelweis.hu\/gyermekfogaszat\/wp-json\/wp\/v2\/pages\/999\/revisions"}],"predecessor-version":[{"id":2237,"href":"https:\/\/semmelweis.hu\/gyermekfogaszat\/wp-json\/wp\/v2\/pages\/999\/revisions\/2237"}],"up":[{"embeddable":true,"href":"https:\/\/semmelweis.hu\/gyermekfogaszat\/wp-json\/wp\/v2\/pages\/460"}],"wp:attachment":[{"href":"https:\/\/semmelweis.hu\/gyermekfogaszat\/wp-json\/wp\/v2\/media?parent=999"}],"wp:term":[{"taxonomy":"category","embeddable":true,"href":"https:\/\/semmelweis.hu\/gyermekfogaszat\/wp-json\/wp\/v2\/categories?post=999"},{"taxonomy":"post_tag","embeddable":true,"href":"https:\/\/semmelweis.hu\/gyermekfogaszat\/wp-json\/wp\/v2\/tags?post=999"}],"curies":[{"name":"wp","href":"https:\/\/api.w.org\/{rel}","templated":true}]}}