{"id":8,"date":"2012-01-26T14:17:38","date_gmt":"2012-01-26T14:17:38","guid":{"rendered":"http:\/\/semmelweis-egyetem.hu\/gyermekfogaszat\/?page_id=8"},"modified":"2026-02-26T11:11:27","modified_gmt":"2026-02-26T10:11:27","slug":"meghirdetett-tdk-temak","status":"publish","type":"page","link":"https:\/\/semmelweis.hu\/gyermekfogaszat\/kutatas\/meghirdetett-tdk-temak\/","title":{"rendered":"TDK-t\u00e9m\u00e1k"},"content":{"rendered":"<p><strong>T\u00e1j\u00e9koztatjuk a hallgat\u00f3kat, hogy a TDK lehet\u0151s\u00e9ge 3. \u00e9s 4. \u00e9ves hallgat\u00f3k sz\u00e1m\u00e1ra nyitott, akik a TDK konferenci\u00e1n el\u0151adj\u00e1k t\u00e9m\u00e1jukat.<\/strong><\/p>\n<p><strong>5. \u00e9vfolyamos hallgat\u00f3kat a Klinika csak abban az esetben vesz \u00e1t, ha m\u00e1r megkezdett kutat\u00e1si t\u00e9m\u00e1val rendelkeznek, aminek profilja a Klinika kutat\u00e1si t\u00e9m\u00e1inak profilj\u00e1val egyezik ill. beilleszthet\u0151.<\/strong><\/p>\n<p>&nbsp;<\/p>\n<p>TDK t\u00e9m\u00e1k:<\/p>\n<table style=\"border-collapse: collapse;width: 100%;height: 989px\">\n<tbody>\n<tr style=\"height: 122px\">\n<td style=\"width: 33.3333%;height: 122px\">A 3D nyomtatott orthodontiai sablonok \u00e1tviteli pontoss\u00e1g\u00e1nak in vivo vizsg\u00e1lata<\/td>\n<td class=\"xl16\" style=\"width: 33.2891%;height: 122px\" width=\"296\" height=\"41\">Dr. R\u00f3zsa No\u00e9mi Katinka Ph.D., Dr. Szegedi Levente, Dr. Kreuter Patrik<\/td>\n<td class=\"xl17\" style=\"width: 33.2891%;height: 122px\" width=\"166\" height=\"41\">Erd\u00e9lyi Csilla<\/td>\n<\/tr>\n<tr style=\"height: 92px\">\n<td style=\"width: 33.3333%;height: 92px\">\u00c1ltal\u00e1nos \u00e9rz\u00e9stelen\u00edt\u00e9sben v\u00e9gzett gyermekfog\u00e1szati beavatkoz\u00e1sok<\/td>\n<td class=\"xl16\" style=\"width: 33.2891%;height: 92px\" width=\"296\" height=\"39\">Dr. R\u00f3zsa No\u00e9mi Katinka Ph.D., Dr. Szab\u00f3 Violetta Erzs\u00e9bet<\/td>\n<td class=\"xl17\" style=\"width: 33.2891%;height: 92px\" width=\"166\" height=\"39\">Szab\u00f3 Szonja<\/td>\n<\/tr>\n<tr style=\"height: 92px\">\n<td style=\"width: 33.3333%;height: 92px\">Orthognath m\u0171t\u00e9tek funkcion\u00e1lis hat\u00e1sainak vizsg\u00e1lata<\/td>\n<td class=\"xl16\" style=\"width: 33.2891%;height: 92px\" width=\"296\" height=\"39\">Dr. R\u00f3zsa No\u00e9mi Katinka Ph.D., Dr. L\u0151rincz Gergely<\/td>\n<td class=\"xl17\" style=\"width: 33.2891%;height: 92px\" width=\"166\" height=\"39\">Eyassu S\u00e1ra<\/td>\n<\/tr>\n<tr style=\"height: 67px\">\n<td style=\"width: 33.3333%;height: 67px\">V\u00edrusinfekci\u00f3k sz\u00e1j\u00fcregi manifeszt\u00e1ci\u00f3i<\/td>\n<td class=\"xl17\" style=\"width: 33.2891%;height: 67px\" width=\"296\" height=\"20\">Dr. Balaton Gergely Ph.D., Dr. M\u00f3zes Ad\u00e9l<\/td>\n<td class=\"xl17\" style=\"width: 33.2891%;height: 67px\" width=\"166\" height=\"20\">Pog\u00e1ny Lilla, Komondi Kata<\/td>\n<\/tr>\n<tr style=\"height: 62px\">\n<td style=\"width: 33.3333%;height: 62px\">Fiatalkori rossz szok\u00e1sok fog\u00e1szati vonatkoz\u00e1sai<\/td>\n<td class=\"xl16\" style=\"width: 33.2891%;height: 62px\" width=\"296\" height=\"20\">Dr. Balaton Gergely Ph.D., Dr. Simon Istv\u00e1n<\/td>\n<td class=\"xl17\" style=\"width: 33.2891%;height: 62px\" width=\"166\" height=\"20\">B\u00e9res Anna<\/td>\n<\/tr>\n<tr style=\"height: 32px\">\n<td style=\"width: 33.3333%;height: 32px\">A fogtorl\u00f3d\u00e1s klinikai, eszt\u00e9tikai \u00e9s pszichoszoci\u00e1lis vonatkoz\u00e1saink vizsg\u00e1lata<\/td>\n<td style=\"width: 33.2891%;height: 32px\" width=\"296\" height=\"20\">Dr. R\u00f3zsa No\u00e9mi Katinka Ph.D., Dr. Heckenast Lili<\/td>\n<td style=\"width: 33.2891%;height: 32px\">Csofcsics Vir\u00e1g, Lakatos Apolka Anna<\/td>\n<\/tr>\n<tr style=\"height: 62px\">\n<td style=\"width: 33.3333%;height: 62px\">A szkelet\u00e1lis elt\u00e9r\u00e9sek kezel\u00e9se az aligner technik\u00e1val<\/td>\n<td style=\"width: 33.2891%;height: 62px\">Dr. Felkai Tam\u00e1s Ph.D.<\/td>\n<td style=\"width: 33.2891%;height: 62px\">Siwen Yang<\/td>\n<\/tr>\n<tr style=\"height: 92px\">\n<td style=\"width: 33.3333%;height: 92px\">Orthognath m\u0171t\u00e9tek \u00e1llkapocs\u00edz\u00fcletet \u00e9rint\u0151 hat\u00e1sainak vizsg\u00e1lata<\/td>\n<td style=\"width: 33.2891%;height: 92px\">Dr. L\u0151rincz Gergely, Dr. Nemes B\u00e1lint Ph.D.<\/td>\n<td style=\"width: 33.2891%;height: 92px\">Lakner \u00c1ron Tatsuya<\/td>\n<\/tr>\n<tr style=\"height: 92px\">\n<td style=\"width: 33.3333%;height: 92px\">V\u00e1rand\u00f3ss\u00e1g alatti t\u00e9nyez\u0151k hat\u00e1sa a fog- \u00e9s \u00e1llcsontfejl\u0151d\u00e9sre<\/td>\n<td style=\"width: 33.2891%;height: 92px\">Dr. Balaton Gergely Ph.D., Dr. Macsali R\u00e9ka<\/td>\n<td style=\"width: 33.2891%;height: 92px\">Kov\u00e1cs Anna Laura<\/td>\n<\/tr>\n<tr style=\"height: 152px\">\n<td style=\"width: 33.3333%;height: 152px\">Hagyom\u00e1nyos artikul\u00e1tor \u00e9s\u00a0arc szken \u00e1ltal t\u00f6rt\u00e9n\u0151 centr\u00e1lis rel\u00e1ci\u00f3 meghat\u00e1roz\u00e1s \u00f6sszehasonl\u00edt\u00e1sa\u00a0a fogszab\u00e1lyoz\u00e1si gyakorlatban<\/td>\n<td style=\"width: 33.2891%;height: 152px\">Dr. Nemes B\u00e1lint Ph.D., Dr. Tfirst Anna<\/td>\n<td style=\"width: 33.2891%;height: 152px\">Bokros B\u00e1lint<\/td>\n<\/tr>\n<tr style=\"height: 62px\">\n<td style=\"width: 33.3333%;height: 62px\">A nehezen kezelhet\u0151 gyermekek fog\u00e1szati ell\u00e1t\u00e1sa<\/td>\n<td style=\"width: 33.2891%;height: 62px\">Dr. Beck Anita Ph.D., Dr. Szab\u00f3 Violetta<\/td>\n<td style=\"width: 33.2891%;height: 62px\">K\u0151r\u00f6smezei Vir\u00e1g Anna<\/td>\n<\/tr>\n<\/tbody>\n<\/table>\n<p class=\"xmsonormal\">\u00a0<\/p>\n","protected":false},"excerpt":{"rendered":"<p>T\u00e1j\u00e9koztatjuk a hallgat\u00f3kat, hogy a TDK lehet\u0151s\u00e9ge 3. \u00e9s 4. \u00e9ves hallgat\u00f3k sz\u00e1m\u00e1ra nyitott, akik a TDK konferenci\u00e1n el\u0151adj\u00e1k t\u00e9m\u00e1jukat. 5. \u00e9vfolyamos hallgat\u00f3kat a Klinika csak abban az esetben vesz \u00e1t, ha m\u00e1r megkezdett kutat\u00e1si t\u00e9m\u00e1val rendelkeznek, aminek profilja a Klinika kutat\u00e1si t\u00e9m\u00e1inak profilj\u00e1val egyezik ill. beilleszthet\u0151. &nbsp; TDK t\u00e9m\u00e1k: A 3D nyomtatott orthodontiai sablonok &hellip;<\/p>\n","protected":false},"author":102206,"featured_media":0,"parent":1914,"menu_order":1,"comment_status":"closed","ping_status":"closed","template":"","meta":{"_acf_changed":false,"footnotes":""},"categories":[],"tags":[],"class_list":["post-8","page","type-page","status-publish","hentry"],"acf":[],"_links":{"self":[{"href":"https:\/\/semmelweis.hu\/gyermekfogaszat\/wp-json\/wp\/v2\/pages\/8","targetHints":{"allow":["GET"]}}],"collection":[{"href":"https:\/\/semmelweis.hu\/gyermekfogaszat\/wp-json\/wp\/v2\/pages"}],"about":[{"href":"https:\/\/semmelweis.hu\/gyermekfogaszat\/wp-json\/wp\/v2\/types\/page"}],"author":[{"embeddable":true,"href":"https:\/\/semmelweis.hu\/gyermekfogaszat\/wp-json\/wp\/v2\/users\/102206"}],"replies":[{"embeddable":true,"href":"https:\/\/semmelweis.hu\/gyermekfogaszat\/wp-json\/wp\/v2\/comments?post=8"}],"version-history":[{"count":12,"href":"https:\/\/semmelweis.hu\/gyermekfogaszat\/wp-json\/wp\/v2\/pages\/8\/revisions"}],"predecessor-version":[{"id":2958,"href":"https:\/\/semmelweis.hu\/gyermekfogaszat\/wp-json\/wp\/v2\/pages\/8\/revisions\/2958"}],"up":[{"embeddable":true,"href":"https:\/\/semmelweis.hu\/gyermekfogaszat\/wp-json\/wp\/v2\/pages\/1914"}],"wp:attachment":[{"href":"https:\/\/semmelweis.hu\/gyermekfogaszat\/wp-json\/wp\/v2\/media?parent=8"}],"wp:term":[{"taxonomy":"category","embeddable":true,"href":"https:\/\/semmelweis.hu\/gyermekfogaszat\/wp-json\/wp\/v2\/categories?post=8"},{"taxonomy":"post_tag","embeddable":true,"href":"https:\/\/semmelweis.hu\/gyermekfogaszat\/wp-json\/wp\/v2\/tags?post=8"}],"curies":[{"name":"wp","href":"https:\/\/api.w.org\/{rel}","templated":true}]}}