{"id":528,"date":"2014-03-10T12:20:58","date_gmt":"2014-03-10T12:20:58","guid":{"rendered":"http:\/\/semmelweis.hu\/gyermekfogaszat\/?page_id=528"},"modified":"2025-10-17T11:52:39","modified_gmt":"2025-10-17T09:52:39","slug":"rendelesek","status":"publish","type":"page","link":"https:\/\/semmelweis.hu\/gyermekfogaszat\/rendelesek\/","title":{"rendered":"Betegell\u00e1t\u00e1s"},"content":{"rendered":"<p><a href=\"https:\/\/semmelweis.hu\/gyermekfogaszat\/files\/2021\/10\/H\u00e1zirend.pdf\" target=\"_blank\" rel=\"noopener noreferrer\">H\u00e1zirend<\/a><\/p>\n<p>A Gyermekfog\u00e1szati \u00e9s Fogszab\u00e1lyoz\u00e1si Klinika a gyermekfog\u00e1szat \u00e9s fogszab\u00e1lyoz\u00e1s orsz\u00e1gosan elismert k\u00f6zpontja. Klinik\u00e1nkon rendelkez\u00e9sre \u00e1llnak a leg\u00fajabb fog\u00e1szati anyagok \u00e9s eszk\u00f6z\u00f6k, melyek biztos\u00edtj\u00e1k a sz\u00ednvonalas gy\u00f3gy\u00edt\u00f3\u2013megel\u0151z\u0151 tev\u00e9kenys\u00e9get.<\/p>\n<p>Klinik\u00e1nkon\u00a0<strong>P\u00e1ty<\/strong> lakosainak <strong>fogszab\u00e1lyoz\u00f3 szakell\u00e1t\u00e1s\u00e1t<\/strong>, illetve <strong>Budapest F\u0151v\u00e1ros VIII. ker\u00fclet J\u00f3zsefv\u00e1ros <\/strong><strong>gyermekfog\u00e1szati<\/strong> <strong>alapell\u00e1t\u00e1s\u00e1t<\/strong> biztos\u00edtjuk. Ezen fel\u00fcl <strong>emelt szint\u0171<\/strong><strong>\u00a0\u00e9s speci\u00e1lis fogszab\u00e1lyoz\u00f3 \u00e9s gyermekfog\u00e1szati szakell\u00e1t\u00e1st <\/strong>v\u00e9gz\u00fcnk, \u00edgy ell\u00e1tjuk a <em>fejl\u0151d\u00e9si rendelleness\u00e9ggel<\/em> sz\u00fcletett, illetve <em>sziszt\u00e9m\u00e1s betegs\u00e9gben<\/em> szenved\u0151 gyermekeket, valamint <em>bonyolultabb, ak\u00e1r m\u0171t\u00e9ttel kombin\u00e1lt ortodonciai kezel\u00e9seket<\/em> is v\u00e9gz\u00fcnk.<\/p>\n<p>Az I. Sz. Gyermekgy\u00f3gy\u00e1szati Klinik\u00e1val egy\u00fcttm\u0171k\u00f6d\u00e9sben a <em>hasad\u00e9kos p\u00e1ciensek<\/em> ell\u00e1t\u00e1s\u00e1t, a Magyarorsz\u00e1gi Reform\u00e1tus Egyh\u00e1z Bethesda Gyermekk\u00f3rh\u00e1zzal kooper\u00e1lva a <em>fogyat\u00e9kkal \u00e9l\u0151 kiskor\u00faak ambul\u00e1ns nark\u00f3zisban t\u00f6rt\u00e9n\u0151 fog\u00e1szati<\/em> kezel\u00e9s\u00e9t v\u00e9gezz\u00fck.<\/p>\n<p>Az emelt szint\u0171 ell\u00e1t\u00e1s sz\u00fcks\u00e9gess\u00e9g\u00e9nek meg\u00edt\u00e9l\u00e9se szakorvosi feladat, \u00edgy Klinik\u00e1nkra <strong>fogszab\u00e1lyoz\u00e1sra a ter\u00fcletileg illet\u00e9kes fogszab\u00e1lyoz\u00f3 szakorvost\u00f3l, gyermekfog\u00e1szatra a gyermekfog\u00e1szati szakorvost\u00f3l kapott, <\/strong><strong>hi\u00e1nytalanul kit\u00f6lt\u00f6tt beutal\u00f3val <\/strong>tudjuk fogadni a p\u00e1cienseket<strong>, amely tartalmazza az elt\u00e9r\u00e9sek felsorol\u00e1s\u00e1t is<\/strong>.<\/p>\n<p><em>Beutal\u00f3 n\u00e9lk\u00fcl csak s\u00fcrg\u0151ss\u00e9gi esetben, akut f\u00e1jdalom eset\u00e9n l\u00e1tjuk el a betegeket.\u00a0<\/em>Ez al\u00f3l\u00a0<strong>kiv\u00e9telt\u00a0<\/strong>k\u00e9peznek\u00a0<em>a hasad\u00e9kos \u00fajsz\u00fcl\u00f6ttek<\/em>, akiket soron k\u00edv\u00fcl, de el\u0151zetesen telefonon (06-1-459-1500 telefonsz\u00e1mon, a 59303, 59304,\u00a059305, 59365 mell\u00e9ken) megbesz\u00e9lt id\u0151pontban fogadunk, valamint a <em>fogyat\u00e9kkal \u00e9l\u0151k, akiket ambul\u00e1ns nark\u00f3zisban t\u00f6rt\u00e9n\u0151 fog\u00e1szati<\/em> kezel\u00e9s eset\u00e9n a 06-1-459-1500\/59297 telefonsz\u00e1mon el\u0151zetesen egyeztetett id\u0151pontban v\u00e1rjuk az els\u0151 konzult\u00e1ci\u00f3ra.\u00a0<em>\u00cdz\u00fcleti \u00e9rintetts\u00e9g<\/em> eset\u00e9n a gnathol\u00f3giai szakrendel\u00e9sr\u0151l beutalt p\u00e1cienseket fogadjuk.<\/p>\n<p>Az emelt szint\u0171 szakell\u00e1t\u00e1s t\u00f6rv\u00e9nyi h\u00e1ttere: 48\/1997. (XII. 17.) NM rendelet,\u00a0a k\u00f6telez\u0151 eg\u00e9szs\u00e9gbiztos\u00edt\u00e1s keret\u00e9ben ig\u00e9nybe vehet\u0151 fog\u00e1szati ell\u00e1t\u00e1sr\u00f3l 5. \u00a7-a.<\/p>\n<p>\u201eAz Ebtv. 12. \u00a7-a (1) bekezd\u00e9s\u00e9nek d) pontja alapj\u00e1n az alapbetegs\u00e9ggel kapcsolatos fog- \u00e9s sz\u00e1jbetegs\u00e9gek kezel\u00e9se emelt szint\u0171 alap- \u00e9s szakell\u00e1t\u00e1s keret\u00e9ben t\u00f6rt\u00e9nik, ha a biztos\u00edtott\u00a0<\/p>\n<ol>\n<li>a) a kezel\u0151orvosa \u00e1ltal igazoltan alapbetegs\u00e9g\u00e9vel \u00f6sszef\u00fcgg\u0151 s\u00falyos vesz\u00e9lyeztetetts\u00e9ge miatt \u00e1ltal\u00e1nos fog\u00e1szati alap- \u00e9s szakell\u00e1t\u00e1s keret\u00e9ben nem l\u00e1that\u00f3 el,<\/li>\n<li>b) az arc, \u00e1llcsont, sz\u00e1j\u00fcreg fejl\u0151d\u00e9si rendelleness\u00e9gben, sz\u00e1j\u00fcregi daganatos betegs\u00e9gben vagy a\u00a0stomatognathrendszer egy\u00e9b s\u00falyos megbeteged\u00e9s\u00e9ben szenved,<\/li>\n<\/ol>\n<p>\u00e9s a biztons\u00e1gos ell\u00e1t\u00e1s csak az emelt szint\u0171 ell\u00e1t\u00e1sra kijel\u00f6lt eg\u00e9szs\u00e9g\u00fcgyi szolg\u00e1ltat\u00f3k szakmai h\u00e1tter\u00e9vel val\u00f3sulhat meg.\u201d<\/p>\n<p>A ter\u00fcletileg illet\u00e9kes fogszab\u00e1lyoz\u00f3 szakorvos el\u00e9rhet\u0151s\u00e9g\u00e9r\u0151l inform\u00e1ci\u00f3t a lak\u00f3hely szerint illet\u00e9kes \u00d6nkorm\u00e1nyzatt\u00f3l kaphatnak.\u00a0\u00a0<\/p>\n","protected":false},"excerpt":{"rendered":"<p><a href=\"https:\/\/semmelweis.hu\/gyermekfogaszat\/files\/2021\/10\/H\u00e1zirend.pdf\" target=\"_blank\" rel=\"noopener noreferrer\">H\u00e1zirend<\/a> A Gyermekfog\u00e1szati \u00e9s Fogszab\u00e1lyoz\u00e1si Klinika a gyermekfog\u00e1szat \u00e9s fogszab\u00e1lyoz\u00e1s orsz\u00e1gosan elismert k\u00f6zpontja. Klinik\u00e1nkon rendelkez\u00e9sre \u00e1llnak a leg\u00fajabb fog\u00e1szati anyagok \u00e9s eszk\u00f6z\u00f6k, melyek biztos\u00edtj\u00e1k a sz\u00ednvonalas gy\u00f3gy\u00edt\u00f3\u2013megel\u0151z\u0151 tev\u00e9kenys\u00e9get. Klinik\u00e1nkon\u00a0P\u00e1ty lakosainak fogszab\u00e1lyoz\u00f3 szakell\u00e1t\u00e1s\u00e1t, illetve Budapest F\u0151v\u00e1ros VIII. ker\u00fclet J\u00f3zsefv\u00e1ros gyermekfog\u00e1szati alapell\u00e1t\u00e1s\u00e1t biztos\u00edtjuk. Ezen fel\u00fcl emelt szint\u0171\u00a0\u00e9s speci\u00e1lis fogszab\u00e1lyoz\u00f3 \u00e9s gyermekfog\u00e1szati szakell\u00e1t\u00e1st v\u00e9gz\u00fcnk, \u00edgy ell\u00e1tjuk a fejl\u0151d\u00e9si rendelleness\u00e9ggel &hellip;<\/p>\n","protected":false},"author":102206,"featured_media":0,"parent":0,"menu_order":2,"comment_status":"closed","ping_status":"closed","template":"","meta":{"_acf_changed":false,"footnotes":""},"categories":[],"tags":[],"class_list":["post-528","page","type-page","status-publish","hentry"],"acf":[],"_links":{"self":[{"href":"https:\/\/semmelweis.hu\/gyermekfogaszat\/wp-json\/wp\/v2\/pages\/528","targetHints":{"allow":["GET"]}}],"collection":[{"href":"https:\/\/semmelweis.hu\/gyermekfogaszat\/wp-json\/wp\/v2\/pages"}],"about":[{"href":"https:\/\/semmelweis.hu\/gyermekfogaszat\/wp-json\/wp\/v2\/types\/page"}],"author":[{"embeddable":true,"href":"https:\/\/semmelweis.hu\/gyermekfogaszat\/wp-json\/wp\/v2\/users\/102206"}],"replies":[{"embeddable":true,"href":"https:\/\/semmelweis.hu\/gyermekfogaszat\/wp-json\/wp\/v2\/comments?post=528"}],"version-history":[{"count":11,"href":"https:\/\/semmelweis.hu\/gyermekfogaszat\/wp-json\/wp\/v2\/pages\/528\/revisions"}],"predecessor-version":[{"id":2932,"href":"https:\/\/semmelweis.hu\/gyermekfogaszat\/wp-json\/wp\/v2\/pages\/528\/revisions\/2932"}],"wp:attachment":[{"href":"https:\/\/semmelweis.hu\/gyermekfogaszat\/wp-json\/wp\/v2\/media?parent=528"}],"wp:term":[{"taxonomy":"category","embeddable":true,"href":"https:\/\/semmelweis.hu\/gyermekfogaszat\/wp-json\/wp\/v2\/categories?post=528"},{"taxonomy":"post_tag","embeddable":true,"href":"https:\/\/semmelweis.hu\/gyermekfogaszat\/wp-json\/wp\/v2\/tags?post=528"}],"curies":[{"name":"wp","href":"https:\/\/api.w.org\/{rel}","templated":true}]}}