{"id":5,"date":"2012-01-26T14:09:52","date_gmt":"2012-01-26T13:09:52","guid":{"rendered":"http:\/\/semmelweis-egyetem.hu\/gyermekfogaszat\/?page_id=5"},"modified":"2023-10-03T11:19:36","modified_gmt":"2023-10-03T09:19:36","slug":"elerhetoseg","status":"publish","type":"page","link":"https:\/\/semmelweis.hu\/gyermekfogaszat\/elerhetoseg\/","title":{"rendered":"El\u00e9rhet\u0151s\u00e9g"},"content":{"rendered":"<p><strong>Semmelweis Egyetem, Gyermekfog\u00e1szati \u00e9s Fogszab\u00e1lyoz\u00e1si Klinika<\/strong><\/p>\n<p>C\u00edm: 1088 Budapest, VIII. Szentkir\u00e1lyi u. 47.<br \/>\npostac\u00edm: 1085 Budapest, \u00dcll\u0151i \u00fat 26.<br \/>\nTelefon: 459-1500, 318-0011<br \/>\nFax: 266-8269<\/p>\n\n<!-- iframe plugin v.4.9 wordpress.org\/plugins\/iframe\/ -->\n<iframe src=\"https:\/\/www.google.com\/maps\/embed?pb=!1m18!1m12!1m3!1d2696.0657964533125!2d19.064172515626463!3d47.48863157917709!2m3!1f0!2f0!3f0!3m2!1i1024!2i768!4f13.1!3m3!1m2!1s0x4741dc5987501ab5%3A0x69982b6cdbb9b1a6!2sBudapest%2C%20Szentkir%C3%A1lyi%20u.%2047%2C%201088!5e0!3m2!1shu!2shu!4v1614679482986!5m2!1shu!2shu\" width=\"100%\" height=\"350\" style=\"border:0;\" allowfullscreen loading=\"lazy\" scrolling=\"yes\" class=\"iframe-class\" frameborder=\"0\"><\/iframe>\n\n","protected":false},"excerpt":{"rendered":"<p>Semmelweis Egyetem, Gyermekfog\u00e1szati \u00e9s Fogszab\u00e1lyoz\u00e1si Klinika<br \/>\nC\u00edm: 1088 Budapest, VIII. Szentkir\u00e1lyi u. 47.<br \/>\npostac\u00edm: 1085 Budapest, \u00dcll\u0151i \u00fat 26.<br \/>\nTelefon: 459-1500, 318-0011<br \/>\nFax: 266-8269<\/p>\n","protected":false},"author":102206,"featured_media":0,"parent":0,"menu_order":6,"comment_status":"closed","ping_status":"closed","template":"","meta":{"_acf_changed":false,"footnotes":""},"categories":[],"tags":[],"class_list":["post-5","page","type-page","status-publish","hentry"],"acf":[],"_links":{"self":[{"href":"https:\/\/semmelweis.hu\/gyermekfogaszat\/wp-json\/wp\/v2\/pages\/5","targetHints":{"allow":["GET"]}}],"collection":[{"href":"https:\/\/semmelweis.hu\/gyermekfogaszat\/wp-json\/wp\/v2\/pages"}],"about":[{"href":"https:\/\/semmelweis.hu\/gyermekfogaszat\/wp-json\/wp\/v2\/types\/page"}],"author":[{"embeddable":true,"href":"https:\/\/semmelweis.hu\/gyermekfogaszat\/wp-json\/wp\/v2\/users\/102206"}],"replies":[{"embeddable":true,"href":"https:\/\/semmelweis.hu\/gyermekfogaszat\/wp-json\/wp\/v2\/comments?post=5"}],"version-history":[{"count":11,"href":"https:\/\/semmelweis.hu\/gyermekfogaszat\/wp-json\/wp\/v2\/pages\/5\/revisions"}],"predecessor-version":[{"id":2213,"href":"https:\/\/semmelweis.hu\/gyermekfogaszat\/wp-json\/wp\/v2\/pages\/5\/revisions\/2213"}],"wp:attachment":[{"href":"https:\/\/semmelweis.hu\/gyermekfogaszat\/wp-json\/wp\/v2\/media?parent=5"}],"wp:term":[{"taxonomy":"category","embeddable":true,"href":"https:\/\/semmelweis.hu\/gyermekfogaszat\/wp-json\/wp\/v2\/categories?post=5"},{"taxonomy":"post_tag","embeddable":true,"href":"https:\/\/semmelweis.hu\/gyermekfogaszat\/wp-json\/wp\/v2\/tags?post=5"}],"curies":[{"name":"wp","href":"https:\/\/api.w.org\/{rel}","templated":true}]}}