{"id":40,"date":"2012-05-31T07:48:57","date_gmt":"2012-05-31T07:48:57","guid":{"rendered":"http:\/\/semmelweis-egyetem.hu\/gyermekfogaszat\/?page_id=40"},"modified":"2024-01-25T13:14:56","modified_gmt":"2024-01-25T12:14:56","slug":"oktatas","status":"publish","type":"page","link":"https:\/\/semmelweis.hu\/gyermekfogaszat\/oktatas\/","title":{"rendered":"Oktat\u00e1s"},"content":{"rendered":"<p style=\"text-align: left\" align=\"center\"><a href=\"https:\/\/semmelweis.hu\/gyermekfogaszat\/files\/2023\/01\/Tudomanyos-kutatasi-tevekenyseg.pdf\" target=\"_blank\" rel=\"noopener\">Integr\u00e1lt ir\u00e1ny\u00edt\u00e1si rendszer, elj\u00e1r\u00e1s, tudom\u00e1nyos kutat\u00e1si tev\u00e9kenys\u00e9g<\/a><\/p>\n<p style=\"text-align: left\" align=\"center\">A klinika IV \u00e9s V. \u00e9ves fogorvostanhallgat\u00f3k oktat\u00e1s\u00e1t v\u00e9gzi . Az oktat\u00e1s meghat\u00e1rozott tematika alapj\u00e1n\u00a0\u00a0t\u00f6rt\u00e9nik; V. \u00e9vben gyermekfog\u00e1szatb\u00f3l, \u00e9s fogszab\u00e1lyoz\u00e1sb\u00f3l 2 f\u00e9l\u00e9ven kereszt\u00fcl heti 1 elm\u00e9leti \u00e9s 5 ill.\u00a0\u00a0a m\u00e1sodik szemeszterben 4 gyakorlati \u00f3r\u00e1ban. A 9. szemeszter v\u00e9g\u00e9n a hallgat\u00f3k \u00edr\u00e1sbeli teszten, a 10. szemeszter v\u00e9g\u00e9n, szigorlaton adnak sz\u00e1mot tud\u00e1sukr\u00f3l.<\/p>\n<p style=\"text-align: left\" align=\"center\">Fogszab\u00e1lyoz\u00e1si propedeutika t\u00e1rgyat IV. \u00e9vben 1\u00a0\u00a0f\u00e9l\u00e9ven kereszt\u00fcl 1 gyakorlati \u00f3r\u00e1ban oktatjuk. A f\u00e9l\u00e9v v\u00e9g\u00e9n, a hallgat\u00f3k \u00edr\u00e1sbeli teszten sz\u00e1molnak be a tud\u00e1sukr\u00f3l.<\/p>\n<p style=\"text-align: left\" align=\"center\">A gyermekfog\u00e1szati gyakorlatokon el\u0151sz\u00f6r fantomfejeken gyakorolnak, majd gyakorlatvezet\u0151i ellen\u0151rz\u00e9ssel \u00e9s ir\u00e1ny\u00edt\u00e1ssal az effekt\u00edv betegell\u00e1t\u00f3 munk\u00e1ban is r\u00e9szt vesznek. 36 fog\u00e1szati kezel\u0151 egys\u00e9g \u00e1ll rendelkez\u00e9s\u00e9re.<\/p>\n<p style=\"text-align: left\" align=\"center\">A tematik\u00e1t illet\u0151en a gyermekfog\u00e1szatban nagy s\u00falyt helyez\u00fcnk a tej- \u00e9s a marad\u00f3fogak fejl\u0151d\u00e9si rendelleness\u00e9geire, a fogv\u00e1lt\u00e1s mechanizmus\u00e1ra, az ambul\u00e1ns nark\u00f3zisra, az \u00e1ltal\u00e1nos gyermekbetegs\u00e9geket k\u00eds\u00e9r\u0151 fogazati elv\u00e1ltoz\u00e1sokra, valamint a gyermekfog\u00e1szati komplex prevenci\u00f3ra. Kiemelten foglalkozunk a traum\u00e1s s\u00e9r\u00fcl\u00e9sek komplex ell\u00e1t\u00e1s\u00e1val.<\/p>\n<p style=\"text-align: left\" align=\"center\">Fogszab\u00e1lyoz\u00e1sban megk\u00fcl\u00f6nb\u00f6ztetett figyelmet ford\u00edtunk a craniofacialis komplexum n\u00f6veked\u00e9s\u00e9re \u00e9s fejl\u0151d\u00e9s\u00e9re, a fogszab\u00e1lyoz\u00f3 kezel\u00e9s alapelveire, \u00e9s a biol\u00f3giai \u00e9s mechanikai adotts\u00e1gokra, az ajak- \u00e9s sz\u00e1jpadhasad\u00e9k komplex kezel\u00e9s\u00e9re, a fogszab\u00e1lyoz\u00f3 kezel\u00e9seknek a parodontiumra gyakorolt hat\u00e1s\u00e1ra, a feln\u0151ttkori fogszab\u00e1lyoz\u00e1sra, valamint a fogazati rendelleness\u00e9gek megel\u0151z\u00e9s\u00e9nek lehet\u0151s\u00e9geire Az oktat\u00e1s magyar, a nyolcvanas \u00e9vek v\u00e9g\u00e9t\u0151l n\u00e9met \u00e9s angol nyelven is t\u00f6rt\u00e9nik.<\/p>\n<p style=\"text-align: left\" align=\"center\">Klinik\u00e1nkon mindk\u00e9t t\u00e9mak\u00f6rben \u00e9vente 15-20 hallgat\u00f3 v\u00e9di meg szakdolgozat\u00e1t.\u00a0 Ugyanakkor a v\u00e9gz\u0151s hallgat\u00f3k kb. 25%-\u00e1nak szervezz\u00fck, ill. tartjuk a z\u00e1r\u00f3vizsg\u00e1t, ahol a diagn\u00f3zis \u00e9s a kezel\u00e9si terv elk\u00e9sz\u00edt\u00e9s\u00e9n t\u00falmen\u0151en a hallgat\u00f3kt\u00f3l az eg\u00e9sz\u00a0 fog\u00e1szat ter\u00fclet\u00e9t \u00e9rint\u0151 szintetiz\u00e1l\u00f3 jelleg\u0171 ismereteket v\u00e1runk el.<\/p>\n<p style=\"text-align: left\" align=\"center\">A klinika kiveszi a r\u00e9sz\u00e9t a posztgradu\u00e1lis k\u00e9pz\u00e9sb\u0151l is, mivel Magyarorsz\u00e1gon mindk\u00e9t oktatott t\u00e1rgyb\u00f3l szakvizsga van. Ennek k\u00f6vetkezt\u00e9ben \u00e9vek \u00f3ta v\u00e9gezz\u00fck a gyermekfog\u00e1szati \u00e9s a fogszab\u00e1lyoz\u00e1si szakvizsga gyakorlati \u00e9s elm\u00e9leti vizsg\u00e1ztat\u00e1s\u00e1t.<\/p>\n<p style=\"text-align: left\"><strong><em>Tank\u00f6nyvek:<\/em><\/strong><\/p>\n<p style=\"text-align: left\" align=\"center\">Az els\u0151 gyermekfog\u00e1szati tank\u00f6nyv 1962-ben jelent meg T\u00f3th P\u00e1l: &#8222;Gyermekfog\u00e1szat&#8221; c\u00edmen. R\u00e9szletesen kit\u00e9r a megel\u0151z\u00e9sre, a gy\u00f3gy\u00edt\u00e1sra \u00e9s az iskolafog\u00e1szat k\u00e9rd\u00e9seire. 1973-ban \u00faj tank\u00f6nyv k\u00e9sz\u00fclt T\u00f3th P\u00e1l \u00e9s D\u00e9nes J\u00f3zsef: szerkeszt\u00e9s\u00e9ben: &#8222;Gyermekfog\u00e1szat- Fogszab\u00e1lyoz\u00e1s&#8221; c\u00edmen, amely m\u00e1r mind a gyermekfog\u00e1szati, mind az orthodonciai ismereteket r\u00e9szletesen t\u00e1rgyalja. A tank\u00f6nyv m\u00e1sodik \u00e1tdolgozott kiad\u00e1sa 1978-ban jelent meg.<\/p>\n<p style=\"text-align: left\" align=\"center\">D\u00e9nes J\u00f3zsef &#8222;A fogazati rendelleness\u00e9gek (fogazati anom\u00e1li\u00e1k) fogalma, etiologi\u00e1ja \u00e9s a megel\u0151z\u00e9s m\u00f3djai&#8221; c\u00edm\u0171 fejezete,1983-ban a Preventiv fog\u00e1szat (Szerk. B\u00e1n\u00f3czy J.) c. egyetemi jegyzetben, majd 1988-ban A gyakorl\u00f3 orvos k\u00f6nyvt\u00e1ra sorozatban, 1992-ben, Egyetemi tank\u00f6nyvben\u00a0\u00a0jelent meg. 1986-ban k\u00e9t egyetemi jegyzet: D\u00e9nes J., Hidasi Gy.: Gyermekfog\u00e1szat 86<sup>,<\/sup>, valamint D\u00e9nes J., Domokos Gy.: Fogszab\u00e1lyoz\u00e1s 86<sup>,<\/sup>\u00a0ker\u00fclt kiad\u00e1sra.1994-ben \u00edrta meg D\u00e9nes J\u00f3zsef a \u201eGyermekfog\u00e1szat. Fogszab\u00e1lyoz\u00e1s\u201d fejezetet a fog\u00e1szati asszisztensek \u00e9s dental higi\u00e9nikusok sz\u00e1m\u00e1ra k\u00e9sz\u00fclt tank\u00f6nyvben (Szerk.: Orosz M).<\/p>\n<p style=\"text-align: left\" align=\"center\">\u00daj Gyermekfog\u00e1szat &#8211; Fogszab\u00e1lyoz\u00e1s egyetemi tank\u00f6nyv meg\u00edr\u00e1s\u00e1ra D\u00e9nes J\u00f3zsef \u00e9s Hidasi Gyula szerkeszt\u00e9s\u00e9ben 1995-ben, majd 1998-ban ker\u00fclt sor. A tank\u00f6nyv gyermekfog\u00e1szati r\u00e9sz\u00e9t\u00a01995-ben\u00a0angol nyelvre is leford\u00edtottuk (D\u00e9nes, J., G\u00e1bris, K., Hidasi, Gy., Tarj\u00e1n, I) angol nyelven tanul\u00f3 di\u00e1kjaink felk\u00e9sz\u00fcl\u00e9s\u00e9nek megk\u00f6nny\u00edt\u00e9se c\u00e9lj\u00e1b\u00f3l.<\/p>\n<p style=\"text-align: left\" align=\"center\">2004-ben kiadtuk a tank\u00f6nyv harmadik \u00e1tdolgozott v\u00e1ltozat\u00e1t D\u00e9nes J\u00f3zsef,\u00a0G\u00e1bris Katalin\u00a0Hidasi Gyula \u00e9s Tarj\u00e1n Ildik\u00f3 szerkeszt\u00e9s\u00e9ben. A tank\u00f6nyvek \u00edr\u00e1s\u00e1t \u0096 n\u00e9h\u00e1ny nem egyetem\u00fcnk\u00f6n dolgoz\u00f3 szaktekint\u00e9ly bevon\u00e1sa mellett \u0096 a szerkeszt\u0151k \u00e9s a klinika j\u00f3l k\u00e9pzett szakemberei v\u00e9gezt\u00e9k.<\/p>\n<p style=\"text-align: left\" align=\"center\">Leg\u00fajabb gyermekfog\u00e1szati tank\u00f6nyv\u00fcnk 2023-ban jelent meg, G\u00e1bris Katalin, R\u00f3zsa No\u00e9mi Katinka \u00e9s Tarj\u00e1n Ildik\u00f3 szerkeszt\u00e9s\u00e9ben: &#8222;<span style=\"font-size: 1rem\">Gyermek- \u00e9s ifj\u00fas\u00e1gi fog\u00e1szat&#8221; c\u00edmen.<\/span><\/p>\n<p style=\"text-align: left\">\u00a0<\/p>\n","protected":false},"excerpt":{"rendered":"<p><a href=\"https:\/\/semmelweis.hu\/gyermekfogaszat\/files\/2023\/01\/Tudomanyos-kutatasi-tevekenyseg.pdf\" target=\"_blank\" rel=\"noopener\">Integr\u00e1lt ir\u00e1ny\u00edt\u00e1si rendszer, elj\u00e1r\u00e1s, tudom\u00e1nyos kutat\u00e1si tev\u00e9kenys\u00e9g<\/a> A klinika IV \u00e9s V. \u00e9ves fogorvostanhallgat\u00f3k oktat\u00e1s\u00e1t v\u00e9gzi . Az oktat\u00e1s meghat\u00e1rozott tematika alapj\u00e1n\u00a0\u00a0t\u00f6rt\u00e9nik; V. \u00e9vben gyermekfog\u00e1szatb\u00f3l, \u00e9s fogszab\u00e1lyoz\u00e1sb\u00f3l 2 f\u00e9l\u00e9ven kereszt\u00fcl heti 1 elm\u00e9leti \u00e9s 5 ill.\u00a0\u00a0a m\u00e1sodik szemeszterben 4 gyakorlati \u00f3r\u00e1ban. A 9. szemeszter v\u00e9g\u00e9n a hallgat\u00f3k \u00edr\u00e1sbeli teszten, a 10. szemeszter v\u00e9g\u00e9n, szigorlaton adnak sz\u00e1mot tud\u00e1sukr\u00f3l. Fogszab\u00e1lyoz\u00e1si propedeutika t\u00e1rgyat IV. \u00e9vben &hellip;<\/p>\n","protected":false},"author":102206,"featured_media":0,"parent":0,"menu_order":3,"comment_status":"closed","ping_status":"closed","template":"","meta":{"_acf_changed":false,"footnotes":""},"categories":[],"tags":[],"class_list":["post-40","page","type-page","status-publish","hentry"],"acf":[],"_links":{"self":[{"href":"https:\/\/semmelweis.hu\/gyermekfogaszat\/wp-json\/wp\/v2\/pages\/40","targetHints":{"allow":["GET"]}}],"collection":[{"href":"https:\/\/semmelweis.hu\/gyermekfogaszat\/wp-json\/wp\/v2\/pages"}],"about":[{"href":"https:\/\/semmelweis.hu\/gyermekfogaszat\/wp-json\/wp\/v2\/types\/page"}],"author":[{"embeddable":true,"href":"https:\/\/semmelweis.hu\/gyermekfogaszat\/wp-json\/wp\/v2\/users\/102206"}],"replies":[{"embeddable":true,"href":"https:\/\/semmelweis.hu\/gyermekfogaszat\/wp-json\/wp\/v2\/comments?post=40"}],"version-history":[{"count":11,"href":"https:\/\/semmelweis.hu\/gyermekfogaszat\/wp-json\/wp\/v2\/pages\/40\/revisions"}],"predecessor-version":[{"id":2301,"href":"https:\/\/semmelweis.hu\/gyermekfogaszat\/wp-json\/wp\/v2\/pages\/40\/revisions\/2301"}],"wp:attachment":[{"href":"https:\/\/semmelweis.hu\/gyermekfogaszat\/wp-json\/wp\/v2\/media?parent=40"}],"wp:term":[{"taxonomy":"category","embeddable":true,"href":"https:\/\/semmelweis.hu\/gyermekfogaszat\/wp-json\/wp\/v2\/categories?post=40"},{"taxonomy":"post_tag","embeddable":true,"href":"https:\/\/semmelweis.hu\/gyermekfogaszat\/wp-json\/wp\/v2\/tags?post=40"}],"curies":[{"name":"wp","href":"https:\/\/api.w.org\/{rel}","templated":true}]}}