{"id":260,"date":"2012-11-12T22:02:18","date_gmt":"2012-11-12T22:02:18","guid":{"rendered":"http:\/\/semmelweis-egyetem.hu\/gyermekfogaszat\/?page_id=260"},"modified":"2023-10-03T11:17:58","modified_gmt":"2023-10-03T09:17:58","slug":"tovabbkepzesek","status":"publish","type":"page","link":"https:\/\/semmelweis.hu\/gyermekfogaszat\/oktatas\/tovabbkepzesek\/","title":{"rendered":"Tov\u00e1bbk\u00e9pz\u00e9sek"},"content":{"rendered":"<p style=\"text-align: center\"><span style=\"font-size: 18pt\">Tov\u00e1bb\u00e9pz\u00e9seink az OFTEX port\u00e1lon kereszt\u00fcl el\u00e9rhet\u0151k.<\/span><\/p>\n<p style=\"text-align: center\"><span style=\"font-size: 18pt\"><a href=\"https:\/\/oftex.hu\/project_o\/actual_prg\/system\/launch.php?pg=.\/FRAME_main.php&amp;ugrp=2\" target=\"_blank\" rel=\"noopener noreferrer\">https:\/\/oftex.hu<\/a><\/span><\/p>\n","protected":false},"excerpt":{"rendered":"<p>Tov\u00e1bb\u00e9pz\u00e9seink az OFTEX port\u00e1lon kereszt\u00fcl el\u00e9rhet\u0151k.<br \/>\n<a href=\"https:\/\/oftex.hu\/project_o\/actual_prg\/system\/launch.php?pg=.\/FRAME_main.php&amp;ugrp=2\" target=\"_blank\" rel=\"noopener noreferrer\">https:\/\/oftex.hu<\/a><\/p>\n","protected":false},"author":102206,"featured_media":0,"parent":40,"menu_order":3,"comment_status":"closed","ping_status":"closed","template":"","meta":{"_acf_changed":false,"footnotes":""},"categories":[],"tags":[],"class_list":["post-260","page","type-page","status-publish","hentry"],"acf":[],"_links":{"self":[{"href":"https:\/\/semmelweis.hu\/gyermekfogaszat\/wp-json\/wp\/v2\/pages\/260","targetHints":{"allow":["GET"]}}],"collection":[{"href":"https:\/\/semmelweis.hu\/gyermekfogaszat\/wp-json\/wp\/v2\/pages"}],"about":[{"href":"https:\/\/semmelweis.hu\/gyermekfogaszat\/wp-json\/wp\/v2\/types\/page"}],"author":[{"embeddable":true,"href":"https:\/\/semmelweis.hu\/gyermekfogaszat\/wp-json\/wp\/v2\/users\/102206"}],"replies":[{"embeddable":true,"href":"https:\/\/semmelweis.hu\/gyermekfogaszat\/wp-json\/wp\/v2\/comments?post=260"}],"version-history":[{"count":11,"href":"https:\/\/semmelweis.hu\/gyermekfogaszat\/wp-json\/wp\/v2\/pages\/260\/revisions"}],"predecessor-version":[{"id":2236,"href":"https:\/\/semmelweis.hu\/gyermekfogaszat\/wp-json\/wp\/v2\/pages\/260\/revisions\/2236"}],"up":[{"embeddable":true,"href":"https:\/\/semmelweis.hu\/gyermekfogaszat\/wp-json\/wp\/v2\/pages\/40"}],"wp:attachment":[{"href":"https:\/\/semmelweis.hu\/gyermekfogaszat\/wp-json\/wp\/v2\/media?parent=260"}],"wp:term":[{"taxonomy":"category","embeddable":true,"href":"https:\/\/semmelweis.hu\/gyermekfogaszat\/wp-json\/wp\/v2\/categories?post=260"},{"taxonomy":"post_tag","embeddable":true,"href":"https:\/\/semmelweis.hu\/gyermekfogaszat\/wp-json\/wp\/v2\/tags?post=260"}],"curies":[{"name":"wp","href":"https:\/\/api.w.org\/{rel}","templated":true}]}}