{"id":2069,"date":"2021-07-07T10:35:48","date_gmt":"2021-07-07T08:35:48","guid":{"rendered":"https:\/\/semmelweis.hu\/gyermekfogaszat\/?page_id=2069"},"modified":"2024-11-07T10:55:34","modified_gmt":"2024-11-07T09:55:34","slug":"posztgradualis-kepzes","status":"publish","type":"page","link":"https:\/\/semmelweis.hu\/gyermekfogaszat\/oktatas\/posztgradualis-kepzes\/","title":{"rendered":"Posztgradu\u00e1lis k\u00e9pz\u00e9s"},"content":{"rendered":"<p><a href=\"https:\/\/semmelweis.hu\/gyermekfogaszat\/files\/2024\/11\/A-fogszabalyozas-szakvizsgara-torteno-felkeszulest-segito-temakorok-uj.pdf\" target=\"_blank\" rel=\"noopener\"><strong>A fogszab\u00e1lyoz\u00e1s szakvizsg\u00e1ra t\u00f6rt\u00e9n\u0151 felk\u00e9sz\u00fcl\u00e9st seg\u00edt\u0151 t\u00e9mak\u00f6r\u00f6k <\/strong>(pdf)<\/a><\/p>\n<p>&nbsp;<\/p>\n<p><a href=\"https:\/\/semmelweis.hu\/gyermekfogaszat\/files\/2024\/11\/A-gyermekfogaszat-szakvizsgara-torteno-felkeszulest-segito-temakorok-uj.pdf\" target=\"_blank\" rel=\"noopener\"><strong>A gyermekfog\u00e1szat szakvizsg\u00e1ra t\u00f6rt\u00e9n\u0151 felk\u00e9sz\u00fcl\u00e9st seg\u00edt\u0151 t\u00e9mak\u00f6r\u00f6k <\/strong>(pdf)<\/a><\/p>\n<p>&nbsp;<\/p>\n<p><a href=\"https:\/\/semmelweis.hu\/gyermekfogaszat\/files\/2024\/11\/Kezelesi-terv_Mint-Anna.pdf\" target=\"_blank\" rel=\"noopener\"><strong>Kezel\u00e9si terv (pdf)<\/strong><\/a><\/p>\n","protected":false},"excerpt":{"rendered":"<p><a href=\"https:\/\/semmelweis.hu\/gyermekfogaszat\/files\/2024\/11\/A-fogszabalyozas-szakvizsgara-torteno-felkeszulest-segito-temakorok-uj.pdf\" target=\"_blank\" rel=\"noopener\">A fogszab\u00e1lyoz\u00e1s szakvizsg\u00e1ra t\u00f6rt\u00e9n\u0151 felk\u00e9sz\u00fcl\u00e9st seg\u00edt\u0151 t\u00e9mak\u00f6r\u00f6k (pdf)<\/a><br \/>\n&nbsp;<br \/>\n<a href=\"https:\/\/semmelweis.hu\/gyermekfogaszat\/files\/2024\/11\/A-gyermekfogaszat-szakvizsgara-torteno-felkeszulest-segito-temakorok-uj.pdf\" target=\"_blank\" rel=\"noopener\">A gyermekfog\u00e1szat szakvizsg\u00e1ra t\u00f6rt\u00e9n\u0151 felk\u00e9sz\u00fcl\u00e9st seg\u00edt\u0151 t\u00e9mak\u00f6r\u00f6k (pdf)<\/a><br \/>\n&nbsp;<br \/>\n<a href=\"https:\/\/semmelweis.hu\/gyermekfogaszat\/files\/2024\/11\/Kezelesi-terv_Mint-Anna.pdf\" target=\"_blank\" rel=\"noopener\">Kezel\u00e9si terv (pdf)<\/a><\/p>\n","protected":false},"author":102206,"featured_media":0,"parent":40,"menu_order":2,"comment_status":"closed","ping_status":"closed","template":"","meta":{"_acf_changed":false,"footnotes":""},"categories":[],"tags":[],"class_list":["post-2069","page","type-page","status-publish","hentry"],"acf":[],"_links":{"self":[{"href":"https:\/\/semmelweis.hu\/gyermekfogaszat\/wp-json\/wp\/v2\/pages\/2069","targetHints":{"allow":["GET"]}}],"collection":[{"href":"https:\/\/semmelweis.hu\/gyermekfogaszat\/wp-json\/wp\/v2\/pages"}],"about":[{"href":"https:\/\/semmelweis.hu\/gyermekfogaszat\/wp-json\/wp\/v2\/types\/page"}],"author":[{"embeddable":true,"href":"https:\/\/semmelweis.hu\/gyermekfogaszat\/wp-json\/wp\/v2\/users\/102206"}],"replies":[{"embeddable":true,"href":"https:\/\/semmelweis.hu\/gyermekfogaszat\/wp-json\/wp\/v2\/comments?post=2069"}],"version-history":[{"count":10,"href":"https:\/\/semmelweis.hu\/gyermekfogaszat\/wp-json\/wp\/v2\/pages\/2069\/revisions"}],"predecessor-version":[{"id":2516,"href":"https:\/\/semmelweis.hu\/gyermekfogaszat\/wp-json\/wp\/v2\/pages\/2069\/revisions\/2516"}],"up":[{"embeddable":true,"href":"https:\/\/semmelweis.hu\/gyermekfogaszat\/wp-json\/wp\/v2\/pages\/40"}],"wp:attachment":[{"href":"https:\/\/semmelweis.hu\/gyermekfogaszat\/wp-json\/wp\/v2\/media?parent=2069"}],"wp:term":[{"taxonomy":"category","embeddable":true,"href":"https:\/\/semmelweis.hu\/gyermekfogaszat\/wp-json\/wp\/v2\/categories?post=2069"},{"taxonomy":"post_tag","embeddable":true,"href":"https:\/\/semmelweis.hu\/gyermekfogaszat\/wp-json\/wp\/v2\/tags?post=2069"}],"curies":[{"name":"wp","href":"https:\/\/api.w.org\/{rel}","templated":true}]}}