{"id":1914,"date":"2021-02-01T09:41:29","date_gmt":"2021-02-01T08:41:29","guid":{"rendered":"https:\/\/semmelweis.hu\/gyermekfogaszat\/?page_id=1914"},"modified":"2023-10-03T11:14:16","modified_gmt":"2023-10-03T09:14:16","slug":"kutatas","status":"publish","type":"page","link":"https:\/\/semmelweis.hu\/gyermekfogaszat\/kutatas\/","title":{"rendered":"Kutat\u00e1s"},"content":{"rendered":"<p>Az 1970-es \u00e9vekben v\u00e9dte meg kandid\u00e1tusi \u00e9rtekez\u00e9s\u00e9t\u00a0<em>D\u00e9nes J\u00f3zsef<\/em>\u00a0\u201eA r\u00e1g\u00f3izom-m\u0171k\u00f6d\u00e9s elektromyografi\u00e1s vizsg\u00e1lata a fogazati rendelleness\u00e9gekkel kapcsolatban\u201d t\u00e9mak\u00f6rben \u00e9s\u00a0<em>B\u00f6gi Imre<\/em>\u00a0a \u201eDiagn\u00f3zis, progn\u00f3zis \u00e9s a kezel\u00e9s ir\u00e1nyelvei a dysgnathi\u00e1k seb\u00e9szi orthodontiai gy\u00f3gy\u00edt\u00e1s\u00e1ban\u201d c\u00edmmel. A nyolcvanas \u00e9vek elej\u00e9n h\u00e1rom \u00fajabb disszert\u00e1ci\u00f3 sz\u00fcletett:\u00a0<em>Hidasi Gyula\u00a0<\/em>\u201eFiziol\u00f3gi\u00e1s \u00e9s patol\u00f3gi\u00e1s jelens\u00e9gek a tej\u0151rl\u0151k gy\u00f6k\u00e9rfelsz\u00edv\u00f3d\u00e1s\u00e1ban\u201d,\u00a0<em>Tarj\u00e1n Ildik\u00f3<\/em>\u00a0\u201eA kem\u00e9ny fogsz\u00f6vetek permeabilit\u00e1s\u00e1nak vizsg\u00e1lata\u201d, \u00e9s\u00a0<em>Bakody Rezs\u0151<\/em>\u00a0\u201eA fogak numerikus kongenit\u00e1lis abnormalit\u00e1s\u00e1nak epidemiol\u00f3giai- \u00e9s genetikai vizsg\u00e1lata\u201d. \u00c9vek teltek el, m\u00edg 2000-ben \u00fajabb disszert\u00e1ci\u00f3 sz\u00fcletett,\u00a0<em>G\u00e1bris Katalin<\/em>, \u201eCaries-rizik\u00f3 t\u00e9nyez\u0151k vizsg\u00e1lata gyermek-, serd\u00fcl\u0151 \u00e9s feln\u0151ttkorban\u201d c\u00edmmel. 2007-t\u0151l\u00a0<em>Balaton Gergely<\/em>\u00a0\u201eSziszt\u00e9m\u00e1s betegs\u00e9gek fog\u00e1szati vonatkoz\u00e1sai (Williams-Beueren szindr\u00f3ma, Cleidocranialis dysplasia)\u201d,\u00a0<em>Budai M\u00e1ria<\/em>\u201d \u00d6sszehasonl\u00edt\u00f3 fogmorfol\u00f3giai vizsg\u00e1lat a t\u00f6rt\u00e9neti \u00e9s mai n\u00e9pess\u00e9g k\u00f6r\u00e9ben\u201d,\u00a0<em>F\u00e1bi\u00e1n G\u00e1bor<\/em>\u00a0\u201eA fog\u00e1szati f\u00e9lelem okai, prevenci\u00f3ja \u00e9s ter\u00e1pi\u00e1s lehet\u0151s\u00e9gei, k\u00fcl\u00f6n\u00f6s tekintettel az orthodontiai \u00e9s gyermekfog\u00e1szati gyakorlatra\u201d,\u00a0<em>Ka\u00e1n Mikl\u00f3s<\/em>\u00a0\u201eN\u00e9pi foggy\u00f3gy\u00e1szat t\u00f6rt\u00e9nete\u201d,\u00a0<em>R\u00f3zsa No\u00e9mi Katinka<\/em>. \u201eSz\u00e1mbeli alaki \u00e9s helyzeti fogazati anom\u00e1li\u00e1k el\u0151fordul\u00e1si gyakoris\u00e1ga \u00e9s kezel\u00e9si lehet\u0151s\u00e9gei gyermekkorban\u201d \u00e9s 2016-ban\u00a0<em>Beck Anita<\/em>\u00a0\u201eA fog\u00e1szati f\u00e9lelem diagnosztik\u00e1j\u00e1nak lehet\u0151s\u00e9gei, k\u00fcl\u00f6n\u00f6s tekintettel a szabadk\u00e9zi rajzb\u00f3l, k\u00e9z\u00edr\u00e1sb\u00f3l \u00e9s a ny\u00e1lszekr\u00e9tumb\u00f3l m\u00e9rhet\u0151 param\u00e9terekre\u201d c\u00edmmel v\u00e9dt\u00e9k meg PhD dolgozatukat.<\/p>\n<p><strong>Habilit\u00e1ci\u00f3s fokozatot<\/strong>\u00a0szerzett\u00a0<em>Tarj\u00e1n Ildik\u00f3<\/em>\u00a0\u201eTraum\u00e1s fogs\u00e9r\u00fcl\u00e9sek k\u00f6vetkezm\u00e9nyei\u201d,\u00a0<em>G\u00e1bris Katalin<\/em>\u00a0\u201eFontos caries-rizik\u00f3 faktorok klinikai vizsg\u00e1lata k\u00fcl\u00f6nb\u00f6z\u0151 \u00e9letkorban, k\u00fcl\u00f6n\u00f6s tekintettel a gyermek- \u00e9s serd\u00fcl\u0151korra\u201d ,\u00a0<em>F\u00e1bi\u00e1n G\u00e1bor\u00a0<\/em>\u201eA gyermekfog\u00e1szati \u00e9s fogszab\u00e1lyoz\u00e1si ell\u00e1t\u00e1s siker\u00e9t befoly\u00e1sol\u00f3 t\u00e9nyez\u0151k vizsg\u00e1lata\u201d, valamint\u00a0<em>R\u00f3zsa No\u00e9mi Katinka<\/em>\u00a0\u201eA fogfejl\u0151d\u00e9si rendelleness\u00e9gek el\u0151fordul\u00e1si gyakoris\u00e1g\u00e1nak vizsg\u00e1lata \u00e9s a t\u00fcnetcsoport komplex kezel\u00e9si lehet\u0151s\u00e9gei\u201d c\u00edm\u0171 tudom\u00e1nyos kollokvium t\u00e9ziseinek megv\u00e9d\u00e9s\u00e9vel.<\/p>\n<p><strong>A Gyermekfog\u00e1szati \u00e9s Fogszab\u00e1lyoz\u00e1si Klinik\u00e1n folytatott PhD kutat\u00e1sok<\/strong><\/p>\n<p>H\u00e1romdimenzi\u00f3s kefalometriai vizsg\u00e1latok \u2013 JF (Dob\u00f3NCs)<\/p>\n<p>Dr. B\u00e1nyai Dorottya \u2013 Cukorbeteg gyermekek fogorvosi sz\u0171r\u0151vizsg\u00e1lata \u00e9s ell\u00e1t\u00e1sa (t\u00e9mavezet\u0151: Prof. Dr. Hermann P\u00e9ter)<\/p>\n<p>\u00c1cs Lili<\/p>\n<p><strong>Kutat\u00e1si ter\u00fcletek:<\/strong><\/p>\n<ul style=\"list-style-type: square\">\n<li>Fogbalesetet szenvedett gyermekek komplex ell\u00e1t\u00e1sa<\/li>\n<li>Fogyat\u00e9kos gyermekek \u00e1ltal\u00e1nos\u00a0\u00e9rz\u00e9stelen\u00edt\u00e9sben t\u00f6rt\u00e9n\u0151 kezel\u00e9se<\/li>\n<li>Rendszerbetegs\u00e9gben szenved\u0151 gyermekek komplex fog\u00e1szati ell\u00e1t\u00e1sa<\/li>\n<li>Ajak- \u00e9s sz\u00e1jpadhasad\u00e9kos gyermekek komplex ell\u00e1t\u00e1sa<\/li>\n<li>TMI diszfunkci\u00f3k vizsg\u00e1lata<\/li>\n<li>Fogak sz\u00e1mbeli\u00a0rendelleness\u00e9geinek vizsg\u00e1lata \u00e9s ter\u00e1pi\u00e1ja<\/li>\n<\/ul>\n<div class=\"addtoany_share_save_container addtoany_content addtoany_content_bottom\">\n<div class=\"a2a_kit a2a_kit_size_32 addtoany_list\">\u00a0<\/div>\n<\/div>\n","protected":false},"excerpt":{"rendered":"<p>Az 1970-es \u00e9vekben v\u00e9dte meg kandid\u00e1tusi \u00e9rtekez\u00e9s\u00e9t\u00a0D\u00e9nes J\u00f3zsef\u00a0\u201eA r\u00e1g\u00f3izom-m\u0171k\u00f6d\u00e9s elektromyografi\u00e1s vizsg\u00e1lata a fogazati rendelleness\u00e9gekkel kapcsolatban\u201d t\u00e9mak\u00f6rben \u00e9s\u00a0B\u00f6gi Imre\u00a0a \u201eDiagn\u00f3zis, progn\u00f3zis \u00e9s a kezel\u00e9s ir\u00e1nyelvei a dysgnathi\u00e1k seb\u00e9szi orthodontiai gy\u00f3gy\u00edt\u00e1s\u00e1ban\u201d c\u00edmmel. A nyolcvanas \u00e9vek elej\u00e9n h\u00e1rom \u00fajabb disszert\u00e1ci\u00f3 sz\u00fcletett:\u00a0Hidasi Gyula\u00a0\u201eFiziol\u00f3gi\u00e1s \u00e9s patol\u00f3gi\u00e1s jelens\u00e9gek a tej\u0151rl\u0151k gy\u00f6k\u00e9rfelsz\u00edv\u00f3d\u00e1s\u00e1ban\u201d,\u00a0Tarj\u00e1n Ildik\u00f3\u00a0\u201eA kem\u00e9ny fogsz\u00f6vetek permeabilit\u00e1s\u00e1nak vizsg\u00e1lata\u201d, \u00e9s\u00a0Bakody Rezs\u0151\u00a0\u201eA fogak numerikus kongenit\u00e1lis &hellip;<\/p>\n","protected":false},"author":102206,"featured_media":0,"parent":0,"menu_order":4,"comment_status":"closed","ping_status":"closed","template":"","meta":{"_acf_changed":false,"footnotes":""},"categories":[],"tags":[],"class_list":["post-1914","page","type-page","status-publish","hentry"],"acf":[],"_links":{"self":[{"href":"https:\/\/semmelweis.hu\/gyermekfogaszat\/wp-json\/wp\/v2\/pages\/1914","targetHints":{"allow":["GET"]}}],"collection":[{"href":"https:\/\/semmelweis.hu\/gyermekfogaszat\/wp-json\/wp\/v2\/pages"}],"about":[{"href":"https:\/\/semmelweis.hu\/gyermekfogaszat\/wp-json\/wp\/v2\/types\/page"}],"author":[{"embeddable":true,"href":"https:\/\/semmelweis.hu\/gyermekfogaszat\/wp-json\/wp\/v2\/users\/102206"}],"replies":[{"embeddable":true,"href":"https:\/\/semmelweis.hu\/gyermekfogaszat\/wp-json\/wp\/v2\/comments?post=1914"}],"version-history":[{"count":4,"href":"https:\/\/semmelweis.hu\/gyermekfogaszat\/wp-json\/wp\/v2\/pages\/1914\/revisions"}],"predecessor-version":[{"id":1947,"href":"https:\/\/semmelweis.hu\/gyermekfogaszat\/wp-json\/wp\/v2\/pages\/1914\/revisions\/1947"}],"wp:attachment":[{"href":"https:\/\/semmelweis.hu\/gyermekfogaszat\/wp-json\/wp\/v2\/media?parent=1914"}],"wp:term":[{"taxonomy":"category","embeddable":true,"href":"https:\/\/semmelweis.hu\/gyermekfogaszat\/wp-json\/wp\/v2\/categories?post=1914"},{"taxonomy":"post_tag","embeddable":true,"href":"https:\/\/semmelweis.hu\/gyermekfogaszat\/wp-json\/wp\/v2\/tags?post=1914"}],"curies":[{"name":"wp","href":"https:\/\/api.w.org\/{rel}","templated":true}]}}