{"id":1872,"date":"2020-08-07T12:24:16","date_gmt":"2020-08-07T10:24:16","guid":{"rendered":"https:\/\/semmelweis.hu\/gyermekfogaszat\/?page_id=1872"},"modified":"2025-05-16T13:05:53","modified_gmt":"2025-05-16T11:05:53","slug":"informationen-fur-die-zahnmedizinstudenten","status":"publish","type":"page","link":"https:\/\/semmelweis.hu\/gyermekfogaszat\/deutsch\/informationen-fur-die-zahnmedizinstudenten\/","title":{"rendered":"Informationen f\u00fcr die Zahnmedizinstudenten"},"content":{"rendered":"<ul style=\"list-style-type: square\">\n<li><a href=\"https:\/\/semmelweis.hu\/gyermekfogaszat\/files\/2024\/11\/Nemet-fogszab-szigorlati-tetelsor-1-1.pdf\" target=\"_blank\" rel=\"noopener noreferrer\"><strong>KFO \u2013 Rigorosum Themenkatalog (pdf)<\/strong><\/a><\/li>\n<li><a href=\"https:\/\/semmelweis.hu\/gyermekfogaszat\/files\/2024\/11\/Nemet-gyerfog-szigorlati-tetelsor-1-1.pdf\" target=\"_blank\" rel=\"noopener noreferrer\"><strong>Kinderzahnheilkunde &#8211; Rigorosum Themenkatalog (pdf)<\/strong><\/a><\/li>\n<li><strong><a href=\"https:\/\/semmelweis.hu\/gyermekfogaszat\/files\/2025\/04\/Altalanos-fogaszat-nyari-gyakorlat-DE.pdf\" target=\"_blank\" rel=\"noopener\">Allgemeine zahn\u00e4rztliche Sommerfamulatur (pdf)<\/a><\/strong><\/li>\n<\/ul>\n<p><strong>Themen f\u00fcr die Diplomarbeit 2025\/2026<\/strong><\/p>\n<table style=\"border-collapse: collapse;width: 100%;height: 288px\">\n<tbody>\n<tr style=\"height: 62px\">\n<td style=\"width: 50%;height: 43px;text-align: center\">Funktionskieferorthop\u00e4die, funktionskieferorthop\u00e4dische Apparaturen<\/td>\n<td style=\"width: 50%;height: 43px;text-align: center\"><strong>Dr. B\u00e1lint Nemes <\/strong><\/td>\n<\/tr>\n<tr style=\"height: 32px\">\n<td style=\"width: 50%;height: 32px;text-align: center\">Therapie der Angle Klasse I Anomalien<\/td>\n<td style=\"width: 50%;height: 32px;text-align: center\"><strong>Dr. No\u00e9mi R\u00f3zsa<\/strong><\/td>\n<\/tr>\n<tr style=\"height: 62px\">\n<td style=\"width: 50%;height: 43px;text-align: center\">Die Bedeutung der Verankerung in der Multibondtechnik<\/td>\n<td style=\"width: 50%;height: 43px;text-align: center\"><strong>Dr. Gergely Balaton <\/strong><\/td>\n<\/tr>\n<tr style=\"height: 92px\">\n<td style=\"width: 50%;height: 57px;text-align: center\">Herausnehmbare Ger\u00e4te, Behandlungsm\u00f6glichkeiten mit passiven und aktiven kieferorthop\u00e4dischen Apparaturen<\/td>\n<td style=\"width: 50%;height: 57px;text-align: center\"><strong>Dr. Heike L\u00f6chli <\/strong><\/td>\n<\/tr>\n<tr style=\"height: 62px\">\n<td style=\"width: 50%;height: 39px;text-align: center\">Komplexe Trauma-Therapie im bleibenden Gebiss<\/td>\n<td style=\"width: 50%;height: 39px;text-align: center\"><strong>Dr. No\u00e9mi R\u00f3zsa<\/strong><\/td>\n<\/tr>\n<tr style=\"height: 37px\">\n<td style=\"width: 50%;height: 10px;text-align: center\">\n<p>Kinderstomatologische und kieferorthop\u00e4dische Gesichtspunkte der Zahnextraktionen<\/p>\n<\/td>\n<td style=\"width: 50%;height: 10px;text-align: center\"><strong>Dr. No\u00e9mi R\u00f3zsa<\/strong><\/td>\n<\/tr>\n<tr style=\"height: 32px\">\n<td style=\"width: 50%;height: 32px;text-align: center\">Kieferorthop\u00e4dische Behandlungsm\u00f6glichkeiten bei Anomalien der Zahnzahl<\/td>\n<td style=\"width: 50%;height: 32px;text-align: center\"><strong>Dr. B\u00e1lint Nemes <\/strong><\/td>\n<\/tr>\n<tr style=\"height: 32px\">\n<td style=\"width: 50%;height: 32px;text-align: center\">Zahnarztangst in der Kindheit<\/td>\n<td style=\"width: 50%;height: 32px;text-align: center\"><strong>Dr. No\u00e9mi R\u00f3zsa <\/strong><\/td>\n<\/tr>\n<\/tbody>\n<\/table>\n<p>&nbsp;<\/p>\n<p><a href=\"https:\/\/semmelweis.hu\/gyermekfogaszat\/files\/2024\/11\/Hallgatoi-tajekoztato-nemet-1.pdf\" target=\"_blank\" rel=\"noopener\"><strong>Informationen f\u00fcr die Zahnmedizinstudenten des IV. und V. Jahrganges (pdf)<\/strong><\/a><\/p>\n<p><a href=\"https:\/\/semmelweis.hu\/gyermekfogaszat\/files\/2025\/05\/Kieferorthopadische-Propadeutik-Curricula-Rozsa-2025.pdf\" target=\"_blank\" rel=\"noopener\"><strong>Kieferorthopadische Propadeutik Verlaufsordnung (pdf)<\/strong><\/a><\/p>\n<p><strong><a href=\"https:\/\/semmelweis.hu\/gyermekfogaszat\/files\/2025\/05\/Kieferothopadie-Kurrikulum-Rozsa-2025.pdf\" target=\"_blank\" rel=\"noopener\">Kieferorthop\u00e4die &#8211; Verlaufsordnung (pdf)<\/a><br \/>\n<\/strong><\/p>\n<ol>\n<li><a href=\"https:\/\/semmelweis.hu\/gyermekfogaszat\/files\/2024\/11\/SE-FOK-Vorlesung-KFO1-Gegenstand-und-Bedeutung-Rozsa-06-09-2023.pdf\" target=\"_blank\" rel=\"noopener\">Kieferorthop\u00e4die; Begriff, Bedeutung, Zusammenh\u00e4nge mit Karies und Parodontopathien (pdf)<\/a><\/li>\n<li><a href=\"https:\/\/semmelweis.hu\/gyermekfogaszat\/files\/2024\/10\/Geschichte-der-Kieferorthopadie-und-Terminiologie.pdf\" target=\"_blank\" rel=\"noopener\">Geschichtlicher \u00dcberblick der KFO. Kieferorthop\u00e4dische Grundbegriffe (pdf)<\/a><\/li>\n<li><a href=\"https:\/\/semmelweis.hu\/gyermekfogaszat\/files\/2024\/11\/Kieferorthopadische-diagnostik-I.pdf\" target=\"_blank\" rel=\"noopener\">Kieferorthop\u00e4dische Diagnostik I. (pdf)<\/a><\/li>\n<li><a href=\"https:\/\/semmelweis.hu\/gyermekfogaszat\/files\/2024\/11\/Kieferorthopadische-diagnostik-II_Nemes.pdf\" target=\"_blank\" rel=\"noopener\">Kieferorthop\u00e4dische Diagnostik II. (pdf)<\/a><\/li>\n<li><a href=\"https:\/\/semmelweis.hu\/gyermekfogaszat\/files\/2024\/10\/OptimalerTherapiebeginn.pdf\" target=\"_blank\" rel=\"noopener\">Optimale Therapiebeginn der KFO-Behandlung (pdf)<\/a><\/li>\n<li>\u00c4tiologie; geerbte und erworbene Anomalien<\/li>\n<li><a href=\"https:\/\/semmelweis.hu\/gyermekfogaszat\/files\/2024\/11\/Biomechanik-Dr.-Nemes-Balint.pdf\" target=\"_blank\" rel=\"noopener\">Die Grundregeln der kieferorthop\u00e4dischen Biomechanik. Die M\u00f6glichkeiten der Zahnbewegung (pdf)<\/a><\/li>\n<li><a href=\"https:\/\/semmelweis.hu\/gyermekfogaszat\/files\/2024\/11\/SE-FOK-Vorlesung-Herausnehmbare-KFO-GerA\u00a4te-I.2024-1.pdf\" target=\"_blank\" rel=\"noopener\">Herausnehmbare Ger\u00e4te I. (pdf)<\/a><\/li>\n<li><a href=\"https:\/\/semmelweis.hu\/gyermekfogaszat\/files\/2025\/01\/Herausnehmbare-Gerate-II_-Nemes.pdf\" target=\"_blank\" rel=\"noopener\">Herausnehmbare Ger\u00e4te II. (pdf)<\/a><\/li>\n<li><a href=\"https:\/\/semmelweis.hu\/gyermekfogaszat\/files\/2024\/11\/Schienentherapie.pdf\" target=\"_blank\" rel=\"noopener\">Schienentherapiesysteme in der KFO. Alignerbehandlung. (pdf)<\/a><\/li>\n<li>\n<p><a href=\"https:\/\/semmelweis.hu\/gyermekfogaszat\/files\/2024\/11\/Platzschaffungvegl-masolata.pdf\" target=\"_blank\" rel=\"noopener\">Platzschaffung in der Kieferorthop\u00e4die. Die Zahnbogenexpansion und die Molarendistalisierung (pdf)<\/a><\/p>\n<\/li>\n<li><a href=\"https:\/\/semmelweis.hu\/gyermekfogaszat\/files\/2024\/12\/Multiban-Techniken-I-1.pdf\" target=\"_blank\" rel=\"noopener\">Festsitzende Apparaturen: Multibond Techniken I. (pdf)<\/a><\/li>\n<li><a href=\"https:\/\/semmelweis.hu\/gyermekfogaszat\/files\/2024\/12\/MB-Techniken-II.pdf\" target=\"_blank\" rel=\"noopener\">Festsitzende Apparaturen: Multibond Techniken II. (pdf)<\/a><\/li>\n<li><a href=\"https:\/\/semmelweis.hu\/gyermekfogaszat\/files\/2025\/02\/SE-FOK-Vorlesung-KFO-FRUBEHANDLUNG-IN-DER-KFO-Rozsa.pdf\" target=\"_blank\" rel=\"noopener\">Fr\u00fchbehandlung in der KFO (pdf)<\/a><\/li>\n<li><a href=\"https:\/\/semmelweis.hu\/gyermekfogaszat\/files\/2025\/03\/Normokklusion-2025.03.12.pdf\" target=\"_blank\" rel=\"noopener\">Normokklusion, Behandlung lokaler und allgemeiner Abweichungen (pdf)<\/a><\/li>\n<li><a href=\"https:\/\/semmelweis.hu\/gyermekfogaszat\/files\/2025\/02\/Behandlung-von-Klasse-II-Malokklusionen-Dr.-Kaan-G.pdf\" target=\"_blank\" rel=\"noopener\">Behandlung des Distalbisses (pdf)<\/a><\/li>\n<li><a href=\"https:\/\/semmelweis.hu\/gyermekfogaszat\/files\/2025\/03\/Klasse-III-Behandlung-des-Mesialbisses-Dr.-Nemes.pdf\" target=\"_blank\" rel=\"noopener\">Behandlung des Mesialbisses (pdf)<\/a><\/li>\n<li><a href=\"https:\/\/semmelweis.hu\/gyermekfogaszat\/files\/2025\/03\/SE-FOK-Vorlesung-KFO-Extraktion-in-der-KFO.pdf\" target=\"_blank\" rel=\"noopener\">Extraktionsindikationen in der KFO (pdf)<\/a><\/li>\n<li><a href=\"https:\/\/semmelweis.hu\/gyermekfogaszat\/files\/2025\/04\/Chirurgische-Behandlungsmassnahmen-im-Rahmen-der-KFO-Behandlung.pdf\" target=\"_blank\" rel=\"noopener\">Chirurgische Behandlungsma\u00dfnahmen im Rahmen der KFO Behandlung (pdf)<\/a><\/li>\n<li><a href=\"https:\/\/semmelweis.hu\/gyermekfogaszat\/files\/2025\/04\/Komplexbehandlung-der-Lippen-Kiefer-Gaumenspalten-Dr.-Nemes.pdf\" target=\"_blank\" rel=\"noopener\">Komplexbehandlung der Lippen-Kiefer- Gaumenspalten (pdf)<\/a><\/li>\n<li><a href=\"https:\/\/semmelweis.hu\/gyermekfogaszat\/files\/2025\/02\/Risiken-Nebenwirkungen-in-KFO-pdf.pdf\" target=\"_blank\" rel=\"noopener\">Risiken, Nebenwirkungen und Komplikationen in der KFO (pdf)<\/a><\/li>\n<li><a href=\"https:\/\/semmelweis.hu\/gyermekfogaszat\/files\/2025\/04\/KFO-Behandlung-bei-Erwachsenen-Interdisziplinare-Aspekte-der-KFO-2025-04-02.pdf\" target=\"_blank\" rel=\"noopener\">KFO Behandlung bei Erwachsenen, Interdisziplin\u00e4re Aspekte der KFO (pdf)<\/a><\/li>\n<li><a href=\"https:\/\/semmelweis.hu\/gyermekfogaszat\/files\/2025\/04\/Retenzion-und-Rezidiv.pdf\" target=\"_blank\" rel=\"noopener\">Retention und Rezidiv (pdf)<\/a><\/li>\n<li><a href=\"https:\/\/semmelweis.hu\/gyermekfogaszat\/files\/2025\/04\/Parodontale-Aspekte-der-kieferorthopadisden-Behandlungen.pdf\" target=\"_blank\" rel=\"noopener\">Parodontale Aspekte der kieferorthop\u00e4disden Behandlungen (pdf)<\/a><\/li>\n<\/ol>\n<p><strong><a href=\"https:\/\/semmelweis.hu\/gyermekfogaszat\/files\/2025\/05\/Kinderzahnheilkunde-Curricula-Rozsa-2025.pdf\" target=\"_blank\" rel=\"noopener\">Kinderzahnheilkunde &#8211; Verlaufsordnung (pdf)<\/a><br \/>\n<\/strong><\/p>\n<ol>\n<li><a href=\"https:\/\/semmelweis.hu\/gyermekfogaszat\/files\/2024\/11\/SE-FOK-Vorlesung-1-Gegenstand-und-Bedeutung-der-KZHK-Rozsa-03-09-2024.pdf\" target=\"_blank\" rel=\"noopener\">Gegenstand, Bedeutung und Zusammenh\u00e4nge der Kinderstomatologie (pdf)<\/a><\/li>\n<li><a href=\"https:\/\/semmelweis.hu\/gyermekfogaszat\/files\/2024\/10\/Zahnentwicklung-Durchbruch-und-Anatomie-der-Milchzahne.pdf\" target=\"_blank\" rel=\"noopener\">Zahnentwicklung, Durchbruch und Anatomie der Milchz\u00e4hne (pdf)<\/a><\/li>\n<li><a href=\"https:\/\/semmelweis.hu\/gyermekfogaszat\/files\/2024\/11\/SE-FOK-Vorlesung-3-Storungen-im-Milch-und-im-bleibenden-Gebiss-KZHK-Rozsa-2024-09-18.pdf\" target=\"_blank\" rel=\"noopener\">Entwicklungsanomalien im Milch- und im bleibenden Gebiss (pdf)<\/a><\/li>\n<li><a href=\"https:\/\/semmelweis.hu\/gyermekfogaszat\/files\/2024\/11\/SE-FOK-Vorlesung-KZHK-Karies-im-Milchgebiss-Kariestherapie-und-Pravention-im-Milchgebiss-Rozsa-27.09.2023.pdf\" target=\"_blank\" rel=\"noopener\">Karies im Milchgebiss. Versorgung (pdf)<\/a><\/li>\n<li>Pr\u00e4vention in der Kinderzahnheilkunde<\/li>\n<li><a href=\"https:\/\/semmelweis.hu\/gyermekfogaszat\/files\/2024\/11\/SE-KZHK-Vorlesung-Milchzahnendodontie-Rozsa-09-10-2024.pdf\" target=\"_blank\" rel=\"noopener\">Erkrankungen der Pulpa und des apikalen Periodonts der Milchz\u00e4hne (pdf)<\/a><\/li>\n<li><a href=\"https:\/\/semmelweis.hu\/gyermekfogaszat\/files\/2024\/10\/Mechanismus-des-Zahnwechsels.pdf\" target=\"_blank\" rel=\"noopener\">Mechanismus des Zahnwechsels. Physiologische und pathologische Erscheinungen (pdf)<\/a><\/li>\n<li><a href=\"https:\/\/semmelweis.hu\/gyermekfogaszat\/files\/2024\/11\/Minimalinvasive_Therapie_in_der_Zahnheilkunde_Liptak.pdf\" target=\"_blank\" rel=\"noopener\">Minimalinvasive Therapie in der Zahnheilkunde (pdf)<\/a><\/li>\n<li><a href=\"https:\/\/semmelweis.hu\/gyermekfogaszat\/files\/2024\/11\/Karies_bleibende_Zahnen_nemet_Liptak.pdf\" target=\"_blank\" rel=\"noopener\">Karies und Kariesversorgung der bleibenden Zahne. Erkrankngen der Pulpa und des apikalen Periodonts der bleibenden Z\u00e4hne (pdf)<\/a><\/li>\n<li><a href=\"https:\/\/semmelweis.hu\/gyermekfogaszat\/files\/2024\/11\/Verwendete-Fullungsmaterialen-in-der-Kinderzahnheilkunde-pdf2.pdf\" target=\"_blank\" rel=\"noopener\">F\u00fcllungsmateriale in der Kinderzahnheilkunde (pdf)<\/a><\/li>\n<li><a href=\"https:\/\/semmelweis.hu\/gyermekfogaszat\/files\/2024\/11\/SE-FOK-Vorlesung-Wurzel-Apexifikation-KZHK-Rozsa-20-11-2024.pdf\" target=\"_blank\" rel=\"noopener\">Wurzelbehandlung der jugendlichen bleibenden Z\u00e4hne. Apexifikation (pdf)<\/a><\/li>\n<li><a href=\"https:\/\/semmelweis.hu\/gyermekfogaszat\/files\/2024\/11\/Syndromen_nemet_Liptak.pdf\" target=\"_blank\" rel=\"noopener\">Zahnanomalien als Begleitsymptome von systemischen Erkrankungen und Syndrome (Pdf)<\/a><\/li>\n<li><a href=\"https:\/\/semmelweis.hu\/gyermekfogaszat\/files\/2025\/02\/e-valtozat-Unfallverletzungen-der-Zahne-Teil-1-Milchzahntrauma-Rozsa.pdf\" target=\"_blank\" rel=\"noopener\">Unfallverletzungen der Milchz\u00e4hne (pdf)<\/a><\/li>\n<li><a href=\"https:\/\/semmelweis.hu\/gyermekfogaszat\/files\/2025\/03\/Schmerzausschaltung-und-Sedierung-2025.02.26.pdf\" target=\"_blank\" rel=\"noopener\">Schmerzausschaltung und Sedierung in der Kinderzahnheilkunde (pdf)<\/a><\/li>\n<li><a href=\"https:\/\/semmelweis.hu\/gyermekfogaszat\/files\/2025\/02\/Unfallverletzungen-bleibende-Zahne-2025-02-12-.pdf\" target=\"_blank\" rel=\"noopener\">Komplexversorgung der Unfallverletzungen der bleibenden Z\u00e4hne Prothetik im Kindesalter (pdf)<\/a><\/li>\n<li><a href=\"https:\/\/semmelweis.hu\/gyermekfogaszat\/files\/2025\/03\/KZHK-Vorlesung-Oralchirurgische-Verfahren-im-Kindesalter-Rozsa-05-03-2025.pdf\" target=\"_blank\" rel=\"noopener\">Oralchirurgische Verfahren in der Kinderzahnheilkunde (pdf)<\/a><\/li>\n<li><a href=\"https:\/\/semmelweis.hu\/gyermekfogaszat\/files\/2025\/02\/Prothetik-im-Kindesalter.pdf\" target=\"_blank\" rel=\"noopener\">Prothetik im Kindesalter (pdf)<\/a><\/li>\n<li><a href=\"https:\/\/semmelweis.hu\/gyermekfogaszat\/files\/2025\/03\/Mundschleimhauterkrankungen.pdf\" target=\"_blank\" rel=\"noopener\">Parodontologie und Mundschleimhaut-erkrankungen im Kindesalter (pdf)<\/a><\/li>\n<li><a href=\"https:\/\/semmelweis.hu\/gyermekfogaszat\/files\/2025\/03\/Medikamente-in-der-Kinderzahnheilkunde.pdf\" target=\"_blank\" rel=\"noopener\">Medikamente in der Kinderzahnheilkunde (pdf)<\/a><\/li>\n<li><a href=\"https:\/\/semmelweis.hu\/gyermekfogaszat\/files\/2025\/04\/Orale-Manifestationen-von-Syndromerkrankungen.pdf\" target=\"_blank\" rel=\"noopener\">Orale Manifestationen von Syndromerkrankungen (pdf)<\/a><\/li>\n<li><a href=\"https:\/\/semmelweis.hu\/gyermekfogaszat\/files\/2025\/03\/Spezielle-Aspekte-der-kinderzahnarztlichen-Behandlung.pdf\" target=\"_blank\" rel=\"noopener\">Spezielle Aspekte der kinderzahn\u00e4rztlichen Behandlung (pdf)<\/a><\/li>\n<li><a href=\"https:\/\/semmelweis.hu\/gyermekfogaszat\/files\/2025\/04\/MIH-uj.pdf\" target=\"_blank\" rel=\"noopener\">MIH (pdf)<\/a><\/li>\n<li><a href=\"https:\/\/semmelweis.hu\/gyermekfogaszat\/files\/2025\/04\/Verfarbungen-der-Zahnhartsubstanzen.-Atiologie.2025-04-02.pdf\" target=\"_blank\" rel=\"noopener\">Verf\u00e4rbungen der Zahnhartsubstanzen. \u00c4tiologie (pdf)<\/a><\/li>\n<\/ol>\n","protected":false},"excerpt":{"rendered":"<p><a href=\"https:\/\/semmelweis.hu\/gyermekfogaszat\/files\/2024\/11\/Nemet-fogszab-szigorlati-tetelsor-1-1.pdf\" target=\"_blank\" rel=\"noopener noreferrer\">KFO \u2013 Rigorosum Themenkatalog (pdf)<\/a> <a href=\"https:\/\/semmelweis.hu\/gyermekfogaszat\/files\/2024\/11\/Nemet-gyerfog-szigorlati-tetelsor-1-1.pdf\" target=\"_blank\" rel=\"noopener noreferrer\">Kinderzahnheilkunde &#8211; Rigorosum Themenkatalog (pdf)<\/a> <a href=\"https:\/\/semmelweis.hu\/gyermekfogaszat\/files\/2025\/04\/Altalanos-fogaszat-nyari-gyakorlat-DE.pdf\" target=\"_blank\" rel=\"noopener\">Allgemeine zahn\u00e4rztliche Sommerfamulatur (pdf)<\/a> Themen f\u00fcr die Diplomarbeit 2025\/2026 Funktionskieferorthop\u00e4die, funktionskieferorthop\u00e4dische Apparaturen Dr. B\u00e1lint Nemes Therapie der Angle Klasse I Anomalien Dr. No\u00e9mi R\u00f3zsa Die Bedeutung der Verankerung in der Multibondtechnik Dr. Gergely Balaton Herausnehmbare Ger\u00e4te, Behandlungsm\u00f6glichkeiten mit passiven und aktiven kieferorthop\u00e4dischen Apparaturen Dr. Heike L\u00f6chli Komplexe Trauma-Therapie im bleibenden Gebiss Dr. No\u00e9mi R\u00f3zsa Kinderstomatologische und kieferorthop\u00e4dische Gesichtspunkte der &hellip;<\/p>\n","protected":false},"author":269,"featured_media":0,"parent":464,"menu_order":1,"comment_status":"closed","ping_status":"closed","template":"","meta":{"_acf_changed":false,"footnotes":""},"categories":[],"tags":[],"class_list":["post-1872","page","type-page","status-publish","hentry"],"acf":[],"_links":{"self":[{"href":"https:\/\/semmelweis.hu\/gyermekfogaszat\/wp-json\/wp\/v2\/pages\/1872","targetHints":{"allow":["GET"]}}],"collection":[{"href":"https:\/\/semmelweis.hu\/gyermekfogaszat\/wp-json\/wp\/v2\/pages"}],"about":[{"href":"https:\/\/semmelweis.hu\/gyermekfogaszat\/wp-json\/wp\/v2\/types\/page"}],"author":[{"embeddable":true,"href":"https:\/\/semmelweis.hu\/gyermekfogaszat\/wp-json\/wp\/v2\/users\/269"}],"replies":[{"embeddable":true,"href":"https:\/\/semmelweis.hu\/gyermekfogaszat\/wp-json\/wp\/v2\/comments?post=1872"}],"version-history":[{"count":11,"href":"https:\/\/semmelweis.hu\/gyermekfogaszat\/wp-json\/wp\/v2\/pages\/1872\/revisions"}],"predecessor-version":[{"id":2883,"href":"https:\/\/semmelweis.hu\/gyermekfogaszat\/wp-json\/wp\/v2\/pages\/1872\/revisions\/2883"}],"up":[{"embeddable":true,"href":"https:\/\/semmelweis.hu\/gyermekfogaszat\/wp-json\/wp\/v2\/pages\/464"}],"wp:attachment":[{"href":"https:\/\/semmelweis.hu\/gyermekfogaszat\/wp-json\/wp\/v2\/media?parent=1872"}],"wp:term":[{"taxonomy":"category","embeddable":true,"href":"https:\/\/semmelweis.hu\/gyermekfogaszat\/wp-json\/wp\/v2\/categories?post=1872"},{"taxonomy":"post_tag","embeddable":true,"href":"https:\/\/semmelweis.hu\/gyermekfogaszat\/wp-json\/wp\/v2\/tags?post=1872"}],"curies":[{"name":"wp","href":"https:\/\/api.w.org\/{rel}","templated":true}]}}