{"id":1851,"date":"2020-07-30T13:21:18","date_gmt":"2020-07-30T11:21:18","guid":{"rendered":"https:\/\/semmelweis.hu\/gyermekfogaszat\/?page_id=1851"},"modified":"2026-03-27T08:33:21","modified_gmt":"2026-03-27T07:33:21","slug":"rendelesek-2","status":"publish","type":"page","link":"https:\/\/semmelweis.hu\/gyermekfogaszat\/rendelesek\/rendelesek-2\/","title":{"rendered":"Rendel\u00e9sek"},"content":{"rendered":"<div class=\"entry-content\">\u00a0<\/div>\n<p>&nbsp;<\/p>\n<div class=\"entry-content\">\n<h4>J\u00e1r\u00f3beteg szakrendel\u00e9sek, ambulanci\u00e1k<\/h4>\n<p><strong>Bejelentkez\u00e9s: <\/strong>Budapest, VIII. Szentkir\u00e1lyi 47. f\u00f6ldszint, betegfelv\u00e9tel pultn\u00e1l<\/p>\n<p><strong>Rendel\u00e9s id\u0151pontja<\/strong>: h\u00e9tf\u0151-p\u00e9ntek, 08.00 \u2013 15.30 Els\u0151 jelentkez\u00e9skor k\u00e9rj\u00fck, hozza mag\u00e1val: \u2013 <strong>orvosi beutal\u00f3j\u00e1t<\/strong>\u00a0\u2013 \u00e9rv\u00e9nyes TAJ k\u00e1rty\u00e1j\u00e1t \u2013 szem\u00e9lyi igazolv\u00e1ny\u00e1t \u2013 lakc\u00edm k\u00e1rty\u00e1j\u00e1t.<\/p>\n<p>Fogszab\u00e1lyoz\u00e1s szakell\u00e1t\u00e1sra <strong>beutal\u00f3 \u00e9s<\/strong> <strong>el\u0151jegyz\u00e9si id\u0151pont sz\u00fcks\u00e9ges!<\/strong><\/p>\n<p>Gyermekfog\u00e1szati szakell\u00e1t\u00e1sra <strong>beutal\u00f3 sz\u00fcks\u00e9ges!<\/strong><\/p>\n<p>Id\u0151pontot az al\u00e1bbi telefonsz\u00e1mon sz\u00fcks\u00e9ges k\u00e9rni: +36 1 459 1500\/59247,59271,59268 mell\u00e9k.<\/p>\n<p><strong>K\u00f6telez\u0151 a maszk haszn\u00e1lata int\u00e9zm\u00e9ny\u00fcnkben!<\/strong><\/p>\n<div id=\"GroupWiseSection_1566901825000_kepes.zoltanne@dent.semmelweis-univ.hu_A4BB929013690000A9ADCA4CBAF9A944_\" class=\"GroupWiseMessageBody active\">\n<div><strong>Felh\u00edvjuk sz\u00edves figyelm\u00fcket, hogy a 18. \u00e9let\u00e9v\u00e9t be nem t\u00f6lt\u00f6tt gyermekeket csak sz\u00fcl\u0151\/gondvisel\u0151 jelenl\u00e9t\u00e9ben \u00e1ll m\u00f3dunkban kezelni.<\/strong><\/div>\n<div><strong>Ha nem tudj\u00e1k gyermek\u00fcket elk\u00eds\u00e9rni a kezel\u00e9sre, \u00edr\u00e1sban t\u00e1j\u00e9koztassanak minket arr\u00f3l, hogy hozz\u00e1j\u00e1rulnak gyermek\u00fck fog\u00e1szati kezel\u00e9s\u00e9hez.<\/strong><\/div>\n<div><a href=\"https:\/\/semmelweis.hu\/gyermekfogaszat\/files\/2019\/08\/Sz\u00fcl\u0151i-nyilatkozat-kezel\u00e9s-enged\u00e9lyez\u00e9shez.pdf\">Sz\u00fcl\u0151i hozz\u00e1j\u00e1rul\u00f3 nyilatkozat (pdf)<\/a>\u2013 K\u00e9rj\u00fck ezt t\u00f6lts\u00e9k ki, majd kinyomtatva, al\u00e1\u00edrva a gyermekkel k\u00fcldj\u00e9k el a fogorvosnak!<\/div>\n<div>Sajnos m\u00e1s igazol\u00e1st nem tudunk elfogadni.<\/div>\n<div>\u00a0<\/div>\n<\/div>\n<ul style=\"list-style-type: square\">\n<li><strong>Fog\u00e1szati kezel\u00e9sek NEAK (OEP) finansz\u00edroz\u00e1sa <a href=\"https:\/\/www.neak.gov.hu\/felso_menu\/lakossagnak\/ellatas_magyarorszagon\/egeszsegugyi_ellatasok\/fogorvosi_ellatas\" target=\"_blank\" rel=\"noopener\">ITT \u00e9rhet\u0151 el<\/a><\/strong><\/li>\n<li><strong>A Semmelweis Egyetem T\u00e9r\u00edt\u00e9si D\u00edj Szab\u00e1lyzata <a href=\"https:\/\/semmelweis.hu\/jogigfoig\/dokumentumtar\/szabalyzattar\/teritesi-dij-szabalyzat\/\" target=\"_blank\" rel=\"noopener\">ITT \u00e9rhet\u0151 el<\/a><\/strong><\/li>\n<\/ul>\n<p>A gyermekfog\u00e1szati beavatkoz\u00e1sokat az els\u0151 vizit alkalm\u00e1val megkezdj\u00fck.<\/p>\n<p><strong>Amennyiben a gyermek ell\u00e1t\u00e1sa egy alkalommal nem kivitelezhet\u0151, a sz\u00fcl\u0151vel egyeztetett id\u0151pontokra visszarendelj\u00fck. Kiv\u00e9telt k\u00e9peznek az \u00e1ltal\u00e1nos \u00e9rz\u00e9stelen\u00edt\u00e9sre szorul\u00f3 p\u00e1ciensek, akiknek ell\u00e1t\u00e1sa a MRE Bethesda Gyermekklinik\u00e1val egy\u00fcttm\u0171k\u00f6d\u00e9sben t\u00f6rt\u00e9nik. Ezen p\u00e1ciensek ell\u00e1t\u00e1s\u00e1nak \u00fctemez\u00e9se a fenti gyermekklinik\u00e1val egyeztetve t\u00f6rt\u00e9nik.<\/strong><\/p>\n<p>A fogszab\u00e1lyoz\u00e1st ig\u00e9nyl\u0151 p\u00e1ciensek kezel\u00e9s\u00e9nek id\u0151z\u00edt\u00e9se a rendelleness\u00e9g t\u00edpus\u00e1nak, s\u00falyoss\u00e1g\u00e1nak \u00e9s a gyermek \u00e9letkor\u00e1nak alapj\u00e1n az els\u0151, vagy a sz\u00fcks\u00e9ges diagnosztikai elj\u00e1r\u00e1sok elv\u00e9gz\u00e9se ut\u00e1ni m\u00e1sodik vizit alkalm\u00e1val ker\u00fcl meghat\u00e1roz\u00e1sra. A fentiek figyelembev\u00e9tel\u00e9vel a sz\u00fcks\u00e9ges beavatkoz\u00e1sok megkezd\u00e9s\u00e9re azonnal, vagy a sikeres kezel\u00e9sre legalkalmasabb id\u0151pontban ker\u00fcl sor.<\/p>\n<h4>Kezel\u0151orvosok:<\/h4>\n<ul style=\"list-style-type: square\">\n<li><a href=\"https:\/\/semmelweis.hu\/telefonkonyv\/?emp_id=98\" target=\"_blank\" rel=\"noopener noreferrer\">Prof. Dr. med habil R\u00f3zsa No\u00e9mi Katinka <\/a>PhD, klinika igazgat\u00f3, egyetemi tan\u00e1r<\/li>\n<li><a href=\"https:\/\/semmelweis.hu\/telefonkonyv\/?emp_id=74\" target=\"_blank\" rel=\"noopener noreferrer\">Dr. Ka\u00e1n Mikl\u00f3s<\/a>\u00a0PhD, klinika igazgat\u00f3helyettes, egyetemi docens\u00a0<\/li>\n<li><a href=\"https:\/\/semmelweis.hu\/telefonkonyv\/?emp_id=599\" target=\"_blank\" rel=\"noopener noreferrer\">Prof. Dr. Tarj\u00e1n Ildik\u00f3<\/a>, egyetemi tan\u00e1r, professor emeritus<\/li>\n<li><a href=\"https:\/\/semmelweis.hu\/telefonkonyv\/?emp_id=93\" target=\"_blank\" rel=\"noopener noreferrer\">Dr. Balaton Gergely PhD,<\/a>\u00a0egyetemi docens<\/li>\n<li><a href=\"https:\/\/semmelweis.hu\/telefonkonyv\/?emp_id=7834\" target=\"_blank\" rel=\"noopener noreferrer\">Dr. Nemes B\u00e1lint<\/a>\u00a0PhD, egyetemi tan\u00e1rseg\u00e9d<\/li>\n<li><a href=\"https:\/\/semmelweis.hu\/telefonkonyv\/?emp_id=21896\" target=\"_blank\" rel=\"noopener\">Dr. Beck Anita<\/a> PhD, egyetemi adjunktus<\/li>\n<li><a href=\"https:\/\/semmelweis.hu\/telefonkonyv\/?emp_id=26485\" target=\"_blank\" rel=\"noopener\">Dr. Simon Botond Barna PhD,<\/a> egyetemi adjunktus<\/li>\n<li><a href=\"https:\/\/semmelweis.hu\/telefonkonyv\/?emp_id=12054\" target=\"_blank\" rel=\"noopener noreferrer\">Dr. Heckenast Lili<\/a>, egyetemi tan\u00e1rseg\u00e9d<\/li>\n<li><a href=\"https:\/\/semmelweis.hu\/telefonkonyv\/?emp_id=11192\" target=\"_blank\" rel=\"noopener noreferrer\">Dr. Ka\u00e1n Gergely<\/a>, egyetemi tan\u00e1rseg\u00e9d<\/li>\n<li><a href=\"https:\/\/semmelweis.hu\/telefonkonyv\/?emp_id=17368\" target=\"_blank\" rel=\"noopener\">Dr. Lipt\u00e1k Laura,<\/a> egyetemi tan\u00e1rseg\u00e9d<\/li>\n<li><a href=\"https:\/\/semmelweis.hu\/telefonkonyv\/?emp_id=15858\" target=\"_blank\" rel=\"noopener\">Dr. \u00c1cs Lili PhD<\/a>, TDK Felel\u0151s, egyetemi tan\u00e1rseg\u00e9d<\/li>\n<li><a href=\"https:\/\/semmelweis.hu\/telefonkonyv\/?emp_id=15774\" target=\"_blank\" rel=\"noopener\">Dr. Felkai Tam\u00e1s<\/a>, klinikai f\u0151orvos<\/li>\n<li><a href=\"https:\/\/semmelweis.hu\/telefonkonyv\/?emp_id=25599\" target=\"_blank\" rel=\"noopener\">Dr. Nagy D\u00f3ra Zs\u00f3fia<\/a>, klinikai szakorvos<\/li>\n<li><a href=\"https:\/\/semmelweis.hu\/telefonkonyv\/?emp_id=26438\" target=\"_blank\" rel=\"noopener\">Dr.T\u00f6r\u00f6k Fanni<\/a>, klinikai szakorvos<\/li>\n<li><a href=\"https:\/\/semmelweis.hu\/telefonkonyv\/?emp_id=13698\" target=\"_blank\" rel=\"noopener noreferrer\">Dr. Simon Istv\u00e1n<\/a>, klinikai szakorvos<\/li>\n<li><a href=\"https:\/\/semmelweis.hu\/telefonkonyv\/?emp_id=12050\" target=\"_blank\" rel=\"noopener noreferrer\">Dr. Szegedi Levente<\/a>, klinikai szakorvos<\/li>\n<li><a href=\"https:\/\/semmelweis.hu\/telefonkonyv\/?emp_id=14842\" target=\"_blank\" rel=\"noopener noreferrer\">Dr. Macsali R\u00e9ka,\u00a0<\/a>klinikai szakorvos<\/li>\n<li><a href=\"https:\/\/semmelweis.hu\/telefonkonyv\/?emp_id=13700\" target=\"_blank\" rel=\"noopener noreferrer\">Dr. Skl\u00e1nitz R\u00e9ka,<\/a>\u00a0klinikai szakorvos<\/li>\n<li><a href=\"https:\/\/semmelweis.hu\/telefonkonyv\/?emp_id=13699\" target=\"_blank\" rel=\"noopener noreferrer\">Dr. Szab\u00f3 Violetta,<\/a>\u00a0klinikai szakorvos<\/li>\n<li><a href=\"https:\/\/semmelweis.hu\/telefonkonyv\/?emp_id=15862\" target=\"_blank\" rel=\"noopener\">Dr. L\u0151rincz Gergely<\/a>, klinikai szakorvos<\/li>\n<li><a href=\"https:\/\/semmelweis.hu\/telefonkonyv\/?emp_id=20572\" target=\"_blank\" rel=\"noopener\">Dr. Nghiem Lien Peggi<\/a>, klinikai szakorvos<\/li>\n<li><a href=\"https:\/\/semmelweis.hu\/telefonkonyv\/?emp_id=17373\" target=\"_blank\" rel=\"noopener\">Dr. Nagy Mikl\u00f3s<\/a>, klinikai szakorvos<\/li>\n<li><a href=\"https:\/\/semmelweis.hu\/telefonkonyv\/?emp_id=17372\" target=\"_blank\" rel=\"noopener\">Dr. Benedikti Bence, <\/a>klinikai szakorvos<\/li>\n<li><a href=\"https:\/\/semmelweis.hu\/telefonkonyv\/?emp_id=17369\" target=\"_blank\" rel=\"noopener\">Dr. Baksa Szilvia,<\/a> klinikai szakorvos<\/li>\n<li><a href=\"https:\/\/semmelweis.hu\/telefonkonyv\/?emp_id=18610\" target=\"_blank\" rel=\"noopener\">Dr. Rozgonyi Lili,<\/a> klinikai szakorvos<\/li>\n<li><a href=\"https:\/\/semmelweis.hu\/telefonkonyv\/?emp_id=18611\" target=\"_blank\" rel=\"noopener\">Dr. Tfirst Anna,<\/a> klinikai szakorvos<\/li>\n<\/ul>\n<\/div>\n<p>&nbsp;<\/p>\n<div class=\"entry-content\">\n<h4>Klinikai orvosok:<\/h4>\n<ul style=\"list-style-type: square\">\n<li><a href=\"https:\/\/semmelweis.hu\/telefonkonyv\/?emp_id=20573\" target=\"_blank\" rel=\"noopener\">Dr. Finy Mirtill<\/a><\/li>\n<li><a href=\"https:\/\/semmelweis.hu\/telefonkonyv\/?emp_id=20571\" target=\"_blank\" rel=\"noopener\">Dr. Olasz Fl\u00f3ra Helga<\/a><\/li>\n<li><a href=\"https:\/\/semmelweis.hu\/telefonkonyv\/?emp_id=20568\" target=\"_blank\" rel=\"noopener\">Dr. Vass Krist\u00f3f<\/a><\/li>\n<li><a href=\"https:\/\/semmelweis.hu\/telefonkonyv\/?emp_id=21893\" target=\"_blank\" rel=\"noopener\">Dr. Adorj\u00e1n Di\u00e1na<\/a><\/li>\n<li><a href=\"https:\/\/semmelweis.hu\/telefonkonyv\/?emp_id=21889\" target=\"_blank\" rel=\"noopener\">Dr. M\u00f3zes Ad\u00e9l Eszter<\/a><\/li>\n<li><a href=\"https:\/\/semmelweis.hu\/telefonkonyv\/?emp_id=21890\" target=\"_blank\" rel=\"noopener\">Dr. Farkas R\u00e9ka<\/a><\/li>\n<li><a href=\"https:\/\/semmelweis.hu\/telefonkonyv\/?emp_id=21891\" target=\"_blank\" rel=\"noopener\">Dr. Kreuter Patrik<\/a><\/li>\n<li><a href=\"https:\/\/semmelweis.hu\/telefonkonyv\/?emp_id=21892\" target=\"_blank\" rel=\"noopener\">Dr. Triebl Zsuzsanna<\/a><\/li>\n<li><a href=\"https:\/\/semmelweis.hu\/telefonkonyv\/?emp_id=22093\" target=\"_blank\" rel=\"noopener\">Dr. Varga Alexandra<\/a><\/li>\n<li><a href=\"https:\/\/semmelweis.hu\/telefonkonyv\/?emp_id=23721\" target=\"_blank\" rel=\"noopener\">Dr. K\u00f6penczei Csenge<\/a><\/li>\n<li><a href=\"https:\/\/semmelweis.hu\/telefonkonyv\/?emp_id=23722\" target=\"_blank\" rel=\"noopener\">Dr. Mihalovits Kincs\u0151 Kl\u00e1ra<\/a><\/li>\n<li><a href=\"https:\/\/semmelweis.hu\/telefonkonyv\/?emp_id=23724\" target=\"_blank\" rel=\"noopener\">Dr. Windisch D\u00f3ra Orsolya<\/a><\/li>\n<li><a href=\"https:\/\/semmelweis.hu\/telefonkonyv\/?emp_id=23723\" target=\"_blank\" rel=\"noopener\">Dr. Simon Emese Hailey<\/a><\/li>\n<li><a href=\"https:\/\/semmelweis.hu\/telefonkonyv\/?emp_id=23725\" target=\"_blank\" rel=\"noopener\">Dr. Lehoczky Krist\u00f3f<\/a><\/li>\n<li><a href=\"https:\/\/semmelweis.hu\/telefonkonyv\/?emp_id=24234\" target=\"_blank\" rel=\"noopener\">Dr. Tam\u00e1s Anna<\/a><\/li>\n<li><a href=\"https:\/\/semmelweis.hu\/telefonkonyv\/?emp_id=25592\" target=\"_blank\" rel=\"noopener\">Dr. Szab\u00f3 Fruzsina<\/a><\/li>\n<li><a href=\"https:\/\/semmelweis.hu\/telefonkonyv\/?emp_id=25593\" target=\"_blank\" rel=\"noopener\">Dr. Km\u00e9czik Regina<\/a><\/li>\n<li><a href=\"https:\/\/semmelweis.hu\/telefonkonyv\/?emp_id=25594\" target=\"_blank\" rel=\"noopener\">Dr. Bokor Lili J\u00falia<\/a><\/li>\n<li><a href=\"https:\/\/semmelweis.hu\/telefonkonyv\/?emp_id=25595\" target=\"_blank\" rel=\"noopener\">Dr. Sass-Sutka Anita<\/a><\/li>\n<li><a href=\"https:\/\/semmelweis.hu\/telefonkonyv\/?emp_id=25596\" target=\"_blank\" rel=\"noopener\">Dr. Szil\u00e1gyi S\u00e1ra<\/a><\/li>\n<\/ul>\n<\/div>\n","protected":false},"excerpt":{"rendered":"<p>\u00a0 &nbsp; J\u00e1r\u00f3beteg szakrendel\u00e9sek, ambulanci\u00e1k Bejelentkez\u00e9s: Budapest, VIII. Szentkir\u00e1lyi 47. f\u00f6ldszint, betegfelv\u00e9tel pultn\u00e1l Rendel\u00e9s id\u0151pontja: h\u00e9tf\u0151-p\u00e9ntek, 08.00 \u2013 15.30 Els\u0151 jelentkez\u00e9skor k\u00e9rj\u00fck, hozza mag\u00e1val: \u2013 orvosi beutal\u00f3j\u00e1t\u00a0\u2013 \u00e9rv\u00e9nyes TAJ k\u00e1rty\u00e1j\u00e1t \u2013 szem\u00e9lyi igazolv\u00e1ny\u00e1t \u2013 lakc\u00edm k\u00e1rty\u00e1j\u00e1t. Fogszab\u00e1lyoz\u00e1s szakell\u00e1t\u00e1sra beutal\u00f3 \u00e9s el\u0151jegyz\u00e9si id\u0151pont sz\u00fcks\u00e9ges! Gyermekfog\u00e1szati szakell\u00e1t\u00e1sra beutal\u00f3 sz\u00fcks\u00e9ges! Id\u0151pontot az al\u00e1bbi telefonsz\u00e1mon sz\u00fcks\u00e9ges k\u00e9rni: +36 1 &hellip;<\/p>\n","protected":false},"author":102206,"featured_media":0,"parent":528,"menu_order":0,"comment_status":"closed","ping_status":"closed","template":"","meta":{"_acf_changed":false,"footnotes":""},"categories":[],"tags":[],"class_list":["post-1851","page","type-page","status-publish","hentry"],"acf":[],"_links":{"self":[{"href":"https:\/\/semmelweis.hu\/gyermekfogaszat\/wp-json\/wp\/v2\/pages\/1851","targetHints":{"allow":["GET"]}}],"collection":[{"href":"https:\/\/semmelweis.hu\/gyermekfogaszat\/wp-json\/wp\/v2\/pages"}],"about":[{"href":"https:\/\/semmelweis.hu\/gyermekfogaszat\/wp-json\/wp\/v2\/types\/page"}],"author":[{"embeddable":true,"href":"https:\/\/semmelweis.hu\/gyermekfogaszat\/wp-json\/wp\/v2\/users\/102206"}],"replies":[{"embeddable":true,"href":"https:\/\/semmelweis.hu\/gyermekfogaszat\/wp-json\/wp\/v2\/comments?post=1851"}],"version-history":[{"count":11,"href":"https:\/\/semmelweis.hu\/gyermekfogaszat\/wp-json\/wp\/v2\/pages\/1851\/revisions"}],"predecessor-version":[{"id":2961,"href":"https:\/\/semmelweis.hu\/gyermekfogaszat\/wp-json\/wp\/v2\/pages\/1851\/revisions\/2961"}],"up":[{"embeddable":true,"href":"https:\/\/semmelweis.hu\/gyermekfogaszat\/wp-json\/wp\/v2\/pages\/528"}],"wp:attachment":[{"href":"https:\/\/semmelweis.hu\/gyermekfogaszat\/wp-json\/wp\/v2\/media?parent=1851"}],"wp:term":[{"taxonomy":"category","embeddable":true,"href":"https:\/\/semmelweis.hu\/gyermekfogaszat\/wp-json\/wp\/v2\/categories?post=1851"},{"taxonomy":"post_tag","embeddable":true,"href":"https:\/\/semmelweis.hu\/gyermekfogaszat\/wp-json\/wp\/v2\/tags?post=1851"}],"curies":[{"name":"wp","href":"https:\/\/api.w.org\/{rel}","templated":true}]}}