{"id":1822,"date":"2020-07-30T11:49:39","date_gmt":"2020-07-30T09:49:39","guid":{"rendered":"https:\/\/semmelweis.hu\/gyermekfogaszat\/?page_id=1822"},"modified":"2023-10-03T10:55:41","modified_gmt":"2023-10-03T08:55:41","slug":"betegjog-gyakorlasa","status":"publish","type":"page","link":"https:\/\/semmelweis.hu\/gyermekfogaszat\/rendelesek\/betegjog-gyakorlasa\/","title":{"rendered":"Betegjog gyakorl\u00e1sa"},"content":{"rendered":"<p>Az Integr\u00e1lt Jogv\u00e9delmi Szolg\u00e1lat \u00e1ltal foglalkoztatott betegjogi k\u00e9pvisel\u0151 az eg\u00e9szs\u00e9g\u00fcgyi int\u00e9zm\u00e9nyekt\u0151l f\u00fcggetlen szem\u00e9lyk\u00e9nt a hat\u00e1lyos eg\u00e9szs\u00e9g\u00fcgyi t\u00f6rv\u00e9nyben (1997. \u00e9vi CLIV. t\u00f6rv\u00e9ny) \u00e9s a 381\/2016. (XII.2.) Korm\u00e1nyrendeletben foglaltak alapj\u00e1n j\u00e1rhat el.<\/p>\n<p><strong>A betegjogi k\u00e9pvisel\u0151 tev\u00e9kenys\u00e9ge k\u00fcl\u00f6n\u00f6sen az al\u00e1bbiakat foglalja mag\u00e1ban:<\/strong><\/p>\n<ul>\n<li><strong>seg\u00edti a beteget<\/strong> az eg\u00e9szs\u00e9g\u00fcgyi dokument\u00e1ci\u00f3hoz val\u00f3 hozz\u00e1jut\u00e1sban, azzal kapcsolatos megjegyz\u00e9sek, k\u00e9rd\u00e9sek felt\u00e9tel\u00e9ben,<\/li>\n<li><strong>seg\u00edt a betegnek<\/strong> panasza megfogalmaz\u00e1s\u00e1ban, kezdem\u00e9nyezheti annak kivizsg\u00e1l\u00e1s\u00e1t,<\/li>\n<li><strong>a beteg \u00edr\u00e1sbeli meghatalmaz\u00e1sa alapj\u00e1n<\/strong> panaszt tehet az eg\u00e9szs\u00e9g\u00fcgyi szolg\u00e1ltat\u00f3 vezet\u0151j\u00e9n\u00e9l, fenntart\u00f3j\u00e1n\u00e1l, illetve \u2013 <strong>a beteg gy\u00f3gykezel\u00e9s\u00e9vel \u00f6sszef\u00fcgg\u0151 \u00fcgyekben elj\u00e1r<\/strong> az arra hat\u00e1sk\u00f6rrel \u00e9s illet\u00e9kess\u00e9ggel rendelkez\u0151 <strong>hat\u00f3s\u00e1gn\u00e1l<\/strong>, \u00e9s <strong>ennek sor\u00e1n k\u00e9pviseli <\/strong>a beteget.<\/li>\n<\/ul>\n<p><strong>A Semmelweis Egyetem Gyermekfog\u00e1szati \u00e9s Fogszab\u00e1lyoz\u00e1si Klinik\u00e1j\u00e1n dolgoz\u00f3 betegjogi k\u00e9pvisel\u0151:<\/strong><\/p>\n<p><a href=\"https:\/\/semmelweis.hu\/gyermekfogaszat\/files\/2023\/01\/Bjk-hirdetmeny-2023.pdf\" target=\"_blank\" rel=\"noopener\"><strong>Dr. Lengyel Ingrid<\/strong>\u00a0<\/a><br \/>\nbetegjogi k\u00e9pvisel\u0151<\/p>\n","protected":false},"excerpt":{"rendered":"<p>Az Integr\u00e1lt Jogv\u00e9delmi Szolg\u00e1lat \u00e1ltal foglalkoztatott betegjogi k\u00e9pvisel\u0151 az eg\u00e9szs\u00e9g\u00fcgyi int\u00e9zm\u00e9nyekt\u0151l f\u00fcggetlen szem\u00e9lyk\u00e9nt a hat\u00e1lyos eg\u00e9szs\u00e9g\u00fcgyi t\u00f6rv\u00e9nyben (1997. \u00e9vi CLIV. t\u00f6rv\u00e9ny) \u00e9s a 381\/2016. (XII.2.) Korm\u00e1nyrendeletben foglaltak alapj\u00e1n j\u00e1rhat el. A betegjogi k\u00e9pvisel\u0151 tev\u00e9kenys\u00e9ge k\u00fcl\u00f6n\u00f6sen az al\u00e1bbiakat foglalja mag\u00e1ban: seg\u00edti a beteget az eg\u00e9szs\u00e9g\u00fcgyi dokument\u00e1ci\u00f3hoz val\u00f3 hozz\u00e1jut\u00e1sban, azzal kapcsolatos megjegyz\u00e9sek, k\u00e9rd\u00e9sek felt\u00e9tel\u00e9ben, seg\u00edt a betegnek &hellip;<\/p>\n","protected":false},"author":102206,"featured_media":0,"parent":528,"menu_order":4,"comment_status":"closed","ping_status":"closed","template":"","meta":{"_acf_changed":false,"footnotes":""},"categories":[],"tags":[],"class_list":["post-1822","page","type-page","status-publish","hentry"],"acf":[],"_links":{"self":[{"href":"https:\/\/semmelweis.hu\/gyermekfogaszat\/wp-json\/wp\/v2\/pages\/1822","targetHints":{"allow":["GET"]}}],"collection":[{"href":"https:\/\/semmelweis.hu\/gyermekfogaszat\/wp-json\/wp\/v2\/pages"}],"about":[{"href":"https:\/\/semmelweis.hu\/gyermekfogaszat\/wp-json\/wp\/v2\/types\/page"}],"author":[{"embeddable":true,"href":"https:\/\/semmelweis.hu\/gyermekfogaszat\/wp-json\/wp\/v2\/users\/102206"}],"replies":[{"embeddable":true,"href":"https:\/\/semmelweis.hu\/gyermekfogaszat\/wp-json\/wp\/v2\/comments?post=1822"}],"version-history":[{"count":6,"href":"https:\/\/semmelweis.hu\/gyermekfogaszat\/wp-json\/wp\/v2\/pages\/1822\/revisions"}],"predecessor-version":[{"id":2198,"href":"https:\/\/semmelweis.hu\/gyermekfogaszat\/wp-json\/wp\/v2\/pages\/1822\/revisions\/2198"}],"up":[{"embeddable":true,"href":"https:\/\/semmelweis.hu\/gyermekfogaszat\/wp-json\/wp\/v2\/pages\/528"}],"wp:attachment":[{"href":"https:\/\/semmelweis.hu\/gyermekfogaszat\/wp-json\/wp\/v2\/media?parent=1822"}],"wp:term":[{"taxonomy":"category","embeddable":true,"href":"https:\/\/semmelweis.hu\/gyermekfogaszat\/wp-json\/wp\/v2\/categories?post=1822"},{"taxonomy":"post_tag","embeddable":true,"href":"https:\/\/semmelweis.hu\/gyermekfogaszat\/wp-json\/wp\/v2\/tags?post=1822"}],"curies":[{"name":"wp","href":"https:\/\/api.w.org\/{rel}","templated":true}]}}