{"id":170,"date":"2012-10-29T12:41:55","date_gmt":"2012-10-29T12:41:55","guid":{"rendered":"http:\/\/semmelweis-egyetem.hu\/gyermekfogaszat\/?page_id=170"},"modified":"2023-10-03T10:53:48","modified_gmt":"2023-10-03T08:53:48","slug":"a-klinika-tortenete","status":"publish","type":"page","link":"https:\/\/semmelweis.hu\/gyermekfogaszat\/altalanos-informaciok\/a-klinika-tortenete\/","title":{"rendered":"A Klinika t\u00f6rt\u00e9nete"},"content":{"rendered":"<p><img loading=\"lazy\" decoding=\"async\" class=\"\" src=\"https:\/\/semmelweis.hu\/gyermekfogaszat\/files\/2022\/03\/gyertya.jpg\" alt=\"\" width=\"441\" height=\"294\" \/><\/p>\n<p>Szomor\u00fa sz\u00edvvel hallottuk a h\u00edrt, hogy a napokban elhunyt a magyar fogszab\u00e1lyoz\u00e1s nagyasszonya, <em>Dr. Reh\u00e1k Gizella<\/em> f\u0151orvos asszony.<\/p>\n<p>Kimagasl\u00f3 szakmai tud\u00e1sa mellett kedves, k\u00f6zvetlen, bar\u00e1ts\u00e1gos szem\u00e9lyis\u00e9ge is nagyon fog hi\u00e1nyozni mindazoknak, akik ismert\u00e9k \u00e9s szerett\u00e9k \u0151t.<\/p>\n<p>F\u0151orvos asszony m\u00e1r \u00e9let\u00e9ben legend\u00e1v\u00e1 v\u00e1lt. A Heim P\u00e1l K\u00f3rh\u00e1z Fogszab\u00e1lyoz\u00e1si Oszt\u00e1ly\u00e1t vezette hossz\u00fa id\u0151n kereszt\u00fcl, a \u201eZolt\u00e1n utca\u201d meghat\u00e1roz\u00f3 int\u00e9zm\u00e9nye volt a magyar orthodonti\u00e1nak \u00e9vtizedeken \u00e1t. \u201eGizi n\u00e9ni\u201d fogszab\u00e1lyoz\u00f3 orvosok gener\u00e1ci\u00f3it nevelte, tan\u00edtotta, seg\u00edtette. \u00c9desapja, dr. Reh\u00e1k Rudolf nyomdokain j\u00e1rt, aki szint\u00e9n egyike volt a magyar fogszab\u00e1lyoz\u00e1s \u00fatt\u00f6r\u0151inek.<\/p>\n<p>Az 1970-es, 1980-as \u00e9vekben a fogszab\u00e1lyoz\u00e1s a fog\u00e1szat meglehet\u0151sen mostoha gyermeke volt. Az \u00e9venk\u00e9nti, Dobog\u00f3k\u0151n rendezett Gyermekfog\u00e1szati Kongresszusokon fogszab\u00e1lyoz\u00e1si t\u00e9mak\u00f6rb\u0151l is hangzottak el ugyan el\u0151ad\u00e1sok, de alapvet\u0151en az orthodontia a gyermekfog\u00e1szat \u00e9gisze alatt m\u0171k\u00f6d\u00f6tt, amelynek sz\u00ednvonala ebben az id\u0151ben messze elmaradt a Nyugat-Eur\u00f3p\u00e1ra jellemz\u0151 standardokt\u00f3l. Reh\u00e1k Gizell\u00e1nak \u00f3ri\u00e1si szerepe volt a korszer\u0171 orthodontiai tud\u00e1sanyag, m\u00f3dszerek, elj\u00e1r\u00e1sok, technik\u00e1k hazai elterjeszt\u00e9s\u00e9ben. Mik\u00f6zben a Heim P\u00e1l K\u00f3rh\u00e1z Fogszab\u00e1lyoz\u00e1si Oszt\u00e1ly\u00e1nak vezet\u0151je volt, sikeres \u00a0tanulm\u00e1nyutakat t\u00f6lt\u00f6tt Sv\u00e9dorsz\u00e1gban \u00e9s Norv\u00e9gi\u00e1ban. Az NDK-ban rendszeres megh\u00edvottja volt az \u00e9ves kongresszusoknak, ahol megismerkedett Asbj\u00f6rn Hasund professzor \u00farral, aki 25 \u00e9ven \u00e1t teljesen \u00f6nzetlen\u00fcl, gyakorlati kurzusok keret\u00e9ben tan\u00edtotta a \u201eHasund-orthodonti\u00e1t\u201d. Az \u00edgy elsaj\u00e1t\u00edtott n\u00edv\u00f3s technika seg\u00edts\u00e9g\u00e9vel, a Heim P\u00e1l K\u00f3rh\u00e1z \u00e9gisze alatt, Reh\u00e1k f\u0151orvos asszony vezet\u00e9s\u00e9vel szakmai tov\u00e1bbk\u00e9pz\u00e9sek indultak. Szint\u00e9n \u0151 vezette be a Heim P\u00e1l K\u00f3rh\u00e1z fogszab\u00e1lyoz\u00e1s oszt\u00e1ly\u00e1n a p\u00e9ntek d\u00e9lel\u0151tti esetbemutat\u00e1sos megbesz\u00e9l\u00e9seket, illetve havi rendszeress\u00e9ggel a szombat d\u00e9lel\u0151tti tov\u00e1bbk\u00e9pz\u00e9seket, ahova az orsz\u00e1g minden r\u00e9sz\u00e9r\u0151l j\u00f6ttek fogszab\u00e1lyoz\u00e1ssal foglalkoz\u00f3 vagy az orthodontia ir\u00e1nt \u00e9rdekl\u0151d\u0151 koll\u00e9g\u00e1k.<\/p>\n<p>T\u00f6bb szakk\u00f6nyv is a nev\u00e9hez f\u0171z\u0151dik: a 1990-ben megjelent Asbjorn Hasund \u00e9s Reh\u00e1k Gizella: <em>Cefalometria, Diagn\u00f3zis \u00e9s kezel\u00e9stervez\u00e9s<\/em>, majd 2000-ben a Reh\u00e1k Gizella \u00e9s Risk\u00f3 Rezs\u0151: <em>Hasund orthodontia <\/em>c\u00edm\u0171 munk\u00e1k. Reh\u00e1k Gizella \u00e9s Risk\u00f3 Rezs\u0151 m\u00e1r a nyolcvanas \u00e9vekben szorgalmazt\u00e1k, hogy megalak\u00edthass\u00e1k a Fogszab\u00e1lyoz\u00f3k T\u00e1rsas\u00e1g\u00e1t. Azut\u00e1n 1991-ben, a rendszerv\u00e1ltoz\u00e1s ut\u00e1n, megsz\u0171ntek a g\u00e1tak, \u00e9s Reh\u00e1k Gizella vezet\u00e9s\u00e9vel megalakulhatott a Magyar Orthodontusok T\u00e1rsas\u00e1ga, teljesen f\u00fcggetlen\u00fcl az MFE-t\u0151l, \u00e9s a Magyar Gyermekfog\u00e1szati \u00e9s Fogszab\u00e1lyoz\u00e1si T\u00e1rsas\u00e1gt\u00f3l: <em>\u00a0\u201eEzt az\u00e9rt tartottuk fontosnak, mert \u00edgy teljesen f\u00fcggetlen\u00fcl tudjuk az \u00fcgyeinket int\u00e9zni, nem f\u00fcgg\u00fcnk egyik fogorvos t\u00e1rsas\u00e1gt\u00f3l sem. A k\u00fclf\u00f6ldi el\u0151ad\u00f3k megh\u00edv\u00e1sa is teljesen hivatalos \u00faton t\u00f6rt\u00e9nhet, saj\u00e1t szakmai megfontol\u00e1saink alapj\u00e1n.\u201d <\/em>1994 tavasz\u00e1n megjelenik a Magyar Orthodontusok T\u00e1rsas\u00e1ga hivatalos lapja, a Fogszab\u00e1lyoz\u00e1s, a Hansa-Dont Kft. kiad\u00e1s\u00e1ban, amely v\u00e9g\u00fcl sajn\u00e1latosan r\u00f6vid \u00e9let\u0171 kiadv\u00e1nynak bizonyult.<\/p>\n<p>Dr. Reh\u00e1k Gizella \u00e9lete v\u00e9g\u00e9ig gy\u00f3gy\u00edtott, tan\u00edtott, seg\u00edtette, t\u00e1mogatta a fiatalabb koll\u00e9g\u00e1k munk\u00e1j\u00e1t. Iskolateremt\u0151, meghat\u00e1roz\u00f3 szem\u00e9lyis\u00e9ge volt a magyar fogszab\u00e1lyoz\u00e1snak, tud\u00e1sa, megnyer\u0151 szem\u00e9lyis\u00e9ge, emberi kvalit\u00e1sai\u00a0 hi\u00e1nyozni fognak a szakm\u00e1nak, a koll\u00e9g\u00e1knak, bar\u00e1toknak \u00e9s mindenkinek, aki ismerte \u00e9s szerette \u0151t.<\/p>\n<p>&nbsp;<\/p>\n<p>&nbsp;<\/p>\n<p>&nbsp;<\/p>\n<p>A Gyermekfog\u00e1szati \u00e9s Fogszab\u00e1lyoz\u00e1si Klinika 1959-ben alakult k\u00e9t \u00f6n\u00e1ll\u00f3 oszt\u00e1llyal, melyek tev\u00e9kenys\u00e9gi k\u00f6r\u00fckben \u00e9s ter\u00fcleti elhelyezked\u00e9s\u00fckben is elk\u00fcl\u00f6n\u00fcltek. Az alap\u00edt\u00f3 tagoknak sz\u00e1m\u00edt\u00f3 orvosok a fogszab\u00e1lyoz\u00e1si oszt\u00e1lyon Nagy L\u00e1szl\u00f3, Tam\u00e1sy Lenke, Gy\u00f6rgy Izabella, Balogh Magdolna, a gyermekfog\u00e1szati oszt\u00e1lyon\u00a0T\u00f3th P\u00e1l, Cs\u00f6r\u00f6gi Ir\u00e9n, Muzslay J\u00f3zsef, Kov\u00e1cs Zolt\u00e1n \u00e9s Hidasi Gyula. A gyermekfog\u00e1szati oszt\u00e1ly ekkor m\u00e9g a Miksz\u00e1th K\u00e1lm\u00e1n t\u00e9r 5. f\u00f6ldszintj\u00e9n m\u0171k\u00f6d\u00f6tt, 1963-ban k\u00f6lt\u00f6z\u00f6tt \u00e1t a Kr\u00fady Gyula u.1-be, ahol lehet\u0151s\u00e9g ny\u00edlt a munkahelyek, kezel\u0151egys\u00e9gek sz\u00e1m\u00e1nak megdupl\u00e1z\u00e1s\u00e1ra. Az ortodonciai oszt\u00e1ly a M\u00e1ria u. 52-ben, a Sz\u00e1jseb\u00e9szeti Klinika \u00e9p\u00fclet\u00e9ben maradt Nagy L\u00e1szl\u00f3 vezet\u00e9s\u00e9vel, aki egyben az \u00faj klinika megb\u00edzott igazgat\u00f3ja is volt 1961-ig.<\/p>\n<p>A kinevezett tansz\u00e9kvezet\u0151 1961-1970-ig Varga Istv\u00e1n az Istv\u00e1n k\u00f3rh\u00e1z Sz\u00e1jseb\u00e9szeti Oszt\u00e1ly\u00e1nak addigi vezet\u0151je lett. 1970-ben nyugd\u00edjba vonul\u00e1sa ut\u00e1n, az akkori d\u00e9k\u00e1n T\u00f3th P\u00e1lt b\u00edzta meg a klinika igazgat\u00f3i feladatainak ell\u00e1t\u00e1s\u00e1val, aki elk\u00f6telezett \u00e9s lelkes m\u0171vel\u0151je \u00e9s oktat\u00f3ja volt a gyermekfog\u00e1szatnak. \u0150 alap\u00edtotta meg a Magyar Gyermekfog\u00e1szati \u00e9s Fogszab\u00e1lyoz\u00e1si T\u00e1rsas\u00e1got, amelynek hossz\u00fa ideig eln\u00f6ke volt. Igen j\u00f3 kapcsolatokat \u00e1polt a Nemzetk\u00f6zi Gyermekfog\u00e1szati T\u00e1rsas\u00e1ggal (IAPD), illetve annak k\u00fcl\u00f6nb\u00f6z\u0151 nemzetis\u00e9g\u0171 tagjaival \u2013 \u00edgy vezet\u00e9s\u00e9vel 1979-ben Magyarorsz\u00e1gon ker\u00fclt megrendez\u00e9sre az IAPD vil\u00e1gkongresszusa. Ekkor D\u00e9nes J\u00f3zsef vezette a klinik\u00e1n bel\u00fcl az ortodonciai oszt\u00e1lyt, 1980-ban elnyert tansz\u00e9kvezet\u0151i kinevez\u00e9s\u00e9ig.<\/p>\n<p>D\u00e9nes J\u00f3zsef vezet\u00e9se alatt v\u00e1lt a multibond k\u00e9sz\u00fcl\u00e9kes fogszab\u00e1lyoz\u00f3 kezel\u00e9s a mindennapi gyakorlat r\u00e9sz\u00e9v\u00e9. Ekkor \u00e9p\u00fclt ki a kapcsolat a N\u00e9met Fogorvos Egyes\u00fclettel, ill. a n\u00e9met koll\u00e9g\u00e1kkal, melynek eredm\u00e9nyek\u00e9pp a fogszab\u00e1lyoz\u00e1s posztgradu\u00e1lis k\u00e9pz\u00e9sen bel\u00fcl k\u00fclf\u00f6ldi koll\u00e9g\u00e1k t\u00f6lt\u00f6tt\u00e9k n\u00e1lunk nemzetk\u00f6zileg elfogadott klinikai gyakorl\u00f3 \u00e9v\u00fcket. 1989-ben az ortodonciai oszt\u00e1ly \u00e1tk\u00f6lt\u00f6z\u00f6tt a M\u00e1ria u. 39-be, a II. sz. Szem\u00e9szeti Klinika k\u00e9t emelet\u00e9n kialak\u00edtott \u00faj oszt\u00e1lyra, melynek vezet\u0151je G\u00e1bris Katalin lett. A gyermekfog\u00e1szati oszt\u00e1ly a Kr\u00fady u.1.-ben maradt, melyet Tarj\u00e1n Ildik\u00f3 vezetett.<\/p>\n<p>1999-ben D\u00e9nes professzor \u00dar\u00a0 hal\u00e1la ut\u00e1n Hidasi professzor lett a klinika megb\u00edzott igazgat\u00f3ja 2000-ig.<\/p>\n<p>2000-2011-ig Tarj\u00e1n Ildik\u00f3 egyetemi tan\u00e1r volt a\u00a0tansz\u00e9kvezet\u0151. Ez id\u0151szak alatt, 2007-ben a Klinika \u00e1tk\u00f6lt\u00f6z\u00f6tt az \u00faj Oktat\u00e1si Centrumba, a Szentkir\u00e1lyi u 47-be, ezzel a klinika k\u00e9t oszt\u00e1lya a hossz\u00fa ideig tart\u00f3 ter\u00fcleti elk\u00fcl\u00f6n\u00fcl\u00e9s ut\u00e1n v\u00e9gre egy helyen folytatta m\u0171k\u00f6d\u00e9s\u00e9t, \u00e9s kihaszn\u00e1lhatta a betegell\u00e1t\u00e1sban \u00e9s az oktat\u00e1sban is annak minden el\u0151ny\u00e9t, hogy a legt\u00f6bb koll\u00e9ga rendelkezik mind gyermekfog\u00e1szat, mind fogszab\u00e1lyoz\u00e1s szakk\u00e9pes\u00edt\u00e9ssel. A II. sz. Gyermekklinik\u00e1val kialakult j\u00f3 kapcsolat keret\u00e9ben nagy sz\u00e1m\u00fa fogyat\u00e9kkal \u00e9l\u0151 p\u00e1ciens altat\u00e1sban v\u00e9gzett kezel\u00e9se t\u00f6rt\u00e9nt meg. Ebben az id\u0151szakban t\u00f6bb hazai \u00e9s k\u00fclf\u00f6ldi int\u00e9zettel alakult ki egy\u00fcttm\u0171k\u00f6d\u00e9s (Konzerv\u00e1l\u00f3 Fog\u00e1szati Klinika, Or\u00e1lbiol\u00f3giai Tansz\u00e9k, Orvosi Mikrobiol\u00f3giai Int., Biofizika Int., Fridrich Schiller Egyetem &#8211; J\u00e9na, Asahi Egyetem \u2013 Jap\u00e1n, stb.), melynek eredm\u00e9nyek\u00e9ppen jelent\u0151sen n\u0151tt a klinik\u00e1r\u00f3l kiker\u00fclt tudom\u00e1nyos k\u00f6zlem\u00e9nyek sz\u00e1ma. A koll\u00e9g\u00e1k k\u00f6z\u00fcl \u00f6ten PhD fokozatot szereztek, ketten habilit\u00e1ltak.<\/p>\n<p>2011-2016-ig F\u00e1bi\u00e1n G\u00e1bor egyetemi docens volt a klinika igazgat\u00f3ja, aki nagy s\u00falyt fektetett tov\u00e1bbk\u00e9pz\u0151 tanfolyamok szervez\u00e9s\u00e9re neves hazai \u00e9s k\u00fclf\u00f6ldi el\u0151ad\u00f3k megh\u00edv\u00e1s\u00e1val. A hallgat\u00f3k k\u00f6r\u00e9ben egyre emelkedett a klinik\u00e1n tudom\u00e1nyos di\u00e1kk\u00f6ri munk\u00e1t v\u00e9gz\u0151k sz\u00e1ma, aminek sikere a konferenci\u00e1kon elnyert d\u00edjakban is megmutatkozik. \u00daj kutat\u00e1si ter\u00fcleteken \u00faj kutat\u00e1si t\u00e9m\u00e1k ker\u00fcltek bevezet\u00e9sre (pl. fogszab\u00e1lyoz\u00f3 \u00edvek tulajdons\u00e1gainak vizsg\u00e1lata, az \u00edvek tulajdons\u00e1gainak v\u00e1ltoz\u00e1sa k\u00fcl\u00f6nb\u00f6z\u0151 hat\u00e1sokra), b\u0151v\u00fcltek a kutat\u00e1si egy\u00fcttm\u0171k\u00f6d\u00e9sek (pl. G\u00f6d\u00f6ll\u0151i Egyetem, Miskolci Egyetem, M\u0171szaki Egyetem). Egyre t\u00f6bb magyar \u00e9s k\u00fclf\u00f6ldi fogorvos k\u00e9sz\u00fcl a klinik\u00e1n gyermekfog\u00e1szatb\u00f3l \u00e9s fogszab\u00e1lyoz\u00e1sb\u00f3l szakk\u00e9pes\u00edt\u00e9s\u00e9nek megszerz\u00e9s\u00e9re. A klinika \u00e9len j\u00e1r \u00faj fog\u00e1szati anyagok, \u00faj technik\u00e1k bevezet\u00e9s\u00e9ben, ami a dolgoz\u00f3k sokoldal\u00fa szakmai k\u00e9pzetts\u00e9g\u00e9vel garant\u00e1lja a hozz\u00e1nk fordul\u00f3 p\u00e1ciensek magas szint\u0171 ell\u00e1t\u00e1s\u00e1t mind a gyermekfog\u00e1szat, mind a fogszab\u00e1lyoz\u00e1s ter\u00fclet\u00e9n. A gyermekek mellett ifj\u00fa- \u00e9s feln\u0151ttkori fogszab\u00e1lyoz\u00e1s is folyik, \u00faj \u00e9s j\u00f3 az egy\u00fcttm\u0171k\u00f6d\u00e9s az Arc- \u00c1llcsont- Sz\u00e1jseb\u00e9szeti \u00e9s Fog\u00e1szati Klinik\u00e1val a kombin\u00e1lt fogszab\u00e1lyoz\u00f3 \u00e9s sz\u00e1jseb\u00e9szeti beavatkoz\u00e1st ig\u00e9nyl\u0151 p\u00e1ciensek kezel\u00e9s\u00e9ben.<\/p>\n<p>Az oktat\u00e1sban alapvet\u0151 szerepet j\u00e1tsz\u00f3 tank\u00f6nyvek k\u00f6z\u00fcl az el\u0151d\u00f6k \u00e1ltal \u00edrt \u00e9s n\u00e9gy kiad\u00e1st meg\u00e9rt Gyermekfog\u00e1szat, fogszab\u00e1lyoz\u00e1s c. tank\u00f6nyv ut\u00e1n 2013-ban megjelent az \u00faj Gyermekfog\u00e1szat, Fogszab\u00e1lyoz\u00e1s \u00e9s \u00c1llcsontortop\u00e9dia c\u00edm\u0171 tank\u00f6nyv (szerk.: F\u00e1bi\u00e1n, G\u00e1bris, Tarj\u00e1n), melyben a klinika nyolc dolgoz\u00f3ja \u00edrt fejezeteket.<\/p>\n<p>A klinika arculat\u00e1t meghat\u00e1rozza mind az oktat\u00e1sban, mind a betegell\u00e1t\u00e1sban a komplex fog\u00e1szati ell\u00e1t\u00e1s gyermekkorban, amely a k\u00e9t szakt\u00e1rgy minden \u00e1gazat\u00e1t fel\u00f6leli. A klinika oktat\u00f3i \u00e1llom\u00e1ny\u00e1ban egy egyetemi tan\u00e1r, h\u00e1rom egyetemi docens, h\u00e1rom egyetemi adjunktus, k\u00e9t egyetemi tan\u00e1rseg\u00e9d, h\u00e9t klinikai szakorvos \u00e9s tizenn\u00e9gy fogorvos dolgozik. Nyolcan rendelkeznek tudom\u00e1nyos fokozattal (kandid\u00e1tusi, ill. PhD) \u00e9s h\u00e1rman habilit\u00e1ltak.<\/p>\n","protected":false},"excerpt":{"rendered":"<p>Szomor\u00fa sz\u00edvvel hallottuk a h\u00edrt, hogy a napokban elhunyt a magyar fogszab\u00e1lyoz\u00e1s nagyasszonya, Dr. Reh\u00e1k Gizella f\u0151orvos asszony. Kimagasl\u00f3 szakmai tud\u00e1sa mellett kedves, k\u00f6zvetlen, bar\u00e1ts\u00e1gos szem\u00e9lyis\u00e9ge is nagyon fog hi\u00e1nyozni mindazoknak, akik ismert\u00e9k \u00e9s szerett\u00e9k \u0151t. F\u0151orvos asszony m\u00e1r \u00e9let\u00e9ben legend\u00e1v\u00e1 v\u00e1lt. A Heim P\u00e1l K\u00f3rh\u00e1z Fogszab\u00e1lyoz\u00e1si Oszt\u00e1ly\u00e1t vezette hossz\u00fa id\u0151n kereszt\u00fcl, a \u201eZolt\u00e1n utca\u201d &hellip;<\/p>\n","protected":false},"author":102206,"featured_media":0,"parent":6,"menu_order":2,"comment_status":"closed","ping_status":"closed","template":"","meta":{"_acf_changed":false,"footnotes":""},"categories":[],"tags":[],"class_list":["post-170","page","type-page","status-publish","hentry"],"acf":[],"_links":{"self":[{"href":"https:\/\/semmelweis.hu\/gyermekfogaszat\/wp-json\/wp\/v2\/pages\/170","targetHints":{"allow":["GET"]}}],"collection":[{"href":"https:\/\/semmelweis.hu\/gyermekfogaszat\/wp-json\/wp\/v2\/pages"}],"about":[{"href":"https:\/\/semmelweis.hu\/gyermekfogaszat\/wp-json\/wp\/v2\/types\/page"}],"author":[{"embeddable":true,"href":"https:\/\/semmelweis.hu\/gyermekfogaszat\/wp-json\/wp\/v2\/users\/102206"}],"replies":[{"embeddable":true,"href":"https:\/\/semmelweis.hu\/gyermekfogaszat\/wp-json\/wp\/v2\/comments?post=170"}],"version-history":[{"count":9,"href":"https:\/\/semmelweis.hu\/gyermekfogaszat\/wp-json\/wp\/v2\/pages\/170\/revisions"}],"predecessor-version":[{"id":2155,"href":"https:\/\/semmelweis.hu\/gyermekfogaszat\/wp-json\/wp\/v2\/pages\/170\/revisions\/2155"}],"up":[{"embeddable":true,"href":"https:\/\/semmelweis.hu\/gyermekfogaszat\/wp-json\/wp\/v2\/pages\/6"}],"wp:attachment":[{"href":"https:\/\/semmelweis.hu\/gyermekfogaszat\/wp-json\/wp\/v2\/media?parent=170"}],"wp:term":[{"taxonomy":"category","embeddable":true,"href":"https:\/\/semmelweis.hu\/gyermekfogaszat\/wp-json\/wp\/v2\/categories?post=170"},{"taxonomy":"post_tag","embeddable":true,"href":"https:\/\/semmelweis.hu\/gyermekfogaszat\/wp-json\/wp\/v2\/tags?post=170"}],"curies":[{"name":"wp","href":"https:\/\/api.w.org\/{rel}","templated":true}]}}