{"id":1525,"date":"2018-06-14T13:23:29","date_gmt":"2018-06-14T11:23:29","guid":{"rendered":"http:\/\/semmelweis.hu\/gyermekfogaszat\/?page_id=1525"},"modified":"2025-10-17T08:46:03","modified_gmt":"2025-10-17T06:46:03","slug":"theme-for-diplomawork","status":"publish","type":"page","link":"https:\/\/semmelweis.hu\/gyermekfogaszat\/english\/theme-for-diplomawork\/","title":{"rendered":"Theme for diplomawork"},"content":{"rendered":"<p><a href=\"https:\/\/semmelweis.hu\/gyermekfogaszat\/files\/2018\/08\/Diploma_work1.pdf\" target=\"_blank\" rel=\"noopener noreferrer\">Diploma work \/Thesis informant<\/a><\/p>\n<p><strong>Theme for diplomawork 2025\/2026<\/strong><\/p>\n<table style=\"border-collapse: collapse;width: 100%;height: 437px\">\n<tbody>\n<tr style=\"height: 32px\">\n<td style=\"width: 50%;height: 32px;text-align: center\">Distalisation in orthodontics<\/td>\n<td style=\"width: 50%;height: 32px;text-align: center\"><strong>Dr. Istv\u00e1n Simon <\/strong><\/td>\n<\/tr>\n<tr style=\"height: 32px\">\n<td style=\"width: 50%;height: 32px;text-align: center\">Treatment of Angle class I. anomalies<\/td>\n<td style=\"width: 50%;height: 32px;text-align: center\"><strong>Dr. Mikl\u00f3s Ka\u00e1n <\/strong><\/td>\n<\/tr>\n<tr style=\"height: 32px\">\n<td style=\"width: 50%;height: 32px;text-align: center\">Digital orthodontics<\/td>\n<td style=\"width: 50%;height: 32px;text-align: center\"><strong>Dr. Levente Szegedi <\/strong><\/td>\n<\/tr>\n<tr style=\"height: 62px\">\n<td style=\"width: 50%;height: 48px;text-align: center\">Functional appliances: indication, treatment methods<\/td>\n<td style=\"width: 50%;height: 48px;text-align: center\"><strong>Dr. Heike L\u00f6chli<\/strong><\/td>\n<\/tr>\n<tr style=\"height: 62px\">\n<td style=\"width: 50%;height: 49px;text-align: center\">Treatment possibilities of numerical dental anomalies<\/td>\n<td style=\"width: 50%;height: 49px;text-align: center\"><strong>Dr. Dorottya B\u00e1nyai <\/strong><\/td>\n<\/tr>\n<tr style=\"height: 62px\">\n<td style=\"width: 50%;height: 40px;text-align: center\">Indication of root canal treatment for young permanent teeth\u00a0\u00a0\u00a0\u00a0\u00a0\u00a0\u00a0\u00a0<\/td>\n<td style=\"width: 50%;height: 40px;text-align: center\"><strong>Dr. Gergely L\u0151rincz<\/strong><\/td>\n<\/tr>\n<tr style=\"height: 62px\">\n<td style=\"width: 50%;height: 44px;text-align: center\">Traumatic injuries: complex therapy in permanent dentition<\/td>\n<td style=\"width: 50%;height: 44px;text-align: center\"><strong>Dr. No\u00e9mi R\u00f3zsa <\/strong><\/td>\n<\/tr>\n<tr style=\"height: 32px\">\n<td style=\"width: 50%;height: 32px;text-align: center\">The management of children with special needs<\/td>\n<td style=\"width: 50%;height: 32px;text-align: center\"><strong>Dr. R\u00e9ka Skl\u00e1nitz <\/strong><\/td>\n<\/tr>\n<tr style=\"height: 32px\">\n<td style=\"width: 50%;height: 32px;text-align: center\">Extraction in pedodontics and orthodontics<\/td>\n<td style=\"width: 50%;height: 32px;text-align: center\"><strong>Dr. Mikl\u00f3s Ka\u00e1n <\/strong><\/td>\n<\/tr>\n<tr style=\"height: 32px\">\n<td style=\"width: 50%;height: 32px;text-align: center\">Miniimplants in orthodontic treatment<\/td>\n<td style=\"width: 50%;height: 32px;text-align: center\"><strong>Dr. B\u00e1lint Nemes <\/strong><\/td>\n<\/tr>\n<tr style=\"height: 32px\">\n<td style=\"width: 50%;height: 32px;text-align: center\">Treatment possibilities for narrow upper jaw<\/td>\n<td style=\"width: 50%;text-align: center;height: 32px\"><strong>Dr. Lili Heckenast<\/strong><\/td>\n<\/tr>\n<tr style=\"height: 32px\">\n<td style=\"width: 50%;height: 32px;text-align: center\">Dental fear in childhood<\/td>\n<td style=\"width: 50%;text-align: center;height: 32px\"><strong>Dr. Anita Beck <\/strong><\/td>\n<\/tr>\n<tr>\n<td style=\"width: 50%;text-align: center\">Clear Aligners in Orthodontic Treatment<\/td>\n<td style=\"width: 50%;text-align: center\"><strong>Dr. Istv\u00e1n Simon<\/strong><\/td>\n<\/tr>\n<\/tbody>\n<\/table>\n<p>&nbsp;<\/p>\n<p><strong>\u00a0<\/strong><\/p>\n<p>&nbsp;<\/p>\n","protected":false},"excerpt":{"rendered":"<p><a href=\"https:\/\/semmelweis.hu\/gyermekfogaszat\/files\/2018\/08\/Diploma_work1.pdf\" target=\"_blank\" rel=\"noopener noreferrer\">Diploma work \/Thesis informant<\/a> Theme for diplomawork 2025\/2026 Distalisation in orthodontics Dr. Istv\u00e1n Simon Treatment of Angle class I. anomalies Dr. Mikl\u00f3s Ka\u00e1n Digital orthodontics Dr. Levente Szegedi Functional appliances: indication, treatment methods Dr. Heike L\u00f6chli Treatment possibilities of numerical dental anomalies Dr. Dorottya B\u00e1nyai Indication of root canal treatment for young permanent teeth\u00a0\u00a0\u00a0\u00a0\u00a0\u00a0\u00a0\u00a0 Dr. Gergely L\u0151rincz Traumatic injuries: &hellip;<\/p>\n","protected":false},"author":102206,"featured_media":0,"parent":460,"menu_order":3,"comment_status":"closed","ping_status":"closed","template":"","meta":{"_acf_changed":false,"footnotes":""},"categories":[],"tags":[],"class_list":["post-1525","page","type-page","status-publish","hentry"],"acf":[],"_links":{"self":[{"href":"https:\/\/semmelweis.hu\/gyermekfogaszat\/wp-json\/wp\/v2\/pages\/1525","targetHints":{"allow":["GET"]}}],"collection":[{"href":"https:\/\/semmelweis.hu\/gyermekfogaszat\/wp-json\/wp\/v2\/pages"}],"about":[{"href":"https:\/\/semmelweis.hu\/gyermekfogaszat\/wp-json\/wp\/v2\/types\/page"}],"author":[{"embeddable":true,"href":"https:\/\/semmelweis.hu\/gyermekfogaszat\/wp-json\/wp\/v2\/users\/102206"}],"replies":[{"embeddable":true,"href":"https:\/\/semmelweis.hu\/gyermekfogaszat\/wp-json\/wp\/v2\/comments?post=1525"}],"version-history":[{"count":11,"href":"https:\/\/semmelweis.hu\/gyermekfogaszat\/wp-json\/wp\/v2\/pages\/1525\/revisions"}],"predecessor-version":[{"id":2930,"href":"https:\/\/semmelweis.hu\/gyermekfogaszat\/wp-json\/wp\/v2\/pages\/1525\/revisions\/2930"}],"up":[{"embeddable":true,"href":"https:\/\/semmelweis.hu\/gyermekfogaszat\/wp-json\/wp\/v2\/pages\/460"}],"wp:attachment":[{"href":"https:\/\/semmelweis.hu\/gyermekfogaszat\/wp-json\/wp\/v2\/media?parent=1525"}],"wp:term":[{"taxonomy":"category","embeddable":true,"href":"https:\/\/semmelweis.hu\/gyermekfogaszat\/wp-json\/wp\/v2\/categories?post=1525"},{"taxonomy":"post_tag","embeddable":true,"href":"https:\/\/semmelweis.hu\/gyermekfogaszat\/wp-json\/wp\/v2\/tags?post=1525"}],"curies":[{"name":"wp","href":"https:\/\/api.w.org\/{rel}","templated":true}]}}