{"id":154,"date":"2025-06-26T10:55:07","date_gmt":"2025-06-26T08:55:07","guid":{"rendered":"https:\/\/semmelweis.hu\/golyatabor\/?post_type=product&#038;p=154"},"modified":"2025-08-13T14:32:47","modified_gmt":"2025-08-13T12:32:47","slug":"gytk","status":"publish","type":"product","link":"https:\/\/semmelweis.hu\/golyatabor\/jelentkezes\/gytk\/","title":{"rendered":"G\u00f3lyat\u00e1bor r\u00e9szv\u00e9tel &#8211; GYTK hallgat\u00f3k sz\u00e1m\u00e1ra"},"content":{"rendered":"","protected":false},"excerpt":{"rendered":"<p>R\u00e9szv\u00e9tel 1 f\u0151 Gy\u00f3gyszer\u00e9sztudom\u00e1nyi Karra frissen felvett hallgat\u00f3 r\u00e9sz\u00e9re a Semmelweis Egyetem hivatalos g\u00f3lyat\u00e1bor\u00e1ba. A t\u00e1bort 2025. szeptember 4\u20137. k\u00f6z\u00f6tt rendezz\u00fck meg a Z\u00e1nkai Sport- \u00e9s Rendezv\u00e9nyk\u00f6zpontban.<\/p>\n<p style=\"text-align: center\"><strong>Figyelem csak akkor vedd meg ezt a jegyet, ha a Gy\u00f3gyszer\u00e9sztudom\u00e1nyi Karra nyert\u00e9l felv\u00e9telt.<\/strong><\/p>\n<div class=\"keretes w-100\">\n<p>A g\u00f3lyt\u00e1bor kiv\u00e1l\u00f3 lehet\u0151s\u00e9g arra, hogy m\u00e1r az egyetem megkezd\u00e9se el\u0151tt bar\u00e1tokat szerezzetek, megismerj\u00e9tek leend\u0151 \u00e9vfolyamt\u00e1rsaitokat, fels\u0151bb\u00e9ves hallgat\u00f3kat, valamint betekint\u00e9st nyerjetek az egyetemi \u00e9letbe.<\/p>\n<\/div>\n","protected":false},"featured_media":155,"template":"","meta":{"_acf_changed":false},"product_brand":[],"product_cat":[30],"product_tag":[],"class_list":{"0":"post-154","1":"product","2":"type-product","3":"status-publish","4":"has-post-thumbnail","6":"product_cat-hungarian","8":"first","9":"instock","10":"virtual","11":"sold-individually","12":"purchasable","13":"product-type-simple"},"acf":[],"_links":{"self":[{"href":"https:\/\/semmelweis.hu\/golyatabor\/wp-json\/wp\/v2\/product\/154","targetHints":{"allow":["GET"]}}],"collection":[{"href":"https:\/\/semmelweis.hu\/golyatabor\/wp-json\/wp\/v2\/product"}],"about":[{"href":"https:\/\/semmelweis.hu\/golyatabor\/wp-json\/wp\/v2\/types\/product"}],"wp:featuredmedia":[{"embeddable":true,"href":"https:\/\/semmelweis.hu\/golyatabor\/wp-json\/wp\/v2\/media\/155"}],"wp:attachment":[{"href":"https:\/\/semmelweis.hu\/golyatabor\/wp-json\/wp\/v2\/media?parent=154"}],"wp:term":[{"taxonomy":"product_brand","embeddable":true,"href":"https:\/\/semmelweis.hu\/golyatabor\/wp-json\/wp\/v2\/product_brand?post=154"},{"taxonomy":"product_cat","embeddable":true,"href":"https:\/\/semmelweis.hu\/golyatabor\/wp-json\/wp\/v2\/product_cat?post=154"},{"taxonomy":"product_tag","embeddable":true,"href":"https:\/\/semmelweis.hu\/golyatabor\/wp-json\/wp\/v2\/product_tag?post=154"}],"curies":[{"name":"wp","href":"https:\/\/api.w.org\/{rel}","templated":true}]}}