{"id":7,"date":"2025-05-17T13:48:22","date_gmt":"2025-05-17T11:48:22","guid":{"rendered":"https:\/\/semmelweis.hu\/golyatabor\/?page_id=7"},"modified":"2025-11-17T14:53:28","modified_gmt":"2025-11-17T13:53:28","slug":"betuk","status":"publish","type":"page","link":"https:\/\/semmelweis.hu\/golyatabor\/betuk\/","title":{"rendered":"Bemutatkoznak a bet\u0171k"},"content":{"rendered":"<h2>Mi az a g\u00f3lyat\u00e1bori bet\u0171?<\/h2>\n<div class=\"keretes w-100\">\n<p>A g\u00f3lyat\u00e1bori bet\u0171 a t\u00e1bori \u00e9lm\u00e9nyed egyik meghat\u00e1roz\u00f3 eleme. \u00c9rkez\u00e9skor minden g\u00f3lya egy bet\u0171t kap, amely egy adott csapatba val\u00f3 tartoz\u00e1st jel\u00f6li. Ezek a csapatok alkotj\u00e1k a t\u00e1bor k\u00f6z\u00f6ss\u00e9g\u00e9nek alapj\u00e1t: egy\u00fctt vesztek r\u00e9szt j\u00e1t\u00e9kokban, programokon, kih\u00edv\u00e1sokban, \u00e9s ezek a k\u00f6z\u00f6s \u00e9lm\u00e9nyek seg\u00edtenek abban, hogy m\u00e1r az els\u0151 pillanatt\u00f3l val\u00f3di k\u00f6z\u00f6ss\u00e9g tagj\u00e1nak \u00e9rezhesd magad.<\/p>\n<\/div>\n<p>A csapatok \u00e9l\u00e9n instruktorok \u00e1llnak akik az egyetem tapasztalt hallgat\u00f3i \u00e9s \u0151k v\u00e9gig veletek lesznek a t\u00e1bor sor\u00e1n. Seg\u00edtenek eligazodni az \u00faj k\u00f6rnyezetben, t\u00e1mogatnak a felmer\u00fcl\u0151 k\u00e9rd\u00e9sekben, \u00e9s gondoskodnak arr\u00f3l, hogy mindenki biztons\u00e1gban \u00e9s j\u00f3l \u00e9rezze mag\u00e1t.<\/p>\n<h3>A t\u00e1borban az al\u00e1bbi bet\u0171k tal\u00e1lhat\u00f3k meg:<\/h3>\n<h4 style=\"text-align: center;\"><strong>GYTK<\/strong> \u2013 3 bet\u0171 \u2013 GYOK1, GYOK2, GYOK3<br \/>\n<strong>\u00c1OK<\/strong> \u2013 8 bet\u0171 \u2013 A, B, C, D, E, F, G, H<br \/>\n<strong>ETK<\/strong> \u2013 7 bet\u0171 \u2013 K, L, M, N, R, S, T,<br \/>\n<strong>FOK<\/strong> \u2013 2 bet\u0171 \u2013 FOK1, FOK2<br \/>\n<strong>PAK<\/strong> \u2013 1 bet\u0171 \u2013 PAK<br \/>\n<strong>EKK<\/strong> \u2013 1 bet\u0171 \u2013 J<\/h4>\n<p>Ezek a bet\u0171k nemcsak a csapatokat k\u00fcl\u00f6nb\u00f6ztetik meg, hanem az egyetem k\u00fcl\u00f6nb\u00f6z\u0151 karait, k\u00e9pz\u00e9si form\u00e1it vagy szerkezeti egys\u00e9geit is t\u00fckr\u00f6zik.\u00a0<\/p>\n<blockquote>\n<p>A bet\u0171 teh\u00e1t nem csup\u00e1n egy jel\u00f6l\u00e9s \u2013 szimb\u00f3luma annak az \u00f6sszetartoz\u00e1snak, amit a g\u00f3lyat\u00e1bor c\u00e9lja megteremteni.<\/p>\n<\/blockquote>\n<p>Egy olyan t\u00e1mogat\u00f3 k\u00f6zeg r\u00e9sze leszel, ahol megismerheted leend\u0151 \u00e9vfolyamt\u00e1rsaidat, bar\u00e1tokat szerezhetsz, \u00e9s elkezdheted \u00e9p\u00edteni azt a kapcsolati h\u00e1l\u00f3t, amely v\u00e9gigk\u00eds\u00e9r majd az egyetemi \u00e9veid sor\u00e1n.<\/p>\n<p>A g\u00f3lyat\u00e1bori csapatod \u2013 a bet\u0171d \u2013 v\u00e9gigk\u00eds\u00e9r a t\u00e1boron, \u00e9s a versenyeken t\u00fal is fontos r\u00e9sze marad az \u00e9lm\u00e9nyeidnek.\u00a0<\/p>\n","protected":false},"excerpt":{"rendered":"<p>Mi az a g\u00f3lyat\u00e1bori bet\u0171? A g\u00f3lyat\u00e1bori bet\u0171 a t\u00e1bori \u00e9lm\u00e9nyed egyik meghat\u00e1roz\u00f3 eleme. \u00c9rkez\u00e9skor minden g\u00f3lya egy bet\u0171t kap, amely egy adott csapatba val\u00f3 tartoz\u00e1st jel\u00f6li. Ezek a csapatok alkotj\u00e1k a t\u00e1bor k\u00f6z\u00f6ss\u00e9g\u00e9nek alapj\u00e1t: egy\u00fctt vesztek r\u00e9szt j\u00e1t\u00e9kokban, programokon, kih\u00edv\u00e1sokban, \u00e9s ezek a k\u00f6z\u00f6s \u00e9lm\u00e9nyek seg\u00edtenek abban, hogy m\u00e1r az els\u0151 pillanatt\u00f3l val\u00f3di k\u00f6z\u00f6ss\u00e9g &hellip;<\/p>\n","protected":false},"author":102503,"featured_media":0,"parent":0,"menu_order":3,"comment_status":"closed","ping_status":"closed","template":"","meta":{"_acf_changed":false,"footnotes":""},"categories":[],"tags":[],"class_list":["post-7","page","type-page","status-publish","hentry"],"acf":[],"_links":{"self":[{"href":"https:\/\/semmelweis.hu\/golyatabor\/wp-json\/wp\/v2\/pages\/7","targetHints":{"allow":["GET"]}}],"collection":[{"href":"https:\/\/semmelweis.hu\/golyatabor\/wp-json\/wp\/v2\/pages"}],"about":[{"href":"https:\/\/semmelweis.hu\/golyatabor\/wp-json\/wp\/v2\/types\/page"}],"author":[{"embeddable":true,"href":"https:\/\/semmelweis.hu\/golyatabor\/wp-json\/wp\/v2\/users\/102503"}],"replies":[{"embeddable":true,"href":"https:\/\/semmelweis.hu\/golyatabor\/wp-json\/wp\/v2\/comments?post=7"}],"version-history":[{"count":9,"href":"https:\/\/semmelweis.hu\/golyatabor\/wp-json\/wp\/v2\/pages\/7\/revisions"}],"predecessor-version":[{"id":388,"href":"https:\/\/semmelweis.hu\/golyatabor\/wp-json\/wp\/v2\/pages\/7\/revisions\/388"}],"wp:attachment":[{"href":"https:\/\/semmelweis.hu\/golyatabor\/wp-json\/wp\/v2\/media?parent=7"}],"wp:term":[{"taxonomy":"category","embeddable":true,"href":"https:\/\/semmelweis.hu\/golyatabor\/wp-json\/wp\/v2\/categories?post=7"},{"taxonomy":"post_tag","embeddable":true,"href":"https:\/\/semmelweis.hu\/golyatabor\/wp-json\/wp\/v2\/tags?post=7"}],"curies":[{"name":"wp","href":"https:\/\/api.w.org\/{rel}","templated":true}]}}