{"id":5,"date":"2025-05-17T13:48:10","date_gmt":"2025-05-17T11:48:10","guid":{"rendered":"https:\/\/semmelweis.hu\/golyatabor\/?page_id=5"},"modified":"2025-11-17T14:53:24","modified_gmt":"2025-11-17T13:53:24","slug":"a-taborrol","status":"publish","type":"page","link":"https:\/\/semmelweis.hu\/golyatabor\/a-taborrol\/","title":{"rendered":"A g\u00f3lyat\u00e1borr\u00f3l"},"content":{"rendered":"<p style=\"text-align: center;\"><b>Kedves frissen felvett hallgat\u00f3!<\/b><\/p>\n<p>Gratul\u00e1lunk a sikeres felv\u00e9telhez, \u00e9s nagy \u00f6r\u00f6mmel k\u00f6sz\u00f6nt\u00fcnk Benneteket a Semmelweis Egyetem polg\u00e1rai k\u00f6z\u00f6tt!<\/p>\n<p>Ez\u00faton szeretn\u00e9nk megh\u00edvni Titeket a Semmelweis Egyetem hivatalos g\u00f3lyat\u00e1bor\u00e1ba, amelyet <strong>2025. szeptember 4\u20137. k\u00f6z\u00f6tt<\/strong> rendez\u00fcnk meg a Z\u00e1nkai Sport- \u00e9s Rendezv\u00e9nyk\u00f6zpontban.\u00a0A t\u00e1bor kiv\u00e1l\u00f3 lehet\u0151s\u00e9g arra, hogy m\u00e1r az egyetem megkezd\u00e9se el\u0151tt bar\u00e1tokat szerezzetek, megismerj\u00e9tek leend\u0151 \u00e9vfolyamt\u00e1rsaitokat, fels\u0151bb\u00e9ves hallgat\u00f3kat, valamint betekint\u00e9st nyerjetek az egyetemi \u00e9letbe.<\/p>\n<p>A Semmelweis Egyetem, a Hallgat\u00f3i \u00d6nkorm\u00e1nyzat \u00e9s az Instruktor \u00d6ntev\u00e9keny Csoport h\u00f3napok \u00f3ta azon dolgozik, hogy a g\u00f3lyat\u00e1bor sz\u00e1motokra felejthetetlen \u00e9lm\u00e9ny legyen \u2013 rem\u00e9lj\u00fck, min\u00e9l t\u00f6bben vel\u00fcnk tartotok!\u00a0<\/p>\n<p style=\"text-align: center;\"><a class=\"btn btn-secondary\" href=\"https:\/\/semmelweis.hu\/golyatabor\/jelentkezes\/\" target=\"_self\">Jelentkezem<\/a><\/p>\n<p>A honlapon minden fontos inform\u00e1ci\u00f3t megtal\u00e1ltok a jelentkez\u00e9sr\u0151l, programokr\u00f3l, tudnival\u00f3kr\u00f3l. Ha m\u00e9gis k\u00e9rd\u00e9setek lenne, <a href=\"https:\/\/semmelweis.hu\/golyatabor\/kapcsolat\/\">forduljatok hozz\u00e1nk bizalommal<\/a> \u2013 sz\u00edvesen seg\u00edt\u00fcnk!<\/p>\n<div class=\"keretes w-100\">\n<h2>A Semmelweis Egyetem G\u00f3lyat\u00e1bora<\/h2>\n<p>A Semmelweis Egyetem g\u00f3lyat\u00e1bora t\u00f6bb mint f\u00e9l \u00e9vsz\u00e1zados m\u00faltra tekint vissza: az els\u0151 t\u00e1borokat m\u00e1r az 1970-es \u00e9vek elej\u00e9n megrendezt\u00e9k. Az \u00e9vtizedek sor\u00e1n olyan helysz\u00edneken val\u00f3sult meg, mint V\u00e1rgesztes vagy Tata, 2025-ben pedig a Z\u00e1nkai Sport- \u00e9s Rendezv\u00e9nyk\u00f6zpont ad otthont a rendezv\u00e9nynek.<\/p>\n<p>A rendezv\u00e9nyre \u00e1ltal\u00e1ban augusztus v\u00e9g\u00e9n vagy szeptember elej\u00e9n ker\u00fcl sor, ahol a r\u00e9sztvev\u0151k izgalmas \u00e9s v\u00e1ltozatos programokon vehetnek r\u00e9szt: <em>egyetemi f\u00f3rumok, sportnap, strandnap, karok k\u00f6z\u00f6tti kooper\u00e1ci\u00f3s j\u00e1t\u00e9kok, est\u00e9nk\u00e9nt pedig \u00e9l\u0151 koncertek \u00e9s tematikus bulik sz\u00ednes\u00edtik a programot.<\/em> A t\u00e1bor k\u00fcl\u00f6nlegess\u00e9ge, hogy minden \u00e9vben m\u00e1s tematik\u00e1ra \u00e9p\u00fcl, ami a dekor\u00e1ci\u00f3kban, programokban \u00e9s hangulatban is visszak\u00f6sz\u00f6n.<\/p>\n<p>A g\u00f3ly\u00e1kat az instruktorok saj\u00e1t \u00fczemeltet\u00e9s\u0171 egys\u00e9geikben v\u00e1rj\u00e1k, ahol finom \u00e9telekkel, friss\u00edt\u0151 italokkal \u00e9s egyedi programokkal gondoskodnak a j\u00f3 hangulatr\u00f3l.<\/p>\n<p>A Semmelweis G\u00f3lyat\u00e1bor egyed\u00fcl\u00e1ll\u00f3 lehet\u0151s\u00e9get k\u00edn\u00e1l arra, hogy a hallgat\u00f3k m\u00e1r az egyetem megkezd\u00e9se el\u0151tt k\u00f6z\u00f6ss\u00e9gre tal\u00e1ljanak, \u00e9s biztons\u00e1gos, t\u00e1mogat\u00f3 k\u00f6zegben kezdj\u00e9k meg tanulm\u00e1nyaikat.<\/p>\n<\/div>\n<p style=\"text-align: center;\">V\u00e1runk Titeket sok szeretettel!<\/p>\n<p style=\"text-align: center;\"><b>A Szervez\u0151k<\/b><b><br \/>\n<\/b>Semmelweis Egyetem \u2013 Hallgat\u00f3i \u00d6nkorm\u00e1nyzat \u2013 Instruktor \u00d6ntev\u00e9keny Csoport<\/p>\n<div id=\"myModal\" class=\"modal fade single-modal-csekk\" tabindex=\"-1\" role=\"dialog\" \r\n     aria-labelledby=\"myModalLabel\" aria-hidden=\"true\">\r\n    <div class=\"modal-dialog\">\r\n        <div class=\"modal-content\">\r\n            <div class=\"modal-body\">\r\n                <button type=\"button\" class=\"close\" data-dismiss=\"modal\" aria-label=\"Close\" aria-hidden=\"true\">&times;<\/button>\r\n                <div class=\"modal-video\">\r\n                    <div class=\"embed-responsive embed-responsive-16by9\">\r\n                        <iframe sandbox=\"allow-scripts allow-same-origin allow-presentation\" id=\"ytplayer\" class=\"embed-responsive-item\" frameborder=\"0\" allow=\"encrypted-media;autoplay\" allowfullscreen><\/iframe>\r\n                    <\/div>\r\n                <\/div>\r\n            <\/div>\r\n        <\/div>\r\n    <\/div>\r\n<\/div>\r\n\r\n<script>\r\n    jQuery(document).ready(function(){\r\n        jQuery('.modal-backdrop').click(function () {\r\n            jQuery('#myModal').modal('hide');\r\n        });\r\n        \/\/ONLY ALLOW ONE MODAL WITH THIS ID!\r\n        $('#myModal').each(function (i) {\r\n                $('[id=\"' + this.id + '\"]').slice(1).remove();\r\n        });\r\n    });\r\n    jQuery('#myModal').on('hidden.bs.modal', function (e) {\r\n        jQuery('#myModal iframe').removeAttr('src');            \r\n    });\r\n\r\n<\/script>\r\n\r\n<style>\n        #yt-gallery-adm .side img {\n        aspect-ratio: 16 \/9;\n    }\n    \n    <\/style>\n    <div class=\"container fac fac-yt mb-em1   \">\n    <div class=\"yt-gallery  section  px-normal mt-2   border-white\" id=\"yt-gallery-adm\" style=\"background-color: white \">\n        <div class=\"section-row row my-2 pr-normal\">\n            <div class=\"col-8 col-md-auto section-title\" style=\"background-color: #1C315A; color: #ffffff\">\n                <h2><\/h2>\n            <\/div>\n            <div class=\"col section-divider px-0 mx-2\" style=\"border-bottom-color: #DFE3E6\"><\/div>\n\n            <div class=\"col col-md-auto d-none d-md-flex section-link text-uppercase pl-0 pr-0 mr-0\">\n                <h5 class=\"m-0  d-none  \" style=\"color: #00597B;   \">\n                    <a href=\"\">Tov\u00e1bbi vide\u00f3k<\/a>\n                <\/h5>\n            <\/div>\n        <\/div>\n\n        <div class=\"row mx-0 mt-2 \">\n            <div class=\"card col-12 col-lg-8 pl-0 pr-0 pr-md-3 mb-2 mb-md-0\">\n                <div class=\"card-img\">\n                    <a class=\"videolink\" href=\"https:\/\/www.youtube.com\/watch?v=nhThUsU18uk\" data-src=\"https:\/\/www.youtube.com\/embed\/nhThUsU18uk?modestbranding=1&rel=0&controls=1&showinfo=0&html5=1&autoplay=1\">\n                        <img decoding=\"async\" class=\"img-fluid skip-lazy\" src=\"https:\/\/i.ytimg.com\/vi\/nhThUsU18uk\/maxresdefault.jpg\" \/>\n                    <\/a>\n                    <div class=\"card-body\">\n                        <h3 class=\"card-title\">Semmelweis Egyetem G\u00f3lyat\u00e1bor \/ Semmelweis University Freshman Camp \u2013 2024<\/h3>\n                    <\/div>\n                <\/div>\n            <\/div>\n            <div class=\"col-12 col-lg-4 pl-0 pr-0 pr-md-3\">\n                <div class=\"row mx-0\">\n                                            <div class=\"card col-12 pb-2 pl-0 pr-0 side\">\n                            <div class=\"card-img\">\n                                <a class=\"videolink small-size\" href=\"https:\/\/www.youtube.com\/watch?v=37rbXWApo8Y\" data-src=\"https:\/\/www.youtube.com\/embed\/37rbXWApo8Y?modestbranding=1&rel=0&controls=1&showinfo=0&html5=1&autoplay=1\">\n                                    <img decoding=\"async\" class=\"img-fluid\" src=\"https:\/\/i.ytimg.com\/vi\/37rbXWApo8Y\/hqdefault.jpg\" \/>\n                                <\/a>\n                                <div class=\"card-body\">\n                                    <h5 class=\"card-title\">Semmelweis Egyetem G\u00f3lyat\u00e1bor 2025 - feeling<\/h5>\n                                <\/div>\n                            <\/div>\n                        <\/div>\n                                            <div class=\"card col-12 pb-2 pl-0 pr-0 side\">\n                            <div class=\"card-img\">\n                                <a class=\"videolink small-size\" href=\"https:\/\/www.youtube.com\/watch?v=oFFWCIHoFWw\" data-src=\"https:\/\/www.youtube.com\/embed\/oFFWCIHoFWw?modestbranding=1&rel=0&controls=1&showinfo=0&html5=1&autoplay=1\">\n                                    <img decoding=\"async\" class=\"img-fluid\" src=\"https:\/\/i.ytimg.com\/vi\/oFFWCIHoFWw\/hqdefault.jpg\" \/>\n                                <\/a>\n                                <div class=\"card-body\">\n                                    <h5 class=\"card-title\">Mi\u00e9rt a Semmelweis? \/ Why Semmelweis? \u2212 G\u00f3lyat\u00e1bor 2022<\/h5>\n                                <\/div>\n                            <\/div>\n                        <\/div>\n                                    <\/div>\n            <\/div>\n        <\/div>\n        <div class=\"row mx-0 mt-2 mb-4 d-none \">\n                    <\/div>\n        <div class=\"row section-row mx-0 mt-2 mb-4\">\n            <div class=\"col col-md-auto d-md-none float-left section-link text-uppercase pl-0 pr-0\">\n                <h5 class=\"m-0  d-none  \" style=\"color: #00597B;   \">\n                    <a href=\"\">Tov\u00e1bbi vide\u00f3k<\/a>\n                <\/h5>\n            <\/div>\n        <\/div>\n\n    <\/div>\n\n    <script type=\"text\/javascript\">\n        \/\/Set image sizes\n        jQuery(function($) {\n            \/\/setImageHeightAdm();\n        });\n\n        function setImageHeightAdm() {\n            jQuery(\"#yt-gallery-adm img\").each(function() {\n                var w = parseInt(jQuery(this).css(\"width\"));\n                jQuery(this).css(\"height\", w \/ 16 * 9);\n            });\n        }\n        jQuery(window).resize(function() {\n            \/\/setImageHeightAdm();\n        });\n    <\/script>\n\n<\/div>\n","protected":false},"excerpt":{"rendered":"<p>Gratul\u00e1lunk a sikeres felv\u00e9telhez, \u00e9s nagy \u00f6r\u00f6mmel k\u00f6sz\u00f6nt\u00fcnk Benneteket a Semmelweis Egyetem polg\u00e1rai k\u00f6z\u00f6tt! Ez\u00faton szeretn\u00e9nk megh\u00edvni Titeket a Semmelweis Egyetem hivatalos g\u00f3lyat\u00e1bor\u00e1ba, amelyet <b>2025. szeptember 4\u20137. k\u00f6z\u00f6tt<\/b> rendez\u00fcnk meg a Z\u00e1nkai Sport- \u00e9s Rendezv\u00e9nyk\u00f6zpontban.\u00a0<\/p>\n<p>A t\u00e1bor kiv\u00e1l\u00f3 lehet\u0151s\u00e9g arra, hogy m\u00e1r az egyetem megkezd\u00e9se el\u0151tt bar\u00e1tokat szerezzetek, megismerj\u00e9tek leend\u0151 \u00e9vfolyamt\u00e1rsaitokat, fels\u0151bb\u00e9ves hallgat\u00f3kat, valamint betekint\u00e9st nyerjetek az egyetemi \u00e9letbe.<\/p>\n","protected":false},"author":102503,"featured_media":50,"parent":0,"menu_order":0,"comment_status":"closed","ping_status":"closed","template":"","meta":{"_acf_changed":false,"footnotes":""},"categories":[],"tags":[],"class_list":["post-5","page","type-page","status-publish","has-post-thumbnail","hentry"],"acf":[],"_links":{"self":[{"href":"https:\/\/semmelweis.hu\/golyatabor\/wp-json\/wp\/v2\/pages\/5","targetHints":{"allow":["GET"]}}],"collection":[{"href":"https:\/\/semmelweis.hu\/golyatabor\/wp-json\/wp\/v2\/pages"}],"about":[{"href":"https:\/\/semmelweis.hu\/golyatabor\/wp-json\/wp\/v2\/types\/page"}],"author":[{"embeddable":true,"href":"https:\/\/semmelweis.hu\/golyatabor\/wp-json\/wp\/v2\/users\/102503"}],"replies":[{"embeddable":true,"href":"https:\/\/semmelweis.hu\/golyatabor\/wp-json\/wp\/v2\/comments?post=5"}],"version-history":[{"count":11,"href":"https:\/\/semmelweis.hu\/golyatabor\/wp-json\/wp\/v2\/pages\/5\/revisions"}],"predecessor-version":[{"id":520,"href":"https:\/\/semmelweis.hu\/golyatabor\/wp-json\/wp\/v2\/pages\/5\/revisions\/520"}],"wp:featuredmedia":[{"embeddable":true,"href":"https:\/\/semmelweis.hu\/golyatabor\/wp-json\/wp\/v2\/media\/50"}],"wp:attachment":[{"href":"https:\/\/semmelweis.hu\/golyatabor\/wp-json\/wp\/v2\/media?parent=5"}],"wp:term":[{"taxonomy":"category","embeddable":true,"href":"https:\/\/semmelweis.hu\/golyatabor\/wp-json\/wp\/v2\/categories?post=5"},{"taxonomy":"post_tag","embeddable":true,"href":"https:\/\/semmelweis.hu\/golyatabor\/wp-json\/wp\/v2\/tags?post=5"}],"curies":[{"name":"wp","href":"https:\/\/api.w.org\/{rel}","templated":true}]}}