{"id":41,"date":"2025-05-17T14:30:13","date_gmt":"2025-05-17T12:30:13","guid":{"rendered":"https:\/\/semmelweis.hu\/golyatabor\/?page_id=41"},"modified":"2025-07-24T11:20:06","modified_gmt":"2025-07-24T09:20:06","slug":"contacts","status":"publish","type":"page","link":"https:\/\/semmelweis.hu\/golyatabor\/en\/contacts\/","title":{"rendered":"Contacts"},"content":{"rendered":"<div class=\"keretes w-100\">\n<h4><strong>Instructor unprompted group<\/strong><\/h4>\n<h6>email: golyatabor@iocs.hu<\/h6>\n<h6><a href=\"https:\/\/fb.me\/e\/82yCDI9WZ\" target=\"_blank\" rel=\"noopener\">facebook event \u2192<\/a><\/h6>\n<\/div>\n<p><img loading=\"lazy\" decoding=\"async\" class=\" wp-image-285 alignright\" src=\"https:\/\/semmelweis.hu\/golyatabor\/files\/2025\/07\/Sisa-kesz-1-400x393.jpeg\" alt=\"\" width=\"270\" height=\"265\" srcset=\"https:\/\/semmelweis.hu\/golyatabor\/files\/2025\/07\/Sisa-kesz-1-400x393.jpeg 400w, https:\/\/semmelweis.hu\/golyatabor\/files\/2025\/07\/Sisa-kesz-1-1024x1006.jpeg 1024w, https:\/\/semmelweis.hu\/golyatabor\/files\/2025\/07\/Sisa-kesz-1-768x754.jpeg 768w, https:\/\/semmelweis.hu\/golyatabor\/files\/2025\/07\/Sisa-kesz-1-1536x1509.jpeg 1536w, https:\/\/semmelweis.hu\/golyatabor\/files\/2025\/07\/Sisa-kesz-1-2048x2011.jpeg 2048w, https:\/\/semmelweis.hu\/golyatabor\/files\/2025\/07\/Sisa-kesz-1-753x740.jpeg 753w, https:\/\/semmelweis.hu\/golyatabor\/files\/2025\/07\/Sisa-kesz-1-300x295.jpeg 300w, https:\/\/semmelweis.hu\/golyatabor\/files\/2025\/07\/Sisa-kesz-1-600x589.jpeg 600w\" sizes=\"auto, (max-width: 270px) 100vw, 270px\" \/><\/p>\n<h4><strong>Orsolya Sisa<\/strong><\/h4>\n<h6>President<br \/>\nInstructor Unprompted Group<\/h6>\n<h6>tel: +36 30 285 8800<br \/>\nemail: sisa.orsolya@iocs.hu<\/h6>\n<hr \/>\n<p><img loading=\"lazy\" decoding=\"async\" class=\" wp-image-290 alignright\" src=\"https:\/\/semmelweis.hu\/golyatabor\/files\/2025\/07\/Lalak-kesz-328x400.jpeg\" alt=\"\" width=\"270\" height=\"329\" srcset=\"https:\/\/semmelweis.hu\/golyatabor\/files\/2025\/07\/Lalak-kesz-328x400.jpeg 328w, https:\/\/semmelweis.hu\/golyatabor\/files\/2025\/07\/Lalak-kesz-840x1024.jpeg 840w, https:\/\/semmelweis.hu\/golyatabor\/files\/2025\/07\/Lalak-kesz-768x936.jpeg 768w, https:\/\/semmelweis.hu\/golyatabor\/files\/2025\/07\/Lalak-kesz-1261x1536.jpeg 1261w, https:\/\/semmelweis.hu\/golyatabor\/files\/2025\/07\/Lalak-kesz-1681x2048.jpeg 1681w, https:\/\/semmelweis.hu\/golyatabor\/files\/2025\/07\/Lalak-kesz-753x917.jpeg 753w, https:\/\/semmelweis.hu\/golyatabor\/files\/2025\/07\/Lalak-kesz-300x366.jpeg 300w, https:\/\/semmelweis.hu\/golyatabor\/files\/2025\/07\/Lalak-kesz-600x731.jpeg 600w\" sizes=\"auto, (max-width: 270px) 100vw, 270px\" \/><\/p>\n<h4><strong>Kata Lal\u00e1k<\/strong><\/h4>\n<h6>\nVice President<br \/>\nInstructor Unprompted Group<\/h6>\n<h6>tel: +36 70 432 6906<br \/>\nemail: lalak.kata@iocs.hu<\/h6>\n<hr \/>\n<p><img loading=\"lazy\" decoding=\"async\" class=\" wp-image-289 alignright\" src=\"https:\/\/semmelweis.hu\/golyatabor\/files\/2025\/07\/Reka-kesz-400x361.jpeg\" alt=\"\" width=\"270\" height=\"244\" srcset=\"https:\/\/semmelweis.hu\/golyatabor\/files\/2025\/07\/Reka-kesz-400x361.jpeg 400w, https:\/\/semmelweis.hu\/golyatabor\/files\/2025\/07\/Reka-kesz-1024x924.jpeg 1024w, https:\/\/semmelweis.hu\/golyatabor\/files\/2025\/07\/Reka-kesz-768x693.jpeg 768w, https:\/\/semmelweis.hu\/golyatabor\/files\/2025\/07\/Reka-kesz-1536x1387.jpeg 1536w, https:\/\/semmelweis.hu\/golyatabor\/files\/2025\/07\/Reka-kesz-2048x1849.jpeg 2048w, https:\/\/semmelweis.hu\/golyatabor\/files\/2025\/07\/Reka-kesz-753x680.jpeg 753w, https:\/\/semmelweis.hu\/golyatabor\/files\/2025\/07\/Reka-kesz-300x271.jpeg 300w, https:\/\/semmelweis.hu\/golyatabor\/files\/2025\/07\/Reka-kesz-600x542.jpeg 600w\" sizes=\"auto, (max-width: 270px) 100vw, 270px\" \/><\/p>\n<h4><strong>R\u00e9ka R\u00f3zsa Eszenyi<\/strong><\/h4>\n<h6>Freshman Camp Organiser<br \/>\nInstructor Unprompted Group<\/h6>\n<h6>tel: +36 20 338 4941<br \/>\nemail: eszenyi.reka@iocs.hu<\/h6>\n<hr \/>\n<p><img loading=\"lazy\" decoding=\"async\" class=\" wp-image-288 alignright\" src=\"https:\/\/semmelweis.hu\/golyatabor\/files\/2025\/07\/Marko-kesz-377x400.jpeg\" alt=\"\" width=\"270\" height=\"286\" srcset=\"https:\/\/semmelweis.hu\/golyatabor\/files\/2025\/07\/Marko-kesz-377x400.jpeg 377w, https:\/\/semmelweis.hu\/golyatabor\/files\/2025\/07\/Marko-kesz-964x1024.jpeg 964w, https:\/\/semmelweis.hu\/golyatabor\/files\/2025\/07\/Marko-kesz-768x816.jpeg 768w, https:\/\/semmelweis.hu\/golyatabor\/files\/2025\/07\/Marko-kesz-1446x1536.jpeg 1446w, https:\/\/semmelweis.hu\/golyatabor\/files\/2025\/07\/Marko-kesz-1928x2048.jpeg 1928w, https:\/\/semmelweis.hu\/golyatabor\/files\/2025\/07\/Marko-kesz-753x800.jpeg 753w, https:\/\/semmelweis.hu\/golyatabor\/files\/2025\/07\/Marko-kesz-300x319.jpeg 300w, https:\/\/semmelweis.hu\/golyatabor\/files\/2025\/07\/Marko-kesz-600x637.jpeg 600w\" sizes=\"auto, (max-width: 270px) 100vw, 270px\" \/><\/p>\n<h4><strong>M\u00e1rk <\/strong><strong>V\u00e1raczki <\/strong><\/h4>\n<h6>Freshman Camp Organiser<br \/>\nInstructor Unprompted Group<\/h6>\n<h6>tel: +36 70 589 2155<br \/>\nemail: varaczki.mark@iocs.hu<\/h6>\n<p>&nbsp;<\/p>\n<p>&nbsp;<\/p>\n<div class=\"keretes w-100\">\n<h4><strong>Student&#8217;s union<\/strong><\/h4>\n<\/div>\n<p><img loading=\"lazy\" decoding=\"async\" class=\"wp-image-636  alignright\" src=\"https:\/\/semmelweis.hu\/golyatabor\/files\/2025\/07\/The-pic-No.F-1-286x400.jpg\" alt=\"\" width=\"264\" height=\"369\" srcset=\"https:\/\/semmelweis.hu\/golyatabor\/files\/2025\/07\/The-pic-No.F-1-286x400.jpg 286w, https:\/\/semmelweis.hu\/golyatabor\/files\/2025\/07\/The-pic-No.F-1-732x1024.jpg 732w, https:\/\/semmelweis.hu\/golyatabor\/files\/2025\/07\/The-pic-No.F-1-768x1075.jpg 768w, https:\/\/semmelweis.hu\/golyatabor\/files\/2025\/07\/The-pic-No.F-1-1097x1536.jpg 1097w, https:\/\/semmelweis.hu\/golyatabor\/files\/2025\/07\/The-pic-No.F-1-753x1054.jpg 753w, https:\/\/semmelweis.hu\/golyatabor\/files\/2025\/07\/The-pic-No.F-1-300x420.jpg 300w, https:\/\/semmelweis.hu\/golyatabor\/files\/2025\/07\/The-pic-No.F-1-600x840.jpg 600w, https:\/\/semmelweis.hu\/golyatabor\/files\/2025\/07\/The-pic-No.F-1.jpg 1463w\" sizes=\"auto, (max-width: 264px) 100vw, 264px\" \/><\/p>\n<h4><strong>Imre Rich\u00e1rd <\/strong><strong>Nagy<\/strong><\/h4>\n<h6>President<br \/>\nStudent&#8217;s Union<\/h6>\n<h6>tel: +36 20 3327097<br \/>\nemail: nagy.imre@stud.semmelweis.hu<\/h6>\n<hr \/>\n<p><img loading=\"lazy\" decoding=\"async\" class=\"wp-image-363 size-medium alignright\" src=\"https:\/\/semmelweis.hu\/golyatabor\/files\/2025\/07\/Miklos-Renata-KGY-2022-267x400.jpg\" alt=\"\" width=\"267\" height=\"400\" srcset=\"https:\/\/semmelweis.hu\/golyatabor\/files\/2025\/07\/Miklos-Renata-KGY-2022-267x400.jpg 267w, https:\/\/semmelweis.hu\/golyatabor\/files\/2025\/07\/Miklos-Renata-KGY-2022-300x450.jpg 300w, https:\/\/semmelweis.hu\/golyatabor\/files\/2025\/07\/Miklos-Renata-KGY-2022-600x900.jpg 600w, https:\/\/semmelweis.hu\/golyatabor\/files\/2025\/07\/Miklos-Renata-KGY-2022.jpg 629w\" sizes=\"auto, (max-width: 267px) 100vw, 267px\" \/><\/p>\n<h4><strong>Ren\u00e1ta Dalma <\/strong><strong>Mikl\u00f3s<\/strong><\/h4>\n<h6>General Vice President<br \/>\nStudent&#8217;s Union<\/h6>\n<h6>tel: +36 20 3416294<br \/>\nemail: miklosi.renata@stud.semmelweis.hu<\/h6>\n<hr \/>\n<p><img loading=\"lazy\" decoding=\"async\" class=\"wp-image-454  alignright\" src=\"https:\/\/semmelweis.hu\/golyatabor\/files\/2025\/07\/ENZO-GT-FOTOi-300x400.png\" alt=\"\" width=\"269\" height=\"359\" srcset=\"https:\/\/semmelweis.hu\/golyatabor\/files\/2025\/07\/ENZO-GT-FOTOi-300x400.png 300w, https:\/\/semmelweis.hu\/golyatabor\/files\/2025\/07\/ENZO-GT-FOTOi-768x1024.png 768w, https:\/\/semmelweis.hu\/golyatabor\/files\/2025\/07\/ENZO-GT-FOTOi-1152x1536.png 1152w, https:\/\/semmelweis.hu\/golyatabor\/files\/2025\/07\/ENZO-GT-FOTOi-1536x2048.png 1536w, https:\/\/semmelweis.hu\/golyatabor\/files\/2025\/07\/ENZO-GT-FOTOi-753x1004.png 753w, https:\/\/semmelweis.hu\/golyatabor\/files\/2025\/07\/ENZO-GT-FOTOi-600x800.png 600w\" sizes=\"auto, (max-width: 269px) 100vw, 269px\" \/><\/p>\n<h4><strong>Enz\u00f3 Brendon <\/strong><strong>Farkas<\/strong><\/h4>\n<h6>Vice President for Events<br \/>\nStudent&#8217;s Union<\/h6>\n<h6>tel: +36 70 3617358<br \/>\nemail: farkas.enzo@stud.semmelweis.hu<\/h6>\n<hr \/>\n<p><img loading=\"lazy\" decoding=\"async\" class=\"wp-image-466 size-medium alignright\" src=\"https:\/\/semmelweis.hu\/golyatabor\/files\/2025\/07\/IMG_2543.jpg-masolata-267x400.jpeg\" alt=\"\" width=\"267\" height=\"400\" srcset=\"https:\/\/semmelweis.hu\/golyatabor\/files\/2025\/07\/IMG_2543.jpg-masolata-267x400.jpeg 267w, https:\/\/semmelweis.hu\/golyatabor\/files\/2025\/07\/IMG_2543.jpg-masolata-683x1024.jpeg 683w, https:\/\/semmelweis.hu\/golyatabor\/files\/2025\/07\/IMG_2543.jpg-masolata-768x1152.jpeg 768w, https:\/\/semmelweis.hu\/golyatabor\/files\/2025\/07\/IMG_2543.jpg-masolata-1024x1536.jpeg 1024w, https:\/\/semmelweis.hu\/golyatabor\/files\/2025\/07\/IMG_2543.jpg-masolata-1365x2048.jpeg 1365w, https:\/\/semmelweis.hu\/golyatabor\/files\/2025\/07\/IMG_2543.jpg-masolata-753x1130.jpeg 753w, https:\/\/semmelweis.hu\/golyatabor\/files\/2025\/07\/IMG_2543.jpg-masolata-300x450.jpeg 300w, https:\/\/semmelweis.hu\/golyatabor\/files\/2025\/07\/IMG_2543.jpg-masolata-600x900.jpeg 600w, https:\/\/semmelweis.hu\/golyatabor\/files\/2025\/07\/IMG_2543.jpg-masolata-scaled.jpeg 1707w\" sizes=\"auto, (max-width: 267px) 100vw, 267px\" \/><\/p>\n<h4><strong>Istv\u00e1n <\/strong><strong>Fejes <\/strong><\/h4>\n<h6>Vice President for Organisational Development<br \/>\nHallgat\u00f3i \u00d6nkorm\u00e1nyzat<\/h6>\n<h6>tel: +36 70 503 1700<br \/>\nemail: fejes.istvan@stud.semmelweis.hu<\/h6>\n<p>&nbsp;<\/p>\n<p>&nbsp;<\/p>\n","protected":false},"excerpt":{"rendered":"<p>Instructor unprompted group email: golyatabor@iocs.hu <a href=\"https:\/\/fb.me\/e\/82yCDI9WZ\" target=\"_blank\" rel=\"noopener\">facebook event \u2192<\/a> Orsolya Sisa President Instructor Unprompted Group tel: +36 30 285 8800 email: sisa.orsolya@iocs.hu Kata Lal\u00e1k Vice President Instructor Unprompted Group tel: +36 70 432 6906 email: lalak.kata@iocs.hu R\u00e9ka R\u00f3zsa Eszenyi Freshman Camp Organiser Instructor Unprompted Group tel: +36 20 338 4941 email: eszenyi.reka@iocs.hu M\u00e1rk V\u00e1raczki Freshman Camp Organiser Instructor Unprompted &hellip;<\/p>\n","protected":false},"author":12,"featured_media":0,"parent":0,"menu_order":8,"comment_status":"closed","ping_status":"closed","template":"","meta":{"_acf_changed":false,"footnotes":""},"categories":[],"tags":[],"class_list":["post-41","page","type-page","status-publish","hentry"],"acf":[],"_links":{"self":[{"href":"https:\/\/semmelweis.hu\/golyatabor\/wp-json\/wp\/v2\/pages\/41","targetHints":{"allow":["GET"]}}],"collection":[{"href":"https:\/\/semmelweis.hu\/golyatabor\/wp-json\/wp\/v2\/pages"}],"about":[{"href":"https:\/\/semmelweis.hu\/golyatabor\/wp-json\/wp\/v2\/types\/page"}],"author":[{"embeddable":true,"href":"https:\/\/semmelweis.hu\/golyatabor\/wp-json\/wp\/v2\/users\/12"}],"replies":[{"embeddable":true,"href":"https:\/\/semmelweis.hu\/golyatabor\/wp-json\/wp\/v2\/comments?post=41"}],"version-history":[{"count":7,"href":"https:\/\/semmelweis.hu\/golyatabor\/wp-json\/wp\/v2\/pages\/41\/revisions"}],"predecessor-version":[{"id":637,"href":"https:\/\/semmelweis.hu\/golyatabor\/wp-json\/wp\/v2\/pages\/41\/revisions\/637"}],"wp:attachment":[{"href":"https:\/\/semmelweis.hu\/golyatabor\/wp-json\/wp\/v2\/media?parent=41"}],"wp:term":[{"taxonomy":"category","embeddable":true,"href":"https:\/\/semmelweis.hu\/golyatabor\/wp-json\/wp\/v2\/categories?post=41"},{"taxonomy":"post_tag","embeddable":true,"href":"https:\/\/semmelweis.hu\/golyatabor\/wp-json\/wp\/v2\/tags?post=41"}],"curies":[{"name":"wp","href":"https:\/\/api.w.org\/{rel}","templated":true}]}}