{"id":300,"date":"2025-07-18T13:07:23","date_gmt":"2025-07-18T11:07:23","guid":{"rendered":"https:\/\/semmelweis.hu\/golyatabor\/?page_id=300"},"modified":"2025-11-17T14:53:28","modified_gmt":"2025-11-17T13:53:28","slug":"program","status":"publish","type":"page","link":"https:\/\/semmelweis.hu\/golyatabor\/program\/","title":{"rendered":"Inf\u00f3 &amp; Program"},"content":{"rendered":"<h1 style=\"text-align: center;\">2025 szeptember 4-7.\u00a0<br \/>\nZ\u00e1nka<\/h1>\n<div class=\"keretes w-100\">\n<h2><img loading=\"lazy\" decoding=\"async\" class=\"alignright wp-image-415\" src=\"https:\/\/semmelweis.hu\/golyatabor\/files\/2025\/07\/cropped-SE_GOLYATABOR_elemek_var.png\" alt=\"\" width=\"200\" height=\"157\" srcset=\"https:\/\/semmelweis.hu\/golyatabor\/files\/2025\/07\/cropped-SE_GOLYATABOR_elemek_var.png 344w, https:\/\/semmelweis.hu\/golyatabor\/files\/2025\/07\/cropped-SE_GOLYATABOR_elemek_var-300x235.png 300w\" sizes=\"auto, (max-width: 200px) 100vw, 200px\" \/><\/h2>\n<h2>Alapinf\u00f3k:<\/h2>\n<p>Az idei Semmelweis G\u00f3lyat\u00e1bort 2025. szeptember 4\u20137. k\u00f6z\u00f6tt rendezz\u00fck meg a Z\u00e1nkai Sport- \u00e9s Rendezv\u00e9nyk\u00f6zpontban, ahol &#8211; t\u00f6bbek k\u00f6z\u00f6tt &#8211; a Balaton-parti k\u00f6rnyezet garant\u00e1lja a j\u00f3 hangulatot.\u00a0<\/p>\n<p>Napi 3 \u00e9tkez\u00e9s biztos\u00edtott minden r\u00e9sztvev\u0151 sz\u00e1m\u00e1ra \u00e9s term\u00e9szetesen az \u00e9tel \u00e9rz\u00e9kenyekre is gondoltunk, glut\u00e9nmentes, tej \u00e9s lakt\u00f3zmentes, diabetikus \u00e9s veget\u00e1ri\u00e1nus opci\u00f3kkal <em>(az ezzel kapcsolatos ig\u00e9nyt el\u0151re kell jelezni a jelentkez\u00e9s sor\u00e1n)<\/em>. Emellett t\u00e1bor teljes ideje alatt finomabbn\u00e1l &#8211; finomabb \u00e9teleket \u00e9s italokat v\u00e1s\u00e1rolhattok a <a href=\"https:\/\/semmelweis.hu\/golyatabor\/gebinek\/\">gebinekben<\/a>!\u00a0<\/p>\n<p>A G\u00f3lyat\u00e1bor t\u00e1bor d\u00edja 49 000 Ft. A jelentkez\u00e9s sor\u00e1n tudod megadni az adataidat \u00e9s be is tudod fizetni a r\u00e9szv\u00e9teli d\u00edjat, \u00edgy biztos\u00edtva a helyedet.\u00a0<\/p>\n<p style=\"text-align: center;\"><a class=\"btn btn-secondary\" href=\"https:\/\/semmelweis.hu\/golyatabor\/jelentkezes\/\" target=\"_self\">Jelentkezem<\/a><\/p>\n<\/div>\n            <div class=\"qae-faqs-container qae-faqs-toggle-container\">\n\t\t\t\t\t\t\t<ul class=\"qe-faqs-filters-container\">\n\t\t\t\t<li class=\"active\"><a class=\"qe-faqs-filter all-faqs\" href=\"#\" data-filter=\"*\">All<\/a><\/li>\n\t\t\t\t<li><a class=\"qe-faqs-filter\" href=\"#alapinfok\" data-filter=\".alapinfok\">Alapinf\u00f3k<\/a><\/li>\t\t\t<\/ul>\n\t\t\t\t\t<div id=\"qaef-444\" class=\"qe-faq-toggle alapinfok\">\n\t\t\t<div class=\"qe-toggle-title\">\n\t\t\t\t<h4>\n\t\t\t\t\t<i class=\"fa fa-minus-circle\"><\/i> Mit hozz magaddal?\t\t\t\t<\/h4>\n\t\t\t<\/div>\n\t\t\t<div class=\"qe-toggle-content\">\n\t\t\t\t<h5>Mi legyen mindenk\u00e9pp a csomagban<\/h5>\n<ul>\n<li>4 napra elegend\u0151 v\u00e1lt\u00f3ruha<\/li>\n<li>F\u00fcrd\u0151ruha \u00e9s strandfelszerel\u00e9s<\/li>\n<li>Sportos \u00f6lt\u00f6zet \u00e9s sportcip\u0151<\/li>\n<li>Es\u0151kab\u00e1t vagy eserny\u0151<\/li>\n<li>Kis m\u00e9ret\u0171 h\u00e1tizs\u00e1k vagy t\u00e1ska, amit a napk\u00f6zbeni programok sor\u00e1n magadn\u00e1l tarthatsz<\/li>\n<li>Naptej, sz\u00fanyogriaszt\u00f3, sz\u00fcks\u00e9g eset\u00e9n gy\u00f3gyszerek<\/li>\n<\/ul>\n<h5>Sz\u00fcks\u00e9ges iratok, adatok<\/h5>\n<ul>\n<li>Szem\u00e9lyi igazolv\u00e1ny<\/li>\n<li>Lakc\u00edmk\u00e1rtya<\/li>\n<li>TAJ-k\u00e1rtya<\/li>\n<li>Neptun-k\u00f3d <em>(\u00edrd fel vagy jegyezd meg)<\/em><\/li>\n<li>V\u00e9rad\u00f3 igazolv\u00e1ny <em>(amennyiben rendelkezel ilyennel)\u00a0\u00a0<\/em><\/li>\n<\/ul>\n\t\t\t<\/div>\n\t\t<\/div>\n\t\t\t\t<div id=\"qaef-446\" class=\"qe-faq-toggle alapinfok\">\n\t\t\t<div class=\"qe-toggle-title\">\n\t\t\t\t<h4>\n\t\t\t\t\t<i class=\"fa fa-minus-circle\"><\/i> Ezeket nem hozhatod magaddal:\t\t\t\t<\/h4>\n\t\t\t<\/div>\n\t\t\t<div class=\"qe-toggle-content\">\n\t\t\t\t<p><strong>Fontos!<\/strong> A t\u00e1bor biztons\u00e1gos \u00e9s befogad\u00f3 l\u00e9gk\u00f6r\u00e9nek meg\u0151rz\u00e9se \u00e9rdek\u00e9ben bizonyos t\u00e1rgyak behozatala <strong>szigor\u00faan tilos<\/strong>:<\/p>\n<ul>\n<li>Alkoholos italok<\/li>\n<li>Nikotin- vagy doh\u00e1nyterm\u00e9kek, amelyek nem \u00e1rus\u00edthat\u00f3k doh\u00e1nyboltban <em>(pl. elf bar, poco \u00e9s ezek b\u00e1rmely alternat\u00edv\u00e1ja)<\/em><\/li>\n<li>Sz\u00far\u00f3- \u00e9s v\u00e1g\u00f3eszk\u00f6z\u00f6k<\/li>\n<\/ul>\n<p>Ezeket a bel\u00e9ptet\u00e9s sor\u00e1n ellen\u0151rizni fogjuk, ez\u00e9rt k\u00e9r\u00fcnk, hogy csomagodat ennek tudat\u00e1ban \u00e1ll\u00edtsd \u00f6ssze!<\/p>\n\t\t\t<\/div>\n\t\t<\/div>\n\t\t\t\t<div id=\"qaef-443\" class=\"qe-faq-toggle alapinfok\">\n\t\t\t<div class=\"qe-toggle-title\">\n\t\t\t\t<h4>\n\t\t\t\t\t<i class=\"fa fa-minus-circle\"><\/i> K\u00f6lt\u0151p\u00e9nz\t\t\t\t<\/h4>\n\t\t\t<\/div>\n\t\t\t<div class=\"qe-toggle-content\">\n\t\t\t\t<p>A t\u00e1borban k\u00e9szp\u00e9nzes \u00e9s bankk\u00e1rty\u00e1s fizet\u00e9sre egyar\u00e1nt lesz lehet\u0151s\u00e9g.<\/p>\n<p>K\u00e9r\u00fcnk, hogy hozz magaddal legal\u00e1bb 5.000 Ft k\u00e9szp\u00e9nzt &#8211; ez a k\u00f6z\u00f6s p\u00f3l\u00f3nk \u00e9s egy\u00e9b kieg\u00e9sz\u00edt\u0151ink \u00e1ra -, valamint elegend\u0151 k\u00f6lt\u0151p\u00e9nzt a n\u00e9gy napra (\u00e9tkez\u00e9sen \u00e9s programokon k\u00edv\u00fcli egy\u00e9ni kiad\u00e1sokhoz).<\/p>\n\t\t\t<\/div>\n\t\t<\/div>\n\t\t            <\/div>\n\t\t\n<p><strong><img loading=\"lazy\" decoding=\"async\" class=\"alignright wp-image-57\" src=\"https:\/\/semmelweis.hu\/golyatabor\/files\/2025\/05\/cropped-SE_GOLYATABOR-ikon-e1753187177129.jpg\" alt=\"\" width=\"200\" height=\"221\" \/><\/strong><\/p>\n<h2>Program:<\/h2>\n<h6><a href=\"https:\/\/fb.me\/e\/82yCDI9WZ\" target=\"_blank\" rel=\"noopener\">K\u00f6vesd facebook esem\u00e9ny\u00fcnket a legfrissebb inf\u00f3k\u00e9rt!\u00a0<\/a><\/h6>\n<h6><strong>F\u00f3rumnap<\/strong><\/h6>\n<h6>a hagyom\u00e1nyoknak megfelel\u0151en bemutatkoznak a kari vezet\u0151k \u00e9s oktat\u00f3k, akikt\u0151l k\u00e9rdezz-felelek sor\u00e1n kaphatnak hasznos inform\u00e1ci\u00f3kat a g\u00f3ly\u00e1k<\/h6>\n<h6><strong>Bemutatkoznak:<\/strong><\/h6>\n<ul>\n<li>\n<h6>a karok\u00a0<\/h6>\n<\/li>\n<li>\n<h6>a hallgat\u00f3i szervezetek<\/h6>\n<\/li>\n<li>\n<h6>a tehets\u00e9ggondoz\u00f3 programok<\/h6>\n<\/li>\n<li>\n<h6>az egyetemi sportszervezetek<\/h6>\n<\/li>\n<li>\n<h6>a csal\u00e1dbar\u00e1t szolg\u00e1ltat\u00e1sok<\/h6>\n<\/li>\n<li>\n<h6>a Pann\u00f3nia Program mobilit\u00e1si programok<\/h6>\n<\/li>\n<li>\n<h6>a k\u00f3rus<\/h6>\n<\/li>\n<\/ul>\n<h6><strong><img loading=\"lazy\" decoding=\"async\" class=\"alignright wp-image-447\" src=\"https:\/\/semmelweis.hu\/golyatabor\/files\/2025\/07\/SE_GOLYATABOR_elemek_RGB__Altabor.png\" alt=\"\" width=\"200\" height=\"200\" srcset=\"https:\/\/semmelweis.hu\/golyatabor\/files\/2025\/07\/SE_GOLYATABOR_elemek_RGB__Altabor.png 473w, https:\/\/semmelweis.hu\/golyatabor\/files\/2025\/07\/SE_GOLYATABOR_elemek_RGB__Altabor-400x400.png 400w, https:\/\/semmelweis.hu\/golyatabor\/files\/2025\/07\/SE_GOLYATABOR_elemek_RGB__Altabor-150x150.png 150w, https:\/\/semmelweis.hu\/golyatabor\/files\/2025\/07\/SE_GOLYATABOR_elemek_RGB__Altabor-300x300.png 300w, https:\/\/semmelweis.hu\/golyatabor\/files\/2025\/07\/SE_GOLYATABOR_elemek_RGB__Altabor-100x100.png 100w\" sizes=\"auto, (max-width: 200px) 100vw, 200px\" \/>Mi lesz m\u00e9g?<\/strong><\/h6>\n<ul>\n<li>\n<h6>k\u00f6tetlen, esti zen\u00e9s programok<\/h6>\n<\/li>\n<li>\n<h6>f\u00fcrd\u00e9s a Balatonban<\/h6>\n<\/li>\n<li>\n<h6>eg\u00e9szs\u00e9g\u00fcgyi sz\u0171r\u00e9sek<\/h6>\n<\/li>\n<li>\n<h6>sportol\u00e1si lehet\u0151s\u00e9gek<\/h6>\n<\/li>\n<li>\n<h6>sok-sok inf\u00f3 az egyetemi \u00e9letr\u0151l<\/h6>\n<\/li>\n<\/ul>\n<div class=\"keretes w-100\">\n<h6>A g\u00f3ly\u00e1k mellett mintegy 350 fels\u0151\u00e9ves lesz jelen seg\u00edt\u0151k\u00e9nt a h\u00e1romnapos rendezv\u00e9ny alatt az I\u00d6CS \u00e9s a H\u00d6K k\u00e9pviselet\u00e9ben, tov\u00e1bb\u00e1 nagyj\u00e1b\u00f3l 80 oktat\u00f3 fog megfordulni a rendezv\u00e9nyen. A r\u00e9sztvev\u0151k biztons\u00e1gos sz\u00f3rakoz\u00e1s\u00e1r\u00f3l az egyetem saj\u00e1t biztons\u00e1gtechnikai munkat\u00e1rsai gondoskodnak majd, az eg\u00e9szs\u00e9g\u00fcgyi ell\u00e1t\u00e1st \u00e9s szolg\u00e1ltat\u00e1st pedig az egyetemi ment\u0151szolg\u00e1lat biztos\u00edtja.<\/h6>\n<\/div>\n","protected":false},"excerpt":{"rendered":"<p>A t\u00e1borban k\u00e9szp\u00e9nzes \u00e9s bankk\u00e1rty\u00e1s fizet\u00e9sre egyar\u00e1nt lesz lehet\u0151s\u00e9g.<br \/>\nK\u00e9r\u00fcnk, hogy hozz magaddal legal\u00e1bb 5.000 Ft k\u00e9szp\u00e9nzt &#8211; ez a k\u00f6z\u00f6s p\u00f3l\u00f3nk \u00e9s egy\u00e9b kieg\u00e9sz\u00edt\u0151ink \u00e1ra -, valamint elegend\u0151 k\u00f6lt\u0151p\u00e9nzt a n\u00e9gy napra (\u00e9tkez\u00e9sen \u00e9s programokon k\u00edv\u00fcli egy\u00e9ni kiad\u00e1sokhoz).<\/p>\n","protected":false},"author":102503,"featured_media":0,"parent":0,"menu_order":2,"comment_status":"closed","ping_status":"closed","template":"","meta":{"_acf_changed":false,"footnotes":""},"categories":[],"tags":[],"class_list":["post-300","page","type-page","status-publish","hentry"],"acf":[],"_links":{"self":[{"href":"https:\/\/semmelweis.hu\/golyatabor\/wp-json\/wp\/v2\/pages\/300","targetHints":{"allow":["GET"]}}],"collection":[{"href":"https:\/\/semmelweis.hu\/golyatabor\/wp-json\/wp\/v2\/pages"}],"about":[{"href":"https:\/\/semmelweis.hu\/golyatabor\/wp-json\/wp\/v2\/types\/page"}],"author":[{"embeddable":true,"href":"https:\/\/semmelweis.hu\/golyatabor\/wp-json\/wp\/v2\/users\/102503"}],"replies":[{"embeddable":true,"href":"https:\/\/semmelweis.hu\/golyatabor\/wp-json\/wp\/v2\/comments?post=300"}],"version-history":[{"count":10,"href":"https:\/\/semmelweis.hu\/golyatabor\/wp-json\/wp\/v2\/pages\/300\/revisions"}],"predecessor-version":[{"id":934,"href":"https:\/\/semmelweis.hu\/golyatabor\/wp-json\/wp\/v2\/pages\/300\/revisions\/934"}],"wp:attachment":[{"href":"https:\/\/semmelweis.hu\/golyatabor\/wp-json\/wp\/v2\/media?parent=300"}],"wp:term":[{"taxonomy":"category","embeddable":true,"href":"https:\/\/semmelweis.hu\/golyatabor\/wp-json\/wp\/v2\/categories?post=300"},{"taxonomy":"post_tag","embeddable":true,"href":"https:\/\/semmelweis.hu\/golyatabor\/wp-json\/wp\/v2\/tags?post=300"}],"curies":[{"name":"wp","href":"https:\/\/api.w.org\/{rel}","templated":true}]}}