{"id":15,"date":"2025-05-17T14:20:18","date_gmt":"2025-05-17T12:20:18","guid":{"rendered":"https:\/\/semmelweis.hu\/golyatabor\/?page_id=15"},"modified":"2025-11-17T14:53:28","modified_gmt":"2025-11-17T13:53:28","slug":"jelentkezes","status":"publish","type":"page","link":"https:\/\/semmelweis.hu\/golyatabor\/jelentkezes\/","title":{"rendered":"Jelentkez\u00e9s"},"content":{"rendered":"<h2 style=\"text-align: center\"><em>A jelentkez\u00e9s lez\u00e1rult!<\/em><\/h2>\n<h2 style=\"text-align: center\"><em>Tal\u00e1lkozunk a t\u00e1borban 2025 Szeptember 4-7. k\u00f6z\u00f6tt!<\/em><\/h2>\n","protected":false},"excerpt":{"rendered":"<p>A jelentkez\u00e9s lez\u00e1rult!<br \/>\nTal\u00e1lkozunk a t\u00e1borban 2025 Szeptember 4-7. k\u00f6z\u00f6tt!<\/p>\n","protected":false},"author":102503,"featured_media":0,"parent":0,"menu_order":1,"comment_status":"closed","ping_status":"closed","template":"","meta":{"_acf_changed":false,"footnotes":""},"categories":[],"tags":[],"class_list":["post-15","page","type-page","status-publish","hentry"],"acf":[],"_links":{"self":[{"href":"https:\/\/semmelweis.hu\/golyatabor\/wp-json\/wp\/v2\/pages\/15","targetHints":{"allow":["GET"]}}],"collection":[{"href":"https:\/\/semmelweis.hu\/golyatabor\/wp-json\/wp\/v2\/pages"}],"about":[{"href":"https:\/\/semmelweis.hu\/golyatabor\/wp-json\/wp\/v2\/types\/page"}],"author":[{"embeddable":true,"href":"https:\/\/semmelweis.hu\/golyatabor\/wp-json\/wp\/v2\/users\/102503"}],"replies":[{"embeddable":true,"href":"https:\/\/semmelweis.hu\/golyatabor\/wp-json\/wp\/v2\/comments?post=15"}],"version-history":[{"count":10,"href":"https:\/\/semmelweis.hu\/golyatabor\/wp-json\/wp\/v2\/pages\/15\/revisions"}],"predecessor-version":[{"id":1654,"href":"https:\/\/semmelweis.hu\/golyatabor\/wp-json\/wp\/v2\/pages\/15\/revisions\/1654"}],"wp:attachment":[{"href":"https:\/\/semmelweis.hu\/golyatabor\/wp-json\/wp\/v2\/media?parent=15"}],"wp:term":[{"taxonomy":"category","embeddable":true,"href":"https:\/\/semmelweis.hu\/golyatabor\/wp-json\/wp\/v2\/categories?post=15"},{"taxonomy":"post_tag","embeddable":true,"href":"https:\/\/semmelweis.hu\/golyatabor\/wp-json\/wp\/v2\/tags?post=15"}],"curies":[{"name":"wp","href":"https:\/\/api.w.org\/{rel}","templated":true}]}}