{"id":13,"date":"2025-05-17T13:57:38","date_gmt":"2025-05-17T11:57:38","guid":{"rendered":"https:\/\/semmelweis.hu\/golyatabor\/?page_id=13"},"modified":"2025-11-17T14:53:29","modified_gmt":"2025-11-17T13:53:29","slug":"kapcsolat","status":"publish","type":"page","link":"https:\/\/semmelweis.hu\/golyatabor\/kapcsolat\/","title":{"rendered":"Kapcsolat"},"content":{"rendered":"<div class=\"keretes w-100\">\n<h4><strong>Instruktor \u00d6ntev\u00e9keny Csoport <\/strong><\/h4>\n<h6>email: golyatabor@iocs.hu<\/h6>\n<h6><a href=\"https:\/\/fb.me\/e\/82yCDI9WZ\" target=\"_blank\" rel=\"noopener\">facebook esem\u00e9ny \u2192<\/a><\/h6>\n<\/div>\n<p><img loading=\"lazy\" decoding=\"async\" class=\" wp-image-285 alignright\" src=\"https:\/\/semmelweis.hu\/golyatabor\/files\/2025\/07\/Sisa-kesz-1-400x393.jpeg\" alt=\"\" width=\"270\" height=\"265\" srcset=\"https:\/\/semmelweis.hu\/golyatabor\/files\/2025\/07\/Sisa-kesz-1-400x393.jpeg 400w, https:\/\/semmelweis.hu\/golyatabor\/files\/2025\/07\/Sisa-kesz-1-1024x1006.jpeg 1024w, https:\/\/semmelweis.hu\/golyatabor\/files\/2025\/07\/Sisa-kesz-1-768x754.jpeg 768w, https:\/\/semmelweis.hu\/golyatabor\/files\/2025\/07\/Sisa-kesz-1-1536x1509.jpeg 1536w, https:\/\/semmelweis.hu\/golyatabor\/files\/2025\/07\/Sisa-kesz-1-2048x2011.jpeg 2048w, https:\/\/semmelweis.hu\/golyatabor\/files\/2025\/07\/Sisa-kesz-1-753x740.jpeg 753w, https:\/\/semmelweis.hu\/golyatabor\/files\/2025\/07\/Sisa-kesz-1-300x295.jpeg 300w, https:\/\/semmelweis.hu\/golyatabor\/files\/2025\/07\/Sisa-kesz-1-600x589.jpeg 600w\" sizes=\"auto, (max-width: 270px) 100vw, 270px\" \/><\/p>\n<h4><strong>Sisa Orsolya<\/strong><\/h4>\n<h6>Eln\u00f6k<br \/>\nInstruktor \u00d6ntev\u00e9keny Csoport\u00a0<\/h6>\n<h6>tel: +36 30 285 8800<br \/>\nemail: sisa.orsolya@iocs.hu<\/h6>\n<hr \/>\n<p><img loading=\"lazy\" decoding=\"async\" class=\" wp-image-290 alignright\" src=\"https:\/\/semmelweis.hu\/golyatabor\/files\/2025\/07\/Lalak-kesz-328x400.jpeg\" alt=\"\" width=\"270\" height=\"329\" srcset=\"https:\/\/semmelweis.hu\/golyatabor\/files\/2025\/07\/Lalak-kesz-328x400.jpeg 328w, https:\/\/semmelweis.hu\/golyatabor\/files\/2025\/07\/Lalak-kesz-840x1024.jpeg 840w, https:\/\/semmelweis.hu\/golyatabor\/files\/2025\/07\/Lalak-kesz-768x936.jpeg 768w, https:\/\/semmelweis.hu\/golyatabor\/files\/2025\/07\/Lalak-kesz-1261x1536.jpeg 1261w, https:\/\/semmelweis.hu\/golyatabor\/files\/2025\/07\/Lalak-kesz-1681x2048.jpeg 1681w, https:\/\/semmelweis.hu\/golyatabor\/files\/2025\/07\/Lalak-kesz-753x917.jpeg 753w, https:\/\/semmelweis.hu\/golyatabor\/files\/2025\/07\/Lalak-kesz-300x366.jpeg 300w, https:\/\/semmelweis.hu\/golyatabor\/files\/2025\/07\/Lalak-kesz-600x731.jpeg 600w\" sizes=\"auto, (max-width: 270px) 100vw, 270px\" \/><\/p>\n<h4><strong>Lal\u00e1k Kata<\/strong><\/h4>\n<h6>Aleln\u00f6k<br \/>\nInstruktor \u00d6ntev\u00e9keny Csoport<\/h6>\n<h6>tel: +36 70 432 6906<br \/>\nemail: lalak.kata@iocs.hu<\/h6>\n<hr \/>\n<p><img loading=\"lazy\" decoding=\"async\" class=\" wp-image-289 alignright\" src=\"https:\/\/semmelweis.hu\/golyatabor\/files\/2025\/07\/Reka-kesz-400x361.jpeg\" alt=\"\" width=\"270\" height=\"244\" srcset=\"https:\/\/semmelweis.hu\/golyatabor\/files\/2025\/07\/Reka-kesz-400x361.jpeg 400w, https:\/\/semmelweis.hu\/golyatabor\/files\/2025\/07\/Reka-kesz-1024x924.jpeg 1024w, https:\/\/semmelweis.hu\/golyatabor\/files\/2025\/07\/Reka-kesz-768x693.jpeg 768w, https:\/\/semmelweis.hu\/golyatabor\/files\/2025\/07\/Reka-kesz-1536x1387.jpeg 1536w, https:\/\/semmelweis.hu\/golyatabor\/files\/2025\/07\/Reka-kesz-2048x1849.jpeg 2048w, https:\/\/semmelweis.hu\/golyatabor\/files\/2025\/07\/Reka-kesz-753x680.jpeg 753w, https:\/\/semmelweis.hu\/golyatabor\/files\/2025\/07\/Reka-kesz-300x271.jpeg 300w, https:\/\/semmelweis.hu\/golyatabor\/files\/2025\/07\/Reka-kesz-600x542.jpeg 600w\" sizes=\"auto, (max-width: 270px) 100vw, 270px\" \/><\/p>\n<h4><strong>Eszenyi R\u00e9ka R\u00f3zsa<\/strong><\/h4>\n<h6>T\u00e1borszervez\u0151<br \/>\nInstruktor \u00d6ntev\u00e9keny Csoport<\/h6>\n<h6>tel: +36 20 338 4941<br \/>\nemail: eszenyi.reka@iocs.hu<\/h6>\n<hr \/>\n<p><img loading=\"lazy\" decoding=\"async\" class=\" wp-image-288 alignright\" src=\"https:\/\/semmelweis.hu\/golyatabor\/files\/2025\/07\/Marko-kesz-377x400.jpeg\" alt=\"\" width=\"270\" height=\"286\" srcset=\"https:\/\/semmelweis.hu\/golyatabor\/files\/2025\/07\/Marko-kesz-377x400.jpeg 377w, https:\/\/semmelweis.hu\/golyatabor\/files\/2025\/07\/Marko-kesz-964x1024.jpeg 964w, https:\/\/semmelweis.hu\/golyatabor\/files\/2025\/07\/Marko-kesz-768x816.jpeg 768w, https:\/\/semmelweis.hu\/golyatabor\/files\/2025\/07\/Marko-kesz-1446x1536.jpeg 1446w, https:\/\/semmelweis.hu\/golyatabor\/files\/2025\/07\/Marko-kesz-1928x2048.jpeg 1928w, https:\/\/semmelweis.hu\/golyatabor\/files\/2025\/07\/Marko-kesz-753x800.jpeg 753w, https:\/\/semmelweis.hu\/golyatabor\/files\/2025\/07\/Marko-kesz-300x319.jpeg 300w, https:\/\/semmelweis.hu\/golyatabor\/files\/2025\/07\/Marko-kesz-600x637.jpeg 600w\" sizes=\"auto, (max-width: 270px) 100vw, 270px\" \/><\/p>\n<h4><strong>V\u00e1raczki M\u00e1rk<\/strong><\/h4>\n<h6>T\u00e1borszervez\u0151<br \/>\nInstruktor \u00d6ntev\u00e9keny Csoport<\/h6>\n<h6>tel: +36 70 589 2155<br \/>\nemail: varaczki.mark@iocs.hu<\/h6>\n<p>&nbsp;<\/p>\n<p>&nbsp;<\/p>\n<div class=\"keretes w-100\">\n<h4><strong>Hallgat\u00f3i \u00d6nkorm\u00e1nyzat<\/strong><\/h4>\n<\/div>\n<p><img loading=\"lazy\" decoding=\"async\" class=\"wp-image-632  alignright\" src=\"https:\/\/semmelweis.hu\/golyatabor\/files\/2025\/07\/The-pic-No.F-286x400.jpg\" alt=\"\" width=\"266\" height=\"372\" srcset=\"https:\/\/semmelweis.hu\/golyatabor\/files\/2025\/07\/The-pic-No.F-286x400.jpg 286w, https:\/\/semmelweis.hu\/golyatabor\/files\/2025\/07\/The-pic-No.F-732x1024.jpg 732w, https:\/\/semmelweis.hu\/golyatabor\/files\/2025\/07\/The-pic-No.F-768x1075.jpg 768w, https:\/\/semmelweis.hu\/golyatabor\/files\/2025\/07\/The-pic-No.F-1097x1536.jpg 1097w, https:\/\/semmelweis.hu\/golyatabor\/files\/2025\/07\/The-pic-No.F-753x1054.jpg 753w, https:\/\/semmelweis.hu\/golyatabor\/files\/2025\/07\/The-pic-No.F-300x420.jpg 300w, https:\/\/semmelweis.hu\/golyatabor\/files\/2025\/07\/The-pic-No.F-600x840.jpg 600w, https:\/\/semmelweis.hu\/golyatabor\/files\/2025\/07\/The-pic-No.F.jpg 1463w\" sizes=\"auto, (max-width: 266px) 100vw, 266px\" \/><\/p>\n<h4><strong>Nagy Imre Rich\u00e1rd<\/strong><\/h4>\n<h6>Eln\u00f6k<br \/>\nHallgat\u00f3i \u00d6nkorm\u00e1nyzat<\/h6>\n<h6>tel: +36 20 3327097<br \/>\nemail: nagy.imre@stud.semmelweis.hu<\/h6>\n<hr \/>\n<p><img loading=\"lazy\" decoding=\"async\" class=\"wp-image-363 size-medium alignright\" src=\"https:\/\/semmelweis.hu\/golyatabor\/files\/2025\/07\/Miklos-Renata-KGY-2022-267x400.jpg\" alt=\"\" width=\"267\" height=\"400\" srcset=\"https:\/\/semmelweis.hu\/golyatabor\/files\/2025\/07\/Miklos-Renata-KGY-2022-267x400.jpg 267w, https:\/\/semmelweis.hu\/golyatabor\/files\/2025\/07\/Miklos-Renata-KGY-2022-300x450.jpg 300w, https:\/\/semmelweis.hu\/golyatabor\/files\/2025\/07\/Miklos-Renata-KGY-2022-600x900.jpg 600w, https:\/\/semmelweis.hu\/golyatabor\/files\/2025\/07\/Miklos-Renata-KGY-2022.jpg 629w\" sizes=\"auto, (max-width: 267px) 100vw, 267px\" \/><\/p>\n<h4><strong>Mikl\u00f3s Ren\u00e1ta Dalma<\/strong><\/h4>\n<h6>\u00c1ltal\u00e1nos Aleln\u00f6k<br \/>\nHallgat\u00f3i \u00d6nkorm\u00e1nyzat<\/h6>\n<h6>tel: +36 20 3416294<br \/>\nemail: miklosi.renata@stud.semmelweis.hu<\/h6>\n<hr \/>\n<p><img loading=\"lazy\" decoding=\"async\" class=\"wp-image-454  alignright\" src=\"https:\/\/semmelweis.hu\/golyatabor\/files\/2025\/07\/ENZO-GT-FOTOi-300x400.png\" alt=\"\" width=\"265\" height=\"353\" srcset=\"https:\/\/semmelweis.hu\/golyatabor\/files\/2025\/07\/ENZO-GT-FOTOi-300x400.png 300w, https:\/\/semmelweis.hu\/golyatabor\/files\/2025\/07\/ENZO-GT-FOTOi-768x1024.png 768w, https:\/\/semmelweis.hu\/golyatabor\/files\/2025\/07\/ENZO-GT-FOTOi-1152x1536.png 1152w, https:\/\/semmelweis.hu\/golyatabor\/files\/2025\/07\/ENZO-GT-FOTOi-1536x2048.png 1536w, https:\/\/semmelweis.hu\/golyatabor\/files\/2025\/07\/ENZO-GT-FOTOi-753x1004.png 753w, https:\/\/semmelweis.hu\/golyatabor\/files\/2025\/07\/ENZO-GT-FOTOi-600x800.png 600w\" sizes=\"auto, (max-width: 265px) 100vw, 265px\" \/><\/p>\n<h4><strong>Farkas Enz\u00f3 Brendon<\/strong><\/h4>\n<h6>Rendezv\u00e9nyek\u00e9rt Felel\u0151s Aleln\u00f6k<br \/>\nHallgat\u00f3i \u00d6nkorm\u00e1nyzat<\/h6>\n<h6>tel: +36 70 3617358<br \/>\nemail: farkas.enzo@stud.semmelweis.hu<\/h6>\n<hr \/>\n<p><img loading=\"lazy\" decoding=\"async\" class=\"wp-image-466 size-medium alignright\" src=\"https:\/\/semmelweis.hu\/golyatabor\/files\/2025\/07\/IMG_2543.jpg-masolata-267x400.jpeg\" alt=\"\" width=\"267\" height=\"400\" srcset=\"https:\/\/semmelweis.hu\/golyatabor\/files\/2025\/07\/IMG_2543.jpg-masolata-267x400.jpeg 267w, https:\/\/semmelweis.hu\/golyatabor\/files\/2025\/07\/IMG_2543.jpg-masolata-683x1024.jpeg 683w, https:\/\/semmelweis.hu\/golyatabor\/files\/2025\/07\/IMG_2543.jpg-masolata-768x1152.jpeg 768w, https:\/\/semmelweis.hu\/golyatabor\/files\/2025\/07\/IMG_2543.jpg-masolata-1024x1536.jpeg 1024w, https:\/\/semmelweis.hu\/golyatabor\/files\/2025\/07\/IMG_2543.jpg-masolata-1365x2048.jpeg 1365w, https:\/\/semmelweis.hu\/golyatabor\/files\/2025\/07\/IMG_2543.jpg-masolata-753x1130.jpeg 753w, https:\/\/semmelweis.hu\/golyatabor\/files\/2025\/07\/IMG_2543.jpg-masolata-300x450.jpeg 300w, https:\/\/semmelweis.hu\/golyatabor\/files\/2025\/07\/IMG_2543.jpg-masolata-600x900.jpeg 600w, https:\/\/semmelweis.hu\/golyatabor\/files\/2025\/07\/IMG_2543.jpg-masolata-scaled.jpeg 1707w\" sizes=\"auto, (max-width: 267px) 100vw, 267px\" \/><\/p>\n<h4><strong>Fejes Istv\u00e1n<\/strong><\/h4>\n<h6>Szervezetfejleszt\u00e9si Aleln\u00f6k<br \/>\nHallgat\u00f3i \u00d6nkorm\u00e1nyzat<\/h6>\n<h6>tel: +36 70 503 1700<br \/>\nemail: fejes.istvan@stud.semmelweis.hu<\/h6>\n<p>&nbsp;<\/p>\n<p>&nbsp;<\/p>\n","protected":false},"excerpt":{"rendered":"<p>Instruktor \u00d6ntev\u00e9keny Csoport email: golyatabor@iocs.hu <a href=\"https:\/\/fb.me\/e\/82yCDI9WZ\" target=\"_blank\" rel=\"noopener\">facebook esem\u00e9ny \u2192<\/a> Sisa Orsolya Eln\u00f6k Instruktor \u00d6ntev\u00e9keny Csoport\u00a0 tel: +36 30 285 8800 email: sisa.orsolya@iocs.hu Lal\u00e1k Kata Aleln\u00f6k Instruktor \u00d6ntev\u00e9keny Csoport tel: +36 70 432 6906 email: lalak.kata@iocs.hu Eszenyi R\u00e9ka R\u00f3zsa T\u00e1borszervez\u0151 Instruktor \u00d6ntev\u00e9keny Csoport tel: +36 20 338 4941 email: eszenyi.reka@iocs.hu V\u00e1raczki M\u00e1rk T\u00e1borszervez\u0151 Instruktor \u00d6ntev\u00e9keny Csoport tel: +36 70 589 &hellip;<\/p>\n","protected":false},"author":102503,"featured_media":0,"parent":0,"menu_order":8,"comment_status":"closed","ping_status":"closed","template":"","meta":{"_acf_changed":false,"footnotes":""},"categories":[],"tags":[],"class_list":["post-13","page","type-page","status-publish","hentry"],"acf":[],"_links":{"self":[{"href":"https:\/\/semmelweis.hu\/golyatabor\/wp-json\/wp\/v2\/pages\/13","targetHints":{"allow":["GET"]}}],"collection":[{"href":"https:\/\/semmelweis.hu\/golyatabor\/wp-json\/wp\/v2\/pages"}],"about":[{"href":"https:\/\/semmelweis.hu\/golyatabor\/wp-json\/wp\/v2\/types\/page"}],"author":[{"embeddable":true,"href":"https:\/\/semmelweis.hu\/golyatabor\/wp-json\/wp\/v2\/users\/102503"}],"replies":[{"embeddable":true,"href":"https:\/\/semmelweis.hu\/golyatabor\/wp-json\/wp\/v2\/comments?post=13"}],"version-history":[{"count":10,"href":"https:\/\/semmelweis.hu\/golyatabor\/wp-json\/wp\/v2\/pages\/13\/revisions"}],"predecessor-version":[{"id":633,"href":"https:\/\/semmelweis.hu\/golyatabor\/wp-json\/wp\/v2\/pages\/13\/revisions\/633"}],"wp:attachment":[{"href":"https:\/\/semmelweis.hu\/golyatabor\/wp-json\/wp\/v2\/media?parent=13"}],"wp:term":[{"taxonomy":"category","embeddable":true,"href":"https:\/\/semmelweis.hu\/golyatabor\/wp-json\/wp\/v2\/categories?post=13"},{"taxonomy":"post_tag","embeddable":true,"href":"https:\/\/semmelweis.hu\/golyatabor\/wp-json\/wp\/v2\/tags?post=13"}],"curies":[{"name":"wp","href":"https:\/\/api.w.org\/{rel}","templated":true}]}}