{"id":10,"date":"2025-05-17T13:49:29","date_gmt":"2025-05-17T11:49:29","guid":{"rendered":"https:\/\/semmelweis.hu\/golyatabor\/?page_id=10"},"modified":"2025-11-17T14:53:29","modified_gmt":"2025-11-17T13:53:29","slug":"gebinek","status":"publish","type":"page","link":"https:\/\/semmelweis.hu\/golyatabor\/gebinek\/","title":{"rendered":"Bemutatkoznak a Gebinek"},"content":{"rendered":"<h2>Mi az a Gebin?<\/h2>\n<p>A gebinek a g\u00f3lyat\u00e1bor kulcsfontoss\u00e1g\u00fa r\u00e9sz\u00e9t k\u00e9pezik hiszen \u0151k alkotj\u00e1k az \u00e9tel- \u00e9s ital-kiszolg\u00e1l\u00f3 egys\u00e9geket, valamint a t\u00e1bor h\u00e1tt\u00e9r munk\u00e1lataiban, lebonyol\u00edt\u00e1s\u00e1ban seg\u00edtenek. Ezekben az egys\u00e9gekben dolgoz\u00f3 hallgat\u00f3k, azaz instruktorok, az egyetem tapasztalt hallgat\u00f3i, akik nemcsak szervez\u0151k\u00e9nt, hanem akt\u00edv r\u00e9sztvev\u0151k\u00e9nt is hozz\u00e1j\u00e1rulnak a t\u00e1bor zavartalan m\u0171k\u00f6d\u00e9s\u00e9hez.<\/p>\n<p>A gebinek gondoskodnak r\u00f3la, hogy a t\u00e1borlak\u00f3k mindig friss \u00e9telekhez \u00e9s italokhoz jussanak, minden program g\u00f6rd\u00fcl\u00e9kenyen v\u00e9gbemenjen, ezzel is t\u00e1mogatva a j\u00f3 hangulatot \u00e9s a k\u00f6z\u00f6ss\u00e9g \u00f6sszetart\u00e1s\u00e1t. <br \/>\nMunk\u00e1juk n\u00e9lk\u00fcl\u00f6zhetetlen ahhoz, hogy mindenki energi\u00e1val telve, \u00e9lm\u00e9nyekkel gazdagon \u00e9lhesse \u00e1t a g\u00f3lyat\u00e1bor minden pillanat\u00e1t.<\/p>\n<h5>A t\u00e1borban az al\u00e1bbi gebinekkel tal\u00e1lkozhattok:<\/h5>\n<ul>\n<li>Csillag Pult<\/li>\n<li>F\u00fcty\u00fcl\u0151s Stand<\/li>\n<li>Kokt\u00e9l<\/li>\n<li>S\u00f6r\u00f6z\u0151<\/li>\n<li>S\u00f6rs\u00e1tor<\/li>\n<li>K\u00e1v\u00e9z\u00f3<\/li>\n<li>Teah\u00e1z<\/li>\n<li>Gyros<\/li>\n<li>Streetfood<\/li>\n<li>Hotdog<\/li>\n<li>Cirka<\/li>\n<li>Joker<\/li>\n<li>Dekorchill<\/li>\n<li>Maki<\/li>\n<li>Piarakt\u00e1r<\/li>\n<li>Parancsnokimaca<\/li>\n<li>Rakt\u00e1rtesco<\/li>\n<li>Ranger<\/li>\n<li>T\u00e1borr\u00e1di\u00f3<\/li>\n<li>Transzfer<\/li>\n<\/ul>\n<p>A gebinek teh\u00e1t nem csak szolg\u00e1ltat\u00f3 egys\u00e9gek, hanem a t\u00e1bor sz\u00edv\u00e9t jelentik, ahol az egyetemi k\u00f6z\u00f6ss\u00e9g ereje \u00e9s az \u00f6nk\u00e9ntess\u00e9g tal\u00e1lkozik.<\/p>\n","protected":false},"excerpt":{"rendered":"<p>Mi az a Gebin? A gebinek a g\u00f3lyat\u00e1bor kulcsfontoss\u00e1g\u00fa r\u00e9sz\u00e9t k\u00e9pezik hiszen \u0151k alkotj\u00e1k az \u00e9tel- \u00e9s ital-kiszolg\u00e1l\u00f3 egys\u00e9geket, valamint a t\u00e1bor h\u00e1tt\u00e9r munk\u00e1lataiban, lebonyol\u00edt\u00e1s\u00e1ban seg\u00edtenek. Ezekben az egys\u00e9gekben dolgoz\u00f3 hallgat\u00f3k, azaz instruktorok, az egyetem tapasztalt hallgat\u00f3i, akik nemcsak szervez\u0151k\u00e9nt, hanem akt\u00edv r\u00e9sztvev\u0151k\u00e9nt is hozz\u00e1j\u00e1rulnak a t\u00e1bor zavartalan m\u0171k\u00f6d\u00e9s\u00e9hez. A gebinek gondoskodnak r\u00f3la, hogy a &hellip;<\/p>\n","protected":false},"author":102503,"featured_media":0,"parent":0,"menu_order":4,"comment_status":"closed","ping_status":"closed","template":"","meta":{"_acf_changed":false,"footnotes":""},"categories":[],"tags":[],"class_list":["post-10","page","type-page","status-publish","hentry"],"acf":[],"_links":{"self":[{"href":"https:\/\/semmelweis.hu\/golyatabor\/wp-json\/wp\/v2\/pages\/10","targetHints":{"allow":["GET"]}}],"collection":[{"href":"https:\/\/semmelweis.hu\/golyatabor\/wp-json\/wp\/v2\/pages"}],"about":[{"href":"https:\/\/semmelweis.hu\/golyatabor\/wp-json\/wp\/v2\/types\/page"}],"author":[{"embeddable":true,"href":"https:\/\/semmelweis.hu\/golyatabor\/wp-json\/wp\/v2\/users\/102503"}],"replies":[{"embeddable":true,"href":"https:\/\/semmelweis.hu\/golyatabor\/wp-json\/wp\/v2\/comments?post=10"}],"version-history":[{"count":7,"href":"https:\/\/semmelweis.hu\/golyatabor\/wp-json\/wp\/v2\/pages\/10\/revisions"}],"predecessor-version":[{"id":634,"href":"https:\/\/semmelweis.hu\/golyatabor\/wp-json\/wp\/v2\/pages\/10\/revisions\/634"}],"wp:attachment":[{"href":"https:\/\/semmelweis.hu\/golyatabor\/wp-json\/wp\/v2\/media?parent=10"}],"wp:term":[{"taxonomy":"category","embeddable":true,"href":"https:\/\/semmelweis.hu\/golyatabor\/wp-json\/wp\/v2\/categories?post=10"},{"taxonomy":"post_tag","embeddable":true,"href":"https:\/\/semmelweis.hu\/golyatabor\/wp-json\/wp\/v2\/tags?post=10"}],"curies":[{"name":"wp","href":"https:\/\/api.w.org\/{rel}","templated":true}]}}