{"id":88,"date":"2025-07-15T14:59:14","date_gmt":"2025-07-15T12:59:14","guid":{"rendered":"https:\/\/semmelweis.hu\/godollo\/?page_id=88"},"modified":"2026-03-30T06:50:08","modified_gmt":"2026-03-30T04:50:08","slug":"dietetikai-tanacsadas","status":"publish","type":"page","link":"https:\/\/semmelweis.hu\/godollo\/betegellatas\/szakrendelesek\/dietetikai-tanacsadas\/","title":{"rendered":"Dietetika"},"content":{"rendered":"<div class=\"keretes w-100\">\n<h5>A rendel\u00e9s csak beutal\u00f3val \u00e9s el\u0151jegyz\u00e9s alapj\u00e1n vehet\u0151 ig\u00e9nybe!<\/h5>\n<p><span data-olk-copy-source=\"MessageBody\">Beutal\u00f3t a Belgy\u00f3gy\u00e1szat II. szervezeti egys\u00e9g r\u00e9sz\u00e9re kell ki\u00e1ll\u00edtani, NEAK k\u00f3dja: 01H72012G<\/span><\/p>\n<p><strong>El\u0151jegyz\u00e9s:<\/strong>\u00a0+36 70\/502-1899, +36 70\/502-2283<\/p>\n<p>h\u00e9tf\u0151 &#8211; cs\u00fct\u00f6rt\u00f6k: 09:00 &#8211; 17:45<\/p>\n<p>p\u00e9ntek: 09:00 &#8211; 15:45<\/p>\n<p><strong>Email:<\/strong> gse.elojegyzes@semmelweis.hu<\/p>\n<p><a href=\"https:\/\/semmelweis.hu\/betegellatas\/betegregisztracio\/\">Betegregisztr\u00e1ci\u00f3 menete \u2192<\/a><\/p>\n<p><strong>C\u00edm:<\/strong> G\u00f6d\u00f6ll\u0151, Pet\u0151fi S\u00e1ndor u. 1-3. I. emelet 11. szoba (h\u00e9tf\u0151), I. emelet 12. szoba (cs\u00fct\u00f6rt\u00f6k, p\u00e9ntek)\u00a0<\/p>\n<p><strong>Ell\u00e1t\u00e1si ter\u00fcletek: <\/strong>D\u00e1ny, Erd\u0151kertes, G\u00f6d\u00f6ll\u0151, Isaszeg, Kerepes, Kistarcsa, Mogyor\u00f3d, Szada, V\u00e1cszentl\u00e1szl\u00f3, Valk\u00f3, Veresegyh\u00e1z, Zs\u00e1mbok<\/p>\n<\/div>\n<h1>G\u00e1l cec\u00edlia &#8211; dietetikus<\/h1>\n<table style=\"width: 90%;height: 206px\">\n<thead>\n<tr>\n<td style=\"width: 30%\">nap<\/td>\n<td>id\u0151pont<\/td>\n<\/tr>\n<\/thead>\n<tbody>\n<tr>\n<td style=\"width: 30%\" scope=\"col\">h\u00e9tf\u0151<\/td>\n<td>08:00-16:00<\/td>\n<\/tr>\n<tr>\n<td>kedd<\/td>\n<td>&#8211;<\/td>\n<\/tr>\n<tr>\n<td>szerda<\/td>\n<td>&#8211;<\/td>\n<\/tr>\n<tr>\n<td>cs\u00fct\u00f6rt\u00f6k<\/td>\n<td>08:00-16:00<\/td>\n<\/tr>\n<tr>\n<td>p\u00e9ntek<\/td>\n<td>08:00-12:00<\/td>\n<\/tr>\n<\/tbody>\n<\/table>\n<p>A t\u00e1pl\u00e1lkoz\u00e1si tan\u00e1csad\u00e1s sor\u00e1n a dietetikus szakember a rendelkez\u00e9s\u00e9re \u00e1ll\u00f3, illetve a konzult\u00e1ci\u00f3 alatt megismert inform\u00e1ci\u00f3k alapj\u00e1n szem\u00e9lyre szabott \u00e9trendi javaslattal l\u00e1tja el \u00d6nt, igyekszik v\u00e1laszolni minden felmer\u00fcl\u0151 k\u00e9rd\u00e9s\u00e9re, illetve ig\u00e9ny eset\u00e9n \u00e9trend tervez\u00e9s\u00e9vel is seg\u00edtheti a megfelel\u0151 \u00e9letvitel gyakorlati megval\u00f3s\u00edt\u00e1s\u00e1t.<\/p>\n<p><span style=\"color: #ff0000\">Szabads\u00e1g: 2026. \u00e1prilis 7-10.<\/span><\/p>\n","protected":false},"excerpt":{"rendered":"<p>A rendel\u00e9s csak beutal\u00f3val \u00e9s el\u0151jegyz\u00e9s alapj\u00e1n vehet\u0151 ig\u00e9nybe! Beutal\u00f3t a Belgy\u00f3gy\u00e1szat II. szervezeti egys\u00e9g r\u00e9sz\u00e9re kell ki\u00e1ll\u00edtani, NEAK k\u00f3dja: 01H72012G El\u0151jegyz\u00e9s:\u00a0+36 70\/502-1899, +36 70\/502-2283 h\u00e9tf\u0151 &#8211; cs\u00fct\u00f6rt\u00f6k: 09:00 &#8211; 17:45 p\u00e9ntek: 09:00 &#8211; 15:45 Email: gse.elojegyzes@semmelweis.hu <a href=\"https:\/\/semmelweis.hu\/betegellatas\/betegregisztracio\/\">Betegregisztr\u00e1ci\u00f3 menete \u2192<\/a> C\u00edm: G\u00f6d\u00f6ll\u0151, Pet\u0151fi S\u00e1ndor u. 1-3. I. emelet 11. szoba (h\u00e9tf\u0151), I. emelet 12. szoba (cs\u00fct\u00f6rt\u00f6k, p\u00e9ntek)\u00a0 Ell\u00e1t\u00e1si &hellip;<\/p>\n","protected":false},"author":102484,"featured_media":0,"parent":20,"menu_order":0,"comment_status":"closed","ping_status":"closed","template":"","meta":{"_acf_changed":false,"footnotes":""},"categories":[4],"tags":[],"class_list":["post-88","page","type-page","status-publish","hentry","category-szakrendelesek"],"acf":[],"_links":{"self":[{"href":"https:\/\/semmelweis.hu\/godollo\/wp-json\/wp\/v2\/pages\/88","targetHints":{"allow":["GET"]}}],"collection":[{"href":"https:\/\/semmelweis.hu\/godollo\/wp-json\/wp\/v2\/pages"}],"about":[{"href":"https:\/\/semmelweis.hu\/godollo\/wp-json\/wp\/v2\/types\/page"}],"author":[{"embeddable":true,"href":"https:\/\/semmelweis.hu\/godollo\/wp-json\/wp\/v2\/users\/102484"}],"replies":[{"embeddable":true,"href":"https:\/\/semmelweis.hu\/godollo\/wp-json\/wp\/v2\/comments?post=88"}],"version-history":[{"count":10,"href":"https:\/\/semmelweis.hu\/godollo\/wp-json\/wp\/v2\/pages\/88\/revisions"}],"predecessor-version":[{"id":1776,"href":"https:\/\/semmelweis.hu\/godollo\/wp-json\/wp\/v2\/pages\/88\/revisions\/1776"}],"up":[{"embeddable":true,"href":"https:\/\/semmelweis.hu\/godollo\/wp-json\/wp\/v2\/pages\/20"}],"wp:attachment":[{"href":"https:\/\/semmelweis.hu\/godollo\/wp-json\/wp\/v2\/media?parent=88"}],"wp:term":[{"taxonomy":"category","embeddable":true,"href":"https:\/\/semmelweis.hu\/godollo\/wp-json\/wp\/v2\/categories?post=88"},{"taxonomy":"post_tag","embeddable":true,"href":"https:\/\/semmelweis.hu\/godollo\/wp-json\/wp\/v2\/tags?post=88"}],"curies":[{"name":"wp","href":"https:\/\/api.w.org\/{rel}","templated":true}]}}