{"id":81,"date":"2025-07-15T14:54:39","date_gmt":"2025-07-15T12:54:39","guid":{"rendered":"https:\/\/semmelweis.hu\/godollo\/?page_id=81"},"modified":"2026-03-30T06:48:33","modified_gmt":"2026-03-30T04:48:33","slug":"borgyogyaszat","status":"publish","type":"page","link":"https:\/\/semmelweis.hu\/godollo\/betegellatas\/szakrendelesek\/borgyogyaszat\/","title":{"rendered":"B\u0151rgy\u00f3gy\u00e1szat &#8211; feln\u0151tt \u00e9s gyermek"},"content":{"rendered":"<div class=\"keretes w-100\">\n<h5>A rendel\u00e9s beutal\u00f3 n\u00e9lk\u00fcl, el\u0151jegyz\u00e9s alapj\u00e1n vehet\u0151 ig\u00e9nybe! <\/p>\n<\/h5>\n<p><strong>El\u0151jegyz\u00e9s:<\/strong> +36 70\/502-1899, +36 70\/502-2283\u00a0<br \/>\nh\u00e9tf\u0151 &#8211; cs\u00fct\u00f6rt\u00f6k: 09:00 &#8211; 17:45<\/p>\n<p>p\u00e9ntek: 09:00 &#8211; 15:45<\/p>\n<p><strong>Inform\u00e1ci\u00f3: <\/strong>+36 70\/502-1919<br \/>\nh\u00e9tf\u0151: 14:00 &#8211; 15:00<br \/>\nszerda: 13:00 &#8211; 14:00<br \/>\ncs\u00fct\u00f6rt\u00f6k: 14:00 &#8211; 15:00<\/p>\n<p><strong>Email:<\/strong> gse.elojegyzes@semmelweis.hu<\/p>\n<p><strong>Online:<\/strong>\u00a0<a href=\"https:\/\/fonixweb.tormay.hu\/fonixweb\/\" rel=\"noopener\">F\u0151nixWeb \u2192<\/a><\/p>\n<p><a href=\"\/betegellatas\/betegregisztracio\/\">Betegregisztr\u00e1ci\u00f3 menete \u2192<\/a><\/p>\n<p><strong>C\u00edm:<\/strong> G\u00f6d\u00f6ll\u0151, Pet\u0151fi S\u00e1ndor u. 1-3. f\u00f6ldszint 8. szoba<\/p>\n<p><strong>Ell\u00e1t\u00e1si ter\u00fcletek: <\/strong>D\u00e1ny, Erd\u0151kertes, G\u00f6d\u00f6ll\u0151, Isaszeg, Kerepes, Kistarcsa, Mogyor\u00f3d, Szada, V\u00e1cszentl\u00e1szl\u00f3, Valk\u00f3, Veresegyh\u00e1z, Zs\u00e1mbok<\/p>\n<\/div>\n<div style=\"background-color: #778899\">\n<h2 style=\"padding: 8px\"><span style=\"color: #ffffff\">FELN\u0150TT B\u0150RGY\u00d3GY\u00c1SZAT<\/span><\/h2>\n<\/div>\n<h1>dr. Feh\u00e9r \u00c1gnes<\/h1>\n<p><strong>Helyettes\u00edt\u00e9s:<\/strong>\u00a0S\u00fcrg\u0151s esetben els\u0151sorban h\u00e1ziorvos\u00e1t keresse fel, vagy a h\u00e1ziorvos \u00e1ltal adott beutal\u00f3val a kistarcsai k\u00f3rh\u00e1zat!<\/p>\n<table style=\"width: 90%;height: 198px\">\n<thead>\n<tr style=\"height: 33px\">\n<td style=\"width: 30%;height: 33px\">nap<\/td>\n<td style=\"height: 33px\">id\u0151pont<\/td>\n<\/tr>\n<\/thead>\n<tbody>\n<tr style=\"height: 33px\">\n<td style=\"width: 30%;height: 33px\" scope=\"col\">h\u00e9tf\u0151<\/td>\n<td style=\"height: 33px\">08:00 &#8211; 14:00<\/td>\n<\/tr>\n<tr style=\"height: 33px\">\n<td style=\"height: 33px\">kedd<\/td>\n<td style=\"height: 33px\">13:00 &#8211; 18:00<\/td>\n<\/tr>\n<tr style=\"height: 33px\">\n<td style=\"height: 33px\">szerda<\/td>\n<td style=\"height: 33px\">08:00 &#8211; 13:00<\/td>\n<\/tr>\n<tr style=\"height: 33px\">\n<td style=\"height: 33px\">cs\u00fct\u00f6rt\u00f6k<\/td>\n<td style=\"height: 33px\">08:00 &#8211; 14:00<\/td>\n<\/tr>\n<tr style=\"height: 33px\">\n<td style=\"height: 33px\">p\u00e9ntek<\/td>\n<td style=\"height: 33px\">10:00 &#8211; 14:00<\/td>\n<\/tr>\n<\/tbody>\n<\/table>\n<div>\n<p><span style=\"color: #ff0000\">Szabads\u00e1g: 2026. \u00e1prilis 15-21 \u00e9s \u00e1prilis 30.<\/span><\/p>\n<h3>Tov\u00e1bbi inform\u00e1ci\u00f3k:<\/h3>\n<p>A rendel\u00e9s befejez\u00e9se el\u0151tt f\u00e9l \u00f3r\u00e1val \u00faj beteget m\u00e1r nem tudunk fogadni (csak s\u00fcrg\u0151s esetben)!<\/p>\n<div style=\"background-color: #778899\">\n<h2 style=\"padding: 8px\"><span style=\"color: #ffffff\">GYERMEK B\u0150RGY\u00d3GY\u00c1SZAT<\/span><\/h2>\n<\/div>\n<div class=\"fontos_div\">\n<p>A rendel\u00e9s 14 \u00e9ves kor alatt el\u0151jegyz\u00e9s alapj\u00e1n, beutal\u00f3 n\u00e9lk\u00fcl vehet\u0151 ig\u00e9nybe.<\/p>\n<\/div>\n<h1>dr. Feh\u00e9r \u00c1gnes<\/h1>\n<p><strong>Helyettes\u00edt\u00e9s:<\/strong> S\u00fcrg\u0151s esetben a Heim P\u00e1l k\u00f3rh\u00e1z l\u00e1tja el a gyermekeket.<\/p>\n<table style=\"width: 90%\">\n<thead>\n<tr>\n<td style=\"width: 30%\">nap<\/td>\n<td>id\u0151pont<\/td>\n<\/tr>\n<\/thead>\n<tbody>\n<tr>\n<td style=\"width: 30%\" scope=\"col\">h\u00e9tf\u0151<\/td>\n<td>&#8211;<\/td>\n<\/tr>\n<tr>\n<td>kedd<\/td>\n<td>11:00 &#8211; 12:40<\/td>\n<\/tr>\n<tr>\n<td>szerda<\/td>\n<td>&#8211;<\/td>\n<\/tr>\n<tr>\n<td>cs\u00fct\u00f6rt\u00f6k<\/td>\n<td>&#8211;<\/td>\n<\/tr>\n<tr>\n<td>p\u00e9ntek<\/td>\n<td>08:00 &#8211; 10:00<\/td>\n<\/tr>\n<\/tbody>\n<\/table>\n<p><span style=\"color: #ff0000\">Szabads\u00e1g: 2026.02.17-20.<\/span><\/p>\n<p><span style=\"color: #ff0000\">Szabads\u00e1g: 2026. m\u00e1rcius 20.<\/span><\/p>\n<h3>Mivel foglalkozik a b\u0151rgy\u00f3gy\u00e1sz?<\/h3>\n<p>A b\u0151rgy\u00f3gy\u00e1szat, latin nev\u00e9n dermatol\u00f3gia a b\u0151rnek \u00e9s szaruf\u00fcggel\u00e9keinek \u2013 a hajnak \u00e9s a k\u00f6rm\u00f6knek \u2013 betegs\u00e9geit, illetve daganatos elv\u00e1ltoz\u00e1sait vizsg\u00e1lja, de feladatai k\u00f6z\u00e9 tartozik a megel\u0151z\u0151-jelleg\u0171 sz\u0171r\u00e9sek elv\u00e9gz\u00e9se is, mint p\u00e9ld\u00e1ul az\u00a0anyajegy-sz\u0171r\u00e9s. Diagnosztiz\u00e1lja \u00e9s gy\u00f3gy\u00edtja a b\u0151r, sz\u00e1j, k\u00fcls\u0151 nemi szervek, haj, k\u00f6rm\u00f6k j\u00f3- \u00e9s rosszindulat\u00fa elv\u00e1ltoz\u00e1sait, valamint sz\u00e1mos \u00a0nemi betegs\u00e9get\u00a0is.<\/p>\n<h3>Milyen panaszokkal \u00e9rdemes b\u0151rgy\u00f3gy\u00e1szhoz fordulni?<\/h3>\n<ul>\n<li>pattan\u00e1sos-seborrhoe\u00e1s b\u0151r,<\/li>\n<li>ekc\u00e9ma,<\/li>\n<li>k\u00f6r\u00f6mgomba,<\/li>\n<li>v\u00edrusos szem\u00f6lcs\u00f6k,<\/li>\n<li>anyajegy elv\u00e1ltoz\u00e1sok,<\/li>\n<li>b\u0151rdaganatok,<\/li>\n<li>allergi\u00e1s t\u00fcnetek (viszket\u00e9s)<\/li>\n<\/ul>\n<p>Anyajegyeink \u00e9venk\u00e9nti sz\u0171r\u0151vizsg\u00e1lat\u00e1ra akkor is \u00e9rdemes elmenn\u00fcnk, ha nincs semmilyen panaszunk, hiszen a kezd\u0151d\u0151 b\u0151rr\u00e1k id\u0151ben t\u00f6rt\u00e9n\u0151 felfedez\u00e9se \u00e9letet menthet. Amennyiben v\u00e1ltoz\u00e1st \u00e9szlel a megszokott form\u00e1hoz k\u00e9pest, az anyajegy hat\u00e1rvonala elmos\u00f3dik, esetleg szab\u00e1lytalan alak\u00fav\u00e1 v\u00e1lik, megv\u00e1ltozik a sz\u00edne, megn\u0151 az \u00e1tm\u00e9r\u0151je, azonnal konzult\u00e1ljon szakorvos\u00e1val.<\/p>\n<h3>Az al\u00e1bbi t\u00fcneteket tapasztalva aj\u00e1nlott b\u0151rgy\u00f3gy\u00e1sz szakorvost felkeresni:<\/h3>\n<ul>\n<li>az anyajegy sz\u00edne, form\u00e1ja, m\u00e9rete megv\u00e1ltozik<\/li>\n<li>pigment\u00e1ci\u00f3s zavarokkal (fest\u00e9khi\u00e1ny, m\u00e1jfoltok, \u00f6regs\u00e9gi foltok, szepl\u0151k)<\/li>\n<li>ismeretlen eredet\u0171 h\u00f3lyagok, ki\u00fct\u00e9sek jelennek meg a b\u0151r felsz\u00edn\u00e9n, vagy a nemi szerveken<\/li>\n<li>allergi\u00e1s b\u0151rreakci\u00f3, csal\u00e1nki\u00fct\u00e9s l\u00e9p fel<\/li>\n<li>bakteri\u00e1lis, v\u00edrusos, vagy gomb\u00e1s fert\u0151z\u00e9s nyom\u00e1n \u00e9g\u0151, viszket\u0151 h\u00f3lyagok, sebek jelennek meg<\/li>\n<li>rovarcs\u00edp\u00e9st k\u00f6vet\u0151en h\u00f3lyagok, ki\u00fct\u00e9sek jelentkeznek, tart\u00f3san gyulladt a cs\u00edp\u00e9s k\u00f6rny\u00e9ke<\/li>\n<li>b\u0151rn\u00f6ved\u00e9kek (pl. a testhajlatokban, nyakon megjelen\u0151 fibr\u00f3ma) jelenl\u00e9te eset\u00e9n<\/li>\n<li>tart\u00f3s hajhull\u00e1s, kopaszod\u00e1s eset\u00e9n<\/li>\n<li>korp\u00e1s fejb\u0151r hat\u00e9kony kezel\u00e9s\u00e9hez<\/li>\n<li>k\u00f6r\u00f6m probl\u00e9m\u00e1kkal (k\u00f6r\u00f6mgomba, ben\u0151tt k\u00f6r\u00f6m)<\/li>\n<li>pattan\u00e1sos, akn\u00e9s b\u0151r szakszer\u0171 kezel\u00e9s\u00e9hez<\/li>\n<li>sz\u00e1jny\u00e1lkah\u00e1rtya elv\u00e1ltoz\u00e1saival (ajak herpesz, sebek).<\/li>\n<\/ul>\n<\/div>\n","protected":false},"excerpt":{"rendered":"<p>A rendel\u00e9s beutal\u00f3 n\u00e9lk\u00fcl, el\u0151jegyz\u00e9s alapj\u00e1n vehet\u0151 ig\u00e9nybe! El\u0151jegyz\u00e9s: +36 70\/502-1899, +36 70\/502-2283\u00a0 h\u00e9tf\u0151 &#8211; cs\u00fct\u00f6rt\u00f6k: 09:00 &#8211; 17:45 p\u00e9ntek: 09:00 &#8211; 15:45 Inform\u00e1ci\u00f3: +36 70\/502-1919 h\u00e9tf\u0151: 14:00 &#8211; 15:00 szerda: 13:00 &#8211; 14:00 cs\u00fct\u00f6rt\u00f6k: 14:00 &#8211; 15:00 Email: gse.elojegyzes@semmelweis.hu Online:\u00a0 <a href=\"https:\/\/fonixweb.tormay.hu\/fonixweb\/\" rel=\"noopener\">F\u0151nixWeb \u2192<\/a> <a href=\"\/betegellatas\/betegregisztracio\/\">Betegregisztr\u00e1ci\u00f3 menete \u2192<\/a> C\u00edm: G\u00f6d\u00f6ll\u0151, Pet\u0151fi S\u00e1ndor u. 1-3. f\u00f6ldszint 8. szoba Ell\u00e1t\u00e1si ter\u00fcletek: D\u00e1ny, Erd\u0151kertes, G\u00f6d\u00f6ll\u0151, &hellip;<\/p>\n","protected":false},"author":102484,"featured_media":0,"parent":20,"menu_order":0,"comment_status":"closed","ping_status":"closed","template":"","meta":{"_acf_changed":false,"footnotes":""},"categories":[4],"tags":[],"class_list":["post-81","page","type-page","status-publish","hentry","category-szakrendelesek"],"acf":[],"_links":{"self":[{"href":"https:\/\/semmelweis.hu\/godollo\/wp-json\/wp\/v2\/pages\/81","targetHints":{"allow":["GET"]}}],"collection":[{"href":"https:\/\/semmelweis.hu\/godollo\/wp-json\/wp\/v2\/pages"}],"about":[{"href":"https:\/\/semmelweis.hu\/godollo\/wp-json\/wp\/v2\/types\/page"}],"author":[{"embeddable":true,"href":"https:\/\/semmelweis.hu\/godollo\/wp-json\/wp\/v2\/users\/102484"}],"replies":[{"embeddable":true,"href":"https:\/\/semmelweis.hu\/godollo\/wp-json\/wp\/v2\/comments?post=81"}],"version-history":[{"count":12,"href":"https:\/\/semmelweis.hu\/godollo\/wp-json\/wp\/v2\/pages\/81\/revisions"}],"predecessor-version":[{"id":1774,"href":"https:\/\/semmelweis.hu\/godollo\/wp-json\/wp\/v2\/pages\/81\/revisions\/1774"}],"up":[{"embeddable":true,"href":"https:\/\/semmelweis.hu\/godollo\/wp-json\/wp\/v2\/pages\/20"}],"wp:attachment":[{"href":"https:\/\/semmelweis.hu\/godollo\/wp-json\/wp\/v2\/media?parent=81"}],"wp:term":[{"taxonomy":"category","embeddable":true,"href":"https:\/\/semmelweis.hu\/godollo\/wp-json\/wp\/v2\/categories?post=81"},{"taxonomy":"post_tag","embeddable":true,"href":"https:\/\/semmelweis.hu\/godollo\/wp-json\/wp\/v2\/tags?post=81"}],"curies":[{"name":"wp","href":"https:\/\/api.w.org\/{rel}","templated":true}]}}