{"id":807,"date":"2025-07-21T10:58:49","date_gmt":"2025-07-21T08:58:49","guid":{"rendered":"https:\/\/semmelweis.hu\/godollo\/?page_id=807"},"modified":"2026-02-12T12:33:53","modified_gmt":"2026-02-12T11:33:53","slug":"betegregisztracio","status":"publish","type":"page","link":"https:\/\/semmelweis.hu\/godollo\/betegellatas\/betegregisztracio\/","title":{"rendered":"Betegregisztr\u00e1ci\u00f3"},"content":{"rendered":"<h4><strong>A betegfelv\u00e9tel rendje, betegregisztr\u00e1ci\u00f3<\/strong><\/h4>\n<p>Telefon: +36 70 502-1899 vagy\u00a0 +36 70 502-2283)<\/p>\n<p>Az Int\u00e9zm\u00e9ny f\u0151\u00e9p\u00fclet\u00e9ben (Pet\u0151fi S. u. 1-3.) a betegfelv\u00e9tel a Betegregisztr\u00e1ci\u00f3n vagy kiv\u00e9teles esetekben a szakrendel\u00e9seken t\u00f6rt\u00e9nik.<\/p>\n<h5>A betegregisztr\u00e1ci\u00f3 az al\u00e1bbi id\u0151szakokban fogadja a p\u00e1cienseket:<\/h5>\n<table class=\"plain\" style=\"width: 90%\">\n<tbody>\n<tr>\n<td style=\"width: 40%\">\n<p><span style=\"font-size: 16pt\">h\u00e9tf\u0151 &#8211; cs\u00fct\u00f6rt\u00f6k<\/span><\/p>\n<p><span style=\"font-size: 16pt\">p\u00e9ntek:\u00a0<\/span><\/p>\n<\/td>\n<td>\n<p><span style=\"font-size: 16pt\">07:00 \u2013 18:00<\/span><\/p>\n<p><span style=\"font-size: 16pt\">07:00 \u2013 16:00<\/span><\/p>\n<\/td>\n<\/tr>\n<\/tbody>\n<\/table>\n<h5>A T\u00fcd\u0151gondoz\u00f3ban k\u00fcl\u00f6n betegregisztr\u00e1ci\u00f3 m\u0171k\u00f6dik:<\/h5>\n<p><strong>Betegfogad\u00e1si id\u0151:<\/strong><\/p>\n<table class=\"plain\" style=\"width: 90%\">\n<tbody>\n<tr>\n<td style=\"width: 40%\"><span style=\"font-size: 16pt\">h\u00e9tf\u0151t\u0151l cs\u00fct\u00f6rt\u00f6kig<\/span><br \/>\n<span style=\"font-size: 16pt\">p\u00e9nteken<\/span><\/td>\n<td><span style=\"font-size: 16pt\">07:00 \u2013 17:30-ig<\/span><br \/>\n<span style=\"font-size: 16pt\">07:00 \u2013 13:30-ig<\/span><\/td>\n<\/tr>\n<\/tbody>\n<\/table>\n<h5>Sz\u00fcks\u00e9ges iratok:<\/h5>\n<p>Az \u00e1llampolg\u00e1rok a betegbiztos\u00edt\u00e1si igazolv\u00e1ny (<strong>TAJ k\u00e1rtya<\/strong>) alapj\u00e1n, <strong>lakc\u00edmk\u00e1rtya<\/strong> \u00e9s <strong>szem\u00e9lyazonos\u00edt\u00e1sra alkalmas okm\u00e1ny<\/strong> bemutat\u00e1s\u00e1val jogosultak az eg\u00e9szs\u00e9g\u00fcgyi szolg\u00e1ltat\u00e1st ig\u00e9nybe venni \u2013 kiv\u00e9ve els\u0151seg\u00e9lyny\u00fajt\u00e1s \u00e9s s\u00fcrg\u0151s sz\u00fcks\u00e9g. Int\u00e9zm\u00e9ny\u00fcnk a ter\u00fcleti ell\u00e1t\u00e1si k\u00f6telezetts\u00e9gbe tartoz\u00f3 telep\u00fcl\u00e9sek betegeit fogadja.<\/p>\n<h5>Id\u0151pontra \u00e9rkez\u0151 betegek \u00f6nregisztr\u00e1ci\u00f3ja<\/h5>\n<p>A f\u0151\u00e9p\u00fcletben a nem beutal\u00f3 k\u00f6teles szakrendel\u00e9sekre \u00e9rkez\u0151, id\u0151ponttal rendelkez\u0151 betegek az \u00e9rint\u0151k\u00e9perny\u0151s h\u00edv\u00f3sz\u00e1mkiad\u00f3 jegyautomat\u00e1n\u00e1l \u2013 a betegregisztr\u00e1ci\u00f3 ig\u00e9nybev\u00e9tele n\u00e9lk\u00fcl \u2013 is regisztr\u00e1lhatnak \u00e9s nyomtathatnak h\u00edv\u00f3sz\u00e1mot.<strong>\u00a0<\/strong><\/p>\n<h5>Beutal\u00f3val ig\u00e9nybe vehet\u0151 j\u00e1r\u00f3beteg- szakell\u00e1t\u00e1s<\/h5>\n<p>\u00c9rv\u00e9nyes beutal\u00f3val, a TAJ k\u00e1rtya, lakc\u00edmk\u00e1rtya \u00e9s szem\u00e9lyazonos\u00edt\u00e1sra alkalmas okm\u00e1ny egyidej\u0171 bemutat\u00e1sa mellett vehet\u0151 ig\u00e9nybe. A szakrendel\u00e9sek \u00e9s gondoz\u00f3k \u00e1ltal gondozott beteg ism\u00e9telt ellen\u0151rz\u00e9s\u00e9hez a beutal\u00f3t az ambul\u00e1ns lap jelenti, amelyen szerepel a visszarendel\u00e9s tervezett\/v\u00e1rhat\u00f3 id\u0151pontja. Az ambul\u00e1ns lap beutal\u00f3k\u00e9nt csak 1 \u00e9ven bel\u00fcl haszn\u00e1lhat\u00f3 fel. <strong>\u00c9rv\u00e9nyes beutal\u00f3 hi\u00e1ny\u00e1ban, a beutal\u00f3 k\u00f6teles j\u00e1r\u00f3beteg ell\u00e1t\u00e1s kiz\u00e1r\u00f3lag a hat\u00e1lyos szab\u00e1lyzat szerinti t\u00e9r\u00edt\u00e9si d\u00edj befizet\u00e9se eset\u00e9n vehet\u0151 ig\u00e9nybe.<\/strong><strong>\u00a0<\/strong><\/p>\n<h5>Beutal\u00e1s n\u00e9lk\u00fcl ig\u00e9nybe vehet\u0151 j\u00e1r\u00f3beteg szakell\u00e1t\u00e1sok<\/h5>\n<p>B\u0151rgy\u00f3gy\u00e1szat, n\u0151gy\u00f3gy\u00e1szat, urol\u00f3gia, pszichi\u00e1tria, f\u00fcl-orr-g\u00e9g\u00e9szet, gyermek f\u00fcl-orr-g\u00e9g\u00e9szet, szem\u00e9szeti, \u00e1ltal\u00e1nos seb\u00e9szet, valamint az els\u0151 alkalommal beutal\u00e1s alapj\u00e1n ig\u00e9nybe vett b\u0151r- \u00e9s nemibeteg-gondoz\u00f3i, t\u00fcd\u0151gondoz\u00f3i \u00e9s pszichi\u00e1triai gondoz\u00f3i ell\u00e1t\u00e1s.<strong>\u00a0<\/strong><\/p>\n<h5>Betegfogad\u00e1si lista alapj\u00e1n \u00e9rkez\u0151 betegek fogad\u00e1sa<\/h5>\n<p>Betegfogad\u00e1si lista a j\u00e1r\u00f3beteg szakell\u00e1t\u00e1sok \u00e9s a gyermekfog\u00e1szat vonatkoz\u00e1s\u00e1ban ker\u00fcl vezet\u00e9sre. Betegfogad\u00e1si list\u00e1ra t\u00f6rt\u00e9n\u0151 <strong>jelentkez\u00e9s<\/strong> t\u00f6rt\u00e9nhet:<\/p>\n<ol>\n<li>Helysz\u00ednen a beteg \u00e1ltal<\/li>\n<li>Telefonon a beteg, h\u00e1ziorvosa vagy a beteg t\u00f6rv\u00e9nyes k\u00e9pvisel\u0151je \u00e1ltal<\/li>\n<li>On-line a beteg vagy h\u00e1ziorvosa \u00e1ltal (F\u0151nixWeb)<\/li>\n<li>E-mailben (gse.elojegyzes@semmelweis.hu)<\/li>\n<li>Eg\u00e9szs\u00e9gAblak applik\u00e1ci\u00f3<\/li>\n<li>1812 Eg\u00e9szs\u00e9gvonal<\/li>\n<\/ol>\n","protected":false},"excerpt":{"rendered":"<p>A betegfelv\u00e9tel rendje, betegregisztr\u00e1ci\u00f3 Telefon: +36 70 502-1899 vagy\u00a0 +36 70 502-2283) Az Int\u00e9zm\u00e9ny f\u0151\u00e9p\u00fclet\u00e9ben (Pet\u0151fi S. u. 1-3.) a betegfelv\u00e9tel a Betegregisztr\u00e1ci\u00f3n vagy kiv\u00e9teles esetekben a szakrendel\u00e9seken t\u00f6rt\u00e9nik. A betegregisztr\u00e1ci\u00f3 az al\u00e1bbi id\u0151szakokban fogadja a p\u00e1cienseket: h\u00e9tf\u0151 &#8211; cs\u00fct\u00f6rt\u00f6k p\u00e9ntek:\u00a0 07:00 \u2013 18:00 07:00 \u2013 16:00 A T\u00fcd\u0151gondoz\u00f3ban k\u00fcl\u00f6n betegregisztr\u00e1ci\u00f3 m\u0171k\u00f6dik: Betegfogad\u00e1si id\u0151: h\u00e9tf\u0151t\u0151l &hellip;<\/p>\n","protected":false},"author":12,"featured_media":0,"parent":92,"menu_order":0,"comment_status":"closed","ping_status":"closed","template":"","meta":{"_acf_changed":false,"footnotes":""},"categories":[8],"tags":[],"class_list":["post-807","page","type-page","status-publish","hentry","category-rolunk-kapcsolodo"],"acf":[],"_links":{"self":[{"href":"https:\/\/semmelweis.hu\/godollo\/wp-json\/wp\/v2\/pages\/807","targetHints":{"allow":["GET"]}}],"collection":[{"href":"https:\/\/semmelweis.hu\/godollo\/wp-json\/wp\/v2\/pages"}],"about":[{"href":"https:\/\/semmelweis.hu\/godollo\/wp-json\/wp\/v2\/types\/page"}],"author":[{"embeddable":true,"href":"https:\/\/semmelweis.hu\/godollo\/wp-json\/wp\/v2\/users\/12"}],"replies":[{"embeddable":true,"href":"https:\/\/semmelweis.hu\/godollo\/wp-json\/wp\/v2\/comments?post=807"}],"version-history":[{"count":10,"href":"https:\/\/semmelweis.hu\/godollo\/wp-json\/wp\/v2\/pages\/807\/revisions"}],"predecessor-version":[{"id":1610,"href":"https:\/\/semmelweis.hu\/godollo\/wp-json\/wp\/v2\/pages\/807\/revisions\/1610"}],"up":[{"embeddable":true,"href":"https:\/\/semmelweis.hu\/godollo\/wp-json\/wp\/v2\/pages\/92"}],"wp:attachment":[{"href":"https:\/\/semmelweis.hu\/godollo\/wp-json\/wp\/v2\/media?parent=807"}],"wp:term":[{"taxonomy":"category","embeddable":true,"href":"https:\/\/semmelweis.hu\/godollo\/wp-json\/wp\/v2\/categories?post=807"},{"taxonomy":"post_tag","embeddable":true,"href":"https:\/\/semmelweis.hu\/godollo\/wp-json\/wp\/v2\/tags?post=807"}],"curies":[{"name":"wp","href":"https:\/\/api.w.org\/{rel}","templated":true}]}}