{"id":793,"date":"2025-07-18T09:10:58","date_gmt":"2025-07-18T07:10:58","guid":{"rendered":"https:\/\/semmelweis.hu\/godollo\/?page_id=793"},"modified":"2026-04-13T11:43:37","modified_gmt":"2026-04-13T09:43:37","slug":"vezetoseg","status":"publish","type":"page","link":"https:\/\/semmelweis.hu\/godollo\/rolunk\/vezetoseg\/","title":{"rendered":"Vezet\u0151s\u00e9g"},"content":{"rendered":"<h6><span style=\"font-weight: bolder\">Dr. Dunai Gy\u00f6rgy<br \/>\n<\/span>Igazgat\u00f3<\/h6>\n<p>+36 28 \/ 420-655<br \/>\n<a href=\"mailto:dunai.gyorgy@semmelweis.hu\">dunai.gyorgy@semmelweis.hu<\/a><\/p>\n<hr \/>\n<h6><span style=\"font-weight: bolder\">Dr. Muhi Katalin<br \/>\n<\/span>Igazgat\u00f3helyettes<\/h6>\n<p>+36 28 \/ 410-609<br \/>\n<a href=\"mailto:gse.titkarsag@semmelweis.hu\">gse.titkarsag@semmelweis.hu<\/a><\/p>\n<hr \/>\n<h6><span style=\"font-weight: bolder\">P\u00e9ter Andr\u00e1sn\u00e9<br \/>\n<\/span>Gazdas\u00e1gi vezet\u0151<\/h6>\n<p>+36 28 \/ 420-655<br \/>\n<a href=\"mailto:peter.andrasne@semmelweis.hu\">peter.andrasne@semmelweis.hu<\/a><\/p>\n<hr \/>\n<h6><span style=\"font-weight: bolder\">K\u00fcrti Gabriella<br \/>\n<\/span>Int\u00e9zeti vezet\u0151 asszisztens<\/h6>\n<p>&#8211;<br \/>\n<a href=\"mailto:kurti.gabriella@semmelweis.hu\">kurti.gabriella@semmelweis.hu<\/a><\/p>\n<p>&nbsp;<\/p>\n","protected":false},"excerpt":{"rendered":"<p>Dr. Dunai Gy\u00f6rgy<br \/>\nIgazgat\u00f3<br \/>\n+36 28 \/ 420-655<br \/>\n<a href=\"mailto:dunai.gyorgy@semmelweis.hu\">dunai.gyorgy@semmelweis.hu<\/a><\/p>\n<p>Dr. Muhi Katalin<br \/>\nIgazgat\u00f3helyettes<br \/>\n+36 28 \/ 410-609<br \/>\n<a href=\"mailto:gse.titkarsag@semmelweis.hu\">gse.titkarsag@semmelweis.hu<\/a><\/p>\n<p>P\u00e9ter Andr\u00e1sn\u00e9<br \/>\nGazdas\u00e1gi vezet\u0151<br \/>\n+36 28 \/ 420-655<br \/>\n<a href=\"mailto:peter.andrasne@semmelweis.hu\">peter.andrasne@semmelweis.hu<\/a><\/p>\n<p>K\u00fcrti Gabriella<br \/>\nInt\u00e9zeti vezet\u0151 asszisztens<br \/>\n&#8211;<br \/>\n<a href=\"mailto:kurti.gabriella@semmelweis.hu\">kurti.gabriella@semmelweis.hu<\/a><br \/>\n&nbsp;<\/p>\n","protected":false},"author":12,"featured_media":0,"parent":4,"menu_order":0,"comment_status":"closed","ping_status":"closed","template":"","meta":{"_acf_changed":false,"footnotes":""},"categories":[8],"tags":[],"class_list":["post-793","page","type-page","status-publish","hentry","category-rolunk-kapcsolodo"],"acf":[],"_links":{"self":[{"href":"https:\/\/semmelweis.hu\/godollo\/wp-json\/wp\/v2\/pages\/793","targetHints":{"allow":["GET"]}}],"collection":[{"href":"https:\/\/semmelweis.hu\/godollo\/wp-json\/wp\/v2\/pages"}],"about":[{"href":"https:\/\/semmelweis.hu\/godollo\/wp-json\/wp\/v2\/types\/page"}],"author":[{"embeddable":true,"href":"https:\/\/semmelweis.hu\/godollo\/wp-json\/wp\/v2\/users\/12"}],"replies":[{"embeddable":true,"href":"https:\/\/semmelweis.hu\/godollo\/wp-json\/wp\/v2\/comments?post=793"}],"version-history":[{"count":11,"href":"https:\/\/semmelweis.hu\/godollo\/wp-json\/wp\/v2\/pages\/793\/revisions"}],"predecessor-version":[{"id":1837,"href":"https:\/\/semmelweis.hu\/godollo\/wp-json\/wp\/v2\/pages\/793\/revisions\/1837"}],"up":[{"embeddable":true,"href":"https:\/\/semmelweis.hu\/godollo\/wp-json\/wp\/v2\/pages\/4"}],"wp:attachment":[{"href":"https:\/\/semmelweis.hu\/godollo\/wp-json\/wp\/v2\/media?parent=793"}],"wp:term":[{"taxonomy":"category","embeddable":true,"href":"https:\/\/semmelweis.hu\/godollo\/wp-json\/wp\/v2\/categories?post=793"},{"taxonomy":"post_tag","embeddable":true,"href":"https:\/\/semmelweis.hu\/godollo\/wp-json\/wp\/v2\/tags?post=793"}],"curies":[{"name":"wp","href":"https:\/\/api.w.org\/{rel}","templated":true}]}}