{"id":79,"date":"2025-07-15T14:53:39","date_gmt":"2025-07-15T12:53:39","guid":{"rendered":"https:\/\/semmelweis.hu\/godollo\/?page_id=79"},"modified":"2026-02-16T15:32:47","modified_gmt":"2026-02-16T14:32:47","slug":"belgyogyaszat","status":"publish","type":"page","link":"https:\/\/semmelweis.hu\/godollo\/betegellatas\/szakrendelesek\/belgyogyaszat\/","title":{"rendered":"Belgy\u00f3gy\u00e1szat"},"content":{"rendered":"<div class=\"keretes w-100\">\n<h5>A rendel\u00e9s csak beutal\u00f3val \u00e9s el\u0151jegyz\u00e9s alapj\u00e1n vehet\u0151 ig\u00e9nybe! <\/p>\n<\/h5>\n<p><strong>El\u0151jegyz\u00e9s:<\/strong> +36 70\/502-1899, +36 70\/502-2283 <\/p>\n<p>h\u00e9tf\u0151-cs\u00fct\u00f6rt\u00f6kig: 09:00 &#8211; 17:45<\/p>\n<p>p\u00e9ntek: 09:00-15:45<\/p>\n<p><strong>Email:<\/strong> gse.elojegyzes@semmelweis.hu<\/p>\n<p><a href=\"https:\/\/semmelweis.hu\/godollo\/betegellatas\/betegregisztracio\/\">Betegregisztr\u00e1ci\u00f3 menete \u2192<\/a><\/p>\n<p><strong>C\u00edm:<\/strong> G\u00f6d\u00f6ll\u0151, Pet\u0151fi S\u00e1ndor u. 1-3. 1. emelet 12. szoba<\/p>\n<p><strong>Ell\u00e1t\u00e1si ter\u00fcletek: <\/strong>D\u00e1ny, Erd\u0151kertes, G\u00f6d\u00f6ll\u0151, Isaszeg, Kerepes, Kistarcsa, Mogyor\u00f3d, Szada, V\u00e1cszentl\u00e1szl\u00f3, Valk\u00f3, Veresegyh\u00e1z, Zs\u00e1mbok<\/p>\n<\/div>\n<p><strong>A r\u00f6vid rendel\u00e9si id\u0151re tekintettel a rendel\u00e9s telefonon nem el\u00e9rhet\u0151.<\/strong> Inform\u00e1ci\u00f3ad\u00e1sra, egyeztet\u00e9sre csak e-mail-ben (gse.elojegyzes@semmelweis.hu) tudunk lehet\u0151s\u00e9get biztos\u00edtani. A rendel\u00e9s befejez\u00e9se el\u0151tt f\u00e9l \u00f3r\u00e1val \u00faj beteget m\u00e1r nem tudunk fogadni.<\/p>\n<h1>dr. szab\u00f3 judit<\/h1>\n<table style=\"width: 90%;height: 206px\">\n<thead>\n<tr>\n<td style=\"width: 30%\">nap<\/td>\n<td>id\u0151pont<\/td>\n<\/tr>\n<\/thead>\n<tbody>\n<tr>\n<td style=\"width: 30%\" scope=\"col\">h\u00e9tf\u0151<\/td>\n<td>&#8211;<\/td>\n<\/tr>\n<tr>\n<td>kedd<\/td>\n<td>&#8211;<\/td>\n<\/tr>\n<tr>\n<td>szerda<\/td>\n<td>14:00-16:00<\/td>\n<\/tr>\n<tr>\n<td>cs\u00fct\u00f6rt\u00f6k<\/td>\n<td>&#8211;<\/td>\n<\/tr>\n<tr>\n<td>p\u00e9ntek<\/td>\n<td>&#8211;<\/td>\n<\/tr>\n<\/tbody>\n<\/table>\n<p>&nbsp;<\/p>\n<div class=\"team-position element-6\"><span style=\"color: #313b40;font-family: Montserrat, sans-serif;font-size: 24px;font-weight: 600\">Milyen esetben seg\u00edt \u00d6nnek a belgy\u00f3gy\u00e1sz?<\/span><\/div>\n<div class=\"et_pb_module et_pb_text et_pb_text_2 et_pb_text_align_left et_pb_bg_layout_light\">\n<div class=\"et_pb_text_inner\">\n<ul>\n<li>amennyiben eg\u00e9szs\u00e9ge meg\u0151rz\u00e9se \u00e9rdek\u00e9ben szeretne kivizsg\u00e1l\u00e1son r\u00e9szt venni<\/li>\n<li>ha \u00e1ltal\u00e1nos t\u00fcnetei vannak, melyeknek szeretne a v\u00e9g\u00e9re j\u00e1rni (pl. f\u00e1rads\u00e1g, leverts\u00e9g, sz\u00e9d\u00fcl\u00e9s, gyenges\u00e9g)<\/li>\n<li>mellkasi f\u00e1jdalom, nehez\u00edtett l\u00e9gz\u00e9s, gyakori fullad\u00e1s eset\u00e9n<\/li>\n<li>a csal\u00e1dj\u00e1ban halmozottan el\u0151fordul\u00f3 betegs\u00e9gek eset\u00e9n<\/li>\n<li>indokolatlan h\u00edz\u00e1s, fogy\u00e1s h\u00e1tter\u00e9nek felder\u00edt\u00e9se c\u00e9lj\u00e1b\u00f3l<\/li>\n<\/ul>\n<h3>Belgy\u00f3gy\u00e1szati anamn\u00e9zis (k\u00f3rel\u0151zm\u00e9ny) fel\u00e1ll\u00edt\u00e1s\u00e1nak folyamata<\/h3>\n<ul>\n<li>fizik\u00e1lis vizsg\u00e1lat,<\/li>\n<li>v\u00e9rnyom\u00e1s m\u00e9r\u00e9s,<\/li>\n<li>v\u00e9rcukorszint m\u00e9r\u00e9s,<\/li>\n<li>EKG vizsg\u00e1lat,<\/li>\n<li>\u00fct\u0151erek vizsg\u00e1lata,<\/li>\n<li>\u00f6sszes\u00edt\u0151 v\u00e9lem\u00e9ny elk\u00e9sz\u00edt\u00e9se.<\/li>\n<\/ul>\n<h3>Tov\u00e1bbi belgy\u00f3gy\u00e1szati vizsg\u00e1latok<\/h3>\n<ul>\n<li>Testi fejletts\u00e9g, t\u00e1pl\u00e1lts\u00e1g meg\u00e1llap\u00edt\u00e1sa: k\u00f3ros sov\u00e1nys\u00e1g, k\u00f6v\u00e9rs\u00e9g, hormonbetegs\u00e9gek, t\u00e1pl\u00e1lkoz\u00e1si zavarok, mozg\u00e1sszervi betegs\u00e9gek vizsg\u00e1lata.<\/li>\n<li>B\u0151r \u00e9s ny\u00e1lkah\u00e1rty\u00e1k vizsg\u00e1lata a v\u00e1rszeg\u00e9nys\u00e9g, anyajegyek, hormon \u00e9s allergi\u00e1s betegs\u00e9gek felder\u00edt\u00e9s\u00e9nek c\u00e9lj\u00e1b\u00f3l.<\/li>\n<li>Sz\u00e1j\u00fcreg, garat szemrev\u00e9telez\u00e9se.<\/li>\n<li>Nyirokrendszer, pajzsmirigy vizsg\u00e1lata.<\/li>\n<li>T\u00fcd\u0151 \u00e9s l\u00e9gz\u0151rendszer \u00e1llapot felm\u00e9r\u00e9se.<\/li>\n<li>Sz\u00edv \u00e9s kering\u00e9si rendszer, art\u00e9ri\u00e1k, v\u00e9n\u00e1k vizsg\u00e1lata.<\/li>\n<li>Hasi szervek vizsg\u00e1lata.<\/li>\n<li>Mozg\u00e1sszervek, \u00edz\u00fcletek \u00e9s csontrendszer \u00e1llapot\u00e1nak felm\u00e9r\u00e9se.<\/li>\n<li>Idegrendszer vizsg\u00e1lata.<\/li>\n<\/ul>\n<\/div>\n<\/div>\n","protected":false},"excerpt":{"rendered":"<p>A rendel\u00e9s csak beutal\u00f3val \u00e9s el\u0151jegyz\u00e9s alapj\u00e1n vehet\u0151 ig\u00e9nybe! El\u0151jegyz\u00e9s: +36 70\/502-1899, +36 70\/502-2283 h\u00e9tf\u0151-cs\u00fct\u00f6rt\u00f6kig: 09:00 &#8211; 17:45 p\u00e9ntek: 09:00-15:45 Email: gse.elojegyzes@semmelweis.hu <a href=\"https:\/\/semmelweis.hu\/godollo\/betegellatas\/betegregisztracio\/\">Betegregisztr\u00e1ci\u00f3 menete \u2192<\/a> C\u00edm: G\u00f6d\u00f6ll\u0151, Pet\u0151fi S\u00e1ndor u. 1-3. 1. emelet 12. szoba Ell\u00e1t\u00e1si ter\u00fcletek: D\u00e1ny, Erd\u0151kertes, G\u00f6d\u00f6ll\u0151, Isaszeg, Kerepes, Kistarcsa, Mogyor\u00f3d, Szada, V\u00e1cszentl\u00e1szl\u00f3, Valk\u00f3, Veresegyh\u00e1z, Zs\u00e1mbok A r\u00f6vid rendel\u00e9si id\u0151re tekintettel a rendel\u00e9s telefonon nem &hellip;<\/p>\n","protected":false},"author":102484,"featured_media":0,"parent":20,"menu_order":0,"comment_status":"closed","ping_status":"closed","template":"","meta":{"_acf_changed":false,"footnotes":""},"categories":[4],"tags":[],"class_list":["post-79","page","type-page","status-publish","hentry","category-szakrendelesek"],"acf":[],"_links":{"self":[{"href":"https:\/\/semmelweis.hu\/godollo\/wp-json\/wp\/v2\/pages\/79","targetHints":{"allow":["GET"]}}],"collection":[{"href":"https:\/\/semmelweis.hu\/godollo\/wp-json\/wp\/v2\/pages"}],"about":[{"href":"https:\/\/semmelweis.hu\/godollo\/wp-json\/wp\/v2\/types\/page"}],"author":[{"embeddable":true,"href":"https:\/\/semmelweis.hu\/godollo\/wp-json\/wp\/v2\/users\/102484"}],"replies":[{"embeddable":true,"href":"https:\/\/semmelweis.hu\/godollo\/wp-json\/wp\/v2\/comments?post=79"}],"version-history":[{"count":11,"href":"https:\/\/semmelweis.hu\/godollo\/wp-json\/wp\/v2\/pages\/79\/revisions"}],"predecessor-version":[{"id":1634,"href":"https:\/\/semmelweis.hu\/godollo\/wp-json\/wp\/v2\/pages\/79\/revisions\/1634"}],"up":[{"embeddable":true,"href":"https:\/\/semmelweis.hu\/godollo\/wp-json\/wp\/v2\/pages\/20"}],"wp:attachment":[{"href":"https:\/\/semmelweis.hu\/godollo\/wp-json\/wp\/v2\/media?parent=79"}],"wp:term":[{"taxonomy":"category","embeddable":true,"href":"https:\/\/semmelweis.hu\/godollo\/wp-json\/wp\/v2\/categories?post=79"},{"taxonomy":"post_tag","embeddable":true,"href":"https:\/\/semmelweis.hu\/godollo\/wp-json\/wp\/v2\/tags?post=79"}],"curies":[{"name":"wp","href":"https:\/\/api.w.org\/{rel}","templated":true}]}}