{"id":77,"date":"2025-07-15T14:51:36","date_gmt":"2025-07-15T12:51:36","guid":{"rendered":"https:\/\/semmelweis.hu\/godollo\/?page_id=77"},"modified":"2026-02-28T13:15:24","modified_gmt":"2026-02-28T12:15:24","slug":"angiologia","status":"publish","type":"page","link":"https:\/\/semmelweis.hu\/godollo\/betegellatas\/szakrendelesek\/angiologia\/","title":{"rendered":"Angiol\u00f3gia"},"content":{"rendered":"<div class=\"keretes w-100\">\n<h5>A rendel\u00e9s csak beutal\u00f3val \u00e9s el\u0151jegyz\u00e9s alapj\u00e1n vehet\u0151 ig\u00e9nybe! <br \/>\nRendel\u00e9si sz\u00fcnet eset\u00e9n az id\u0151pontad\u00e1s is sz\u00fcnetel<\/h5>\n<p><strong>El\u0151jegyz\u00e9s:<\/strong> +36 70\/502-1962\u00a0<br \/>\nkedd \u00e9s cs\u00fct\u00f6rt\u00f6k: 08:00 &#8211; 15:00<\/p>\n<p><a href=\"\/betegellatas\/betegregisztracio\/\">Betegregisztr\u00e1ci\u00f3 menete \u2192<\/a><\/p>\n<p><strong>C\u00edm:<\/strong> G\u00f6d\u00f6ll\u0151, Pet\u0151fi S\u00e1ndor u. 1-3. 1. emelet 13. szoba<\/p>\n<p><strong>Ell\u00e1t\u00e1si ter\u00fcletek: <\/strong>D\u00e1ny, Erd\u0151kertes, G\u00f6d\u00f6ll\u0151, Isaszeg, Kerepes, Kistarcsa, Mogyor\u00f3d, Szada, V\u00e1cszentl\u00e1szl\u00f3, Valk\u00f3, Veresegyh\u00e1z, Zs\u00e1mbok<\/p>\n<\/div>\n<h1>dr. Fab\u00f3k \u00c1gnes<\/h1>\n<p><strong>Helyettes\u00edt\u00e9s: <\/strong>Orvosilag s\u00fcrg\u0151s esetekben a Pest Megyei Fl\u00f3r Ferenc K\u00f3rh\u00e1z Angiol\u00f3giai szakrendel\u00e9se.<\/p>\n<table style=\"width: 90%\">\n<thead>\n<tr>\n<td style=\"width: 30%\">nap<\/td>\n<td>id\u0151pont<\/td>\n<\/tr>\n<\/thead>\n<tbody>\n<tr>\n<td style=\"width: 30%\" scope=\"col\">h\u00e9tf\u0151<\/td>\n<td>&#8211;<\/td>\n<\/tr>\n<tr>\n<td>kedd<\/td>\n<td>08:00 \u2013 15:30<\/td>\n<\/tr>\n<tr>\n<td>szerda<\/td>\n<td>&#8211;<\/td>\n<\/tr>\n<tr>\n<td>cs\u00fct\u00f6rt\u00f6k<\/td>\n<td>08:00 \u2013 15:30<\/td>\n<\/tr>\n<tr>\n<td>p\u00e9ntek<\/td>\n<td>&#8211;<\/td>\n<\/tr>\n<\/tbody>\n<\/table>\n<p>&nbsp;<\/p>\n<h3>Mivel foglalkozik az angiol\u00f3gus?<\/h3>\n<p>Az angiol\u00f3gus szakorvos a sz\u00edven- \u00e9s az agyi ereken k\u00edv\u00fcli erek elt\u00e9r\u00e9seivel foglalkozik. Feladata az erekkel kapcsolatos betegs\u00e9gek diagn\u00f3zisa, gy\u00f3gyszeres kezel\u00e9se, javaslatot ad bizonyos \u00e9letm\u00f3dbeli v\u00e1ltoztat\u00e1sokra, figyelemmel k\u00eds\u00e9ri a beteg \u00e1llapot\u00e1t. Ha m\u0171t\u00e9tre van sz\u00fcks\u00e9g, az angiol\u00f3gus v\u00e9gzi a beteg ut\u00f3gondoz\u00e1s\u00e1t. Fontos szerepe van a megel\u0151z\u00e9sben, a sz\u0171r\u0151vizsg\u00e1latok elv\u00e9gz\u00e9s\u00e9vel.<\/p>\n<h3>Milyen t\u00fcnetekkel forduljunk angiol\u00f3gushoz?<\/h3>\n<ul>\n<li>bizonytalan als\u00f3 v\u00e9gtagi f\u00e1jdalom, amely jellegzetes esetben terhel\u00e9skor jelentkezik,<\/li>\n<li>\u00e9jszakai l\u00e1bikrag\u00f6rcs\u00f6k,<\/li>\n<li>als\u00f3 v\u00e9gtagok bedagad\u00e1sa, duzzanata,<\/li>\n<li>l\u00e1bsz\u00e1rfek\u00e9ly,<\/li>\n<li>hideg l\u00e1b,<\/li>\n<li>bizonytalan l\u00e1b-, \u00e9s k\u00e9zzsibbad\u00e1s,<\/li>\n<li>ujjak hirtelen elsz\u00ednez\u0151d\u00e9se<\/li>\n<\/ul>\n","protected":false},"excerpt":{"rendered":"<p>A rendel\u00e9s csak beutal\u00f3val \u00e9s el\u0151jegyz\u00e9s alapj\u00e1n vehet\u0151 ig\u00e9nybe! Rendel\u00e9si sz\u00fcnet eset\u00e9n az id\u0151pontad\u00e1s is sz\u00fcnetel El\u0151jegyz\u00e9s: +36 70\/502-1962\u00a0 kedd \u00e9s cs\u00fct\u00f6rt\u00f6k: 08:00 &#8211; 15:00 <a href=\"\/betegellatas\/betegregisztracio\/\">Betegregisztr\u00e1ci\u00f3 menete \u2192<\/a> C\u00edm: G\u00f6d\u00f6ll\u0151, Pet\u0151fi S\u00e1ndor u. 1-3. 1. emelet 13. szoba Ell\u00e1t\u00e1si ter\u00fcletek: D\u00e1ny, Erd\u0151kertes, G\u00f6d\u00f6ll\u0151, Isaszeg, Kerepes, Kistarcsa, Mogyor\u00f3d, Szada, V\u00e1cszentl\u00e1szl\u00f3, Valk\u00f3, Veresegyh\u00e1z, Zs\u00e1mbok dr. Fab\u00f3k \u00c1gnes Helyettes\u00edt\u00e9s: Orvosilag s\u00fcrg\u0151s &hellip;<\/p>\n","protected":false},"author":102484,"featured_media":0,"parent":20,"menu_order":0,"comment_status":"closed","ping_status":"closed","template":"","meta":{"_acf_changed":false,"footnotes":""},"categories":[4],"tags":[],"class_list":["post-77","page","type-page","status-publish","hentry","category-szakrendelesek"],"acf":[],"_links":{"self":[{"href":"https:\/\/semmelweis.hu\/godollo\/wp-json\/wp\/v2\/pages\/77","targetHints":{"allow":["GET"]}}],"collection":[{"href":"https:\/\/semmelweis.hu\/godollo\/wp-json\/wp\/v2\/pages"}],"about":[{"href":"https:\/\/semmelweis.hu\/godollo\/wp-json\/wp\/v2\/types\/page"}],"author":[{"embeddable":true,"href":"https:\/\/semmelweis.hu\/godollo\/wp-json\/wp\/v2\/users\/102484"}],"replies":[{"embeddable":true,"href":"https:\/\/semmelweis.hu\/godollo\/wp-json\/wp\/v2\/comments?post=77"}],"version-history":[{"count":12,"href":"https:\/\/semmelweis.hu\/godollo\/wp-json\/wp\/v2\/pages\/77\/revisions"}],"predecessor-version":[{"id":1679,"href":"https:\/\/semmelweis.hu\/godollo\/wp-json\/wp\/v2\/pages\/77\/revisions\/1679"}],"up":[{"embeddable":true,"href":"https:\/\/semmelweis.hu\/godollo\/wp-json\/wp\/v2\/pages\/20"}],"wp:attachment":[{"href":"https:\/\/semmelweis.hu\/godollo\/wp-json\/wp\/v2\/media?parent=77"}],"wp:term":[{"taxonomy":"category","embeddable":true,"href":"https:\/\/semmelweis.hu\/godollo\/wp-json\/wp\/v2\/categories?post=77"},{"taxonomy":"post_tag","embeddable":true,"href":"https:\/\/semmelweis.hu\/godollo\/wp-json\/wp\/v2\/tags?post=77"}],"curies":[{"name":"wp","href":"https:\/\/api.w.org\/{rel}","templated":true}]}}