{"id":59,"date":"2025-07-21T10:40:40","date_gmt":"2025-07-21T08:40:40","guid":{"rendered":"https:\/\/semmelweis.hu\/godollo\/?page_id=59"},"modified":"2025-07-22T10:04:14","modified_gmt":"2025-07-22T08:04:14","slug":"hazirend","status":"publish","type":"page","link":"https:\/\/semmelweis.hu\/godollo\/betegellatas\/hazirend\/","title":{"rendered":"H\u00e1zirend"},"content":{"rendered":"<div class=\"keretes w-100\">\n<p>Minden beteg \u00e9s k\u00eds\u00e9r\u0151, illetve az Int\u00e9zm\u00e9ny ter\u00fclet\u00e9n feladatot ell\u00e1t\u00f3, vagy b\u00e1rmely okn\u00e1l fogva ott tart\u00f3zkod\u00f3 szem\u00e9ly,<strong> az Int\u00e9zm\u00e9ny H\u00e1zirendj\u00e9t k\u00f6teles betartani<\/strong>. A h\u00e1zirend tartalmazza int\u00e9zm\u00e9ny\u00fcnk betegell\u00e1t\u00e1si tev\u00e9kenys\u00e9g\u00e9vel kapcsolatos fontos inform\u00e1ci\u00f3kat (ezeket a weboldal k\u00fcl\u00f6nb\u00f6z\u0151 men\u00fcpontjaiban is megtal\u00e1lhatja) valamint meghat\u00e1rozza azokat a szab\u00e1lyokat, elv\u00e1r\u00e1sokat, amelyek ismerete a betegek, k\u00eds\u00e9r\u0151ik \u00e9s egy\u00e9b jogc\u00edmen az Int\u00e9zm\u00e9nyben tart\u00f3zkod\u00f3 szem\u00e9lyek sz\u00e1m\u00e1ra jogaik rendeltet\u00e9sszer\u0171 gyakorl\u00e1sa, illet\u0151leg k\u00f6telezetts\u00e9geik teljes\u00edt\u00e9se szempontj\u00e1b\u00f3l n\u00e9lk\u00fcl\u00f6zhetetlenek.\u00a0<\/p>\n<\/div>\n<h5>Vigy\u00e1zzon \u00e9rt\u00e9kt\u00e1rgyaira!<\/h5>\n<p>Az Int\u00e9zm\u00e9ny nem v\u00e1llal felel\u0151ss\u00e9get a betegnek az Int\u00e9zm\u00e9ny ter\u00fclet\u00e9re behozott k\u00e9szp\u00e9nz\u00e9\u00e9rt, \u00e9rt\u00e9kt\u00e1rgyai\u00e9rt (pl. \u00e9kszer, mobiltelefon, elektronikai\/informatikai eszk\u00f6z, stb.) \u00e9s egy\u00e9b ing\u00f3s\u00e1gai\u00e9rt, ide \u00e9rtve az utcai ruh\u00e1zatukat is.<\/p>\n<h5>Mit ne tegyen?!<\/h5>\n<p>Az Int\u00e9zm\u00e9ny \u00e9s telephelyei eg\u00e9sz ter\u00fclet\u00e9n mindenki sz\u00e1m\u00e1ra<strong> tilos a doh\u00e1nyz\u00e1s<\/strong>. A mobiltelefonok haszn\u00e1lata a betegell\u00e1t\u00f3 helyis\u00e9gekben, tov\u00e1bb\u00e1 a tilt\u00f3 t\u00e1bl\u00e1val megjel\u00f6lt helyeken szigor\u00faan tilos. <span style=\"font-size: 1rem;\">Tilos az Int\u00e9zm\u00e9ny ter\u00fclet\u00e9n a szeszes ital fogyaszt\u00e1sa \u00e9s a szerencsej\u00e1t\u00e9k. R\u00e1di\u00f3t f\u00fclhallgat\u00f3val szabad haszn\u00e1lni.<\/span><\/p>\n<h5>\u00d3vja \u00d6n is az \u00e9p\u00fcletet \u00e9s a berendez\u00e9seket!<\/h5>\n<p>Az Int\u00e9zm\u00e9ny ing\u00f3 \u00e9s ingatlan javait \u00f3vni, berendez\u00e9si \u00e9s felszerel\u00e9si t\u00e1rgyait rendeltet\u00e9s szerint kell haszn\u00e1lni. Az Int\u00e9zm\u00e9ny felszerel\u00e9s\u00e9ben, berendez\u00e9sben sz\u00e1nd\u00e9kosan vagy gondatlans\u00e1gb\u00f3l okozott k\u00e1r\u00e9rt a beteg \u00e9s k\u00eds\u00e9r\u0151je, illetve az egy\u00e9b jogc\u00edmen az Int\u00e9zm\u00e9nyben tart\u00f3zkod\u00f3 szem\u00e9ly anyagi felel\u0151ss\u00e9ggel tartozik.<\/p>\n<h5>B\u00e1njon tisztelettel az int\u00e9zm\u00e9ny munkat\u00e1rsaival!<\/h5>\n<p>Int\u00e9zm\u00e9ny\u00fcnk munkat\u00e1rsai k\u00f6zfeladatot ell\u00e1t\u00f3 hivatalos szem\u00e9lyek, akiknek sz\u00f3beli \u00e9s fizik\u00e1lis inzult\u00e1l\u00e1sa feljelent\u00e9st \u00e9s b\u00fcntet\u0151 elj\u00e1r\u00e1st vonhat maga ut\u00e1n.<\/p>\n<h5>Panaszkezel\u00e9s<\/h5>\n<p>Panaszos \u00fcgyben panasz\u00e1t \u00edr\u00e1sban vagy sz\u00f3ban a titk\u00e1rs\u00e1gon teheti meg, a <a href=\"https:\/\/semmelweis.hu\/godollo\/betegellatas\/betegjogi-kepviselo\/\">betegjogi k\u00e9pvisel\u0151n\u00e9l<\/a>, akinek el\u00e9rhet\u0151s\u00e9ge kif\u00fcggeszt\u00e9sre ker\u00fclt valamennyi telephelyen, tov\u00e1bb\u00e1 a fenntart\u00f3n\u00e1l (G\u00f6d\u00f6ll\u0151 V\u00e1ros \u00d6nkorm\u00e1nyzata), valamint az eg\u00e9szs\u00e9g\u00fcgyi ell\u00e1t\u00e1s fel\u00fcgyelet\u00e9t ell\u00e1t\u00f3 szervekn\u00e9l (Pest Megyei Korm\u00e1nyhivatal G\u00f6d\u00f6ll\u0151i J\u00e1r\u00e1si Hivatala N\u00e9peg\u00e9szs\u00e9g\u00fcgyi Oszt\u00e1ly, Nemzeti Eg\u00e9szs\u00e9gbiztos\u00edt\u00e1si Alapkezel\u0151).<\/p>\n","protected":false},"excerpt":{"rendered":"<p>Minden beteg \u00e9s k\u00eds\u00e9r\u0151, illetve az Int\u00e9zm\u00e9ny ter\u00fclet\u00e9n feladatot ell\u00e1t\u00f3, vagy b\u00e1rmely okn\u00e1l fogva ott tart\u00f3zkod\u00f3 szem\u00e9ly, az Int\u00e9zm\u00e9ny H\u00e1zirendj\u00e9t k\u00f6teles betartani. A h\u00e1zirend tartalmazza int\u00e9zm\u00e9ny\u00fcnk betegell\u00e1t\u00e1si tev\u00e9kenys\u00e9g\u00e9vel kapcsolatos fontos inform\u00e1ci\u00f3kat (ezeket a weboldal k\u00fcl\u00f6nb\u00f6z\u0151 men\u00fcpontjaiban is megtal\u00e1lhatja) valamint meghat\u00e1rozza azokat a szab\u00e1lyokat, elv\u00e1r\u00e1sokat, amelyek ismerete a betegek, k\u00eds\u00e9r\u0151ik \u00e9s egy\u00e9b jogc\u00edmen az Int\u00e9zm\u00e9nyben tart\u00f3zkod\u00f3 &hellip;<\/p>\n","protected":false},"author":12,"featured_media":0,"parent":92,"menu_order":8,"comment_status":"closed","ping_status":"closed","template":"","meta":{"_acf_changed":false,"footnotes":""},"categories":[8],"tags":[],"class_list":["post-59","page","type-page","status-publish","hentry","category-rolunk-kapcsolodo"],"acf":[],"_links":{"self":[{"href":"https:\/\/semmelweis.hu\/godollo\/wp-json\/wp\/v2\/pages\/59","targetHints":{"allow":["GET"]}}],"collection":[{"href":"https:\/\/semmelweis.hu\/godollo\/wp-json\/wp\/v2\/pages"}],"about":[{"href":"https:\/\/semmelweis.hu\/godollo\/wp-json\/wp\/v2\/types\/page"}],"author":[{"embeddable":true,"href":"https:\/\/semmelweis.hu\/godollo\/wp-json\/wp\/v2\/users\/12"}],"replies":[{"embeddable":true,"href":"https:\/\/semmelweis.hu\/godollo\/wp-json\/wp\/v2\/comments?post=59"}],"version-history":[{"count":7,"href":"https:\/\/semmelweis.hu\/godollo\/wp-json\/wp\/v2\/pages\/59\/revisions"}],"predecessor-version":[{"id":819,"href":"https:\/\/semmelweis.hu\/godollo\/wp-json\/wp\/v2\/pages\/59\/revisions\/819"}],"up":[{"embeddable":true,"href":"https:\/\/semmelweis.hu\/godollo\/wp-json\/wp\/v2\/pages\/92"}],"wp:attachment":[{"href":"https:\/\/semmelweis.hu\/godollo\/wp-json\/wp\/v2\/media?parent=59"}],"wp:term":[{"taxonomy":"category","embeddable":true,"href":"https:\/\/semmelweis.hu\/godollo\/wp-json\/wp\/v2\/categories?post=59"},{"taxonomy":"post_tag","embeddable":true,"href":"https:\/\/semmelweis.hu\/godollo\/wp-json\/wp\/v2\/tags?post=59"}],"curies":[{"name":"wp","href":"https:\/\/api.w.org\/{rel}","templated":true}]}}