{"id":32,"date":"2025-07-15T14:23:20","date_gmt":"2025-07-15T12:23:20","guid":{"rendered":"https:\/\/semmelweis.hu\/godollo\/?page_id=32"},"modified":"2025-08-07T08:16:59","modified_gmt":"2025-08-07T06:16:59","slug":"alapitvany","status":"publish","type":"page","link":"https:\/\/semmelweis.hu\/godollo\/alapitvany\/","title":{"rendered":"Dr. Lumniczer S\u00e1ndor Alap\u00edtv\u00e1ny"},"content":{"rendered":"<p>A\u00a0<strong>Dr. Lumniczer S\u00e1ndor Alap\u00edtv\u00e1nyt<\/strong> dr. Makra Csaba javaslat\u00e1ra a Magyar Orvosi Kamara G\u00f6d\u00f6ll\u0151i Szervezete alap\u00edtotta 1995. febru\u00e1r 14-\u00e9n, amely 1999 \u00f3ta k\u00f6zhaszn\u00fa alap\u00edtv\u00e1nyk\u00e9nt m\u0171k\u00f6dik. <strong>Els\u0151dleges c\u00e9lja a g\u00f6d\u00f6ll\u0151i beteg gyermekek \u00e9s r\u00e1szorul\u00f3 csal\u00e1djaik t\u00e1mogat\u00e1sa<\/strong>, amelyet c\u00e9gek \u00e9s mag\u00e1nszem\u00e9lyek adom\u00e1nyaib\u00f3l, valamint az 1%-os ad\u00f3felaj\u00e1nl\u00e1sokb\u00f3l befolyt \u00f6sszegekb\u0151l biztos\u00edt.\u00a0\u00c9vente jelent\u0151s \u00f6sszegekkel seg\u00edti az Eg\u00e9szs\u00e9g\u00fcgyi K\u00f6zpontot a c\u00e9geknek javasolt \u00e9s \u00e1ltaluk felaj\u00e1nlott c\u00e9lzott adom\u00e1nyokkal, illetve az Alap\u00edtv\u00e1ny seg\u00edts\u00e9g\u00e9vel a konkr\u00e9t eszk\u00f6z\u00f6kre bev\u00e9telezett t\u00e1mogat\u00e1sokkal.<\/p>\n<p>A Semmelweis Eg\u00e9szs\u00e9gk\u00f6zpont, G\u00f6d\u00f6ll\u0151 adom\u00e1nyainak fenntartott alsz\u00e1ml\u00e1ra ( OTP Bank: 11742049 \u2013 20343435) \u00e9rkezett \u00f6sszeg kiz\u00e1r\u00f3lag az Int\u00e9zm\u00e9ny t\u00e1mogat\u00e1s\u00e1t szolg\u00e1lja.<\/p>\n<p style=\"text-align: center;\"><strong>K\u00e9rj\u00fck, seg\u00edtse \u00d6n is ad\u00f3ja 1%-\u00e1val a Lumniczer S\u00e1ndor Alap\u00edtv\u00e1nyt!<\/strong><\/p>\n<div class=\"keretes w-100\">\n<h4><strong>Dr. Lumniczer S\u00e1ndor Alap\u00edtv\u00e1ny<\/strong><\/h4>\n<p>2100 G\u00f6d\u00f6ll\u0151, Pet\u0151fi S\u00e1ndor u. 1.<br \/>\nTelefon: (28) 430-655<br \/>\nKurat\u00f3riumi eln\u00f6k: dr. Viszl\u00f3i Tam\u00e1s<br \/>\nAd\u00f3sz\u00e1m: 18670945-1-13<\/p>\n<h5>A G\u00f6d\u00f6ll\u0151i Semmelweis Eg\u00e9szs\u00e9gk\u00f6zpont t\u00e1mogat\u00e1sa:<\/h5>\n<p>OTP Bank: 11742049 \u2013 20343435<\/p>\n<\/div>\n","protected":false},"excerpt":{"rendered":"<p>A\u00a0Dr. Lumniczer S\u00e1ndor Alap\u00edtv\u00e1nyt dr. Makra Csaba javaslat\u00e1ra a Magyar Orvosi Kamara G\u00f6d\u00f6ll\u0151i Szervezete alap\u00edtotta 1995. febru\u00e1r 14-\u00e9n, amely 1999 \u00f3ta k\u00f6zhaszn\u00fa alap\u00edtv\u00e1nyk\u00e9nt m\u0171k\u00f6dik. Els\u0151dleges c\u00e9lja a g\u00f6d\u00f6ll\u0151i beteg gyermekek \u00e9s r\u00e1szorul\u00f3 csal\u00e1djaik t\u00e1mogat\u00e1sa, amelyet c\u00e9gek \u00e9s mag\u00e1nszem\u00e9lyek adom\u00e1nyaib\u00f3l, valamint az 1%-os ad\u00f3felaj\u00e1nl\u00e1sokb\u00f3l befolyt \u00f6sszegekb\u0151l biztos\u00edt.\u00a0\u00c9vente jelent\u0151s \u00f6sszegekkel seg\u00edti az Eg\u00e9szs\u00e9g\u00fcgyi K\u00f6zpontot a c\u00e9geknek javasolt &hellip;<\/p>\n","protected":false},"author":102484,"featured_media":0,"parent":0,"menu_order":5,"comment_status":"closed","ping_status":"closed","template":"","meta":{"_acf_changed":false,"footnotes":""},"categories":[],"tags":[],"class_list":["post-32","page","type-page","status-publish","hentry"],"acf":[],"_links":{"self":[{"href":"https:\/\/semmelweis.hu\/godollo\/wp-json\/wp\/v2\/pages\/32","targetHints":{"allow":["GET"]}}],"collection":[{"href":"https:\/\/semmelweis.hu\/godollo\/wp-json\/wp\/v2\/pages"}],"about":[{"href":"https:\/\/semmelweis.hu\/godollo\/wp-json\/wp\/v2\/types\/page"}],"author":[{"embeddable":true,"href":"https:\/\/semmelweis.hu\/godollo\/wp-json\/wp\/v2\/users\/102484"}],"replies":[{"embeddable":true,"href":"https:\/\/semmelweis.hu\/godollo\/wp-json\/wp\/v2\/comments?post=32"}],"version-history":[{"count":7,"href":"https:\/\/semmelweis.hu\/godollo\/wp-json\/wp\/v2\/pages\/32\/revisions"}],"predecessor-version":[{"id":852,"href":"https:\/\/semmelweis.hu\/godollo\/wp-json\/wp\/v2\/pages\/32\/revisions\/852"}],"wp:attachment":[{"href":"https:\/\/semmelweis.hu\/godollo\/wp-json\/wp\/v2\/media?parent=32"}],"wp:term":[{"taxonomy":"category","embeddable":true,"href":"https:\/\/semmelweis.hu\/godollo\/wp-json\/wp\/v2\/categories?post=32"},{"taxonomy":"post_tag","embeddable":true,"href":"https:\/\/semmelweis.hu\/godollo\/wp-json\/wp\/v2\/tags?post=32"}],"curies":[{"name":"wp","href":"https:\/\/api.w.org\/{rel}","templated":true}]}}