{"id":29,"date":"2025-07-21T10:57:36","date_gmt":"2025-07-21T08:57:36","guid":{"rendered":"https:\/\/semmelweis.hu\/godollo\/?page_id=29"},"modified":"2026-04-24T13:40:35","modified_gmt":"2026-04-24T11:40:35","slug":"online-elojegyzes","status":"publish","type":"page","link":"https:\/\/semmelweis.hu\/godollo\/online-elojegyzes\/","title":{"rendered":"Online el\u0151jegyz\u00e9s"},"content":{"rendered":"<div class=\"keretes w-100\">\n<h5>El\u0151jegyz\u00e9si lehet\u0151s\u00e9gek int\u00e9zm\u00e9ny\u00fcnkben:<\/h5>\n<ul>\n<li>\n<h6><a href=\"#egeszsegablak\"><strong>EESZT, Eg\u00e9szs\u00e9gAblak applik\u00e1ci\u00f3, Eg\u00e9szs\u00e9gvonal<\/strong><\/a><a id=\"fonix\"><\/a><\/h6>\n<\/li>\n<\/ul>\n<\/div>\n<h4><strong>EESZT, Eg\u00e9szs\u00e9gablak, <\/strong><strong>Eg\u00e9szs\u00e9gvonal<\/strong><\/h4>\n<p><a href=\"https:\/\/egeszsegvonal.gov.hu\/hova-forduljak\/eeszt\/egeszsegablak-alkalmazas.html\"><img loading=\"lazy\" decoding=\"async\" class=\" wp-image-343 alignright\" src=\"https:\/\/semmelweis.hu\/godollo\/files\/2025\/07\/EgeszsegAblak-400x347.png\" alt=\"\" width=\"247\" height=\"214\" srcset=\"https:\/\/semmelweis.hu\/godollo\/files\/2025\/07\/EgeszsegAblak-400x347.png 400w, https:\/\/semmelweis.hu\/godollo\/files\/2025\/07\/EgeszsegAblak-1024x887.png 1024w, https:\/\/semmelweis.hu\/godollo\/files\/2025\/07\/EgeszsegAblak-768x666.png 768w, https:\/\/semmelweis.hu\/godollo\/files\/2025\/07\/EgeszsegAblak-753x653.png 753w, https:\/\/semmelweis.hu\/godollo\/files\/2025\/07\/EgeszsegAblak.png 1064w\" sizes=\"auto, (max-width: 247px) 100vw, 247px\" \/><\/a>Az orsz\u00e1gos szint\u0171 <strong>J\u00e1r\u00f3beteg Ir\u00e1ny\u00edt\u00e1si Rendszer (JIR)<\/strong> seg\u00edts\u00e9g\u00e9vel b\u00e1rmely eg\u00e9szs\u00e9g\u00fcgyi szolg\u00e1ltat\u00f3hoz foglalhat id\u0151pontot az orsz\u00e1gban f\u00fcggetlen\u00fcl att\u00f3l, hogy ter\u00fcletileg oda tartozik vagy sem. A szolg\u00e1ltat\u00e1s kiz\u00e1r\u00f3lag az EESZT-n az Eg\u00e9szs\u00e9gAblak applik\u00e1ci\u00f3n illetve az Eg\u00e9szs\u00e9gvonalon kereszt\u00fcl \u00e9rhet\u0151 el.<\/p>\n<p>Az <strong><a href=\"https:\/\/www.eeszt.gov.hu\/oldalvalaszto.jsp\" target=\"_blank\" rel=\"noopener\">Elektronikus Eg\u00e9szs\u00e9g\u00fcgyi t\u00e9r<\/a>, azaz az EESZT<\/strong>-n illetve az <a href=\"https:\/\/egeszsegvonal.gov.hu\/hova-forduljak\/eeszt\/egeszsegablak-alkalmazas.html\" target=\"_blank\" rel=\"noopener\">Eg\u00e9szs\u00e9gAblak applik\u00e1ci\u00f3n<\/a> <strong>kereszt\u00fcl<\/strong>, telefon\u00e1l\u00e1s \u00e9s sorban \u00e1ll\u00e1s n\u00e9lk\u00fcl, mind\u00f6ssze n\u00e9h\u00e1ny kattint\u00e1ssal id\u0151pontot tud foglalni\u00a0az orsz\u00e1g b\u00e1rmely szakrendel\u0151j\u00e9be k\u00fcl\u00f6nb\u00f6z\u0151, beutal\u00f3k\u00f6teles vagy beutal\u00f3t nem ig\u00e9nyl\u0151 orvosi vizsg\u00e1latra.<\/p>\n<p>Az Eg\u00e9szs\u00e9gAblak applik\u00e1ci\u00f3 ingyenesen el\u00e9rhet\u0151 az <a href=\"https:\/\/apps.apple.com\/hu\/app\/eg%C3%A9szs%C3%A9gablak\/id1550970543?l=hu\" target=\"_blank\" rel=\"noopener\"><strong>App Store<\/strong><\/a>, a <a href=\"https:\/\/play.google.com\/store\/apps\/details?id=hu.gov.eeszt.mgw.app.allampolgari&amp;hl=hu\" target=\"_blank\" rel=\"noopener\"><strong>Google Play<\/strong><\/a> \u00e9s a <a href=\"https:\/\/appgallery.huawei.com\/app\/C104770557\" target=\"_blank\" rel=\"noopener\"><strong>HUAWEI AppGallery<\/strong><\/a> alkalmaz\u00e1s\u00e1ruh\u00e1zakban, \u00edgy b\u00e1rki k\u00f6nnyed\u00e9n let\u00f6ltheti okostelefonj\u00e1ra vagy t\u00e1blag\u00e9p\u00e9re.<\/p>\n<div style=\"float: left;width: 50%\"><a href=\"https:\/\/play.google.com\/store\/apps\/details?id=hu.gov.eeszt.mgw.app.allampolgari&amp;hl=hu\" target=\"_blank\" rel=\"noopener\"><img loading=\"lazy\" decoding=\"async\" class=\"aligncenter wp-image-752\" src=\"https:\/\/semmelweis.hu\/godollo\/files\/2025\/07\/google-play-gomb.png\" alt=\"\" width=\"201\" height=\"67\" \/><\/a><\/div>\n<div style=\"float: right;width: 50%\"><a href=\"https:\/\/apps.apple.com\/hu\/app\/eg%C3%A9szs%C3%A9gablak\/id1550970543?l=hu\" target=\"_blank\" rel=\"noopener\"><img loading=\"lazy\" decoding=\"async\" class=\"aligncenter wp-image-753\" src=\"https:\/\/semmelweis.hu\/godollo\/files\/2025\/07\/app-store-gomb.png\" alt=\"\" width=\"201\" height=\"67\" \/><\/a><\/div>\n<p>&nbsp;<\/p>\n<p>A 1812-es ingyenes <strong>Eg\u00e9szs\u00e9gvonal telefonsz\u00e1mon<\/strong> kereszt\u00fcl a h\u00e9t minden napj\u00e1n 6-22 \u00f3ra k\u00f6z\u00f6tt foglalhat id\u0151pontot. Az id\u0151pontfoglal\u00e1sr\u00f3l az al\u00e1bbi linken tal\u00e1lhat: <a href=\"https:\/\/www.eeszt.gov.hu\/hu\/hasznos-tudnivalok-az-idopontfoglalasrol\">hasznos inform\u00e1ci\u00f3kat<\/a>.<\/p>\n<div class=\"fontos_div\">\n<p><strong>Int\u00e9zm\u00e9ny\u00fcnk JIR-en kereszt\u00fcl el\u00e9rhet\u0151 szakrendel\u00e9sei: <\/strong>belgy\u00f3gy\u00e1szat, b\u0151rgy\u00f3gy\u00e1szat (feln\u0151tt), diabetol\u00f3gia, feln\u0151tt- \u00e9s gyermek f\u00fcl-orr-g\u00e9g\u00e9szet, gyermek t\u00fcd\u0151gy\u00f3gy\u00e1szat, gyermek allergol\u00f3gia, neurol\u00f3gia, n\u0151gy\u00f3gy\u00e1szat, seb\u00e9szet, szem\u00e9szet.<\/p>\n<\/div>\n","protected":false},"excerpt":{"rendered":"<p>El\u0151jegyz\u00e9si lehet\u0151s\u00e9gek int\u00e9zm\u00e9ny\u00fcnkben: <a href=\"#egeszsegablak\">EESZT, Eg\u00e9szs\u00e9gAblak applik\u00e1ci\u00f3, Eg\u00e9szs\u00e9gvonal<\/a> <a id=\"fonix\"><\/a> EESZT, Eg\u00e9szs\u00e9gablak, Eg\u00e9szs\u00e9gvonal <a href=\"https:\/\/egeszsegvonal.gov.hu\/hova-forduljak\/eeszt\/egeszsegablak-alkalmazas.html\"><\/a> Az orsz\u00e1gos szint\u0171 J\u00e1r\u00f3beteg Ir\u00e1ny\u00edt\u00e1si Rendszer (JIR) seg\u00edts\u00e9g\u00e9vel b\u00e1rmely eg\u00e9szs\u00e9g\u00fcgyi szolg\u00e1ltat\u00f3hoz foglalhat id\u0151pontot az orsz\u00e1gban f\u00fcggetlen\u00fcl att\u00f3l, hogy ter\u00fcletileg oda tartozik vagy sem. A szolg\u00e1ltat\u00e1s kiz\u00e1r\u00f3lag az EESZT-n az Eg\u00e9szs\u00e9gAblak applik\u00e1ci\u00f3n illetve az Eg\u00e9szs\u00e9gvonalon kereszt\u00fcl \u00e9rhet\u0151 el. Az <a href=\"https:\/\/www.eeszt.gov.hu\/oldalvalaszto.jsp\" target=\"_blank\" rel=\"noopener\">Elektronikus Eg\u00e9szs\u00e9g\u00fcgyi t\u00e9r<\/a> , azaz az EESZT-n illetve az <a href=\"https:\/\/egeszsegvonal.gov.hu\/hova-forduljak\/eeszt\/egeszsegablak-alkalmazas.html\" target=\"_blank\" rel=\"noopener\">Eg\u00e9szs\u00e9gAblak applik\u00e1ci\u00f3n<\/a> kereszt\u00fcl, telefon\u00e1l\u00e1s \u00e9s sorban \u00e1ll\u00e1s &hellip;<\/p>\n","protected":false},"author":12,"featured_media":324,"parent":0,"menu_order":4,"comment_status":"closed","ping_status":"closed","template":"","meta":{"_acf_changed":false,"footnotes":""},"categories":[5,8],"tags":[],"class_list":["post-29","page","type-page","status-publish","has-post-thumbnail","hentry","category-nyitolap","category-rolunk-kapcsolodo"],"acf":[],"_links":{"self":[{"href":"https:\/\/semmelweis.hu\/godollo\/wp-json\/wp\/v2\/pages\/29","targetHints":{"allow":["GET"]}}],"collection":[{"href":"https:\/\/semmelweis.hu\/godollo\/wp-json\/wp\/v2\/pages"}],"about":[{"href":"https:\/\/semmelweis.hu\/godollo\/wp-json\/wp\/v2\/types\/page"}],"author":[{"embeddable":true,"href":"https:\/\/semmelweis.hu\/godollo\/wp-json\/wp\/v2\/users\/12"}],"replies":[{"embeddable":true,"href":"https:\/\/semmelweis.hu\/godollo\/wp-json\/wp\/v2\/comments?post=29"}],"version-history":[{"count":11,"href":"https:\/\/semmelweis.hu\/godollo\/wp-json\/wp\/v2\/pages\/29\/revisions"}],"predecessor-version":[{"id":1920,"href":"https:\/\/semmelweis.hu\/godollo\/wp-json\/wp\/v2\/pages\/29\/revisions\/1920"}],"wp:featuredmedia":[{"embeddable":true,"href":"https:\/\/semmelweis.hu\/godollo\/wp-json\/wp\/v2\/media\/324"}],"wp:attachment":[{"href":"https:\/\/semmelweis.hu\/godollo\/wp-json\/wp\/v2\/media?parent=29"}],"wp:term":[{"taxonomy":"category","embeddable":true,"href":"https:\/\/semmelweis.hu\/godollo\/wp-json\/wp\/v2\/categories?post=29"},{"taxonomy":"post_tag","embeddable":true,"href":"https:\/\/semmelweis.hu\/godollo\/wp-json\/wp\/v2\/tags?post=29"}],"curies":[{"name":"wp","href":"https:\/\/api.w.org\/{rel}","templated":true}]}}