{"id":284,"date":"2025-07-17T15:15:26","date_gmt":"2025-07-17T13:15:26","guid":{"rendered":"https:\/\/semmelweis.hu\/godollo\/?page_id=284"},"modified":"2025-07-21T10:19:52","modified_gmt":"2025-07-21T08:19:52","slug":"egeszsegugyi-veszelyes-hulladek","status":"publish","type":"page","link":"https:\/\/semmelweis.hu\/godollo\/betegellatas\/egeszsegugyi-veszelyes-hulladek\/","title":{"rendered":"Eg\u00e9szs\u00e9g\u00fcgyi vesz\u00e9lyes hullad\u00e9k \u00e1tv\u00e9tel"},"content":{"rendered":"<div class=\"keretes w-100\">\n<p>A 11\/2017. (VI.12.) EMMI rendeletben meghat\u00e1rozott k\u00f6telezetts\u00e9g\u00fcnknek eleget t\u00e9ve a lakoss\u00e1gn\u00e1l k\u00e9pz\u0151d\u00f6tt vesz\u00e9lyes hullad\u00e9kok gy\u0171jt\u00e9s\u00e9re alkalmas gy\u0171jt\u0151ed\u00e9nyeket biztos\u00edtunk a Betegregisztr\u00e1ci\u00f3n meghat\u00e1rozott <strong>eg\u00e9szs\u00e9g\u00fcgyi vesz\u00e9lyes hullad\u00e9k<\/strong>okra vonatkoz\u00f3an.<\/p>\n<\/div>\n<h5>Kiz\u00e1r\u00f3lag a rendelet 2\u00a7(1) bekezd\u00e9s 4\/b alpontja szerinti, al\u00e1bbi hullad\u00e9kokat tudunk fogadni:<\/h5>\n<ul>\n<li><strong style=\"font-size: 1rem;\">injekci\u00f3s t\u0171, injekci\u00f3s <\/strong><strong style=\"font-size: 1rem;\">fecskend\u0151<\/strong><\/li>\n<li><strong style=\"font-size: 1rem;\">t\u0171vel ell\u00e1tott injekci\u00f3s fecskend\u0151<\/strong><\/li>\n<li><strong style=\"font-size: 1rem;\">inf\u00fazi\u00f3s szerel\u00e9k<\/strong><\/li>\n<\/ul>\n<p>K\u00e9rj\u00fck, ledob\u00e1si sz\u00e1nd\u00e9k\u00e1t a Betegregisztr\u00e1ci\u00f3n\u00e1l jelezze. Felh\u00edvjuk figyelm\u00fcket, hogy <strong>a gy\u0171jt\u0151ed\u00e9nybe nem dobhatnak csomagol\u00f3anyagot<\/strong> (injekci\u00f3s doboz, m\u0171anyag hullad\u00e9k)!<\/p>\n<h3 style=\"text-align: center;\">Kiz\u00e1r\u00f3lagos lead\u00e1si id\u0151pont: <br \/>\nminden h\u00f3nap els\u0151 keddje 09 \u2013 15 \u00f3ra k\u00f6z\u00f6tt<\/h3>\n","protected":false},"excerpt":{"rendered":"<p>A 11\/2017. (VI.12.) EMMI rendeletben meghat\u00e1rozott k\u00f6telezetts\u00e9g\u00fcnknek eleget t\u00e9ve a lakoss\u00e1gn\u00e1l k\u00e9pz\u0151d\u00f6tt vesz\u00e9lyes hullad\u00e9kok gy\u0171jt\u00e9s\u00e9re alkalmas gy\u0171jt\u0151ed\u00e9nyeket biztos\u00edtunk a Betegregisztr\u00e1ci\u00f3n meghat\u00e1rozott eg\u00e9szs\u00e9g\u00fcgyi vesz\u00e9lyes hullad\u00e9kokra vonatkoz\u00f3an. Kiz\u00e1r\u00f3lag a rendelet 2\u00a7(1) bekezd\u00e9s 4\/b alpontja szerinti, al\u00e1bbi hullad\u00e9kokat tudunk fogadni: injekci\u00f3s t\u0171, injekci\u00f3s fecskend\u0151 t\u0171vel ell\u00e1tott injekci\u00f3s fecskend\u0151 inf\u00fazi\u00f3s szerel\u00e9k K\u00e9rj\u00fck, ledob\u00e1si sz\u00e1nd\u00e9k\u00e1t a Betegregisztr\u00e1ci\u00f3n\u00e1l jelezze. Felh\u00edvjuk figyelm\u00fcket, &hellip;<\/p>\n","protected":false},"author":12,"featured_media":0,"parent":92,"menu_order":9,"comment_status":"closed","ping_status":"closed","template":"","meta":{"_acf_changed":false,"footnotes":""},"categories":[],"tags":[],"class_list":["post-284","page","type-page","status-publish","hentry"],"acf":[],"_links":{"self":[{"href":"https:\/\/semmelweis.hu\/godollo\/wp-json\/wp\/v2\/pages\/284","targetHints":{"allow":["GET"]}}],"collection":[{"href":"https:\/\/semmelweis.hu\/godollo\/wp-json\/wp\/v2\/pages"}],"about":[{"href":"https:\/\/semmelweis.hu\/godollo\/wp-json\/wp\/v2\/types\/page"}],"author":[{"embeddable":true,"href":"https:\/\/semmelweis.hu\/godollo\/wp-json\/wp\/v2\/users\/12"}],"replies":[{"embeddable":true,"href":"https:\/\/semmelweis.hu\/godollo\/wp-json\/wp\/v2\/comments?post=284"}],"version-history":[{"count":2,"href":"https:\/\/semmelweis.hu\/godollo\/wp-json\/wp\/v2\/pages\/284\/revisions"}],"predecessor-version":[{"id":799,"href":"https:\/\/semmelweis.hu\/godollo\/wp-json\/wp\/v2\/pages\/284\/revisions\/799"}],"up":[{"embeddable":true,"href":"https:\/\/semmelweis.hu\/godollo\/wp-json\/wp\/v2\/pages\/92"}],"wp:attachment":[{"href":"https:\/\/semmelweis.hu\/godollo\/wp-json\/wp\/v2\/media?parent=284"}],"wp:term":[{"taxonomy":"category","embeddable":true,"href":"https:\/\/semmelweis.hu\/godollo\/wp-json\/wp\/v2\/categories?post=284"},{"taxonomy":"post_tag","embeddable":true,"href":"https:\/\/semmelweis.hu\/godollo\/wp-json\/wp\/v2\/tags?post=284"}],"curies":[{"name":"wp","href":"https:\/\/api.w.org\/{rel}","templated":true}]}}